
{"id":6372,"date":"2025-05-08T16:58:55","date_gmt":"2025-05-08T08:58:55","guid":{"rendered":"https:\/\/www.ringsknife.com\/?post_type=product&#038;p=6372"},"modified":"2025-05-08T17:03:56","modified_gmt":"2025-05-08T09:03:56","slug":"car-window-breaking-tool","status":"publish","type":"product","link":"https:\/\/www.ringsknife.com\/fr\/produit\/car-window-breaking-tool\/","title":{"rendered":"Bracelet Pop Up pour fen\u00eatre cass\u00e9e Outil pour briser les vitres de voiture"},"content":{"rendered":"<div class=\"paragraph\">Vous cherchez un moyen fiable et \u00e9l\u00e9gant d'assurer votre s\u00e9curit\u00e9 dans les situations d'urgence ? Ne cherchez pas plus loin que notre bracelet Pop Up Broken Window ! Cet outil innovant pour briser les vitres de voiture est con\u00e7u pour vous fournir un moyen rapide et efficace de vous \u00e9chapper lorsque vous en avez le plus besoin.<\/div>\n<div class=\"paragraph\"><strong class=\"\">Caract\u00e9ristiques principales :<\/strong><\/div>\n<ul>\n<li>\n<div class=\"paragraph\"><strong class=\"\">Mat\u00e9riau de premi\u00e8re qualit\u00e9 :<\/strong> Fabriqu\u00e9 en tungst\u00e8ne de haute qualit\u00e9, ce bracelet pr\u00e9sente une duret\u00e9 de 65, ce qui le rend incroyablement durable et r\u00e9sistant \u00e0 l'usure. La pointe en tungst\u00e8ne est suffisamment puissante pour briser les vitres d'une voiture en une seconde, garantissant ainsi une fuite rapide et efficace.<\/div>\n<\/li>\n<li>\n<div class=\"paragraph\"><strong>Confortable et \u00e9l\u00e9gant :<\/strong> Le bracelet est fabriqu\u00e9 \u00e0 partir d'une corde en latex extensible, ce qui lui permet de s'adapter confortablement \u00e0 votre poignet. Il est non seulement fonctionnel mais aussi \u00e0 la mode, ce qui en fait un accessoire polyvalent que vous pouvez porter tous les jours.<\/div>\n<\/li>\n<li>\n<div class=\"paragraph\"><strong class=\"\">Conception r\u00e9utilisable :<\/strong> Contrairement aux outils jetables pour briser les vitres, notre bracelet est r\u00e9utilisable. Il suffit de le remettre en place apr\u00e8s utilisation pour qu'il soit pr\u00eat pour la prochaine urgence.<\/div>\n<\/li>\n<li>\n<div class=\"paragraph\"><strong class=\"\">\u00c9vasion rapide :<\/strong> En cas d'urgence, chaque seconde compte. Avec ce bracelet, vous pouvez briser la fen\u00eatre en une seconde seulement, ce qui vous permet de vous \u00e9chapper rapidement et facilement.<\/div>\n<\/li>\n<\/ul>\n<div class=\"paragraph\"><strong class=\"\">Sp\u00e9cifications :<\/strong><\/div>\n<ul>\n<li>\n<div class=\"paragraph\">Mat\u00e9riau : Tungst\u00e8ne (pointe) et corde de latex extensible (bracelet)<\/div>\n<\/li>\n<li>\n<div class=\"paragraph\">Duret\u00e9 : 65<\/div>\n<\/li>\n<li>\n<div class=\"paragraph\">Taille : R\u00e9glable pour s'adapter \u00e0 la plupart des poignets<\/div>\n<\/li>\n<li>\n<div class=\"paragraph\">Couleur : disponible en plusieurs options \u00e9l\u00e9gantes pour s'adapter \u00e0 votre style personnel<\/div>\n<\/li>\n<\/ul>\n<div class=\"paragraph\"><strong class=\"\">Utilisation :<\/strong><\/div>\n<ol start=\"1\">\n<li>\n<div class=\"paragraph\">En cas d'urgence, si vous devez sortir rapidement de votre v\u00e9hicule, il vous suffit de retirer le bracelet de votre poignet.<\/div>\n<\/li>\n<li>\n<div class=\"paragraph\">Pointez la pointe en tungst\u00e8ne vers la position facilement cassable de la vitre de la voiture.<\/div>\n<\/li>\n<li>\n<div class=\"paragraph\">Tirez sur la corde en latex extensible pour briser le verre en une seconde.<\/div>\n<\/li>\n<li>\n<div class=\"paragraph\">Remettez le bracelet en place et rangez-le en lieu s\u00fbr pour une utilisation ult\u00e9rieure.<\/div>\n<\/li>\n<\/ol>\n<div class=\"paragraph\"><strong class=\"\">La s\u00e9curit\u00e9 d'abord, le style ensuite :<\/strong><\/div>\n<div class=\"paragraph\">Notre bracelet Pop Up Broken Window est la combinaison parfaite de la s\u00e9curit\u00e9 et du style. Que vous conduisiez sur de longues distances ou que vous fassiez simplement des courses en ville, ce bracelet vous permet d'\u00eatre toujours pr\u00eat \u00e0 faire face \u00e0 toute situation d'urgence. Commandez maintenant et restez en s\u00e9curit\u00e9 sur la route !<\/div>","protected":false},"excerpt":{"rendered":"<ol start=\"1\">\n<li>\n<div class=\"paragraph\"><strong>Duret\u00e9 du tungst\u00e8ne (65)<\/strong>: Brise les vitres de la voiture en 1 seconde pour une fuite instantan\u00e9e.<\/div>\n<\/li>\n<li>\n<div class=\"paragraph\"><strong class=\"\">Corde en latex extensible<\/strong>: Confortable et ajustable pour toutes les tailles de poignet.<\/div>\n<\/li>\n<li>\n<div class=\"paragraph\"><strong>Durable et r\u00e9utilisable<\/strong>: Conception durable, pr\u00eate pour de multiples utilisations.<\/div>\n<\/li>\n<li>\n<div class=\"paragraph\"><strong class=\"\">Solution d'\u00e9vasion rapide<\/strong>: Outil facile \u00e0 utiliser en cas d'urgence.<\/div>\n<\/li>\n<li>\n<div class=\"paragraph\"><strong class=\"\">\u00c9l\u00e9gant et discret<\/strong>: Bracelet portable qui allie s\u00e9curit\u00e9 et mode.<\/div>\n<\/li>\n<\/ol>","protected":false},"featured_media":6373,"comment_status":"open","ping_status":"closed","template":"","meta":{"_uag_custom_page_level_css":"","site-sidebar-layout":"default","site-content-layout":"","ast-site-content-layout":"default","site-content-style":"default","site-sidebar-style":"default","ast-global-header-display":"","ast-banner-title-visibility":"","ast-main-header-display":"","ast-hfb-above-header-display":"","ast-hfb-below-header-display":"","ast-hfb-mobile-header-display":"","site-post-title":"","ast-breadcrumbs-content":"","ast-featured-img":"","footer-sml-layout":"","ast-disable-related-posts":"","theme-transparent-header-meta":"default","adv-header-id-meta":"","stick-header-meta":"default","header-above-stick-meta":"","header-main-stick-meta":"","header-below-stick-meta":"","astra-migrate-meta-layouts":"set","ast-page-background-enabled":"default","ast-page-background-meta":{"desktop":{"background-color":"","background-image":"","background-repeat":"repeat","background-position":"center center","background-size":"auto","background-attachment":"scroll","background-type":"","background-media":"","overlay-type":"","overlay-color":"","overlay-opacity":"","overlay-gradient":""},"tablet":{"background-color":"","background-image":"","background-repeat":"repeat","background-position":"center center","background-size":"auto","background-attachment":"scroll","background-type":"","background-media":"","overlay-type":"","overlay-color":"","overlay-opacity":"","overlay-gradient":""},"mobile":{"background-color":"","background-image":"","background-repeat":"repeat","background-position":"center center","background-size":"auto","background-attachment":"scroll","background-type":"","background-media":"","overlay-type":"","overlay-color":"","overlay-opacity":"","overlay-gradient":""}},"ast-content-background-meta":{"desktop":{"background-color":"var(--ast-global-color-5)","background-image":"","background-repeat":"repeat","background-position":"center center","background-size":"auto","background-attachment":"scroll","background-type":"","background-media":"","overlay-type":"","overlay-color":"","overlay-opacity":"","overlay-gradient":""},"tablet":{"background-color":"var(--ast-global-color-5)","background-image":"","background-repeat":"repeat","background-position":"center center","background-size":"auto","background-attachment":"scroll","background-type":"","background-media":"","overlay-type":"","overlay-color":"","overlay-opacity":"","overlay-gradient":""},"mobile":{"background-color":"var(--ast-global-color-5)","background-image":"","background-repeat":"repeat","background-position":"center center","background-size":"auto","background-attachment":"scroll","background-type":"","background-media":"","overlay-type":"","overlay-color":"","overlay-opacity":"","overlay-gradient":""}}},"product_brand":[],"product_cat":[15],"product_tag":[],"class_list":{"0":"post-6372","1":"product","2":"type-product","3":"status-publish","4":"has-post-thumbnail","6":"product_cat-uncategorized","7":"desktop-align-left","8":"tablet-align-left","9":"mobile-align-left","10":"ast-product-gallery-layout-first-image-large","11":"ast-magnify-disabled","12":"ast-product-single-variable","13":"ast-product-tabs-layout-distributed","15":"first","16":"instock","17":"sale","18":"shipping-taxable","19":"purchasable","20":"product-type-variable","21":"has-default-attributes"},"uagb_featured_image_src":{"full":["https:\/\/www.ringsknife.com\/wp-content\/uploads\/2025\/05\/Women-bracelet-Car-Window-Breaking-Tool-1.jpg",1200,1200,false],"thumbnail":["https:\/\/www.ringsknife.com\/wp-content\/uploads\/2025\/05\/Women-bracelet-Car-Window-Breaking-Tool-1-150x150.jpg",150,150,true],"medium":["https:\/\/www.ringsknife.com\/wp-content\/uploads\/2025\/05\/Women-bracelet-Car-Window-Breaking-Tool-1-300x300.jpg",300,300,true],"medium_large":["https:\/\/www.ringsknife.com\/wp-content\/uploads\/2025\/05\/Women-bracelet-Car-Window-Breaking-Tool-1-768x768.jpg",768,768,true],"large":["https:\/\/www.ringsknife.com\/wp-content\/uploads\/2025\/05\/Women-bracelet-Car-Window-Breaking-Tool-1-1024x1024.jpg",1024,1024,true],"1536x1536":["https:\/\/www.ringsknife.com\/wp-content\/uploads\/2025\/05\/Women-bracelet-Car-Window-Breaking-Tool-1.jpg",1200,1200,false],"2048x2048":["https:\/\/www.ringsknife.com\/wp-content\/uploads\/2025\/05\/Women-bracelet-Car-Window-Breaking-Tool-1.jpg",1200,1200,false],"trp-custom-language-flag":["https:\/\/www.ringsknife.com\/wp-content\/uploads\/2025\/05\/Women-bracelet-Car-Window-Breaking-Tool-1-12x12.jpg",12,12,true],"woocommerce_thumbnail":["https:\/\/www.ringsknife.com\/wp-content\/uploads\/2025\/05\/Women-bracelet-Car-Window-Breaking-Tool-1-800x800.jpg",800,800,true],"woocommerce_single":["https:\/\/www.ringsknife.com\/wp-content\/uploads\/2025\/05\/Women-bracelet-Car-Window-Breaking-Tool-1-800x800.jpg",800,800,true],"woocommerce_gallery_thumbnail":["https:\/\/www.ringsknife.com\/wp-content\/uploads\/2025\/05\/Women-bracelet-Car-Window-Breaking-Tool-1-100x100.jpg",100,100,true]},"uagb_author_info":{"display_name":"ringsknife.com","author_link":"https:\/\/www.ringsknife.com\/fr\/author\/"},"uagb_comment_info":1,"uagb_excerpt":"Tungsten Hardness (65): Shatters car windows in 1 second for instant escape. Stretch Latex Rope: Comfortable, adjustable fit for all wrist sizes. Durable &amp; Reusable: Long-lasting design, ready for multiple uses. Quick Escape Solution: Easy-to-use tool for emergencies. Stylish &amp; Discreet: Wearable bracelet that blends safety with fashion.","jetpack_sharing_enabled":true,"_links":{"self":[{"href":"https:\/\/www.ringsknife.com\/fr\/wp-json\/wp\/v2\/product\/6372","targetHints":{"allow":["GET"]}}],"collection":[{"href":"https:\/\/www.ringsknife.com\/fr\/wp-json\/wp\/v2\/product"}],"about":[{"href":"https:\/\/www.ringsknife.com\/fr\/wp-json\/wp\/v2\/types\/product"}],"replies":[{"embeddable":true,"href":"https:\/\/www.ringsknife.com\/fr\/wp-json\/wp\/v2\/comments?post=6372"}],"version-history":[{"count":3,"href":"https:\/\/www.ringsknife.com\/fr\/wp-json\/wp\/v2\/product\/6372\/revisions"}],"predecessor-version":[{"id":94158,"href":"https:\/\/www.ringsknife.com\/fr\/wp-json\/wp\/v2\/product\/6372\/revisions\/94158"}],"wp:featuredmedia":[{"embeddable":true,"href":"https:\/\/www.ringsknife.com\/fr\/wp-json\/wp\/v2\/media\/6373"}],"wp:attachment":[{"href":"https:\/\/www.ringsknife.com\/fr\/wp-json\/wp\/v2\/media?parent=6372"}],"wp:term":[{"taxonomy":"product_brand","embeddable":true,"href":"https:\/\/www.ringsknife.com\/fr\/wp-json\/wp\/v2\/product_brand?post=6372"},{"taxonomy":"product_cat","embeddable":true,"href":"https:\/\/www.ringsknife.com\/fr\/wp-json\/wp\/v2\/product_cat?post=6372"},{"taxonomy":"product_tag","embeddable":true,"href":"https:\/\/www.ringsknife.com\/fr\/wp-json\/wp\/v2\/product_tag?post=6372"}],"curies":[{"name":"wp","href":"https:\/\/api.w.org\/{rel}","templated":true}]}}