
{"id":6083,"date":"2025-03-27T18:15:20","date_gmt":"2025-03-27T10:15:20","guid":{"rendered":"https:\/\/www.ringsknife.com\/?post_type=product&#038;p=6083"},"modified":"2025-05-31T21:35:05","modified_gmt":"2025-05-31T13:35:05","slug":"safety-whistle-keychain","status":"publish","type":"product","link":"https:\/\/www.ringsknife.com\/fr\/produit\/porte-cles-sifflet-de-securite\/","title":{"rendered":"Porte-cl\u00e9s sifflet de s\u00e9curit\u00e9 pour femmes"},"content":{"rendered":"<h2 data-start=\"103\" data-end=\"194\"><strong data-start=\"103\" data-end=\"194\">Porte-cl\u00e9s sifflet de s\u00e9curit\u00e9 pour femmes - Accessoire d'autod\u00e9fense \u00e0 la mode et fonctionnel<\/strong><\/h2>\n<p class=\"\" data-start=\"196\" data-end=\"513\">Restez en s\u00e9curit\u00e9 et \u00e9l\u00e9gante avec le porte-cl\u00e9s sifflet de s\u00e9curit\u00e9 pour femmes. Fabriqu\u00e9 en alliage d'aluminium de premi\u00e8re qualit\u00e9, ce porte-cl\u00e9s durable et l\u00e9ger est con\u00e7u pour une utilisation quotidienne tout en ajoutant une touche de bling-bling \u00e0 vos accessoires. Avec un choix de 6 couleurs arc-en-ciel vibrantes, il s'adapte parfaitement \u00e0 tous les styles.<\/p>\n<p class=\"\" data-start=\"515\" data-end=\"901\">Le porte-cl\u00e9s pr\u00e9sente un design incrust\u00e9 de strass qui allie mode et fonctionnalit\u00e9, vous permettant de vous d\u00e9marquer tout en restant prot\u00e9g\u00e9. Son format compact permet de le transporter facilement dans votre sac, sur vos cl\u00e9s ou dans votre sac \u00e0 main, afin de l'avoir toujours \u00e0 port\u00e9e de main. En cas de danger, le puissant sifflet d'alarme attire l'attention et aide \u00e0 alerter les autres sur votre d\u00e9tresse, vous offrant ainsi la tranquillit\u00e9 d'esprit o\u00f9 que vous alliez.<\/p>\n<h3 data-start=\"903\" data-end=\"920\"><strong data-start=\"903\" data-end=\"920\">Caract\u00e9ristiques principales :<\/strong><\/h3>\n<ul data-start=\"921\" data-end=\"1191\">\n<li class=\"\" data-start=\"921\" data-end=\"981\">\n<p class=\"\" data-start=\"923\" data-end=\"981\">Construction en alliage d'aluminium de premi\u00e8re qualit\u00e9 pour une durabilit\u00e9 durable<\/p>\n<\/li>\n<li class=\"\" data-start=\"982\" data-end=\"1029\">\n<p class=\"\" data-start=\"984\" data-end=\"1029\">6 options color\u00e9es pour s'adapter \u00e0 votre style unique<\/p>\n<\/li>\n<li class=\"\" data-start=\"1030\" data-end=\"1083\">\n<p class=\"\" data-start=\"1032\" data-end=\"1083\">Les strass \u00e9tincelants ajoutent une touche de mode.<\/p>\n<\/li>\n<li class=\"\" data-start=\"1084\" data-end=\"1145\">\n<p class=\"\" data-start=\"1086\" data-end=\"1145\">Taille compacte pour une portabilit\u00e9 ais\u00e9e et une commodit\u00e9 d'utilisation en d\u00e9placement<\/p>\n<\/li>\n<li class=\"\" data-start=\"1146\" data-end=\"1191\">\n<p class=\"\" data-start=\"1148\" data-end=\"1191\">Sifflet d'alarme pour les situations d'urgence<\/p>\n<\/li>\n<\/ul>\n<p class=\"\" data-start=\"1193\" data-end=\"1240\">Portez la s\u00e9curit\u00e9 et le style avec vous tous les jours !<\/p>\n<h3><strong>Comment l'utiliser :<\/strong><\/h3>\n<p>Il suffit d'attacher le porte-cl\u00e9s Glitter Self Defense Whistle Alarm Keychain \u00e0 vos cl\u00e9s ou \u00e0 votre sac. En cas d'urgence, soufflez dans le sifflet pour produire un son d'alarme fort qui alertera les autres de votre situation. Gr\u00e2ce \u00e0 sa taille compacte et \u00e0 sa l\u00e9g\u00e8ret\u00e9, il est facile \u00e0 transporter \u00e0 tout moment, ce qui garantit votre s\u00e9curit\u00e9 et votre tranquillit\u00e9 d'esprit.<\/p>","protected":false},"excerpt":{"rendered":"<ul>\n<li class=\"\" data-start=\"75\" data-end=\"190\">\n<p class=\"\" data-start=\"78\" data-end=\"190\"><strong data-start=\"78\" data-end=\"103\">Durable et l\u00e9ger<\/strong>: Fabriqu\u00e9 en alliage d'aluminium de premi\u00e8re qualit\u00e9, il garantit une utilisation durable sans poids suppl\u00e9mentaire.<\/p>\n<\/li>\n<li class=\"\" data-start=\"194\" data-end=\"316\">\n<p class=\"\" data-start=\"197\" data-end=\"316\"><strong data-start=\"197\" data-end=\"231\">Design \u00e0 la mode et \u00e9tincelant<\/strong>: Dot\u00e9 de strass, il allie la s\u00e9curit\u00e9 \u00e0 un accessoire \u00e9l\u00e9gant qui attire l'attention.<\/p>\n<\/li>\n<li class=\"\" data-start=\"318\" data-end=\"423\">\n<p class=\"\" data-start=\"321\" data-end=\"423\"><strong data-start=\"321\" data-end=\"347\">Options de couleurs multiples<\/strong>: Choisissez parmi 6 couleurs arc-en-ciel vibrantes pour correspondre \u00e0 votre style personnel ou \u00e0 votre humeur.<\/p>\n<\/li>\n<li class=\"\" data-start=\"425\" data-end=\"559\">\n<p class=\"\" data-start=\"428\" data-end=\"559\"><strong data-start=\"428\" data-end=\"450\">Compact et portable<\/strong>: Petit et l\u00e9ger, il se glisse facilement dans votre sac \u00e0 main, sur vos cl\u00e9s ou s'accroche \u00e0 votre sac pour un acc\u00e8s facile.<\/p>\n<\/li>\n<li class=\"\" data-start=\"561\" data-end=\"694\">\n<p class=\"\" data-start=\"564\" data-end=\"694\"><strong data-start=\"564\" data-end=\"590\">Alarme forte et efficace<\/strong>: Emet un sifflement per\u00e7ant pour alerter rapidement les autres en cas d'urgence, am\u00e9liorant ainsi la s\u00e9curit\u00e9 personnelle.<\/p>\n<\/li>\n<\/ul>","protected":false},"featured_media":6094,"comment_status":"open","ping_status":"closed","template":"","meta":{"_uag_custom_page_level_css":"","site-sidebar-layout":"default","site-content-layout":"","ast-site-content-layout":"default","site-content-style":"default","site-sidebar-style":"default","ast-global-header-display":"","ast-banner-title-visibility":"","ast-main-header-display":"","ast-hfb-above-header-display":"","ast-hfb-below-header-display":"","ast-hfb-mobile-header-display":"","site-post-title":"","ast-breadcrumbs-content":"","ast-featured-img":"","footer-sml-layout":"","ast-disable-related-posts":"","theme-transparent-header-meta":"default","adv-header-id-meta":"","stick-header-meta":"default","header-above-stick-meta":"","header-main-stick-meta":"","header-below-stick-meta":"","astra-migrate-meta-layouts":"set","ast-page-background-enabled":"default","ast-page-background-meta":{"desktop":{"background-color":"","background-image":"","background-repeat":"repeat","background-position":"center center","background-size":"auto","background-attachment":"scroll","background-type":"","background-media":"","overlay-type":"","overlay-color":"","overlay-opacity":"","overlay-gradient":""},"tablet":{"background-color":"","background-image":"","background-repeat":"repeat","background-position":"center center","background-size":"auto","background-attachment":"scroll","background-type":"","background-media":"","overlay-type":"","overlay-color":"","overlay-opacity":"","overlay-gradient":""},"mobile":{"background-color":"","background-image":"","background-repeat":"repeat","background-position":"center center","background-size":"auto","background-attachment":"scroll","background-type":"","background-media":"","overlay-type":"","overlay-color":"","overlay-opacity":"","overlay-gradient":""}},"ast-content-background-meta":{"desktop":{"background-color":"var(--ast-global-color-5)","background-image":"","background-repeat":"repeat","background-position":"center center","background-size":"auto","background-attachment":"scroll","background-type":"","background-media":"","overlay-type":"","overlay-color":"","overlay-opacity":"","overlay-gradient":""},"tablet":{"background-color":"var(--ast-global-color-5)","background-image":"","background-repeat":"repeat","background-position":"center center","background-size":"auto","background-attachment":"scroll","background-type":"","background-media":"","overlay-type":"","overlay-color":"","overlay-opacity":"","overlay-gradient":""},"mobile":{"background-color":"var(--ast-global-color-5)","background-image":"","background-repeat":"repeat","background-position":"center center","background-size":"auto","background-attachment":"scroll","background-type":"","background-media":"","overlay-type":"","overlay-color":"","overlay-opacity":"","overlay-gradient":""}}},"product_brand":[],"product_cat":[164],"product_tag":[],"class_list":{"0":"post-6083","1":"product","2":"type-product","3":"status-publish","4":"has-post-thumbnail","6":"product_cat-self-defense-keychain-accessories","7":"desktop-align-left","8":"tablet-align-left","9":"mobile-align-left","10":"ast-product-gallery-layout-first-image-large","11":"ast-product-gallery-with-no-image","12":"ast-magnify-disabled","13":"ast-product-single-variable","14":"ast-product-tabs-layout-distributed","16":"first","17":"instock","18":"sale","19":"featured","20":"shipping-taxable","21":"purchasable","22":"product-type-variable","23":"has-default-attributes"},"uagb_featured_image_src":{"full":["https:\/\/www.ringsknife.com\/wp-content\/uploads\/2025\/03\/Stylish-Women-Safety-Whistle-Keychain.jpg",1200,1200,false],"thumbnail":["https:\/\/www.ringsknife.com\/wp-content\/uploads\/2025\/03\/Stylish-Women-Safety-Whistle-Keychain-150x150.jpg",150,150,true],"medium":["https:\/\/www.ringsknife.com\/wp-content\/uploads\/2025\/03\/Stylish-Women-Safety-Whistle-Keychain-300x300.jpg",300,300,true],"medium_large":["https:\/\/www.ringsknife.com\/wp-content\/uploads\/2025\/03\/Stylish-Women-Safety-Whistle-Keychain-768x768.jpg",768,768,true],"large":["https:\/\/www.ringsknife.com\/wp-content\/uploads\/2025\/03\/Stylish-Women-Safety-Whistle-Keychain-1024x1024.jpg",1024,1024,true],"1536x1536":["https:\/\/www.ringsknife.com\/wp-content\/uploads\/2025\/03\/Stylish-Women-Safety-Whistle-Keychain.jpg",1200,1200,false],"2048x2048":["https:\/\/www.ringsknife.com\/wp-content\/uploads\/2025\/03\/Stylish-Women-Safety-Whistle-Keychain.jpg",1200,1200,false],"trp-custom-language-flag":["https:\/\/www.ringsknife.com\/wp-content\/uploads\/2025\/03\/Stylish-Women-Safety-Whistle-Keychain.jpg",12,12,false],"woocommerce_thumbnail":["https:\/\/www.ringsknife.com\/wp-content\/uploads\/2025\/03\/Stylish-Women-Safety-Whistle-Keychain-800x800.jpg",800,800,true],"woocommerce_single":["https:\/\/www.ringsknife.com\/wp-content\/uploads\/2025\/03\/Stylish-Women-Safety-Whistle-Keychain-800x800.jpg",800,800,true],"woocommerce_gallery_thumbnail":["https:\/\/www.ringsknife.com\/wp-content\/uploads\/2025\/03\/Stylish-Women-Safety-Whistle-Keychain-100x100.jpg",100,100,true]},"uagb_author_info":{"display_name":"ringsknife.com","author_link":"https:\/\/www.ringsknife.com\/fr\/author\/"},"uagb_comment_info":2,"uagb_excerpt":"Durable &amp; Lightweight: Made from premium aluminum alloy, ensuring long-lasting use without the added weight. Fashionable &amp; Sparkling Design: Features rhinestone bling, combining safety with a stylish, eye-catching accessory. Multiple Color Options: Choose from 6 vibrant rainbow colors to match your personal style or mood. Compact &amp; Portable: Small and lightweight, it easily fits in\u2026","jetpack_sharing_enabled":true,"_links":{"self":[{"href":"https:\/\/www.ringsknife.com\/fr\/wp-json\/wp\/v2\/product\/6083","targetHints":{"allow":["GET"]}}],"collection":[{"href":"https:\/\/www.ringsknife.com\/fr\/wp-json\/wp\/v2\/product"}],"about":[{"href":"https:\/\/www.ringsknife.com\/fr\/wp-json\/wp\/v2\/types\/product"}],"replies":[{"embeddable":true,"href":"https:\/\/www.ringsknife.com\/fr\/wp-json\/wp\/v2\/comments?post=6083"}],"version-history":[{"count":0,"href":"https:\/\/www.ringsknife.com\/fr\/wp-json\/wp\/v2\/product\/6083\/revisions"}],"wp:featuredmedia":[{"embeddable":true,"href":"https:\/\/www.ringsknife.com\/fr\/wp-json\/wp\/v2\/media\/6094"}],"wp:attachment":[{"href":"https:\/\/www.ringsknife.com\/fr\/wp-json\/wp\/v2\/media?parent=6083"}],"wp:term":[{"taxonomy":"product_brand","embeddable":true,"href":"https:\/\/www.ringsknife.com\/fr\/wp-json\/wp\/v2\/product_brand?post=6083"},{"taxonomy":"product_cat","embeddable":true,"href":"https:\/\/www.ringsknife.com\/fr\/wp-json\/wp\/v2\/product_cat?post=6083"},{"taxonomy":"product_tag","embeddable":true,"href":"https:\/\/www.ringsknife.com\/fr\/wp-json\/wp\/v2\/product_tag?post=6083"}],"curies":[{"name":"wp","href":"https:\/\/api.w.org\/{rel}","templated":true}]}}