
{"id":6065,"date":"2025-03-27T11:22:40","date_gmt":"2025-03-27T03:22:40","guid":{"rendered":"https:\/\/www.ringsknife.com\/?post_type=product&#038;p=6065"},"modified":"2025-06-07T22:45:09","modified_gmt":"2025-06-07T14:45:09","slug":"self-defense-kits-for-women","status":"publish","type":"product","link":"https:\/\/www.ringsknife.com\/fr\/produit\/kits-dautodefense-pour-les-femmes\/","title":{"rendered":"Kit d'autod\u00e9fense 7 pi\u00e8ces pour femmes avec porte-cl\u00e9s en forme de c\u0153ur arc-en-ciel"},"content":{"rendered":"<h3 data-start=\"94\" data-end=\"183\"><strong data-start=\"94\" data-end=\"183\">Restez en s\u00e9curit\u00e9 avec style gr\u00e2ce aux 7 kits d'autod\u00e9fense pour femmes avec porte-cl\u00e9s en forme de c\u0153ur arc-en-ciel<\/strong><\/h3>\n<p class=\"\" data-start=\"185\" data-end=\"615\">Ajoutez une touche de couleur et de confiance \u00e0 votre tenue de tous les jours avec le kit d'autod\u00e9fense 7 pi\u00e8ces Rainbow Heart Keychain. Con\u00e7u pour les femmes qui accordent de l'importance \u00e0 la s\u00e9curit\u00e9 et au style, ce kit vibrant comprend un m\u00e9lange d'outils d'autod\u00e9fense fonctionnels, tous envelopp\u00e9s dans un motif de c\u0153ur arc-en-ciel color\u00e9 et \u00e0 la mode. Fabriqu\u00e9 \u00e0 partir d'acier, d'aluminium et de plastique dur, chaque \u00e9l\u00e9ment est con\u00e7u pour durer tout en vous aidant \u00e0 vous pr\u00e9parer \u00e0 toutes les situations.<\/p>\n<h3 data-start=\"617\" data-end=\"634\"><strong data-start=\"617\" data-end=\"634\">Le kit comprend<\/strong><\/h3>\n<ul data-start=\"636\" data-end=\"1343\">\n<li class=\"\" data-start=\"636\" data-end=\"727\">\n<p class=\"\" data-start=\"638\" data-end=\"727\"><strong data-start=\"638\" data-end=\"650\">Kubaton :<\/strong> Un outil d'autod\u00e9fense \u00e9l\u00e9gant et robuste avec un design color\u00e9 pour plus d'\u00e9l\u00e9gance.<\/p>\n<\/li>\n<li class=\"\" data-start=\"728\" data-end=\"821\">\n<p class=\"\" data-start=\"730\" data-end=\"821\"><strong data-start=\"730\" data-end=\"756\">Ouvre-porte sans contact :<\/strong> Restez hygi\u00e9nique et s\u00fbr gr\u00e2ce \u00e0 cet outil attrayant et facile \u00e0 utiliser.<\/p>\n<\/li>\n<li class=\"\" data-start=\"822\" data-end=\"926\">\n<p class=\"\" data-start=\"824\" data-end=\"926\"><strong data-start=\"824\" data-end=\"859\">Brise-vitre\/Coupe-ceinture de s\u00e9curit\u00e9 :<\/strong> Cet outil multifonctionnel vous permet d'\u00eatre pr\u00eat \u00e0 affronter les situations d'urgence avec style.<\/p>\n<\/li>\n<li class=\"\" data-start=\"927\" data-end=\"1014\">\n<p class=\"\" data-start=\"929\" data-end=\"1014\"><strong data-start=\"929\" data-end=\"941\">Sifflet :<\/strong> Un sifflet bruyant qui attire l'attention et qui est aussi brillant et audacieux que vous.<\/p>\n<\/li>\n<li class=\"\" data-start=\"1015\" data-end=\"1113\">\n<p class=\"\" data-start=\"1017\" data-end=\"1113\"><strong data-start=\"1017\" data-end=\"1036\">Bracelet :<\/strong> Gardez votre trousseau de cl\u00e9s en s\u00e9curit\u00e9, accessible et \u00e0 la mode gr\u00e2ce \u00e0 ce bracelet chic.<\/p>\n<\/li>\n<li class=\"\" data-start=\"1114\" data-end=\"1201\">\n<p class=\"\" data-start=\"1116\" data-end=\"1201\"><strong data-start=\"1116\" data-end=\"1133\">Pompons en forme de c\u0153ur :<\/strong> Ajoutez une touche amusante et color\u00e9e \u00e0 votre porte-cl\u00e9s tout en restant prot\u00e9g\u00e9.<\/p>\n<\/li>\n<li class=\"\" data-start=\"1202\" data-end=\"1343\">\n<p class=\"\" data-start=\"1204\" data-end=\"1343\"><strong data-start=\"1204\" data-end=\"1223\">Seau de rangement :<\/strong> Un seau pratique et \u00e9l\u00e9gant pour organiser vos accessoires d'autod\u00e9fense, ce qui vous permet de tout transporter en un seul endroit.<\/p>\n<\/li>\n<\/ul>\n<p class=\"\" data-start=\"1345\" data-end=\"1698\">Avec sa palette de couleurs arc-en-ciel et son design \u00e9l\u00e9gant en forme de c\u0153ur, ce kit d'autod\u00e9fense n'est pas seulement une question de protection - il s'agit de se sentir confiant et \u00e0 la mode o\u00f9 que l'on aille. Cadeau id\u00e9al pour les f\u00eates, les anniversaires ou toute autre occasion, ce kit est une fa\u00e7on r\u00e9fl\u00e9chie et amusante de montrer \u00e0 quelqu'un que vous vous souciez de sa s\u00e9curit\u00e9 de la mani\u00e8re la plus \u00e9l\u00e9gante qui soit.<\/p>","protected":false},"excerpt":{"rendered":"<ul>\n<li class=\"\" data-start=\"109\" data-end=\"289\">\n<p class=\"\" data-start=\"112\" data-end=\"289\"><strong data-start=\"112\" data-end=\"146\">Design color\u00e9 et \u00e0 la mode :<\/strong> Le porte-cl\u00e9s en forme de c\u0153ur arc-en-ciel n'est pas seulement un outil de s\u00e9curit\u00e9, c'est aussi un accessoire amusant et \u00e9l\u00e9gant qui ajoute une touche de couleur \u00e0 votre tenue de tous les jours.<\/p>\n<\/li>\n<li class=\"\" data-start=\"291\" data-end=\"487\">\n<p class=\"\" data-start=\"294\" data-end=\"487\"><strong data-start=\"294\" data-end=\"329\">Solution compl\u00e8te d'autod\u00e9fense :<\/strong> Dot\u00e9 d'outils essentiels tels qu'un Kubaton, un brise-vitre, un coupe-ceinture, un sifflet et bien d'autres encore, ce kit vous permet d'\u00eatre pr\u00eat \u00e0 faire face \u00e0 toute situation d'urgence.<\/p>\n<\/li>\n<li class=\"\" data-start=\"489\" data-end=\"659\">\n<p class=\"\" data-start=\"492\" data-end=\"659\"><strong data-start=\"492\" data-end=\"517\">Compact et pratique :<\/strong> Dot\u00e9 d'une dragonne et d'un seau de rangement, ce kit l\u00e9ger est facile \u00e0 transporter et vous permet d'organiser tous vos outils d'autod\u00e9fense en un seul endroit.<\/p>\n<\/li>\n<li class=\"\" data-start=\"661\" data-end=\"826\">\n<p class=\"\" data-start=\"664\" data-end=\"826\"><strong data-start=\"664\" data-end=\"686\">Mat\u00e9riaux durables :<\/strong> Fabriqu\u00e9 \u00e0 partir d'acier, d'aluminium et de plastique dur de haute qualit\u00e9, chaque outil du kit est con\u00e7u pour durer et fonctionner de mani\u00e8re fiable lorsque vous en avez le plus besoin.<\/p>\n<\/li>\n<li class=\"\" data-start=\"828\" data-end=\"1040\">\n<p class=\"\" data-start=\"831\" data-end=\"1040\"><strong data-start=\"831\" data-end=\"867\">Cadeau parfait pour la s\u00e9curit\u00e9 et le style :<\/strong> Id\u00e9al pour les f\u00eates, les anniversaires ou comme cadeau attentionn\u00e9 pour les \u00eatres chers, ce kit d'autod\u00e9fense allie l'aspect pratique \u00e0 la mode pour montrer que vous vous souciez du bien-\u00eatre de quelqu'un.<\/p>\n<\/li>\n<\/ul>","protected":false},"featured_media":6077,"comment_status":"open","ping_status":"closed","template":"","meta":{"_uag_custom_page_level_css":"","site-sidebar-layout":"default","site-content-layout":"","ast-site-content-layout":"default","site-content-style":"default","site-sidebar-style":"default","ast-global-header-display":"","ast-banner-title-visibility":"","ast-main-header-display":"","ast-hfb-above-header-display":"","ast-hfb-below-header-display":"","ast-hfb-mobile-header-display":"","site-post-title":"","ast-breadcrumbs-content":"","ast-featured-img":"","footer-sml-layout":"","ast-disable-related-posts":"","theme-transparent-header-meta":"default","adv-header-id-meta":"","stick-header-meta":"default","header-above-stick-meta":"","header-main-stick-meta":"","header-below-stick-meta":"","astra-migrate-meta-layouts":"set","ast-page-background-enabled":"default","ast-page-background-meta":{"desktop":{"background-color":"","background-image":"","background-repeat":"repeat","background-position":"center center","background-size":"auto","background-attachment":"scroll","background-type":"","background-media":"","overlay-type":"","overlay-color":"","overlay-opacity":"","overlay-gradient":""},"tablet":{"background-color":"","background-image":"","background-repeat":"repeat","background-position":"center center","background-size":"auto","background-attachment":"scroll","background-type":"","background-media":"","overlay-type":"","overlay-color":"","overlay-opacity":"","overlay-gradient":""},"mobile":{"background-color":"","background-image":"","background-repeat":"repeat","background-position":"center center","background-size":"auto","background-attachment":"scroll","background-type":"","background-media":"","overlay-type":"","overlay-color":"","overlay-opacity":"","overlay-gradient":""}},"ast-content-background-meta":{"desktop":{"background-color":"var(--ast-global-color-5)","background-image":"","background-repeat":"repeat","background-position":"center center","background-size":"auto","background-attachment":"scroll","background-type":"","background-media":"","overlay-type":"","overlay-color":"","overlay-opacity":"","overlay-gradient":""},"tablet":{"background-color":"var(--ast-global-color-5)","background-image":"","background-repeat":"repeat","background-position":"center center","background-size":"auto","background-attachment":"scroll","background-type":"","background-media":"","overlay-type":"","overlay-color":"","overlay-opacity":"","overlay-gradient":""},"mobile":{"background-color":"var(--ast-global-color-5)","background-image":"","background-repeat":"repeat","background-position":"center center","background-size":"auto","background-attachment":"scroll","background-type":"","background-media":"","overlay-type":"","overlay-color":"","overlay-opacity":"","overlay-gradient":""}}},"product_brand":[],"product_cat":[169,50],"product_tag":[167,166],"class_list":{"0":"post-6065","1":"product","2":"type-product","3":"status-publish","4":"has-post-thumbnail","6":"product_cat-self-defense-keychain-sets","7":"product_cat-self-defense-keychains","8":"product_tag-self-defense-keychain","9":"product_tag-self-defense-keychain-sets","10":"desktop-align-left","11":"tablet-align-left","12":"mobile-align-left","13":"ast-product-gallery-layout-first-image-large","14":"ast-magnify-disabled","15":"ast-product-single-variable","16":"ast-product-tabs-layout-distributed","18":"first","19":"instock","20":"sale","21":"featured","22":"shipping-taxable","23":"purchasable","24":"product-type-variable","25":"has-default-attributes"},"uagb_featured_image_src":{"full":["https:\/\/www.ringsknife.com\/wp-content\/uploads\/2025\/03\/7-piece-Rainbow-Heart-Keychain-Self-Defense-Kits-for-Women-3.jpg",1200,1200,false],"thumbnail":["https:\/\/www.ringsknife.com\/wp-content\/uploads\/2025\/03\/7-piece-Rainbow-Heart-Keychain-Self-Defense-Kits-for-Women-3-150x150.jpg",150,150,true],"medium":["https:\/\/www.ringsknife.com\/wp-content\/uploads\/2025\/03\/7-piece-Rainbow-Heart-Keychain-Self-Defense-Kits-for-Women-3-300x300.jpg",300,300,true],"medium_large":["https:\/\/www.ringsknife.com\/wp-content\/uploads\/2025\/03\/7-piece-Rainbow-Heart-Keychain-Self-Defense-Kits-for-Women-3-768x768.jpg",768,768,true],"large":["https:\/\/www.ringsknife.com\/wp-content\/uploads\/2025\/03\/7-piece-Rainbow-Heart-Keychain-Self-Defense-Kits-for-Women-3-1024x1024.jpg",1024,1024,true],"1536x1536":["https:\/\/www.ringsknife.com\/wp-content\/uploads\/2025\/03\/7-piece-Rainbow-Heart-Keychain-Self-Defense-Kits-for-Women-3.jpg",1200,1200,false],"2048x2048":["https:\/\/www.ringsknife.com\/wp-content\/uploads\/2025\/03\/7-piece-Rainbow-Heart-Keychain-Self-Defense-Kits-for-Women-3.jpg",1200,1200,false],"trp-custom-language-flag":["https:\/\/www.ringsknife.com\/wp-content\/uploads\/2025\/03\/7-piece-Rainbow-Heart-Keychain-Self-Defense-Kits-for-Women-3.jpg",12,12,false],"woocommerce_thumbnail":["https:\/\/www.ringsknife.com\/wp-content\/uploads\/2025\/03\/7-piece-Rainbow-Heart-Keychain-Self-Defense-Kits-for-Women-3-800x800.jpg",800,800,true],"woocommerce_single":["https:\/\/www.ringsknife.com\/wp-content\/uploads\/2025\/03\/7-piece-Rainbow-Heart-Keychain-Self-Defense-Kits-for-Women-3-800x800.jpg",800,800,true],"woocommerce_gallery_thumbnail":["https:\/\/www.ringsknife.com\/wp-content\/uploads\/2025\/03\/7-piece-Rainbow-Heart-Keychain-Self-Defense-Kits-for-Women-3-100x100.jpg",100,100,true]},"uagb_author_info":{"display_name":"ringsknife.com","author_link":"https:\/\/www.ringsknife.com\/fr\/author\/"},"uagb_comment_info":3,"uagb_excerpt":"Colorful &amp; Fashionable Design: The vibrant rainbow heart keychain is not just a safety tool\u2014it's a fun and stylish accessory that adds a pop of color to your everyday carry. Complete Self-Defense Solution: Packed with essential tools like a Kubaton, window breaker, seatbelt cutter, whistle, and more, this kit ensures you're prepared for any emergency\u2026","jetpack_sharing_enabled":true,"_links":{"self":[{"href":"https:\/\/www.ringsknife.com\/fr\/wp-json\/wp\/v2\/product\/6065","targetHints":{"allow":["GET"]}}],"collection":[{"href":"https:\/\/www.ringsknife.com\/fr\/wp-json\/wp\/v2\/product"}],"about":[{"href":"https:\/\/www.ringsknife.com\/fr\/wp-json\/wp\/v2\/types\/product"}],"replies":[{"embeddable":true,"href":"https:\/\/www.ringsknife.com\/fr\/wp-json\/wp\/v2\/comments?post=6065"}],"version-history":[{"count":0,"href":"https:\/\/www.ringsknife.com\/fr\/wp-json\/wp\/v2\/product\/6065\/revisions"}],"wp:featuredmedia":[{"embeddable":true,"href":"https:\/\/www.ringsknife.com\/fr\/wp-json\/wp\/v2\/media\/6077"}],"wp:attachment":[{"href":"https:\/\/www.ringsknife.com\/fr\/wp-json\/wp\/v2\/media?parent=6065"}],"wp:term":[{"taxonomy":"product_brand","embeddable":true,"href":"https:\/\/www.ringsknife.com\/fr\/wp-json\/wp\/v2\/product_brand?post=6065"},{"taxonomy":"product_cat","embeddable":true,"href":"https:\/\/www.ringsknife.com\/fr\/wp-json\/wp\/v2\/product_cat?post=6065"},{"taxonomy":"product_tag","embeddable":true,"href":"https:\/\/www.ringsknife.com\/fr\/wp-json\/wp\/v2\/product_tag?post=6065"}],"curies":[{"name":"wp","href":"https:\/\/api.w.org\/{rel}","templated":true}]}}