
{"id":5833,"date":"2025-03-12T11:37:04","date_gmt":"2025-03-12T03:37:04","guid":{"rendered":"https:\/\/www.ringsknife.com\/?post_type=product&#038;p=5833"},"modified":"2025-03-12T12:25:46","modified_gmt":"2025-03-12T04:25:46","slug":"keychain-flashlight","status":"publish","type":"product","link":"https:\/\/www.ringsknife.com\/fr\/produit\/lampe-de-poche-porte-cles\/","title":{"rendered":"Petite lampe de poche \u00e0 Led Bling"},"content":{"rendered":"<h2 class=\"paragraph\"><strong class=\"\">Petite lampe de poche LED Bling : Votre compagnon de poche pour la s\u00e9curit\u00e9<\/strong><\/h2>\n<div class=\"paragraph\">Restez en s\u00e9curit\u00e9 et pr\u00e9par\u00e9 avec la petite lampe de poche LED Bling pour porte-cl\u00e9s, un outil compact, polyvalent et puissant con\u00e7u pour am\u00e9liorer votre s\u00e9curit\u00e9 et votre confort dans n'importe quelle situation. Que vous naviguiez dans des parkings faiblement \u00e9clair\u00e9s, que vous vous lanciez dans des aventures en plein air ou que vous ayez besoin d'une lumi\u00e8re rapide en cas d'urgence, cette mini lampe de poche est votre alli\u00e9e fiable.<\/div>\n<h3 class=\"paragraph\"><strong class=\"\">Caract\u00e9ristiques principales :<\/strong><\/h3>\n<ul>\n<li>\n<div class=\"paragraph\"><strong class=\"\">Construction durable :<\/strong> Construite pour durer, cette lampe de poche est fabriqu\u00e9e \u00e0 partir d'un m\u00e9tal aluminium solide, ce qui lui permet de r\u00e9sister aux rigueurs d'une utilisation quotidienne et aux \u00e9l\u00e9ments ext\u00e9rieurs.<\/div>\n<\/li>\n<li>\n<div class=\"paragraph\"><strong class=\"\">\u00c9clairage brillant :<\/strong> Ne vous fiez pas \u00e0 sa taille. Cette lampe de poche est tr\u00e8s puissante, avec 160 lumens de lumi\u00e8re LED, et offre une bonne visibilit\u00e9 dans les conditions les plus sombres.<\/div>\n<\/li>\n<li>\n<div class=\"paragraph\"><strong class=\"\">Deux modes :<\/strong> Passez facilement d'un mode torche stable et lumineux pour un usage quotidien \u00e0 une lumi\u00e8re d'urgence stroboscopique pour appeler \u00e0 l'aide ou aveugler temporairement un agresseur.<\/div>\n<\/li>\n<li>\n<div class=\"paragraph\"><strong class=\"\">Puissance longue dur\u00e9e :<\/strong> Profitez de plus de 3 heures d'\u00e9clairage continu avec un seul jeu de piles. Lorsque l'\u00e9nergie est faible, il suffit de remplacer les piles pour les recharger sans probl\u00e8me.<\/div>\n<\/li>\n<li>\n<div class=\"paragraph\"><strong class=\"\">Conception portative :<\/strong> Pesant moins qu'une pile D et mesurant seulement quelques centim\u00e8tres de long, cette lampe de poche est l\u00e9g\u00e8re et compacte. Attachez-la \u00e0 votre trousseau de cl\u00e9s ou \u00e0 la boucle de votre sac et oubliez-la jusqu'\u00e0 ce que vous en ayez le plus besoin.<\/div>\n<\/li>\n<\/ul>\n<h3 class=\"paragraph\"><strong class=\"\">Mode d'emploi :<\/strong><\/h3>\n<div class=\"paragraph\">Cette mini lampe de poche d'urgence est con\u00e7ue pour \u00eatre facile \u00e0 utiliser. <span style=\"font-size: 16px;\">Tournez la t\u00eate de la lampe de poche pour la serrer jusqu'\u00e0 ce que la lumi\u00e8re s'allume. <\/span><span style=\"font-size: 16px;\">Pour l'\u00e9teindre, il suffit de desserrer l\u00e9g\u00e8rement la t\u00eate.<\/span><\/div>\n<div><\/div>\n<h3 class=\"paragraph\"><strong class=\"\">Rester en s\u00e9curit\u00e9, rester pr\u00e9par\u00e9 :<\/strong><\/h3>\n<div class=\"paragraph\">La petite lampe de poche LED Bling est plus qu'une simple lampe de poche : c'est votre gardien portatif. Compacte, durable et puissante, elle s'int\u00e8gre parfaitement \u00e0 votre vie quotidienne, vous apportant la tranquillit\u00e9 d'esprit et la confiance n\u00e9cessaire pour faire face \u00e0 toutes les situations.<\/div>","protected":false},"excerpt":{"rendered":"<ul>\n<li>\n<div class=\"paragraph\"><strong class=\"\">Construction durable :<\/strong> Construite pour durer, cette lampe de poche est fabriqu\u00e9e \u00e0 partir d'un m\u00e9tal aluminium solide, ce qui lui permet de r\u00e9sister aux rigueurs d'une utilisation quotidienne et aux \u00e9l\u00e9ments ext\u00e9rieurs.<\/div>\n<\/li>\n<li>\n<div class=\"paragraph\"><strong class=\"\">\u00c9clairage brillant :<\/strong> Ne vous fiez pas \u00e0 sa taille. Cette lampe de poche est tr\u00e8s puissante, avec 160 lumens de lumi\u00e8re LED, et offre une bonne visibilit\u00e9 dans les conditions les plus sombres.<\/div>\n<\/li>\n<li>\n<div class=\"paragraph\"><strong class=\"\">Deux modes :<\/strong> Passez facilement d'un mode torche stable et lumineux pour un usage quotidien \u00e0 une lumi\u00e8re d'urgence stroboscopique pour appeler \u00e0 l'aide ou aveugler temporairement un agresseur.<\/div>\n<\/li>\n<li>\n<div class=\"paragraph\"><strong class=\"\">Puissance longue dur\u00e9e :<\/strong> Profitez de plus de 3 heures d'\u00e9clairage continu avec un seul jeu de piles. Lorsque l'\u00e9nergie est faible, il suffit de remplacer les piles pour les recharger sans probl\u00e8me.<\/div>\n<\/li>\n<li>\n<div class=\"paragraph\"><strong class=\"\">Conception portative :<\/strong> Pesant moins qu'une pile D et mesurant seulement quelques centim\u00e8tres de long, cette lampe de poche est l\u00e9g\u00e8re et compacte. Attachez-la \u00e0 votre trousseau de cl\u00e9s ou \u00e0 la boucle de votre sac et oubliez-la jusqu'\u00e0 ce que vous en ayez le plus besoin.<\/div>\n<\/li>\n<\/ul>","protected":false},"featured_media":5840,"comment_status":"open","ping_status":"closed","template":"","meta":{"_uag_custom_page_level_css":"","site-sidebar-layout":"default","site-content-layout":"","ast-site-content-layout":"default","site-content-style":"default","site-sidebar-style":"default","ast-global-header-display":"","ast-banner-title-visibility":"","ast-main-header-display":"","ast-hfb-above-header-display":"","ast-hfb-below-header-display":"","ast-hfb-mobile-header-display":"","site-post-title":"","ast-breadcrumbs-content":"","ast-featured-img":"","footer-sml-layout":"","ast-disable-related-posts":"","theme-transparent-header-meta":"default","adv-header-id-meta":"","stick-header-meta":"default","header-above-stick-meta":"","header-main-stick-meta":"","header-below-stick-meta":"","astra-migrate-meta-layouts":"set","ast-page-background-enabled":"default","ast-page-background-meta":{"desktop":{"background-color":"","background-image":"","background-repeat":"repeat","background-position":"center center","background-size":"auto","background-attachment":"scroll","background-type":"","background-media":"","overlay-type":"","overlay-color":"","overlay-opacity":"","overlay-gradient":""},"tablet":{"background-color":"","background-image":"","background-repeat":"repeat","background-position":"center center","background-size":"auto","background-attachment":"scroll","background-type":"","background-media":"","overlay-type":"","overlay-color":"","overlay-opacity":"","overlay-gradient":""},"mobile":{"background-color":"","background-image":"","background-repeat":"repeat","background-position":"center center","background-size":"auto","background-attachment":"scroll","background-type":"","background-media":"","overlay-type":"","overlay-color":"","overlay-opacity":"","overlay-gradient":""}},"ast-content-background-meta":{"desktop":{"background-color":"var(--ast-global-color-5)","background-image":"","background-repeat":"repeat","background-position":"center center","background-size":"auto","background-attachment":"scroll","background-type":"","background-media":"","overlay-type":"","overlay-color":"","overlay-opacity":"","overlay-gradient":""},"tablet":{"background-color":"var(--ast-global-color-5)","background-image":"","background-repeat":"repeat","background-position":"center center","background-size":"auto","background-attachment":"scroll","background-type":"","background-media":"","overlay-type":"","overlay-color":"","overlay-opacity":"","overlay-gradient":""},"mobile":{"background-color":"var(--ast-global-color-5)","background-image":"","background-repeat":"repeat","background-position":"center center","background-size":"auto","background-attachment":"scroll","background-type":"","background-media":"","overlay-type":"","overlay-color":"","overlay-opacity":"","overlay-gradient":""}}},"product_brand":[],"product_cat":[186],"product_tag":[187],"class_list":{"0":"post-5833","1":"product","2":"type-product","3":"status-publish","4":"has-post-thumbnail","6":"product_cat-self-defense-flashlight","7":"product_tag-flashlight","8":"desktop-align-left","9":"tablet-align-left","10":"mobile-align-left","11":"ast-product-gallery-layout-first-image-large","12":"ast-magnify-disabled","13":"ast-product-single-variable","14":"ast-product-tabs-layout-distributed","16":"first","17":"instock","18":"sale","19":"featured","20":"shipping-taxable","21":"purchasable","22":"product-type-variable","23":"has-default-attributes"},"uagb_featured_image_src":{"full":["https:\/\/www.ringsknife.com\/wp-content\/uploads\/2025\/03\/Bling-Small-Led-keychain-flashlight-14.jpg",1200,1200,false],"thumbnail":["https:\/\/www.ringsknife.com\/wp-content\/uploads\/2025\/03\/Bling-Small-Led-keychain-flashlight-14-150x150.jpg",150,150,true],"medium":["https:\/\/www.ringsknife.com\/wp-content\/uploads\/2025\/03\/Bling-Small-Led-keychain-flashlight-14-300x300.jpg",300,300,true],"medium_large":["https:\/\/www.ringsknife.com\/wp-content\/uploads\/2025\/03\/Bling-Small-Led-keychain-flashlight-14-768x768.jpg",768,768,true],"large":["https:\/\/www.ringsknife.com\/wp-content\/uploads\/2025\/03\/Bling-Small-Led-keychain-flashlight-14-1024x1024.jpg",1024,1024,true],"1536x1536":["https:\/\/www.ringsknife.com\/wp-content\/uploads\/2025\/03\/Bling-Small-Led-keychain-flashlight-14.jpg",1200,1200,false],"2048x2048":["https:\/\/www.ringsknife.com\/wp-content\/uploads\/2025\/03\/Bling-Small-Led-keychain-flashlight-14.jpg",1200,1200,false],"trp-custom-language-flag":["https:\/\/www.ringsknife.com\/wp-content\/uploads\/2025\/03\/Bling-Small-Led-keychain-flashlight-14.jpg",12,12,false],"woocommerce_thumbnail":["https:\/\/www.ringsknife.com\/wp-content\/uploads\/2025\/03\/Bling-Small-Led-keychain-flashlight-14-800x800.jpg",800,800,true],"woocommerce_single":["https:\/\/www.ringsknife.com\/wp-content\/uploads\/2025\/03\/Bling-Small-Led-keychain-flashlight-14-800x800.jpg",800,800,true],"woocommerce_gallery_thumbnail":["https:\/\/www.ringsknife.com\/wp-content\/uploads\/2025\/03\/Bling-Small-Led-keychain-flashlight-14-100x100.jpg",100,100,true]},"uagb_author_info":{"display_name":"ringsknife.com","author_link":"https:\/\/www.ringsknife.com\/fr\/author\/"},"uagb_comment_info":3,"uagb_excerpt":"Durable Construction: Built to last, this flashlight is crafted from strong aluminum metal, ensuring it can withstand the rigors of daily use and outdoor elements. Bright Illumination: Don't let its size fool you. This flashlight packs a powerful punch with 160 lumens of LED brightness, providing clear visibility in the darkest of conditions. Dual Modes:\u2026","jetpack_sharing_enabled":true,"_links":{"self":[{"href":"https:\/\/www.ringsknife.com\/fr\/wp-json\/wp\/v2\/product\/5833","targetHints":{"allow":["GET"]}}],"collection":[{"href":"https:\/\/www.ringsknife.com\/fr\/wp-json\/wp\/v2\/product"}],"about":[{"href":"https:\/\/www.ringsknife.com\/fr\/wp-json\/wp\/v2\/types\/product"}],"replies":[{"embeddable":true,"href":"https:\/\/www.ringsknife.com\/fr\/wp-json\/wp\/v2\/comments?post=5833"}],"version-history":[{"count":0,"href":"https:\/\/www.ringsknife.com\/fr\/wp-json\/wp\/v2\/product\/5833\/revisions"}],"wp:featuredmedia":[{"embeddable":true,"href":"https:\/\/www.ringsknife.com\/fr\/wp-json\/wp\/v2\/media\/5840"}],"wp:attachment":[{"href":"https:\/\/www.ringsknife.com\/fr\/wp-json\/wp\/v2\/media?parent=5833"}],"wp:term":[{"taxonomy":"product_brand","embeddable":true,"href":"https:\/\/www.ringsknife.com\/fr\/wp-json\/wp\/v2\/product_brand?post=5833"},{"taxonomy":"product_cat","embeddable":true,"href":"https:\/\/www.ringsknife.com\/fr\/wp-json\/wp\/v2\/product_cat?post=5833"},{"taxonomy":"product_tag","embeddable":true,"href":"https:\/\/www.ringsknife.com\/fr\/wp-json\/wp\/v2\/product_tag?post=5833"}],"curies":[{"name":"wp","href":"https:\/\/api.w.org\/{rel}","templated":true}]}}