
{"id":5704,"date":"2025-02-26T14:51:24","date_gmt":"2025-02-26T06:51:24","guid":{"rendered":"https:\/\/www.ringsknife.com\/product\/20ml-multipurpose-pepper-spray-keychain\/"},"modified":"2025-09-07T15:55:13","modified_gmt":"2025-09-07T07:55:13","slug":"20ml-pepper-spray-keychain","status":"publish","type":"product","link":"https:\/\/www.ringsknife.com\/fr\/produit\/porte-cles-spray-au-poivre-20ml\/","title":{"rendered":"Spray au poivre multi-usages 20ml Keychain"},"content":{"rendered":"<h3 class=\"\">Porte-cl\u00e9s de 20 ml de spray au poivre multi-usages : Votre ultime compagnon de s\u00e9curit\u00e9 personnelle<\/h3>\n<div class=\"paragraph\"><strong class=\"\">Caract\u00e9ristiques principales :<\/strong><\/div>\n<ol start=\"1\">\n<li>\n<div class=\"paragraph\"><strong class=\"\">Conception compacte et robuste<\/strong>: Con\u00e7u pour \u00eatre portable et durable, ce porte-cl\u00e9s \u00e0 gaz poivr\u00e9 polyvalent est suffisamment petit pour s'attacher sans effort \u00e0 votre trousseau de cl\u00e9s ou se glisser dans votre poche, ce qui en fait l'accessoire parfait pour un usage quotidien. Sa construction robuste lui permet de r\u00e9sister \u00e0 l'usure quotidienne.<\/div>\n<\/li>\n<li>\n<div class=\"paragraph\"><strong>Outil d'urgence \u00e0 acc\u00e8s rapide<\/strong>: Con\u00e7u sp\u00e9cialement pour les situations d'urgence, ce porte-cl\u00e9s \u00e0 spray d'autod\u00e9fense offre un acc\u00e8s instantan\u00e9 et fiable \u00e0 la protection. Sa conception conviviale vous permet de r\u00e9agir rapidement et efficacement aux menaces inattendues, ce qui vous donne un avantage d\u00e9cisif dans les situations critiques.<\/div>\n<\/li>\n<li>\n<div class=\"paragraph\"><strong>S\u00e9curit\u00e9 renforc\u00e9e pour les aventures en plein air<\/strong>: Id\u00e9al pour les amateurs d'activit\u00e9s de plein air, ce porte-cl\u00e9s avec spray au poivre est indispensable pour la randonn\u00e9e, le camping ou toute autre activit\u00e9 de plein air. Il offre une tranquillit\u00e9 d'esprit et une s\u00e9curit\u00e9 accrue, ce qui vous permet de vivre vos aventures en toute confiance.<\/div>\n<\/li>\n<li>\n<div class=\"paragraph\"><strong>Un m\u00e9canisme de d\u00e9fense fiable<\/strong>: Faites confiance \u00e0 cet outil de d\u00e9fense portable pour vous prot\u00e9ger dans diverses situations. Son spray puissant fournit une d\u00e9fense fiable, offrant une mesure de protection solide sur laquelle vous pouvez compter lorsque vous en avez le plus besoin.<\/div>\n<\/li>\n<li>\n<div class=\"paragraph\"><strong>Sentiment de s\u00e9curit\u00e9 permanent<\/strong>: Le port de ce spray de d\u00e9fense personnelle vous donne un sentiment permanent de s\u00e9curit\u00e9, o\u00f9 que vous soyez. Il vous rassure et vous donne confiance, sachant que vous disposez d'un moyen de protection efficace \u00e0 port\u00e9e de main.<\/div>\n<\/li>\n<\/ol>\n<div class=\"paragraph\"><strong>Sp\u00e9cifications :<\/strong><\/div>\n<ul>\n<li>\n<div class=\"paragraph\"><strong class=\"\">Mat\u00e9riau<\/strong>: Plastique ABS de haute qualit\u00e9<\/div>\n<\/li>\n<li>\n<div class=\"paragraph\"><strong class=\"\">Utilisation<\/strong>: Compatible avec le spray au poivre<\/div>\n<\/li>\n<li>\n<div class=\"paragraph\"><strong class=\"\">Taille<\/strong>Dimensions : 9,5 cm x 3,5 cm (approx.)<\/div>\n<\/li>\n<\/ul>\n<div class=\"paragraph\"><strong class=\"\">Remarques importantes :<\/strong><\/div>\n<ul>\n<li>\n<div class=\"paragraph\"><strong class=\"\">Variation de couleur<\/strong>: En raison des diff\u00e9rences de r\u00e9glage des moniteurs et des conditions d'\u00e9clairage, la couleur r\u00e9elle de l'article peut varier l\u00e9g\u00e8rement par rapport aux images pr\u00e9sent\u00e9es. Merci de votre compr\u00e9hension !<\/div>\n<\/li>\n<li>\n<div class=\"paragraph\"><strong>Tol\u00e9rance de mesure<\/strong>: Veuillez tenir compte d'une diff\u00e9rence de 1 \u00e0 2 cm dans les mesures, due \u00e0 la prise de mesures manuelle.<\/div>\n<\/li>\n<\/ul>\n<div class=\"paragraph\"><strong class=\"\">Ce qui est inclus :<\/strong><\/div>\n<ul>\n<li>\n<div class=\"paragraph\">1 x Porte-cl\u00e9s spray au poivre multi-usages<\/div>\n<\/li>\n<\/ul>\n<div class=\"paragraph\"><strong class=\"\">Pourquoi choisir notre porte-cl\u00e9s en forme de bombe lacrymog\u00e8ne ?<\/strong><\/div>\n<ul>\n<li>\n<div class=\"paragraph\"><strong class=\"\">Commodit\u00e9<\/strong>: Toujours \u00e0 port\u00e9e de main, qu'il soit accroch\u00e9 \u00e0 vos cl\u00e9s ou dans votre poche.<\/div>\n<\/li>\n<li>\n<div class=\"paragraph\"><strong class=\"\">Efficacit\u00e9<\/strong>: Constitue un m\u00e9canisme de d\u00e9fense puissant et fiable.<\/div>\n<\/li>\n<li>\n<div class=\"paragraph\"><strong class=\"\">Tranquillit\u00e9 d'esprit<\/strong>: Offre une protection continue, \u00e0 l'int\u00e9rieur comme \u00e0 l'ext\u00e9rieur.<\/div>\n<\/li>\n<li>\n<div class=\"paragraph\"><strong>Durabilit\u00e9<\/strong>: Fabriqu\u00e9 avec des mat\u00e9riaux de haute qualit\u00e9 pour durer.<\/div>\n<\/li>\n<\/ul>\n<div class=\"paragraph\">Am\u00e9liorez votre s\u00e9curit\u00e9 personnelle avec notre porte-cl\u00e9s spray au poivre polyvalent de 20 ml !<\/div>","protected":false},"excerpt":{"rendered":"<ol start=\"1\">\n<li>\n<div class=\"paragraph\"><strong class=\"\">Conception compacte et portable<\/strong><br \/>\nS'attache facilement \u00e0 votre trousseau de cl\u00e9s ou se glisse dans votre poche pour une protection pratique en d\u00e9placement.<\/div>\n<\/li>\n<li>\n<div class=\"paragraph\"><strong class=\"\">Acc\u00e8s rapide en cas d'urgence<\/strong><br \/>\nLa conception conviviale permet un d\u00e9ploiement rapide, garantissant une r\u00e9action efficace face \u00e0 des menaces inattendues.<\/div>\n<\/li>\n<li>\n<div class=\"paragraph\"><strong class=\"\">S\u00e9curit\u00e9 renforc\u00e9e pour les activit\u00e9s de plein air<\/strong><br \/>\nId\u00e9al pour la randonn\u00e9e, le camping ou toute autre aventure, il offre une tranquillit\u00e9 d'esprit et une s\u00e9curit\u00e9 accrue.<\/div>\n<\/li>\n<li>\n<div class=\"paragraph\"><strong class=\"\">Un m\u00e9canisme de d\u00e9fense puissant<\/strong><br \/>\nD\u00e9livre une pulv\u00e9risation puissante et fiable pour assurer votre s\u00e9curit\u00e9 dans toutes les situations.<\/div>\n<\/li>\n<li>\n<div class=\"paragraph\"><strong class=\"\">Sentiment de s\u00e9curit\u00e9 permanent<\/strong><br \/>\nIl procure un sentiment permanent de s\u00e9curit\u00e9 et de confiance, en sachant que vous disposez d'une protection efficace.<\/div>\n<\/li>\n<\/ol>","protected":false},"featured_media":5718,"comment_status":"open","ping_status":"closed","template":"","meta":{"_uag_custom_page_level_css":"","site-sidebar-layout":"default","site-content-layout":"","ast-site-content-layout":"default","site-content-style":"default","site-sidebar-style":"default","ast-global-header-display":"","ast-banner-title-visibility":"","ast-main-header-display":"","ast-hfb-above-header-display":"","ast-hfb-below-header-display":"","ast-hfb-mobile-header-display":"","site-post-title":"","ast-breadcrumbs-content":"","ast-featured-img":"","footer-sml-layout":"","ast-disable-related-posts":"","theme-transparent-header-meta":"default","adv-header-id-meta":"","stick-header-meta":"default","header-above-stick-meta":"","header-main-stick-meta":"","header-below-stick-meta":"","astra-migrate-meta-layouts":"set","ast-page-background-enabled":"default","ast-page-background-meta":{"desktop":{"background-color":"","background-image":"","background-repeat":"repeat","background-position":"center center","background-size":"auto","background-attachment":"scroll","background-type":"","background-media":"","overlay-type":"","overlay-color":"","overlay-opacity":"","overlay-gradient":""},"tablet":{"background-color":"","background-image":"","background-repeat":"repeat","background-position":"center center","background-size":"auto","background-attachment":"scroll","background-type":"","background-media":"","overlay-type":"","overlay-color":"","overlay-opacity":"","overlay-gradient":""},"mobile":{"background-color":"","background-image":"","background-repeat":"repeat","background-position":"center center","background-size":"auto","background-attachment":"scroll","background-type":"","background-media":"","overlay-type":"","overlay-color":"","overlay-opacity":"","overlay-gradient":""}},"ast-content-background-meta":{"desktop":{"background-color":"var(--ast-global-color-5)","background-image":"","background-repeat":"repeat","background-position":"center center","background-size":"auto","background-attachment":"scroll","background-type":"","background-media":"","overlay-type":"","overlay-color":"","overlay-opacity":"","overlay-gradient":""},"tablet":{"background-color":"var(--ast-global-color-5)","background-image":"","background-repeat":"repeat","background-position":"center center","background-size":"auto","background-attachment":"scroll","background-type":"","background-media":"","overlay-type":"","overlay-color":"","overlay-opacity":"","overlay-gradient":""},"mobile":{"background-color":"var(--ast-global-color-5)","background-image":"","background-repeat":"repeat","background-position":"center center","background-size":"auto","background-attachment":"scroll","background-type":"","background-media":"","overlay-type":"","overlay-color":"","overlay-opacity":"","overlay-gradient":""}}},"product_brand":[],"product_cat":[180],"product_tag":[],"class_list":{"0":"post-5704","1":"product","2":"type-product","3":"status-publish","4":"has-post-thumbnail","6":"product_cat-pepper-spray-self-defense-keychains","7":"desktop-align-left","8":"tablet-align-left","9":"mobile-align-left","10":"ast-product-gallery-layout-first-image-large","11":"ast-magnify-disabled","12":"ast-product-single-variable","13":"ast-product-tabs-layout-distributed","15":"first","16":"instock","17":"sale","18":"featured","19":"shipping-taxable","20":"purchasable","21":"product-type-variable"},"uagb_featured_image_src":{"full":["https:\/\/www.ringsknife.com\/wp-content\/uploads\/2025\/02\/kf-S4f64ebafffcc4fff9541e38f70322115U.webp",1001,1001,false],"thumbnail":["https:\/\/www.ringsknife.com\/wp-content\/uploads\/2025\/02\/kf-S4f64ebafffcc4fff9541e38f70322115U-150x150.webp",150,150,true],"medium":["https:\/\/www.ringsknife.com\/wp-content\/uploads\/2025\/02\/kf-S4f64ebafffcc4fff9541e38f70322115U-300x300.webp",300,300,true],"medium_large":["https:\/\/www.ringsknife.com\/wp-content\/uploads\/2025\/02\/kf-S4f64ebafffcc4fff9541e38f70322115U-768x768.webp",768,768,true],"large":["https:\/\/www.ringsknife.com\/wp-content\/uploads\/2025\/02\/kf-S4f64ebafffcc4fff9541e38f70322115U.webp",1001,1001,false],"1536x1536":["https:\/\/www.ringsknife.com\/wp-content\/uploads\/2025\/02\/kf-S4f64ebafffcc4fff9541e38f70322115U.webp",1001,1001,false],"2048x2048":["https:\/\/www.ringsknife.com\/wp-content\/uploads\/2025\/02\/kf-S4f64ebafffcc4fff9541e38f70322115U.webp",1001,1001,false],"trp-custom-language-flag":["https:\/\/www.ringsknife.com\/wp-content\/uploads\/2025\/02\/kf-S4f64ebafffcc4fff9541e38f70322115U.webp",12,12,false],"woocommerce_thumbnail":["https:\/\/www.ringsknife.com\/wp-content\/uploads\/2025\/02\/kf-S4f64ebafffcc4fff9541e38f70322115U-800x800.webp",800,800,true],"woocommerce_single":["https:\/\/www.ringsknife.com\/wp-content\/uploads\/2025\/02\/kf-S4f64ebafffcc4fff9541e38f70322115U-800x800.webp",800,800,true],"woocommerce_gallery_thumbnail":["https:\/\/www.ringsknife.com\/wp-content\/uploads\/2025\/02\/kf-S4f64ebafffcc4fff9541e38f70322115U-100x100.webp",100,100,true]},"uagb_author_info":{"display_name":"ringsknife.com","author_link":"https:\/\/www.ringsknife.com\/fr\/author\/"},"uagb_comment_info":1,"uagb_excerpt":"Compact &amp; Portable Design Easily attaches to your keychain or fits in your pocket for convenient, on-the-go protection. Quick Access in Emergencies User-friendly design allows for swift deployment, ensuring you can react effectively to unexpected threats. Enhanced Safety for Outdoor Activities Ideal for hiking, camping, or any adventure, providing peace of mind and added security.\u2026","jetpack_sharing_enabled":true,"_links":{"self":[{"href":"https:\/\/www.ringsknife.com\/fr\/wp-json\/wp\/v2\/product\/5704","targetHints":{"allow":["GET"]}}],"collection":[{"href":"https:\/\/www.ringsknife.com\/fr\/wp-json\/wp\/v2\/product"}],"about":[{"href":"https:\/\/www.ringsknife.com\/fr\/wp-json\/wp\/v2\/types\/product"}],"replies":[{"embeddable":true,"href":"https:\/\/www.ringsknife.com\/fr\/wp-json\/wp\/v2\/comments?post=5704"}],"version-history":[{"count":1,"href":"https:\/\/www.ringsknife.com\/fr\/wp-json\/wp\/v2\/product\/5704\/revisions"}],"predecessor-version":[{"id":6738,"href":"https:\/\/www.ringsknife.com\/fr\/wp-json\/wp\/v2\/product\/5704\/revisions\/6738"}],"wp:featuredmedia":[{"embeddable":true,"href":"https:\/\/www.ringsknife.com\/fr\/wp-json\/wp\/v2\/media\/5718"}],"wp:attachment":[{"href":"https:\/\/www.ringsknife.com\/fr\/wp-json\/wp\/v2\/media?parent=5704"}],"wp:term":[{"taxonomy":"product_brand","embeddable":true,"href":"https:\/\/www.ringsknife.com\/fr\/wp-json\/wp\/v2\/product_brand?post=5704"},{"taxonomy":"product_cat","embeddable":true,"href":"https:\/\/www.ringsknife.com\/fr\/wp-json\/wp\/v2\/product_cat?post=5704"},{"taxonomy":"product_tag","embeddable":true,"href":"https:\/\/www.ringsknife.com\/fr\/wp-json\/wp\/v2\/product_tag?post=5704"}],"curies":[{"name":"wp","href":"https:\/\/api.w.org\/{rel}","templated":true}]}}