
{"id":5631,"date":"2025-01-11T17:09:53","date_gmt":"2025-01-11T09:09:53","guid":{"rendered":"https:\/\/www.ringsknife.com\/?post_type=product&#038;p=5631"},"modified":"2025-09-04T11:41:29","modified_gmt":"2025-09-04T03:41:29","slug":"window-breaker-keychain","status":"publish","type":"product","link":"https:\/\/www.ringsknife.com\/fr\/produit\/porte-cles-brise-vitre\/","title":{"rendered":"Porte-cl\u00e9s brise-vitre luxueux en strass"},"content":{"rendered":"<h2>Porte-cl\u00e9s brise-vitre luxueux en strass - S\u00e9curit\u00e9 et style<\/h2>\n<p>Voici le luxueux porte-cl\u00e9s brise-vitre en strass - un m\u00e9lange parfait de s\u00e9curit\u00e9 et de style. Ce porte-cl\u00e9s est con\u00e7u pour \u00eatre votre compagnon fiable en cas d'urgence, vous permettant de briser des vitres avec facilit\u00e9. Son design \u00e9l\u00e9gant en strass ajoute une touche de luxe, ce qui en fait un accessoire indispensable. Disponible en 8 couleurs vives, il ne s'agit pas seulement d'un outil de s\u00e9curit\u00e9, mais aussi d'un accessoire de mode.<\/p>\n<h3><strong>Caract\u00e9ristiques<\/strong><\/h3>\n<ul>\n<li><strong>La s\u00e9curit\u00e9 avant tout :<\/strong>\u00a0Le porte-cl\u00e9s est con\u00e7u dans un mat\u00e9riau solide et durable, ce qui lui permet de briser efficacement les vitres en cas d'urgence.<\/li>\n<li><strong>Design \u00e9l\u00e9gant :<\/strong>\u00a0Le design en strass bling bling ajoute une touche d'\u00e9l\u00e9gance, ce qui permet de l'utiliser aussi bien pour des occasions d\u00e9contract\u00e9es que pour des occasions formelles.<\/li>\n<li><strong>Plusieurs couleurs :<\/strong>\u00a0Choisissez parmi 8 couleurs vibrantes pour correspondre \u00e0 votre style et \u00e0 votre personnalit\u00e9.<\/li>\n<li><strong>Taille compacte :<\/strong>\u00a0Sa taille compacte le rend facile \u00e0 transporter, en l'attachant \u00e0 vos cl\u00e9s ou \u00e0 votre sac.<\/li>\n<\/ul>\n<h3><strong>Comment l'utiliser<\/strong><\/h3>\n<p>L'utilisation du Luxurious Rhinestone Window Breaker Keychain est simple. En cas d'urgence, si vous devez briser une vitre, tenez fermement le porte-cl\u00e9s et frappez la vitre \u00e0 un angle de 45 degr\u00e9s. La pointe solide brisera la vitre, ce qui vous permettra de vous \u00e9chapper en toute s\u00e9curit\u00e9.<\/p>","protected":false},"excerpt":{"rendered":"<ul>\n<li>Un outil de sauvetage qui ne fait aucun compromis sur le style.<\/li>\n<li>8 couleurs vibrantes pour s'adapter \u00e0 toutes les tenues ou pr\u00e9f\u00e9rences.<\/li>\n<li>Le design en strass ajoute une touche de luxe.<\/li>\n<li>Compact et facile \u00e0 transporter, toujours \u00e0 port\u00e9e de main.<\/li>\n<li class=\"last-node\">Efficace pour briser les vitres en cas d'urgence.<\/li>\n<\/ul>","protected":false},"featured_media":5650,"comment_status":"open","ping_status":"closed","template":"","meta":{"_uag_custom_page_level_css":"","site-sidebar-layout":"default","site-content-layout":"","ast-site-content-layout":"default","site-content-style":"default","site-sidebar-style":"default","ast-global-header-display":"","ast-banner-title-visibility":"","ast-main-header-display":"","ast-hfb-above-header-display":"","ast-hfb-below-header-display":"","ast-hfb-mobile-header-display":"","site-post-title":"","ast-breadcrumbs-content":"","ast-featured-img":"","footer-sml-layout":"","ast-disable-related-posts":"","theme-transparent-header-meta":"default","adv-header-id-meta":"","stick-header-meta":"default","header-above-stick-meta":"","header-main-stick-meta":"","header-below-stick-meta":"","astra-migrate-meta-layouts":"set","ast-page-background-enabled":"default","ast-page-background-meta":{"desktop":{"background-color":"","background-image":"","background-repeat":"repeat","background-position":"center center","background-size":"auto","background-attachment":"scroll","background-type":"","background-media":"","overlay-type":"","overlay-color":"","overlay-opacity":"","overlay-gradient":""},"tablet":{"background-color":"","background-image":"","background-repeat":"repeat","background-position":"center center","background-size":"auto","background-attachment":"scroll","background-type":"","background-media":"","overlay-type":"","overlay-color":"","overlay-opacity":"","overlay-gradient":""},"mobile":{"background-color":"","background-image":"","background-repeat":"repeat","background-position":"center center","background-size":"auto","background-attachment":"scroll","background-type":"","background-media":"","overlay-type":"","overlay-color":"","overlay-opacity":"","overlay-gradient":""}},"ast-content-background-meta":{"desktop":{"background-color":"var(--ast-global-color-5)","background-image":"","background-repeat":"repeat","background-position":"center center","background-size":"auto","background-attachment":"scroll","background-type":"","background-media":"","overlay-type":"","overlay-color":"","overlay-opacity":"","overlay-gradient":""},"tablet":{"background-color":"var(--ast-global-color-5)","background-image":"","background-repeat":"repeat","background-position":"center center","background-size":"auto","background-attachment":"scroll","background-type":"","background-media":"","overlay-type":"","overlay-color":"","overlay-opacity":"","overlay-gradient":""},"mobile":{"background-color":"var(--ast-global-color-5)","background-image":"","background-repeat":"repeat","background-position":"center center","background-size":"auto","background-attachment":"scroll","background-type":"","background-media":"","overlay-type":"","overlay-color":"","overlay-opacity":"","overlay-gradient":""}}},"product_brand":[],"product_cat":[164],"product_tag":[],"class_list":{"0":"post-5631","1":"product","2":"type-product","3":"status-publish","4":"has-post-thumbnail","6":"product_cat-self-defense-keychain-accessories","7":"desktop-align-left","8":"tablet-align-left","9":"mobile-align-left","10":"ast-product-gallery-layout-first-image-large","11":"ast-magnify-disabled","12":"ast-product-single-variable","13":"ast-product-tabs-layout-distributed","15":"first","16":"instock","17":"sale","18":"featured","19":"shipping-taxable","20":"purchasable","21":"product-type-variable","22":"has-default-attributes"},"uagb_featured_image_src":{"full":["https:\/\/www.ringsknife.com\/wp-content\/uploads\/2025\/01\/Luxurious-Rhinestone-Window-Breaker-Keychain-9.jpg",1000,1000,false],"thumbnail":["https:\/\/www.ringsknife.com\/wp-content\/uploads\/2025\/01\/Luxurious-Rhinestone-Window-Breaker-Keychain-9-150x150.jpg",150,150,true],"medium":["https:\/\/www.ringsknife.com\/wp-content\/uploads\/2025\/01\/Luxurious-Rhinestone-Window-Breaker-Keychain-9-300x300.jpg",300,300,true],"medium_large":["https:\/\/www.ringsknife.com\/wp-content\/uploads\/2025\/01\/Luxurious-Rhinestone-Window-Breaker-Keychain-9-768x768.jpg",768,768,true],"large":["https:\/\/www.ringsknife.com\/wp-content\/uploads\/2025\/01\/Luxurious-Rhinestone-Window-Breaker-Keychain-9.jpg",1000,1000,false],"1536x1536":["https:\/\/www.ringsknife.com\/wp-content\/uploads\/2025\/01\/Luxurious-Rhinestone-Window-Breaker-Keychain-9.jpg",1000,1000,false],"2048x2048":["https:\/\/www.ringsknife.com\/wp-content\/uploads\/2025\/01\/Luxurious-Rhinestone-Window-Breaker-Keychain-9.jpg",1000,1000,false],"trp-custom-language-flag":["https:\/\/www.ringsknife.com\/wp-content\/uploads\/2025\/01\/Luxurious-Rhinestone-Window-Breaker-Keychain-9.jpg",12,12,false],"woocommerce_thumbnail":["https:\/\/www.ringsknife.com\/wp-content\/uploads\/2025\/01\/Luxurious-Rhinestone-Window-Breaker-Keychain-9-800x800.jpg",800,800,true],"woocommerce_single":["https:\/\/www.ringsknife.com\/wp-content\/uploads\/2025\/01\/Luxurious-Rhinestone-Window-Breaker-Keychain-9-800x800.jpg",800,800,true],"woocommerce_gallery_thumbnail":["https:\/\/www.ringsknife.com\/wp-content\/uploads\/2025\/01\/Luxurious-Rhinestone-Window-Breaker-Keychain-9-100x100.jpg",100,100,true]},"uagb_author_info":{"display_name":"ringsknife.com","author_link":"https:\/\/www.ringsknife.com\/fr\/author\/"},"uagb_comment_info":4,"uagb_excerpt":"A life-saving tool that doesn't compromise on style. 8 vibrant colors to suit any outfit or preference. Bling rhinestone design adds a touch of luxury. Compact and easy to carry, always by your side. Effective in breaking windows during emergencies.","jetpack_sharing_enabled":true,"_links":{"self":[{"href":"https:\/\/www.ringsknife.com\/fr\/wp-json\/wp\/v2\/product\/5631","targetHints":{"allow":["GET"]}}],"collection":[{"href":"https:\/\/www.ringsknife.com\/fr\/wp-json\/wp\/v2\/product"}],"about":[{"href":"https:\/\/www.ringsknife.com\/fr\/wp-json\/wp\/v2\/types\/product"}],"replies":[{"embeddable":true,"href":"https:\/\/www.ringsknife.com\/fr\/wp-json\/wp\/v2\/comments?post=5631"}],"version-history":[{"count":0,"href":"https:\/\/www.ringsknife.com\/fr\/wp-json\/wp\/v2\/product\/5631\/revisions"}],"wp:featuredmedia":[{"embeddable":true,"href":"https:\/\/www.ringsknife.com\/fr\/wp-json\/wp\/v2\/media\/5650"}],"wp:attachment":[{"href":"https:\/\/www.ringsknife.com\/fr\/wp-json\/wp\/v2\/media?parent=5631"}],"wp:term":[{"taxonomy":"product_brand","embeddable":true,"href":"https:\/\/www.ringsknife.com\/fr\/wp-json\/wp\/v2\/product_brand?post=5631"},{"taxonomy":"product_cat","embeddable":true,"href":"https:\/\/www.ringsknife.com\/fr\/wp-json\/wp\/v2\/product_cat?post=5631"},{"taxonomy":"product_tag","embeddable":true,"href":"https:\/\/www.ringsknife.com\/fr\/wp-json\/wp\/v2\/product_tag?post=5631"}],"curies":[{"name":"wp","href":"https:\/\/api.w.org\/{rel}","templated":true}]}}