
{"id":5444,"date":"2025-01-08T15:17:13","date_gmt":"2025-01-08T07:17:13","guid":{"rendered":"https:\/\/www.ringsknife.com\/?post_type=product&#038;p=5444"},"modified":"2025-06-05T18:03:16","modified_gmt":"2025-06-05T10:03:16","slug":"fox-ears-self-defense-keychain","status":"publish","type":"product","link":"https:\/\/www.ringsknife.com\/fr\/produit\/porte-cles-dautodefense-oreilles-de-renard\/","title":{"rendered":"Porte-cl\u00e9s d'autod\u00e9fense oreilles de renard"},"content":{"rendered":"<h2><strong>Porte-cl\u00e9s d'autod\u00e9fense Fox Ears - Un essentiel de s\u00e9curit\u00e9 \u00e9l\u00e9gant<\/strong><\/h2>\n<p>Le porte-cl\u00e9s d'autod\u00e9fense Fox Ears est un m\u00e9lange parfait de s\u00e9curit\u00e9 et de style. Fabriqu\u00e9 en acier robuste, il garantit la durabilit\u00e9 tout en offrant un design \u00e9l\u00e9gant en forme d'oreilles de renard. Ce porte-cl\u00e9s n'est pas seulement un accessoire mignon, c'est un outil d'autod\u00e9fense fonctionnel qui s'int\u00e8gre parfaitement \u00e0 votre routine quotidienne. Que vous rentriez chez vous la nuit ou que vous vous d\u00e9placiez dans des rues anim\u00e9es, le porte-cl\u00e9s d'autod\u00e9fense Fox Ears vous offre une s\u00e9curit\u00e9 suppl\u00e9mentaire en cas d'urgence.<\/p>\n<h3>Caract\u00e9ristiques<\/h3>\n<ul>\n<li><strong>Mat\u00e9riau :<\/strong> Fabriqu\u00e9 \u00e0 partir d'un m\u00e9tal de haute qualit\u00e9 et d'un acier r\u00e9sistant pour une durabilit\u00e9 maximale.<\/li>\n<li><strong>Conception :<\/strong> Forme unique d'oreille de renard pour un outil d'autod\u00e9fense \u00e0 la fois amusant et fonctionnel.<\/li>\n<li><strong>Couleurs vives :<\/strong> Disponible en 14 couleurs vives et attrayantes pour s'adapter \u00e0 votre style personnel.<\/li>\n<li><strong>L\u00e9ger :<\/strong> Pesant \u00e0 peine 1,5 kg, il est facile \u00e0 transporter avec vos cl\u00e9s.<\/li>\n<li><strong>Pratique :<\/strong> Compact et discret, il est id\u00e9al pour le transport quotidien.<\/li>\n<\/ul>\n<h3>Dimensions<\/h3>\n<ul>\n<li><strong>Largeur :<\/strong> 3,8 pouces (9,7 cm)<\/li>\n<li><strong>Longueur :<\/strong> 5,5 pouces (14 cm)<\/li>\n<li><strong>Hauteur :<\/strong> 0,2 pouce (0,5 cm)<\/li>\n<li><strong>Poids :<\/strong> 0,1 livre (45 g)<\/li>\n<\/ul>\n<h3>Comment l'utiliser<\/h3>\n<p>Pour utiliser le porte-cl\u00e9s d'autod\u00e9fense Fox Ears, il suffit de saisir le porte-cl\u00e9s par les oreilles de renard, et vous pouvez facilement le tenir dans votre main comme un outil de d\u00e9fense. Si n\u00e9cessaire, vous pouvez utiliser les bords tranchants du porte-cl\u00e9s en m\u00e9tal pour vous prot\u00e9ger dans les situations d'urgence. Gardez-le sur votre porte-cl\u00e9s pour un usage quotidien, afin d'\u00eatre toujours pr\u00eat, o\u00f9 que vous alliez.<\/p>","protected":false},"excerpt":{"rendered":"<ul>\n<li><strong>\u00c9l\u00e9gant et fonctionnel :<\/strong> Le porte-cl\u00e9s d'autod\u00e9fense Fox Ears combine un design unique d'oreilles de renard avec un outil d'autod\u00e9fense robuste, vous offrant \u00e0 la fois style et s\u00e9curit\u00e9.<\/li>\n<li><strong>Mat\u00e9riau durable :<\/strong> Fabriqu\u00e9 en m\u00e9tal r\u00e9sistant, ce porte-cl\u00e9s offre une d\u00e9fense solide et fiable lorsque vous en avez le plus besoin.<\/li>\n<li><strong>Compact et portable :<\/strong> Pesant \u00e0 peine 0,1 livre, il est suffisamment petit pour se glisser sans probl\u00e8me dans votre poche ou votre sac.<\/li>\n<li><strong>Vari\u00e9t\u00e9 de couleurs :<\/strong> Choisissez parmi 14 couleurs vibrantes qui vous permettent de vous exprimer tout en restant en s\u00e9curit\u00e9. Parfait pour toutes les personnalit\u00e9s !<\/li>\n<li><strong>Facile \u00e0 utiliser :<\/strong> Gardez-le sur votre porte-cl\u00e9s et soyez pr\u00eat \u00e0 vous d\u00e9fendre avec une prise rapide et s\u00fbre chaque fois que n\u00e9cessaire.<\/li>\n<\/ul>","protected":false},"featured_media":5487,"comment_status":"open","ping_status":"closed","template":"","meta":{"_uag_custom_page_level_css":"","site-sidebar-layout":"default","site-content-layout":"","ast-site-content-layout":"default","site-content-style":"default","site-sidebar-style":"default","ast-global-header-display":"","ast-banner-title-visibility":"","ast-main-header-display":"","ast-hfb-above-header-display":"","ast-hfb-below-header-display":"","ast-hfb-mobile-header-display":"","site-post-title":"","ast-breadcrumbs-content":"","ast-featured-img":"","footer-sml-layout":"","ast-disable-related-posts":"","theme-transparent-header-meta":"default","adv-header-id-meta":"","stick-header-meta":"default","header-above-stick-meta":"","header-main-stick-meta":"","header-below-stick-meta":"","astra-migrate-meta-layouts":"set","ast-page-background-enabled":"default","ast-page-background-meta":{"desktop":{"background-color":"","background-image":"","background-repeat":"repeat","background-position":"center center","background-size":"auto","background-attachment":"scroll","background-type":"","background-media":"","overlay-type":"","overlay-color":"","overlay-opacity":"","overlay-gradient":""},"tablet":{"background-color":"","background-image":"","background-repeat":"repeat","background-position":"center center","background-size":"auto","background-attachment":"scroll","background-type":"","background-media":"","overlay-type":"","overlay-color":"","overlay-opacity":"","overlay-gradient":""},"mobile":{"background-color":"","background-image":"","background-repeat":"repeat","background-position":"center center","background-size":"auto","background-attachment":"scroll","background-type":"","background-media":"","overlay-type":"","overlay-color":"","overlay-opacity":"","overlay-gradient":""}},"ast-content-background-meta":{"desktop":{"background-color":"var(--ast-global-color-5)","background-image":"","background-repeat":"repeat","background-position":"center center","background-size":"auto","background-attachment":"scroll","background-type":"","background-media":"","overlay-type":"","overlay-color":"","overlay-opacity":"","overlay-gradient":""},"tablet":{"background-color":"var(--ast-global-color-5)","background-image":"","background-repeat":"repeat","background-position":"center center","background-size":"auto","background-attachment":"scroll","background-type":"","background-media":"","overlay-type":"","overlay-color":"","overlay-opacity":"","overlay-gradient":""},"mobile":{"background-color":"var(--ast-global-color-5)","background-image":"","background-repeat":"repeat","background-position":"center center","background-size":"auto","background-attachment":"scroll","background-type":"","background-media":"","overlay-type":"","overlay-color":"","overlay-opacity":"","overlay-gradient":""}}},"product_brand":[],"product_cat":[178],"product_tag":[],"class_list":{"0":"post-5444","1":"product","2":"type-product","3":"status-publish","4":"has-post-thumbnail","6":"product_cat-cat-self-defense-keychains-kitty-knuckles","7":"desktop-align-left","8":"tablet-align-left","9":"mobile-align-left","10":"ast-product-gallery-layout-first-image-large","11":"ast-magnify-disabled","12":"ast-product-single-variable","13":"ast-product-tabs-layout-distributed","15":"first","16":"instock","17":"sale","18":"featured","19":"shipping-taxable","20":"purchasable","21":"product-type-variable","22":"has-default-attributes"},"uagb_featured_image_src":{"full":["https:\/\/www.ringsknife.com\/wp-content\/uploads\/2025\/01\/Fox-Ears-Self-Defense-Keychain-30.jpg",1417,1417,false],"thumbnail":["https:\/\/www.ringsknife.com\/wp-content\/uploads\/2025\/01\/Fox-Ears-Self-Defense-Keychain-30-150x150.jpg",150,150,true],"medium":["https:\/\/www.ringsknife.com\/wp-content\/uploads\/2025\/01\/Fox-Ears-Self-Defense-Keychain-30-300x300.jpg",300,300,true],"medium_large":["https:\/\/www.ringsknife.com\/wp-content\/uploads\/2025\/01\/Fox-Ears-Self-Defense-Keychain-30-768x768.jpg",768,768,true],"large":["https:\/\/www.ringsknife.com\/wp-content\/uploads\/2025\/01\/Fox-Ears-Self-Defense-Keychain-30-1024x1024.jpg",1024,1024,true],"1536x1536":["https:\/\/www.ringsknife.com\/wp-content\/uploads\/2025\/01\/Fox-Ears-Self-Defense-Keychain-30.jpg",1417,1417,false],"2048x2048":["https:\/\/www.ringsknife.com\/wp-content\/uploads\/2025\/01\/Fox-Ears-Self-Defense-Keychain-30.jpg",1417,1417,false],"trp-custom-language-flag":["https:\/\/www.ringsknife.com\/wp-content\/uploads\/2025\/01\/Fox-Ears-Self-Defense-Keychain-30.jpg",12,12,false],"woocommerce_thumbnail":["https:\/\/www.ringsknife.com\/wp-content\/uploads\/2025\/01\/Fox-Ears-Self-Defense-Keychain-30-800x800.jpg",800,800,true],"woocommerce_single":["https:\/\/www.ringsknife.com\/wp-content\/uploads\/2025\/01\/Fox-Ears-Self-Defense-Keychain-30-800x800.jpg",800,800,true],"woocommerce_gallery_thumbnail":["https:\/\/www.ringsknife.com\/wp-content\/uploads\/2025\/01\/Fox-Ears-Self-Defense-Keychain-30-100x100.jpg",100,100,true]},"uagb_author_info":{"display_name":"ringsknife.com","author_link":"https:\/\/www.ringsknife.com\/fr\/author\/"},"uagb_comment_info":8,"uagb_excerpt":"Sleek &amp; Functional: The Fox Ears Self Defense Keychain combines a unique fox ear design with a sturdy self-defense tool, giving you both style and safety. Durable Material: Crafted from tough steel metal, this keychain offers a strong, reliable defense when you need it most. Compact &amp; Portable: Weighing just 0.1 pounds, it\u2019s small enough\u2026","jetpack_sharing_enabled":true,"_links":{"self":[{"href":"https:\/\/www.ringsknife.com\/fr\/wp-json\/wp\/v2\/product\/5444","targetHints":{"allow":["GET"]}}],"collection":[{"href":"https:\/\/www.ringsknife.com\/fr\/wp-json\/wp\/v2\/product"}],"about":[{"href":"https:\/\/www.ringsknife.com\/fr\/wp-json\/wp\/v2\/types\/product"}],"replies":[{"embeddable":true,"href":"https:\/\/www.ringsknife.com\/fr\/wp-json\/wp\/v2\/comments?post=5444"}],"version-history":[{"count":0,"href":"https:\/\/www.ringsknife.com\/fr\/wp-json\/wp\/v2\/product\/5444\/revisions"}],"wp:featuredmedia":[{"embeddable":true,"href":"https:\/\/www.ringsknife.com\/fr\/wp-json\/wp\/v2\/media\/5487"}],"wp:attachment":[{"href":"https:\/\/www.ringsknife.com\/fr\/wp-json\/wp\/v2\/media?parent=5444"}],"wp:term":[{"taxonomy":"product_brand","embeddable":true,"href":"https:\/\/www.ringsknife.com\/fr\/wp-json\/wp\/v2\/product_brand?post=5444"},{"taxonomy":"product_cat","embeddable":true,"href":"https:\/\/www.ringsknife.com\/fr\/wp-json\/wp\/v2\/product_cat?post=5444"},{"taxonomy":"product_tag","embeddable":true,"href":"https:\/\/www.ringsknife.com\/fr\/wp-json\/wp\/v2\/product_tag?post=5444"}],"curies":[{"name":"wp","href":"https:\/\/api.w.org\/{rel}","templated":true}]}}