
{"id":5352,"date":"2025-01-02T11:17:32","date_gmt":"2025-01-02T03:17:32","guid":{"rendered":"https:\/\/www.ringsknife.com\/?post_type=product&#038;p=5352"},"modified":"2025-06-03T17:21:22","modified_gmt":"2025-06-03T09:21:22","slug":"kubaton-self-defense","status":"publish","type":"product","link":"https:\/\/www.ringsknife.com\/fr\/produit\/kubaton-self-defense\/","title":{"rendered":"Porte-cl\u00e9s d'autod\u00e9fense Bling Kubaton"},"content":{"rendered":"<h2>Pr\u00e9sentation du produit Bling Kubaton Self Defense Keychain<\/h2>\n<h3><\/h3>\n<p>Le <strong>Porte-cl\u00e9s d'autod\u00e9fense Bling Kubaton<\/strong> allie style et s\u00e9curit\u00e9 dans un design compact. Fabriqu\u00e9 en m\u00e9tal r\u00e9sistant et durable, cet outil d'autod\u00e9fense est parfait pour tous ceux qui recherchent un moyen de protection fiable et portable. Avec un choix de neuf couleurs arc-en-ciel vibrantes, il ne s'agit pas seulement d'un accessoire, mais d'un dispositif de s\u00e9curit\u00e9 personnelle que vous pouvez emporter partout.<\/p>\n<h3><strong>Caract\u00e9ristiques<\/strong><\/h3>\n<ul>\n<li><strong>Mat\u00e9riau durable<\/strong>: Fabriqu\u00e9 en acier robuste pour une r\u00e9sistance durable.<\/li>\n<li><strong>Conception compacte<\/strong>: L\u00e9ger et facile \u00e0 transporter sur votre porte-cl\u00e9s.<\/li>\n<li><strong>Vari\u00e9t\u00e9 de couleurs<\/strong>: Disponible en 9 couleurs arc-en-ciel vibrantes pour s'adapter \u00e0 votre style.<\/li>\n<li><strong>Outil d'autod\u00e9fense<\/strong>: Son design pointu vous permet de vous sentir en s\u00e9curit\u00e9 dans toutes les situations.<\/li>\n<li><strong>Parfait pour les femmes<\/strong>: Id\u00e9al pour les voyageuses solitaires, les joggeuses et les voyageurs de tous les jours.<\/li>\n<\/ul>\n<h3><strong>Dimensions<\/strong><\/h3>\n<ul>\n<li><strong>Longueur<\/strong>: 5,3 pouces (13,5 cm)<\/li>\n<li><strong>Largeur<\/strong>: 1 pouce (2,5 cm)<\/li>\n<li><strong>Poids<\/strong>: L\u00e9ger pour un transport facile sans \u00eatre encombrant.<\/li>\n<\/ul>\n<h3><strong>Comment l'utiliser<\/strong><\/h3>\n<p>Pour utiliser le <strong>Porte-cl\u00e9s d'autod\u00e9fense Bling Kubaton<\/strong>En cas de danger, il suffit de tenir le porte-cl\u00e9s dans son poing, l'extr\u00e9mit\u00e9 pointue d\u00e9passant entre les doigts. En cas de danger, utilisez l'extr\u00e9mit\u00e9 pointue pour vous d\u00e9fendre en frappant l'agresseur dans les zones vuln\u00e9rables. Gardez-le toujours \u00e0 port\u00e9e de main sur votre porte-cl\u00e9s pour pouvoir agir rapidement en cas de besoin.<\/p>","protected":false},"excerpt":{"rendered":"<ul>\n<li><strong>\u00c9l\u00e9gant et solide<\/strong>: Le <strong>Porte-cl\u00e9s d'autod\u00e9fense Bling Kubaton<\/strong> est un m\u00e9lange de mode et de fonction. Fabriqu\u00e9 en acier robuste, c'est un outil de d\u00e9fense fiable et durable qui ne sacrifie pas le style. Avec 9 couleurs arc-en-ciel vibrantes, c'est un accessoire qui refl\u00e8te votre personnalit\u00e9 tout en assurant votre s\u00e9curit\u00e9.<\/li>\n<li><strong>Facile \u00e0 transporter<\/strong>: Compact et l\u00e9ger, ce porte-cl\u00e9s d'autod\u00e9fense s'int\u00e8gre parfaitement dans votre quotidien. Il se fixe facilement \u00e0 votre trousseau de cl\u00e9s, ce qui vous permet d'y acc\u00e9der rapidement en cas d'urgence.<\/li>\n<li><strong>Une protection fiable<\/strong>: Sachez que vous disposez d'un outil d'autod\u00e9fense pratique et efficace \u00e0 port\u00e9e de main. L'extr\u00e9mit\u00e9 pointue et tranchante est con\u00e7ue pour la protection, ce qui en fait un choix id\u00e9al pour les femmes en d\u00e9placement.<\/li>\n<\/ul>","protected":false},"featured_media":5361,"comment_status":"open","ping_status":"closed","template":"","meta":{"_uag_custom_page_level_css":"","site-sidebar-layout":"default","site-content-layout":"","ast-site-content-layout":"default","site-content-style":"default","site-sidebar-style":"default","ast-global-header-display":"","ast-banner-title-visibility":"","ast-main-header-display":"","ast-hfb-above-header-display":"","ast-hfb-below-header-display":"","ast-hfb-mobile-header-display":"","site-post-title":"","ast-breadcrumbs-content":"","ast-featured-img":"","footer-sml-layout":"","ast-disable-related-posts":"","theme-transparent-header-meta":"default","adv-header-id-meta":"","stick-header-meta":"default","header-above-stick-meta":"","header-main-stick-meta":"","header-below-stick-meta":"","astra-migrate-meta-layouts":"set","ast-page-background-enabled":"default","ast-page-background-meta":{"desktop":{"background-color":"","background-image":"","background-repeat":"repeat","background-position":"center center","background-size":"auto","background-attachment":"scroll","background-type":"","background-media":"","overlay-type":"","overlay-color":"","overlay-opacity":"","overlay-gradient":""},"tablet":{"background-color":"","background-image":"","background-repeat":"repeat","background-position":"center center","background-size":"auto","background-attachment":"scroll","background-type":"","background-media":"","overlay-type":"","overlay-color":"","overlay-opacity":"","overlay-gradient":""},"mobile":{"background-color":"","background-image":"","background-repeat":"repeat","background-position":"center center","background-size":"auto","background-attachment":"scroll","background-type":"","background-media":"","overlay-type":"","overlay-color":"","overlay-opacity":"","overlay-gradient":""}},"ast-content-background-meta":{"desktop":{"background-color":"var(--ast-global-color-5)","background-image":"","background-repeat":"repeat","background-position":"center center","background-size":"auto","background-attachment":"scroll","background-type":"","background-media":"","overlay-type":"","overlay-color":"","overlay-opacity":"","overlay-gradient":""},"tablet":{"background-color":"var(--ast-global-color-5)","background-image":"","background-repeat":"repeat","background-position":"center center","background-size":"auto","background-attachment":"scroll","background-type":"","background-media":"","overlay-type":"","overlay-color":"","overlay-opacity":"","overlay-gradient":""},"mobile":{"background-color":"var(--ast-global-color-5)","background-image":"","background-repeat":"repeat","background-position":"center center","background-size":"auto","background-attachment":"scroll","background-type":"","background-media":"","overlay-type":"","overlay-color":"","overlay-opacity":"","overlay-gradient":""}}},"product_brand":[],"product_cat":[168],"product_tag":[],"class_list":{"0":"post-5352","1":"product","2":"type-product","3":"status-publish","4":"has-post-thumbnail","6":"product_cat-kubaton-kubotan-self-defense-keychains","7":"desktop-align-left","8":"tablet-align-left","9":"mobile-align-left","10":"ast-product-gallery-layout-first-image-large","11":"ast-magnify-disabled","12":"ast-product-single-variable","13":"ast-product-tabs-layout-distributed","15":"first","16":"instock","17":"sale","18":"featured","19":"shipping-taxable","20":"purchasable","21":"product-type-variable","22":"has-default-attributes"},"uagb_featured_image_src":{"full":["https:\/\/www.ringsknife.com\/wp-content\/uploads\/2025\/01\/Bling-Kubaton-Self-Defense-Keychain-1.jpg",800,800,false],"thumbnail":["https:\/\/www.ringsknife.com\/wp-content\/uploads\/2025\/01\/Bling-Kubaton-Self-Defense-Keychain-1-150x150.jpg",150,150,true],"medium":["https:\/\/www.ringsknife.com\/wp-content\/uploads\/2025\/01\/Bling-Kubaton-Self-Defense-Keychain-1-300x300.jpg",300,300,true],"medium_large":["https:\/\/www.ringsknife.com\/wp-content\/uploads\/2025\/01\/Bling-Kubaton-Self-Defense-Keychain-1-768x768.jpg",768,768,true],"large":["https:\/\/www.ringsknife.com\/wp-content\/uploads\/2025\/01\/Bling-Kubaton-Self-Defense-Keychain-1.jpg",800,800,false],"1536x1536":["https:\/\/www.ringsknife.com\/wp-content\/uploads\/2025\/01\/Bling-Kubaton-Self-Defense-Keychain-1.jpg",800,800,false],"2048x2048":["https:\/\/www.ringsknife.com\/wp-content\/uploads\/2025\/01\/Bling-Kubaton-Self-Defense-Keychain-1.jpg",800,800,false],"trp-custom-language-flag":["https:\/\/www.ringsknife.com\/wp-content\/uploads\/2025\/01\/Bling-Kubaton-Self-Defense-Keychain-1.jpg",12,12,false],"woocommerce_thumbnail":["https:\/\/www.ringsknife.com\/wp-content\/uploads\/2025\/01\/Bling-Kubaton-Self-Defense-Keychain-1.jpg",800,800,false],"woocommerce_single":["https:\/\/www.ringsknife.com\/wp-content\/uploads\/2025\/01\/Bling-Kubaton-Self-Defense-Keychain-1.jpg",800,800,false],"woocommerce_gallery_thumbnail":["https:\/\/www.ringsknife.com\/wp-content\/uploads\/2025\/01\/Bling-Kubaton-Self-Defense-Keychain-1-100x100.jpg",100,100,true]},"uagb_author_info":{"display_name":"ringsknife.com","author_link":"https:\/\/www.ringsknife.com\/fr\/author\/"},"uagb_comment_info":47,"uagb_excerpt":"Stylish &amp; Strong: The Bling Kubaton Self Defense Keychain is a blend of fashion and function. Made from tough steel metal, it\u2019s a durable, reliable defense tool that doesn\u2019t sacrifice style. With 9 vibrant rainbow colors, it\u2019s an accessory that reflects your personality while ensuring your safety. Easy to Carry: Compact and lightweight, this self-defense\u2026","jetpack_sharing_enabled":true,"_links":{"self":[{"href":"https:\/\/www.ringsknife.com\/fr\/wp-json\/wp\/v2\/product\/5352","targetHints":{"allow":["GET"]}}],"collection":[{"href":"https:\/\/www.ringsknife.com\/fr\/wp-json\/wp\/v2\/product"}],"about":[{"href":"https:\/\/www.ringsknife.com\/fr\/wp-json\/wp\/v2\/types\/product"}],"replies":[{"embeddable":true,"href":"https:\/\/www.ringsknife.com\/fr\/wp-json\/wp\/v2\/comments?post=5352"}],"version-history":[{"count":0,"href":"https:\/\/www.ringsknife.com\/fr\/wp-json\/wp\/v2\/product\/5352\/revisions"}],"wp:featuredmedia":[{"embeddable":true,"href":"https:\/\/www.ringsknife.com\/fr\/wp-json\/wp\/v2\/media\/5361"}],"wp:attachment":[{"href":"https:\/\/www.ringsknife.com\/fr\/wp-json\/wp\/v2\/media?parent=5352"}],"wp:term":[{"taxonomy":"product_brand","embeddable":true,"href":"https:\/\/www.ringsknife.com\/fr\/wp-json\/wp\/v2\/product_brand?post=5352"},{"taxonomy":"product_cat","embeddable":true,"href":"https:\/\/www.ringsknife.com\/fr\/wp-json\/wp\/v2\/product_cat?post=5352"},{"taxonomy":"product_tag","embeddable":true,"href":"https:\/\/www.ringsknife.com\/fr\/wp-json\/wp\/v2\/product_tag?post=5352"}],"curies":[{"name":"wp","href":"https:\/\/api.w.org\/{rel}","templated":true}]}}