
{"id":5265,"date":"2024-12-19T12:06:49","date_gmt":"2024-12-19T04:06:49","guid":{"rendered":"https:\/\/www.ringsknife.com\/?post_type=product&#038;p=5265"},"modified":"2025-07-07T01:27:12","modified_gmt":"2025-07-06T17:27:12","slug":"self-defense-kit","status":"publish","type":"product","link":"https:\/\/www.ringsknife.com\/fr\/produit\/kit-dautodefense\/","title":{"rendered":"Kit d'autod\u00e9fense p\u00e9tillant de 14 pi\u00e8ces"},"content":{"rendered":"<h2>Bienvenue dans l'univers des kits d'autod\u00e9fense !<\/h2>\n<p>Compos\u00e9 des produits d'autod\u00e9fense les plus efficaces et les mieux not\u00e9s, ce kit de 14 pi\u00e8ces vous prot\u00e8gera en toute s\u00e9curit\u00e9 dans n'importe quelle situation.<\/p>\n<p>N'h\u00e9sitez pas \u00e0 r\u00e9assembler la trousse avant de quitter votre domicile pour n'y inclure que ce dont vous avez besoin pour la journ\u00e9e.<\/p>\n<ol>\n<li>Porte-cl\u00e9s en forme de c\u0153ur : Cette charmante d\u00e9coration ajoute une touche d'\u00e9clat \u00e0 vos cl\u00e9s et vous permet de briller o\u00f9 que vous alliez.<\/li>\n<li>Sac de rangement pour cartes : Avec son design \u00e9l\u00e9gant, ce sac est parfait pour ranger vos cartes et votre argent, en gardant vos objets essentiels organis\u00e9s et \u00e0 port\u00e9e de main.<\/li>\n<li>Lani\u00e8re : Accessoire \u00e0 la mode pour garder vos cl\u00e9s ou votre carte d'identit\u00e9 \u00e0 port\u00e9e de main, ce cordon est synonyme de style et de commodit\u00e9.<\/li>\n<li>Perles : Ajoutez une touche d'\u00e9l\u00e9gance \u00e0 votre look avec cet accessoire perl\u00e9, une pi\u00e8ce purement d\u00e9corative qui compl\u00e8te n'importe quelle tenue.<\/li>\n<li>Mini valises : Ces valises compactes sont parfaites pour ranger discr\u00e8tement vos objets essentiels lorsque vous \u00eates en d\u00e9placement.<\/li>\n<li>\u00c9tui \u00e0 cartes : mince et \u00e9l\u00e9gant, cet \u00e9tui \u00e0 cartes est id\u00e9al pour conserver vos pi\u00e8ces d'identit\u00e9 et vos coordonn\u00e9es en cas d'urgence.<\/li>\n<li>Seau \u00e0 rouge \u00e0 l\u00e8vres : Ne vous laissez pas tromper par son aspect ext\u00e9rieur mignon ; ce contenant pour rouge \u00e0 l\u00e8vres est parfait pour ranger les petits objets \u00e0 port\u00e9e de main.<\/li>\n<li>Pendentif Ins en cuir : Ce pendentif \u00e0 la mode est plus qu'une simple pi\u00e8ce d'apparat ; il abrite un compartiment de rangement pour vos petits tr\u00e9sors.<\/li>\n<li>Flacon de parfum : Ce flacon de parfum au charme trompeur est con\u00e7u pour contenir votre parfum pr\u00e9f\u00e9r\u00e9 et ajouter une touche de luxe \u00e0 votre journ\u00e9e.<\/li>\n<li>Flacon \u00e0 m\u00e9dicaments : Conservez vos m\u00e9dicaments essentiels dans ce flacon discret et assurez-vous de les avoir quand vous en avez besoin.<\/li>\n<li>Kubaton : ce b\u00e2ton de d\u00e9fense \u00e9prouv\u00e9 est compact, l\u00e9ger, facile \u00e0 manier et a une pl\u00e9thore d'utilisations d\u00e9fensives. Les Kubatons sont utilis\u00e9s par les forces de l'ordre du monde entier pour de bonnes raisons.<\/li>\n<li>Ouvre-porte sans contact : Ouvrez les portes des salles de bains, appuyez sur des boutons et touchez des \u00e9crans sans entrer en contact avec ces surfaces contamin\u00e9es tr\u00e8s utilis\u00e9es. Fabriqu\u00e9 en acier inoxydable r\u00e9sistant aux bact\u00e9ries et muni d'une pointe de stylet, cet outil sans contact est le moyen id\u00e9al de rester en s\u00e9curit\u00e9 tout en interagissant avec le monde.<\/li>\n<li>Coupe-clefs : Discr\u00e8tement con\u00e7u pour ressembler \u00e0 un outil de cl\u00e9, le coupe-cl\u00e9 peut vous aider dans les situations o\u00f9 vous avez besoin d'acc\u00e9der rapidement \u00e0 vos cl\u00e9s ou de couper un dispositif de retenue.<\/li>\n<li>Support de d\u00e9sinfectant pour les mains avec bouteille : Restez propre et sans germes gr\u00e2ce \u00e0 ce support pratique pour votre d\u00e9sinfectant pour les mains.<\/li>\n<\/ol>\n<p>Ce kit d'autod\u00e9fense complet vous fournit les produits les mieux not\u00e9s pour vous prot\u00e9ger et vous s\u00e9curiser au quotidien. Vous pouvez \u00e9galement transporter chaque pi\u00e8ce individuellement ou les ranger dans divers endroits pratiques en fonction de vos besoins.<\/p>\n<p>Con\u00e7u avec une palette de couleurs unies \u00e9l\u00e9gantes, vous n'aurez plus \u00e0 vous soucier des armes d'autod\u00e9fense laides, ni \u00e0 sacrifier le style \u00e0 la s\u00e9curit\u00e9.<\/p>\n<p>Il existe de nombreuses fa\u00e7ons de transporter et de ranger votre kit d'autod\u00e9fense. Attachez-le \u00e0 vos cl\u00e9s ou \u00e0 votre ceinture, laissez-le dans votre sac pour qu'il soit facilement accessible ou laissez-le dans la bo\u00eete \u00e0 gants ou la console centrale de votre voiture pour l'avoir toujours \u00e0 port\u00e9e de main lorsque vous n'\u00eates pas chez vous.<\/p>\n<p>&nbsp;<\/p>\n<h2>Mat\u00e9riaux :<\/h2>\n<p>Les composants de l'ensemble de protection compl\u00e8te sont fabriqu\u00e9s en acier, en aluminium et en plastique dur, ce qui garantit \u00e0 la fois style et durabilit\u00e9.<\/p>","protected":false},"excerpt":{"rendered":"<ol>\n<li>Portage discret et \u00e9l\u00e9gant : Les composants du kit sont con\u00e7us pour ressembler \u00e0 des accessoires de tous les jours, ce qui vous permet de transporter des outils d'autod\u00e9fense essentiels sans attirer l'attention.<\/li>\n<li>Transport modulaire et personnalisable : Avec 14 pi\u00e8ces diff\u00e9rentes, vous pouvez personnaliser votre kit en fonction de vos besoins quotidiens sp\u00e9cifiques, en vous assurant de ne transporter que ce qui est n\u00e9cessaire \u00e0 votre protection.<\/li>\n<li>Rangement polyvalent pour le transport : Le kit comprend une vari\u00e9t\u00e9 de solutions de rangement, permettant un transport organis\u00e9 de vos objets personnels de mani\u00e8re compacte et pratique.<\/li>\n<li>Construction durable pour un transport fiable : Fabriqu\u00e9 \u00e0 partir de mat\u00e9riaux de haute qualit\u00e9, ce kit est con\u00e7u pour durer, offrant une protection fiable et une tranquillit\u00e9 d'esprit \u00e0 chaque fois que vous le transportez.<\/li>\n<li>Portage esth\u00e9tique et fonctionnel : Les pi\u00e8ces d\u00e9coratives du kit ajoutent une touche d'\u00e9l\u00e9gance \u00e0 votre transport quotidien, tandis que les outils d'autod\u00e9fense fournissent des mesures de s\u00e9curit\u00e9 pratiques, vous assurant ainsi un transport \u00e0 la fois \u00e9l\u00e9gant et s\u00fbr.<\/li>\n<\/ol>","protected":false},"featured_media":5249,"comment_status":"open","ping_status":"closed","template":"","meta":{"_uag_custom_page_level_css":"","site-sidebar-layout":"default","site-content-layout":"","ast-site-content-layout":"default","site-content-style":"default","site-sidebar-style":"default","ast-global-header-display":"","ast-banner-title-visibility":"","ast-main-header-display":"","ast-hfb-above-header-display":"","ast-hfb-below-header-display":"","ast-hfb-mobile-header-display":"","site-post-title":"","ast-breadcrumbs-content":"","ast-featured-img":"","footer-sml-layout":"","ast-disable-related-posts":"","theme-transparent-header-meta":"default","adv-header-id-meta":"","stick-header-meta":"default","header-above-stick-meta":"","header-main-stick-meta":"","header-below-stick-meta":"","astra-migrate-meta-layouts":"set","ast-page-background-enabled":"default","ast-page-background-meta":{"desktop":{"background-color":"","background-image":"","background-repeat":"repeat","background-position":"center center","background-size":"auto","background-attachment":"scroll","background-type":"","background-media":"","overlay-type":"","overlay-color":"","overlay-opacity":"","overlay-gradient":""},"tablet":{"background-color":"","background-image":"","background-repeat":"repeat","background-position":"center center","background-size":"auto","background-attachment":"scroll","background-type":"","background-media":"","overlay-type":"","overlay-color":"","overlay-opacity":"","overlay-gradient":""},"mobile":{"background-color":"","background-image":"","background-repeat":"repeat","background-position":"center center","background-size":"auto","background-attachment":"scroll","background-type":"","background-media":"","overlay-type":"","overlay-color":"","overlay-opacity":"","overlay-gradient":""}},"ast-content-background-meta":{"desktop":{"background-color":"var(--ast-global-color-5)","background-image":"","background-repeat":"repeat","background-position":"center center","background-size":"auto","background-attachment":"scroll","background-type":"","background-media":"","overlay-type":"","overlay-color":"","overlay-opacity":"","overlay-gradient":""},"tablet":{"background-color":"var(--ast-global-color-5)","background-image":"","background-repeat":"repeat","background-position":"center center","background-size":"auto","background-attachment":"scroll","background-type":"","background-media":"","overlay-type":"","overlay-color":"","overlay-opacity":"","overlay-gradient":""},"mobile":{"background-color":"var(--ast-global-color-5)","background-image":"","background-repeat":"repeat","background-position":"center center","background-size":"auto","background-attachment":"scroll","background-type":"","background-media":"","overlay-type":"","overlay-color":"","overlay-opacity":"","overlay-gradient":""}}},"product_brand":[],"product_cat":[169,50],"product_tag":[167,166],"class_list":{"0":"post-5265","1":"product","2":"type-product","3":"status-publish","4":"has-post-thumbnail","6":"product_cat-self-defense-keychain-sets","7":"product_cat-self-defense-keychains","8":"product_tag-self-defense-keychain","9":"product_tag-self-defense-keychain-sets","10":"desktop-align-left","11":"tablet-align-left","12":"mobile-align-left","13":"ast-product-gallery-layout-first-image-large","14":"ast-magnify-disabled","15":"ast-product-single-variable","16":"ast-product-tabs-layout-distributed","18":"first","19":"instock","20":"sale","21":"featured","22":"shipping-taxable","23":"purchasable","24":"product-type-variable","25":"has-default-attributes"},"uagb_featured_image_src":{"full":["https:\/\/www.ringsknife.com\/wp-content\/uploads\/2024\/12\/Sparkling-14-piece-Self-Defense-Kit-red.jpg",800,800,false],"thumbnail":["https:\/\/www.ringsknife.com\/wp-content\/uploads\/2024\/12\/Sparkling-14-piece-Self-Defense-Kit-red-150x150.jpg",150,150,true],"medium":["https:\/\/www.ringsknife.com\/wp-content\/uploads\/2024\/12\/Sparkling-14-piece-Self-Defense-Kit-red-300x300.jpg",300,300,true],"medium_large":["https:\/\/www.ringsknife.com\/wp-content\/uploads\/2024\/12\/Sparkling-14-piece-Self-Defense-Kit-red-768x768.jpg",768,768,true],"large":["https:\/\/www.ringsknife.com\/wp-content\/uploads\/2024\/12\/Sparkling-14-piece-Self-Defense-Kit-red.jpg",800,800,false],"1536x1536":["https:\/\/www.ringsknife.com\/wp-content\/uploads\/2024\/12\/Sparkling-14-piece-Self-Defense-Kit-red.jpg",800,800,false],"2048x2048":["https:\/\/www.ringsknife.com\/wp-content\/uploads\/2024\/12\/Sparkling-14-piece-Self-Defense-Kit-red.jpg",800,800,false],"trp-custom-language-flag":["https:\/\/www.ringsknife.com\/wp-content\/uploads\/2024\/12\/Sparkling-14-piece-Self-Defense-Kit-red.jpg",12,12,false],"woocommerce_thumbnail":["https:\/\/www.ringsknife.com\/wp-content\/uploads\/2024\/12\/Sparkling-14-piece-Self-Defense-Kit-red.jpg",800,800,false],"woocommerce_single":["https:\/\/www.ringsknife.com\/wp-content\/uploads\/2024\/12\/Sparkling-14-piece-Self-Defense-Kit-red.jpg",800,800,false],"woocommerce_gallery_thumbnail":["https:\/\/www.ringsknife.com\/wp-content\/uploads\/2024\/12\/Sparkling-14-piece-Self-Defense-Kit-red-100x100.jpg",100,100,true]},"uagb_author_info":{"display_name":"ringsknife.com","author_link":"https:\/\/www.ringsknife.com\/fr\/author\/"},"uagb_comment_info":3,"uagb_excerpt":"Discreet and Stylish Carry: The kit's components are designed to look like everyday accessories, allowing you to carry essential self-defense tools without drawing attention. Modular and Customizable Carry: With 14 different pieces, you can personalize your kit to suit your specific daily needs, ensuring you only carry what's necessary for protection. Versatile Storage for Carry:\u2026","jetpack_sharing_enabled":true,"_links":{"self":[{"href":"https:\/\/www.ringsknife.com\/fr\/wp-json\/wp\/v2\/product\/5265","targetHints":{"allow":["GET"]}}],"collection":[{"href":"https:\/\/www.ringsknife.com\/fr\/wp-json\/wp\/v2\/product"}],"about":[{"href":"https:\/\/www.ringsknife.com\/fr\/wp-json\/wp\/v2\/types\/product"}],"replies":[{"embeddable":true,"href":"https:\/\/www.ringsknife.com\/fr\/wp-json\/wp\/v2\/comments?post=5265"}],"version-history":[{"count":0,"href":"https:\/\/www.ringsknife.com\/fr\/wp-json\/wp\/v2\/product\/5265\/revisions"}],"wp:featuredmedia":[{"embeddable":true,"href":"https:\/\/www.ringsknife.com\/fr\/wp-json\/wp\/v2\/media\/5249"}],"wp:attachment":[{"href":"https:\/\/www.ringsknife.com\/fr\/wp-json\/wp\/v2\/media?parent=5265"}],"wp:term":[{"taxonomy":"product_brand","embeddable":true,"href":"https:\/\/www.ringsknife.com\/fr\/wp-json\/wp\/v2\/product_brand?post=5265"},{"taxonomy":"product_cat","embeddable":true,"href":"https:\/\/www.ringsknife.com\/fr\/wp-json\/wp\/v2\/product_cat?post=5265"},{"taxonomy":"product_tag","embeddable":true,"href":"https:\/\/www.ringsknife.com\/fr\/wp-json\/wp\/v2\/product_tag?post=5265"}],"curies":[{"name":"wp","href":"https:\/\/api.w.org\/{rel}","templated":true}]}}