
{"id":5202,"date":"2024-12-17T15:33:04","date_gmt":"2024-12-17T07:33:04","guid":{"rendered":"https:\/\/www.ringsknife.com\/product\/defensive-weapons-15-piece-self-defense-keychain-set\/"},"modified":"2024-12-25T16:37:17","modified_gmt":"2024-12-25T08:37:17","slug":"defensive-weapons-15-piece-self-defense-keychain-set","status":"publish","type":"product","link":"https:\/\/www.ringsknife.com\/fr\/produit\/armes-defensives-15-pieces-porte-cles-dautodefense\/","title":{"rendered":"Defensive Weapons 15-Piece Self Defense Keychain Set"},"content":{"rendered":"<div class=\"product-specs-list-container\">\n<p>Bienvenue dans l'ultime collection d'outils d'autod\u00e9fense !<\/p>\n<p>Le porte-cl\u00e9s d'autod\u00e9fense Defensive Weapons 15-Piece Self Defense Keychain Set est une solution compl\u00e8te et \u00e9l\u00e9gante pour votre s\u00e9curit\u00e9 personnelle. Ce set contient 15 outils d'autod\u00e9fense uniques et efficaces, chacun con\u00e7u pour vous apporter la confiance et la s\u00e9curit\u00e9 dont vous avez besoin dans n'importe quelle situation.<\/p>\n<p>Personnalisez votre trousse en fonction de vos besoins quotidiens, en ne s\u00e9lectionnant que les pi\u00e8ces dont vous avez besoin pour la journ\u00e9e. Avec un design \u00e9l\u00e9gant et discret, ces outils ne compromettront pas votre style tout en vous assurant que vous \u00eates toujours pr\u00eat.<\/p>\n<ol>\n<li><strong>Pompom :<\/strong> Ajoutez une touche d'\u00e9l\u00e9gance \u00e0 votre porte-cl\u00e9s tout en ayant un outil d'autod\u00e9fense \u00e0 port\u00e9e de main.<\/li>\n<li><strong>Bracelet :<\/strong> Gardez vos cl\u00e9s en s\u00e9curit\u00e9 et vos mains libres gr\u00e2ce \u00e0 ce bracelet pratique et \u00e9l\u00e9gant.<\/li>\n<li><strong>Sac de rangement pour rouge \u00e0 l\u00e8vres :<\/strong> Gardez vos objets essentiels organis\u00e9s et \u00e0 port\u00e9e de main.<\/li>\n<li><strong>Cuir Ins Pend :<\/strong> Un accessoire \u00e0 la mode pour ajouter du style \u00e0 votre trousse.<\/li>\n<li><strong>Bouteille de parfum :<\/strong> Portez discr\u00e8tement un moyen de dissuasion personnel dans cet \u00e9l\u00e9gant flacon de parfum.<\/li>\n<li><strong>Brise-vitre\/Coupe-ceinture de s\u00e9curit\u00e9 :<\/strong> Soyez pr\u00eat \u00e0 faire face aux situations d'urgence gr\u00e2ce \u00e0 cet outil multifonctionnel qui peut couper les ceintures de s\u00e9curit\u00e9 et briser les vitres.<\/li>\n<li><strong>Coeur Garniture en cuir :<\/strong> Ajoutez une touche d'\u00e9l\u00e9gance \u00e0 votre porte-cl\u00e9s.<\/li>\n<li><strong>Sac de rangement pour cartes :<\/strong> Gardez vos cartes en s\u00e9curit\u00e9 et organis\u00e9es dans ce sac compact et \u00e9l\u00e9gant.<\/li>\n<li><strong>Porte-rouge \u00e0 l\u00e8vres :<\/strong> Ne manquez jamais votre rouge \u00e0 l\u00e8vres pr\u00e9f\u00e9r\u00e9 gr\u00e2ce \u00e0 ce porte-rouge chic et fonctionnel.<\/li>\n<li><strong>Support de d\u00e9sinfectant pour les mains avec bouteille :<\/strong> Restez propre et sans germes gr\u00e2ce \u00e0 ce support pratique pour votre d\u00e9sinfectant pour les mains.<\/li>\n<li><strong>Ouvre-bouteille :<\/strong> Ouvrez facilement les bouteilles avec cet outil pratique, toujours pr\u00eat sur votre porte-cl\u00e9s.<\/li>\n<li><strong>Ouvre-porte sans contact :<\/strong> Minimisez le contact avec les surfaces gr\u00e2ce \u00e0 cet outil innovant, con\u00e7u pour ouvrir les portes sans toucher les poign\u00e9es.<\/li>\n<li><strong>Bouteille de m\u00e9dicaments<\/strong><strong>:<\/strong> Un petit compagnon de sant\u00e9 portable.<\/li>\n<li><strong>Sifflet :<\/strong> Attirez l'attention et demandez de l'aide avec ce sifflet puissant et efficace.<\/li>\n<li><strong>Support perl\u00e9 :<\/strong> Ajoutez un \u00e9l\u00e9ment d\u00e9coratif et robuste \u00e0 votre porte-cl\u00e9s.<\/li>\n<\/ol>\n<p>Chaque pi\u00e8ce de ce kit d'autod\u00e9fense est fabriqu\u00e9e \u00e0 partir de mat\u00e9riaux de haute qualit\u00e9 tels que l'acier, l'aluminium et le cuir artificiel, ce qui garantit sa durabilit\u00e9 et sa fiabilit\u00e9. Avec une palette de couleurs unies \u00e9l\u00e9gantes, vous pouvez profiter de la tranquillit\u00e9 d'esprit que procurent les produits d'autod\u00e9fense les plus performants sans sacrifier votre sens du style.<\/p>\n<p>Transportez votre kit de diff\u00e9rentes mani\u00e8res : attachez-le \u00e0 vos cl\u00e9s de maison, glissez-le dans votre sac ou rangez-le dans la bo\u00eete \u00e0 gants ou la console centrale de votre voiture. Avec le porte-cl\u00e9s d'autod\u00e9fense 15 pi\u00e8ces de Defensive Weapons, vous n'\u00eates jamais sans la protection dont vous avez besoin, o\u00f9 que la vie vous m\u00e8ne.<\/p>\n<p>L'ensemble complet de porte-cl\u00e9s d'autod\u00e9fense comprend 15 pi\u00e8ces :<\/p>\n<ul class=\"ul1\">\n<li class=\"li1\"><b>Pompom<\/b><\/li>\n<li class=\"li1\"><b>Bracelet<\/b><\/li>\n<li class=\"li1\"><b>Sac de rangement pour rouge \u00e0 l\u00e8vres<\/b><\/li>\n<li class=\"li1\"><b>Pendentif Ins en cuir<\/b><\/li>\n<li class=\"li1\"><b>Bouteille de parfum<\/b><\/li>\n<li class=\"li1\"><b>Brise-vitre\/Coupe-ceinture de s\u00e9curit\u00e9<\/b><\/li>\n<li class=\"li1\"><b>Garniture en cuir en forme de c\u0153ur<\/b><\/li>\n<li class=\"li1\"><b>Sac de rangement pour cartes<\/b><\/li>\n<li class=\"li1\"><b>Porte-rouge \u00e0 l\u00e8vres<\/b><\/li>\n<li class=\"li1\"><b>Support de d\u00e9sinfectant pour les mains avec bouteille<\/b><\/li>\n<li class=\"li1\"><b>Ouvre-bouteille<\/b><\/li>\n<li class=\"li1\"><b>Ouvre-porte sans contact<\/b><\/li>\n<li class=\"li1\"><strong>Bouteille de m\u00e9dicaments<\/strong><\/li>\n<li class=\"li1\"><b>Sifflet<\/b><\/li>\n<li class=\"li1\"><b>Support perl\u00e9<\/b><\/li>\n<\/ul>\n<\/div>\n<div class=\"detailmodule_html\">\n<div class=\"detail-desc-decorate-richtext\"><\/div>\n<\/div>","protected":false},"excerpt":{"rendered":"<ol>\n<li><strong>Polyvalence<\/strong>: Ensemble personnalisable comprenant 15 outils d'autod\u00e9fense et utilitaires pour toutes les situations.<\/li>\n<li><strong>Discr\u00e9tion<\/strong>: Un design \u00e9l\u00e9gant qui s'int\u00e8gre aux objets de tous les jours, garantissant la s\u00e9curit\u00e9 sans attirer l'attention.<\/li>\n<li><strong>Commodit\u00e9<\/strong>: Comprend des outils pratiques tels qu'un support de d\u00e9sinfectant pour les mains et un ouvre-bouteille pour un usage quotidien.<\/li>\n<li><strong>Outils d'urgence<\/strong>: \u00c9quip\u00e9 d'un brise-vitre et d'un coupe-ceinture pour les moments critiques.<\/li>\n<li class=\"last-node\"><strong>D\u00e9fense non l\u00e9tale<\/strong>: Offre des options non l\u00e9tales comme un sifflet et un dispositif d'ouverture de porte sans contact pour l'autoprotection.<\/li>\n<\/ol>","protected":false},"featured_media":5203,"comment_status":"open","ping_status":"closed","template":"","meta":{"_uag_custom_page_level_css":"","site-sidebar-layout":"default","site-content-layout":"","ast-site-content-layout":"default","site-content-style":"default","site-sidebar-style":"default","ast-global-header-display":"","ast-banner-title-visibility":"","ast-main-header-display":"","ast-hfb-above-header-display":"","ast-hfb-below-header-display":"","ast-hfb-mobile-header-display":"","site-post-title":"","ast-breadcrumbs-content":"","ast-featured-img":"","footer-sml-layout":"","ast-disable-related-posts":"","theme-transparent-header-meta":"default","adv-header-id-meta":"","stick-header-meta":"default","header-above-stick-meta":"","header-main-stick-meta":"","header-below-stick-meta":"","astra-migrate-meta-layouts":"set","ast-page-background-enabled":"default","ast-page-background-meta":{"desktop":{"background-color":"","background-image":"","background-repeat":"repeat","background-position":"center center","background-size":"auto","background-attachment":"scroll","background-type":"","background-media":"","overlay-type":"","overlay-color":"","overlay-opacity":"","overlay-gradient":""},"tablet":{"background-color":"","background-image":"","background-repeat":"repeat","background-position":"center center","background-size":"auto","background-attachment":"scroll","background-type":"","background-media":"","overlay-type":"","overlay-color":"","overlay-opacity":"","overlay-gradient":""},"mobile":{"background-color":"","background-image":"","background-repeat":"repeat","background-position":"center center","background-size":"auto","background-attachment":"scroll","background-type":"","background-media":"","overlay-type":"","overlay-color":"","overlay-opacity":"","overlay-gradient":""}},"ast-content-background-meta":{"desktop":{"background-color":"var(--ast-global-color-5)","background-image":"","background-repeat":"repeat","background-position":"center center","background-size":"auto","background-attachment":"scroll","background-type":"","background-media":"","overlay-type":"","overlay-color":"","overlay-opacity":"","overlay-gradient":""},"tablet":{"background-color":"var(--ast-global-color-5)","background-image":"","background-repeat":"repeat","background-position":"center center","background-size":"auto","background-attachment":"scroll","background-type":"","background-media":"","overlay-type":"","overlay-color":"","overlay-opacity":"","overlay-gradient":""},"mobile":{"background-color":"var(--ast-global-color-5)","background-image":"","background-repeat":"repeat","background-position":"center center","background-size":"auto","background-attachment":"scroll","background-type":"","background-media":"","overlay-type":"","overlay-color":"","overlay-opacity":"","overlay-gradient":""}}},"product_brand":[],"product_cat":[169,50],"product_tag":[167,166],"class_list":{"0":"post-5202","1":"product","2":"type-product","3":"status-publish","4":"has-post-thumbnail","6":"product_cat-self-defense-keychain-sets","7":"product_cat-self-defense-keychains","8":"product_tag-self-defense-keychain","9":"product_tag-self-defense-keychain-sets","10":"desktop-align-left","11":"tablet-align-left","12":"mobile-align-left","13":"ast-product-gallery-layout-first-image-large","14":"ast-magnify-disabled","15":"ast-product-single-variable","16":"ast-product-tabs-layout-distributed","18":"first","19":"instock","20":"sale","21":"featured","22":"shipping-taxable","23":"purchasable","24":"product-type-variable"},"uagb_featured_image_src":{"full":["https:\/\/www.ringsknife.com\/wp-content\/uploads\/2024\/12\/kf-S7b85dd61eaf243a6b8830b1550b92391K.webp",800,800,false],"thumbnail":["https:\/\/www.ringsknife.com\/wp-content\/uploads\/2024\/12\/kf-S7b85dd61eaf243a6b8830b1550b92391K-150x150.webp",150,150,true],"medium":["https:\/\/www.ringsknife.com\/wp-content\/uploads\/2024\/12\/kf-S7b85dd61eaf243a6b8830b1550b92391K-300x300.webp",300,300,true],"medium_large":["https:\/\/www.ringsknife.com\/wp-content\/uploads\/2024\/12\/kf-S7b85dd61eaf243a6b8830b1550b92391K-768x768.webp",768,768,true],"large":["https:\/\/www.ringsknife.com\/wp-content\/uploads\/2024\/12\/kf-S7b85dd61eaf243a6b8830b1550b92391K.webp",800,800,false],"1536x1536":["https:\/\/www.ringsknife.com\/wp-content\/uploads\/2024\/12\/kf-S7b85dd61eaf243a6b8830b1550b92391K.webp",800,800,false],"2048x2048":["https:\/\/www.ringsknife.com\/wp-content\/uploads\/2024\/12\/kf-S7b85dd61eaf243a6b8830b1550b92391K.webp",800,800,false],"trp-custom-language-flag":["https:\/\/www.ringsknife.com\/wp-content\/uploads\/2024\/12\/kf-S7b85dd61eaf243a6b8830b1550b92391K.webp",12,12,false],"woocommerce_thumbnail":["https:\/\/www.ringsknife.com\/wp-content\/uploads\/2024\/12\/kf-S7b85dd61eaf243a6b8830b1550b92391K.webp",800,800,false],"woocommerce_single":["https:\/\/www.ringsknife.com\/wp-content\/uploads\/2024\/12\/kf-S7b85dd61eaf243a6b8830b1550b92391K.webp",800,800,false],"woocommerce_gallery_thumbnail":["https:\/\/www.ringsknife.com\/wp-content\/uploads\/2024\/12\/kf-S7b85dd61eaf243a6b8830b1550b92391K-100x100.webp",100,100,true]},"uagb_author_info":{"display_name":"ringsknife.com","author_link":"https:\/\/www.ringsknife.com\/fr\/author\/"},"uagb_comment_info":0,"uagb_excerpt":"Versatility: Customizable set with 15 self-defense and utility tools for every situation. Discretion: Stylish design that blends with everyday items, ensuring safety without drawing attention. Convenience: Includes practical tools like a hand sanitizer holder and bottle opener for everyday use. Emergency Tools: Equipped with a window breaker and seatbelt cutter for critical moments. Non-Lethal Defense:\u2026","jetpack_sharing_enabled":true,"_links":{"self":[{"href":"https:\/\/www.ringsknife.com\/fr\/wp-json\/wp\/v2\/product\/5202","targetHints":{"allow":["GET"]}}],"collection":[{"href":"https:\/\/www.ringsknife.com\/fr\/wp-json\/wp\/v2\/product"}],"about":[{"href":"https:\/\/www.ringsknife.com\/fr\/wp-json\/wp\/v2\/types\/product"}],"replies":[{"embeddable":true,"href":"https:\/\/www.ringsknife.com\/fr\/wp-json\/wp\/v2\/comments?post=5202"}],"version-history":[{"count":0,"href":"https:\/\/www.ringsknife.com\/fr\/wp-json\/wp\/v2\/product\/5202\/revisions"}],"wp:featuredmedia":[{"embeddable":true,"href":"https:\/\/www.ringsknife.com\/fr\/wp-json\/wp\/v2\/media\/5203"}],"wp:attachment":[{"href":"https:\/\/www.ringsknife.com\/fr\/wp-json\/wp\/v2\/media?parent=5202"}],"wp:term":[{"taxonomy":"product_brand","embeddable":true,"href":"https:\/\/www.ringsknife.com\/fr\/wp-json\/wp\/v2\/product_brand?post=5202"},{"taxonomy":"product_cat","embeddable":true,"href":"https:\/\/www.ringsknife.com\/fr\/wp-json\/wp\/v2\/product_cat?post=5202"},{"taxonomy":"product_tag","embeddable":true,"href":"https:\/\/www.ringsknife.com\/fr\/wp-json\/wp\/v2\/product_tag?post=5202"}],"curies":[{"name":"wp","href":"https:\/\/api.w.org\/{rel}","templated":true}]}}