
{"id":5180,"date":"2024-12-17T13:25:10","date_gmt":"2024-12-17T05:25:10","guid":{"rendered":"https:\/\/www.ringsknife.com\/product\/full-protection-13-piece-self-defense-kit\/"},"modified":"2025-06-08T00:00:19","modified_gmt":"2025-06-07T16:00:19","slug":"full-protection-13-piece-self-defense-kit","status":"publish","type":"product","link":"https:\/\/www.ringsknife.com\/fr\/produit\/kit-dautodefense-13-pieces\/","title":{"rendered":"Kit d'autod\u00e9fense 13 pi\u00e8ces Full Protection"},"content":{"rendered":"<p>Bienvenue dans le nec plus ultra de la s\u00e9curit\u00e9 personnelle et du style avec le kit d'autod\u00e9fense 13 pi\u00e8ces Full Protection !<\/p>\n<p>Cette collection compl\u00e8te est votre r\u00e9f\u00e9rence en mati\u00e8re de protection quotidienne, vous assurant d'\u00eatre pr\u00eat \u00e0 faire face \u00e0 toutes les situations gr\u00e2ce \u00e0 un m\u00e9lange de fonctionnalit\u00e9 et de mode.<\/p>\n<p>Personnalisez votre kit en fonction de vos besoins quotidiens, en ne s\u00e9lectionnant que les \u00e9l\u00e9ments essentiels pour une journ\u00e9e sans encombre et en toute s\u00e9curit\u00e9.<\/p>\n<ol>\n<li><strong>Support de d\u00e9sinfectant pour les mains avec bouteille :<\/strong> Restez \u00e0 l'abri des germes lors de vos d\u00e9placements gr\u00e2ce \u00e0 ce support pratique qui permet de transporter en toute s\u00e9curit\u00e9 votre d\u00e9sinfectant pour les mains. Indispensable dans le monde d'aujourd'hui, il permet de garder votre d\u00e9sinfectant \u00e0 port\u00e9e de main et pr\u00eat \u00e0 l'emploi.<\/li>\n<li><strong>Courroie de mode :<\/strong> Ajoutez une touche personnalis\u00e9e \u00e0 votre kit avec cette sangle \u00e0 la mode, vous permettant d'assortir vos accessoires d'autod\u00e9fense \u00e0 votre style du jour.<\/li>\n<li><strong>Pompom :<\/strong> Un porte-cl\u00e9s ou une breloque de sac gai et \u00e0 la mode qui fait \u00e9galement partie de votre kit d'autod\u00e9fense, ajoutant une touche de personnalit\u00e9 \u00e0 vos essentiels de s\u00e9curit\u00e9.<\/li>\n<li><strong>Couvercle d'\u00e9couteurs :<\/strong> Prot\u00e9gez vos \u00e9couteurs des dommages et donnez-leur un look \u00e9l\u00e9gant gr\u00e2ce \u00e0 cette housse \u00e9l\u00e9gante.<\/li>\n<li><strong>Sac de rangement :<\/strong> Gardez tous vos articles d'autod\u00e9fense organis\u00e9s et facilement accessibles gr\u00e2ce \u00e0 ce sac de rangement durable et \u00e9l\u00e9gant.<\/li>\n<li><strong>Sifflet :<\/strong> Un sifflet compact et puissant qui peut \u00eatre utilis\u00e9 pour attirer l'attention sur votre situation, que vous soyez perdu ou en danger imm\u00e9diat. Son son aigu est difficile \u00e0 ignorer et peut parcourir de longues distances.<\/li>\n<li><strong>Ouvre-bouteille :<\/strong> Cet outil pratique vous permet d'avoir toujours un d\u00e9capsuleur \u00e0 port\u00e9e de main et de d\u00e9guster vos boissons pr\u00e9f\u00e9r\u00e9es en toute tranquillit\u00e9.<\/li>\n<li><strong>Bouteille de parfum :<\/strong> Emportez votre parfum pr\u00e9f\u00e9r\u00e9 partout avec vous gr\u00e2ce \u00e0 ce flacon compact et \u00e9l\u00e9gant.<\/li>\n<li><strong>Porte-rouge \u00e0 l\u00e8vres :<\/strong> Gardez votre rouge \u00e0 l\u00e8vres en toute s\u00e9curit\u00e9 et avec style gr\u00e2ce \u00e0 ce porte-rouge \u00e0 l\u00e8vres, qui vous permettra de toujours avoir une retouche pr\u00eate \u00e0 l'emploi.<\/li>\n<li><strong>B\u00e2ton d'autod\u00e9fense et brise-vitre :<\/strong> Cet outil \u00e0 double usage est \u00e0 la fois un b\u00e2ton d'autod\u00e9fense robuste et un brise-vitre fiable dans les situations d'urgence.<\/li>\n<li><strong>Alarme personnelle :<\/strong> Une alarme bruyante qui attire l'attention et qui peut dissuader les menaces potentielles et attirer les secours sur votre lieu de travail.<\/li>\n<li><strong>Brise-vitre\/Coupe-ceinture de s\u00e9curit\u00e9 :<\/strong> Cet outil multifonctionnel peut sauver des vies en cas d'urgence. Il est capable de couper les ceintures de s\u00e9curit\u00e9 et de briser les vitres d'une voiture pour faciliter une fuite rapide.<\/li>\n<li><strong>Support perl\u00e9 :<\/strong> Ajoutez une touche d'\u00e9l\u00e9gance \u00e0 vos accessoires avec ce support perl\u00e9, rendant vos outils d'autod\u00e9fense aussi \u00e0 la mode que fonctionnels.<\/li>\n<\/ol>\n<p>Con\u00e7u avec une palette de couleurs unies \u00e9l\u00e9gantes et styl\u00e9es, vous pouvez profiter de la tranquillit\u00e9 d'esprit que procurent les produits d'autod\u00e9fense les plus performants sans faire de compromis sur l'esth\u00e9tique.<\/p>\n<p>Le kit d'autod\u00e9fense 13 pi\u00e8ces Full Protection offre une grande polyvalence en termes de transport et de stockage. Attachez-le \u00e0 vos cl\u00e9s, glissez-le dans votre sac ou gardez-le dans la bo\u00eete \u00e0 gants de votre voiture pour \u00eatre toujours pr\u00eat.<\/p>\n<p>Le kit complet de 13 pi\u00e8ces comprend<\/p>\n<ul>\n<li>Support de d\u00e9sinfectant pour les mains avec bouteille<\/li>\n<li>Courroie de mode<\/li>\n<li>Pompom<\/li>\n<li>Couvercle d'\u00e9couteurs<\/li>\n<li>Sac de rangement<\/li>\n<li>Sifflet<\/li>\n<li>Ouvre-bouteille<\/li>\n<li>Bouteille de parfum<\/li>\n<li>Porte-rouge \u00e0 l\u00e8vres<\/li>\n<li>B\u00e2ton d'autod\u00e9fense et brise-vitre<\/li>\n<li>Alarme personnelle<\/li>\n<li>Brise-vitre\/Coupe-ceinture de s\u00e9curit\u00e9<\/li>\n<li>Support perl\u00e9<\/li>\n<\/ul>\n<h3 class=\"last-node\">Mat\u00e9riaux :<\/h3>\n<p class=\"last-node\">Les composants du kit d'autod\u00e9fense 13 pi\u00e8ces Full Protection sont fabriqu\u00e9s \u00e0 partir de mat\u00e9riaux de haute qualit\u00e9 tels que l'acier, l'aluminium et le plastique dur, ce qui garantit leur durabilit\u00e9 et leur fiabilit\u00e9 en cas de besoin.<\/p>","protected":false},"excerpt":{"rendered":"<div class=\"pop-container\">\n<div class=\"popcontent-hole\">\n<div class=\"pop-content\">\n<div class=\"normal___qxduM\">\n<div class=\"\">\n<div id=\"chat-markdown-ctgh8ule09n8098gogog-0-0\">\n<div class=\"markdown___vuBDJ\">\n<div class=\"markdown___vuBDJ\">\n<ol>\n<li><strong>S\u00e9curit\u00e9 tout-en-un<\/strong>: Kit complet avec des outils d'autod\u00e9fense essentiels pour divers sc\u00e9narios.<\/li>\n<li><strong>Portable et discret<\/strong>: Facile \u00e0 transporter dans les sacs, les poches ou sur les porte-cl\u00e9s pour une disponibilit\u00e9 permanente.<\/li>\n<li><strong>Fonctionnalit\u00e9 \u00e0 la mode<\/strong>: Un design \u00e9l\u00e9gant qui s'int\u00e8gre \u00e0 la vie quotidienne sans sacrifier la protection.<\/li>\n<li><strong>Multi-outils pratiques<\/strong>: Les articles se transforment en outils de tous les jours, ce qui permet de les avoir toujours \u00e0 port\u00e9e de main.<\/li>\n<li class=\"last-node\"><strong>Construction robuste<\/strong>: Les mat\u00e9riaux durables garantissent la fiabilit\u00e9 et l'utilisation \u00e0 long terme.<\/li>\n<\/ol>\n<\/div>\n<\/div>\n<\/div>\n<\/div>\n<\/div>\n<\/div>\n<\/div>\n<\/div>\n<div class=\"contentbottom-hole\">\n<div class=\"MuiBox-root css-2wedsf\">\n<div class=\"animationContainer___wigEN\" aria-label=\"\">\n<div class=\"container___chUs0 withContent___TKW3m MuiBox-root css-1mdh3j9\"><\/div>\n<\/div>\n<\/div>\n<\/div>","protected":false},"featured_media":5181,"comment_status":"open","ping_status":"closed","template":"","meta":{"_uag_custom_page_level_css":"","site-sidebar-layout":"default","site-content-layout":"","ast-site-content-layout":"default","site-content-style":"default","site-sidebar-style":"default","ast-global-header-display":"","ast-banner-title-visibility":"","ast-main-header-display":"","ast-hfb-above-header-display":"","ast-hfb-below-header-display":"","ast-hfb-mobile-header-display":"","site-post-title":"","ast-breadcrumbs-content":"","ast-featured-img":"","footer-sml-layout":"","ast-disable-related-posts":"","theme-transparent-header-meta":"default","adv-header-id-meta":"","stick-header-meta":"default","header-above-stick-meta":"","header-main-stick-meta":"","header-below-stick-meta":"","astra-migrate-meta-layouts":"set","ast-page-background-enabled":"default","ast-page-background-meta":{"desktop":{"background-color":"","background-image":"","background-repeat":"repeat","background-position":"center center","background-size":"auto","background-attachment":"scroll","background-type":"","background-media":"","overlay-type":"","overlay-color":"","overlay-opacity":"","overlay-gradient":""},"tablet":{"background-color":"","background-image":"","background-repeat":"repeat","background-position":"center center","background-size":"auto","background-attachment":"scroll","background-type":"","background-media":"","overlay-type":"","overlay-color":"","overlay-opacity":"","overlay-gradient":""},"mobile":{"background-color":"","background-image":"","background-repeat":"repeat","background-position":"center center","background-size":"auto","background-attachment":"scroll","background-type":"","background-media":"","overlay-type":"","overlay-color":"","overlay-opacity":"","overlay-gradient":""}},"ast-content-background-meta":{"desktop":{"background-color":"var(--ast-global-color-5)","background-image":"","background-repeat":"repeat","background-position":"center center","background-size":"auto","background-attachment":"scroll","background-type":"","background-media":"","overlay-type":"","overlay-color":"","overlay-opacity":"","overlay-gradient":""},"tablet":{"background-color":"var(--ast-global-color-5)","background-image":"","background-repeat":"repeat","background-position":"center center","background-size":"auto","background-attachment":"scroll","background-type":"","background-media":"","overlay-type":"","overlay-color":"","overlay-opacity":"","overlay-gradient":""},"mobile":{"background-color":"var(--ast-global-color-5)","background-image":"","background-repeat":"repeat","background-position":"center center","background-size":"auto","background-attachment":"scroll","background-type":"","background-media":"","overlay-type":"","overlay-color":"","overlay-opacity":"","overlay-gradient":""}}},"product_brand":[],"product_cat":[169,50],"product_tag":[167,166],"class_list":{"0":"post-5180","1":"product","2":"type-product","3":"status-publish","4":"has-post-thumbnail","6":"product_cat-self-defense-keychain-sets","7":"product_cat-self-defense-keychains","8":"product_tag-self-defense-keychain","9":"product_tag-self-defense-keychain-sets","10":"desktop-align-left","11":"tablet-align-left","12":"mobile-align-left","13":"ast-product-gallery-layout-first-image-large","14":"ast-magnify-disabled","15":"ast-product-single-variable","16":"ast-product-tabs-layout-distributed","18":"first","19":"instock","20":"sale","21":"featured","22":"shipping-taxable","23":"purchasable","24":"product-type-variable"},"uagb_featured_image_src":{"full":["https:\/\/www.ringsknife.com\/wp-content\/uploads\/2024\/12\/kf-S33abaf8d4b4f462880ad76fdefbdf0f3I.webp",1200,1200,false],"thumbnail":["https:\/\/www.ringsknife.com\/wp-content\/uploads\/2024\/12\/kf-S33abaf8d4b4f462880ad76fdefbdf0f3I-150x150.webp",150,150,true],"medium":["https:\/\/www.ringsknife.com\/wp-content\/uploads\/2024\/12\/kf-S33abaf8d4b4f462880ad76fdefbdf0f3I-300x300.webp",300,300,true],"medium_large":["https:\/\/www.ringsknife.com\/wp-content\/uploads\/2024\/12\/kf-S33abaf8d4b4f462880ad76fdefbdf0f3I-768x768.webp",768,768,true],"large":["https:\/\/www.ringsknife.com\/wp-content\/uploads\/2024\/12\/kf-S33abaf8d4b4f462880ad76fdefbdf0f3I-1024x1024.webp",1024,1024,true],"1536x1536":["https:\/\/www.ringsknife.com\/wp-content\/uploads\/2024\/12\/kf-S33abaf8d4b4f462880ad76fdefbdf0f3I.webp",1200,1200,false],"2048x2048":["https:\/\/www.ringsknife.com\/wp-content\/uploads\/2024\/12\/kf-S33abaf8d4b4f462880ad76fdefbdf0f3I.webp",1200,1200,false],"trp-custom-language-flag":["https:\/\/www.ringsknife.com\/wp-content\/uploads\/2024\/12\/kf-S33abaf8d4b4f462880ad76fdefbdf0f3I.webp",12,12,false],"woocommerce_thumbnail":["https:\/\/www.ringsknife.com\/wp-content\/uploads\/2024\/12\/kf-S33abaf8d4b4f462880ad76fdefbdf0f3I-800x800.webp",800,800,true],"woocommerce_single":["https:\/\/www.ringsknife.com\/wp-content\/uploads\/2024\/12\/kf-S33abaf8d4b4f462880ad76fdefbdf0f3I-800x800.webp",800,800,true],"woocommerce_gallery_thumbnail":["https:\/\/www.ringsknife.com\/wp-content\/uploads\/2024\/12\/kf-S33abaf8d4b4f462880ad76fdefbdf0f3I-100x100.webp",100,100,true]},"uagb_author_info":{"display_name":"ringsknife.com","author_link":"https:\/\/www.ringsknife.com\/fr\/author\/"},"uagb_comment_info":2,"uagb_excerpt":"All-In-One Safety: Complete kit with essential self-defense tools for various scenarios. Portable and Discreet: Easily carried in bags, pockets, or on keychains for constant readiness. Fashionable Functionality: Stylish design that complements everyday carry without sacrificing protection. Practical Multi-Tools: Items double as everyday tools, ensuring they're always handy. Rugged Build: Durable materials ensure reliability and long-lasting\u2026","jetpack_sharing_enabled":true,"_links":{"self":[{"href":"https:\/\/www.ringsknife.com\/fr\/wp-json\/wp\/v2\/product\/5180","targetHints":{"allow":["GET"]}}],"collection":[{"href":"https:\/\/www.ringsknife.com\/fr\/wp-json\/wp\/v2\/product"}],"about":[{"href":"https:\/\/www.ringsknife.com\/fr\/wp-json\/wp\/v2\/types\/product"}],"replies":[{"embeddable":true,"href":"https:\/\/www.ringsknife.com\/fr\/wp-json\/wp\/v2\/comments?post=5180"}],"version-history":[{"count":0,"href":"https:\/\/www.ringsknife.com\/fr\/wp-json\/wp\/v2\/product\/5180\/revisions"}],"wp:featuredmedia":[{"embeddable":true,"href":"https:\/\/www.ringsknife.com\/fr\/wp-json\/wp\/v2\/media\/5181"}],"wp:attachment":[{"href":"https:\/\/www.ringsknife.com\/fr\/wp-json\/wp\/v2\/media?parent=5180"}],"wp:term":[{"taxonomy":"product_brand","embeddable":true,"href":"https:\/\/www.ringsknife.com\/fr\/wp-json\/wp\/v2\/product_brand?post=5180"},{"taxonomy":"product_cat","embeddable":true,"href":"https:\/\/www.ringsknife.com\/fr\/wp-json\/wp\/v2\/product_cat?post=5180"},{"taxonomy":"product_tag","embeddable":true,"href":"https:\/\/www.ringsknife.com\/fr\/wp-json\/wp\/v2\/product_tag?post=5180"}],"curies":[{"name":"wp","href":"https:\/\/api.w.org\/{rel}","templated":true}]}}