
{"id":2615,"date":"2024-08-01T13:33:11","date_gmt":"2024-08-01T05:33:11","guid":{"rendered":"https:\/\/www.ringsknife.com\/product\/tactical-self-defense-titanium-alloy-pencil\/"},"modified":"2025-06-02T22:40:24","modified_gmt":"2025-06-02T14:40:24","slug":"tactical-self-defense-titanium-alloy-pencil","status":"publish","type":"product","link":"https:\/\/www.ringsknife.com\/fr\/produit\/tactical-self-defense-titanium-alloy-pencil\/","title":{"rendered":"Crayon tactique d'autod\u00e9fense en alliage de titane"},"content":{"rendered":"<div class=\"product-specs-list-container\">\n<h2>Crayon tactique d'autod\u00e9fense en alliage de titane : Votre outil ultime de transport quotidien<\/h2>\n<p>Le crayon tactique d'autod\u00e9fense en alliage de titane est un outil polyvalent et robuste con\u00e7u pour combiner fonctionnalit\u00e9, durabilit\u00e9 et s\u00e9curit\u00e9 personnelle dans un ensemble \u00e9l\u00e9gant. Fabriqu\u00e9 en alliage de titane de haute qualit\u00e9, ce crayon n'est pas seulement un instrument d'\u00e9criture fiable, mais aussi un puissant outil d'autod\u00e9fense qui peut \u00eatre transport\u00e9 discr\u00e8tement n'importe o\u00f9. Sa finition argent\u00e9e conf\u00e8re une esth\u00e9tique professionnelle, tandis que sa conception multifonctionnelle vous permet d'\u00eatre toujours pr\u00eat \u00e0 faire face \u00e0 l'impr\u00e9vu.<\/p>\n<h3>Caract\u00e9ristiques principales :<\/h3>\n<ol>\n<li><strong>Construction en alliage de titane de premi\u00e8re qualit\u00e9<\/strong><br \/>\nFabriqu\u00e9 en alliage de titane, ce crayon offre une r\u00e9sistance exceptionnelle et une portabilit\u00e9 l\u00e9g\u00e8re, ce qui en fait un outil id\u00e9al pour le transport quotidien.<\/li>\n<li><strong>Conception multifonctionnelle<\/strong><br \/>\nAu-del\u00e0 de l'\u00e9criture, le crayon est dot\u00e9 d'une t\u00eate d'attaque con\u00e7ue pour l'autod\u00e9fense et d'une pointe robuste capable de briser du verre en cas d'urgence, offrant ainsi une protection et une utilit\u00e9 cruciales.<\/li>\n<li><strong>Finition \u00e9l\u00e9gante et durable<\/strong><br \/>\nLa couleur argent\u00e9e ajoute non seulement une touche de sophistication, mais garantit \u00e9galement que le crayon r\u00e9siste \u00e0 l'usure quotidienne et conserve son apparence \u00e9l\u00e9gante au fil du temps.<\/li>\n<li><strong>Compact et portable<\/strong><br \/>\nAvec une longueur de 134 mm et un diam\u00e8tre de 10 mm, ce crayon se glisse confortablement dans votre poche, votre sac ou votre porte-documents, pr\u00eat \u00e0 \u00eatre utilis\u00e9 \u00e0 tout moment.<\/li>\n<li><strong>Une exp\u00e9rience d'\u00e9criture fluide<\/strong><br \/>\n\u00c9quip\u00e9 d'une recharge \u00e0 base d'eau, ce crayon offre une exp\u00e9rience d'\u00e9criture douce et r\u00e9guli\u00e8re, parfaite pour les t\u00e2ches quotidiennes tout en servant d'outil tactique.<\/li>\n<\/ol>\n<h3>D\u00e9tails du produit :<\/h3>\n<ul>\n<li><strong>Mat\u00e9riau<\/strong>: Alliage de titane<\/li>\n<li><strong>Couleur<\/strong>: Argent<\/li>\n<li><strong>Dimensions<\/strong>: 134 mm (longueur) x 10 mm (diam\u00e8tre)<\/li>\n<li><strong>Fonction<\/strong>: Autod\u00e9fense, brise-vitre d'urgence, instrument d'\u00e9criture<\/li>\n<li><strong>Type de recharge<\/strong>: A base d'eau<\/li>\n<\/ul>\n<p>&nbsp;<\/p>\n<\/div>\n<div class=\"detailmodule_html\">\n<div class=\"detail-desc-decorate-richtext\">\n<div><\/div>\n<\/div>\n<\/div>\n<div class=\"detailmodule_html\">\n<div class=\"detail-desc-decorate-richtext\">\n<div id=\"dxbglyxpre\" class=\"dxbglyxpre\">\n<map name=\"uR3AYaoXJCM8IJsebxrzNd1qpKSfRQmr\">\n<area coords=\"53,118,332,527\" shape=\"rect\" href=\"https:\/\/www.aliexpress.com\/item\/1005003514622371.html\" target=\"_blank\" \/>\n<area coords=\"337,118,616,527\" shape=\"rect\" href=\"https:\/\/www.aliexpress.com\/item\/1005003515227067.html\" target=\"_blank\" \/>\n<area coords=\"621,118,900,527\" shape=\"rect\" href=\"https:\/\/www.aliexpress.com\/item\/1005003480240278.html\" target=\"_blank\" \/>\n<area coords=\"53,527,332,936\" shape=\"rect\" href=\"https:\/\/www.aliexpress.com\/item\/1005004046849850.html\" target=\"_blank\" \/>\n<area coords=\"337,527,616,936\" shape=\"rect\" href=\"https:\/\/www.aliexpress.com\/item\/1005003540270612.html\" target=\"_blank\" \/>\n<area coords=\"621,527,900,936\" shape=\"rect\" href=\"https:\/\/www.aliexpress.com\/item\/1005003569205044.html\" target=\"_blank\" \/><\/map>\n<\/div>\n<\/div>\n<\/div>","protected":false},"excerpt":{"rendered":"<ul>\n<li><strong>R\u00e9sistance du titane incassable<\/strong>: Durable, l\u00e9ger et con\u00e7u pour durer.<\/li>\n<li><strong>Conception polyvalente<\/strong>: Combine les fonctions d'autod\u00e9fense, d'outil d'urgence et d'\u00e9criture.<\/li>\n<li><strong>Compact et portable<\/strong>: Se glisse facilement dans votre poche, votre sac ou votre kit EDC.<\/li>\n<li><strong>Finition argent\u00e9e \u00e9l\u00e9gante<\/strong>: Aspect professionnel r\u00e9sistant \u00e0 l'usure.<\/li>\n<li><strong>Une \u00e9criture fluide<\/strong>: \u00c9quip\u00e9 d'une recharge \u00e0 base d'eau fiable pour une \u00e9criture sans effort.<\/li>\n<\/ul>","protected":false},"featured_media":2616,"comment_status":"open","ping_status":"closed","template":"","meta":{"_uag_custom_page_level_css":"","site-sidebar-layout":"default","site-content-layout":"","ast-site-content-layout":"default","site-content-style":"default","site-sidebar-style":"default","ast-global-header-display":"","ast-banner-title-visibility":"","ast-main-header-display":"","ast-hfb-above-header-display":"","ast-hfb-below-header-display":"","ast-hfb-mobile-header-display":"","site-post-title":"","ast-breadcrumbs-content":"","ast-featured-img":"","footer-sml-layout":"","ast-disable-related-posts":"","theme-transparent-header-meta":"default","adv-header-id-meta":"","stick-header-meta":"default","header-above-stick-meta":"","header-main-stick-meta":"","header-below-stick-meta":"","astra-migrate-meta-layouts":"set","ast-page-background-enabled":"default","ast-page-background-meta":{"desktop":{"background-color":"","background-image":"","background-repeat":"repeat","background-position":"center center","background-size":"auto","background-attachment":"scroll","background-type":"","background-media":"","overlay-type":"","overlay-color":"","overlay-opacity":"","overlay-gradient":""},"tablet":{"background-color":"","background-image":"","background-repeat":"repeat","background-position":"center center","background-size":"auto","background-attachment":"scroll","background-type":"","background-media":"","overlay-type":"","overlay-color":"","overlay-opacity":"","overlay-gradient":""},"mobile":{"background-color":"","background-image":"","background-repeat":"repeat","background-position":"center center","background-size":"auto","background-attachment":"scroll","background-type":"","background-media":"","overlay-type":"","overlay-color":"","overlay-opacity":"","overlay-gradient":""}},"ast-content-background-meta":{"desktop":{"background-color":"var(--ast-global-color-5)","background-image":"","background-repeat":"repeat","background-position":"center center","background-size":"auto","background-attachment":"scroll","background-type":"","background-media":"","overlay-type":"","overlay-color":"","overlay-opacity":"","overlay-gradient":""},"tablet":{"background-color":"var(--ast-global-color-5)","background-image":"","background-repeat":"repeat","background-position":"center center","background-size":"auto","background-attachment":"scroll","background-type":"","background-media":"","overlay-type":"","overlay-color":"","overlay-opacity":"","overlay-gradient":""},"mobile":{"background-color":"var(--ast-global-color-5)","background-image":"","background-repeat":"repeat","background-position":"center center","background-size":"auto","background-attachment":"scroll","background-type":"","background-media":"","overlay-type":"","overlay-color":"","overlay-opacity":"","overlay-gradient":""}}},"product_brand":[],"product_cat":[161,162],"product_tag":[],"class_list":{"0":"post-2615","1":"product","2":"type-product","3":"status-publish","4":"has-post-thumbnail","6":"product_cat-self-defense-knife","7":"product_cat-tactical-pens","8":"desktop-align-left","9":"tablet-align-left","10":"mobile-align-left","11":"ast-product-gallery-layout-first-image-large","12":"ast-magnify-disabled","13":"ast-product-single-variable","14":"ast-product-tabs-layout-distributed","16":"first","17":"instock","18":"sale","19":"shipping-taxable","20":"purchasable","21":"product-type-variable","22":"has-default-attributes"},"uagb_featured_image_src":{"full":["https:\/\/www.ringsknife.com\/wp-content\/uploads\/2024\/08\/Titanium-Alloy-Pencil-Two-In-One-Neutral-Refill-New-Luxury-Gift-Box-Packaging-Stationery-Writing-Tactical.webp",1500,1500,false],"thumbnail":["https:\/\/www.ringsknife.com\/wp-content\/uploads\/2024\/08\/Titanium-Alloy-Pencil-Two-In-One-Neutral-Refill-New-Luxury-Gift-Box-Packaging-Stationery-Writing-Tactical-150x150.webp",150,150,true],"medium":["https:\/\/www.ringsknife.com\/wp-content\/uploads\/2024\/08\/Titanium-Alloy-Pencil-Two-In-One-Neutral-Refill-New-Luxury-Gift-Box-Packaging-Stationery-Writing-Tactical-300x300.webp",300,300,true],"medium_large":["https:\/\/www.ringsknife.com\/wp-content\/uploads\/2024\/08\/Titanium-Alloy-Pencil-Two-In-One-Neutral-Refill-New-Luxury-Gift-Box-Packaging-Stationery-Writing-Tactical-768x768.webp",768,768,true],"large":["https:\/\/www.ringsknife.com\/wp-content\/uploads\/2024\/08\/Titanium-Alloy-Pencil-Two-In-One-Neutral-Refill-New-Luxury-Gift-Box-Packaging-Stationery-Writing-Tactical-1024x1024.webp",1024,1024,true],"1536x1536":["https:\/\/www.ringsknife.com\/wp-content\/uploads\/2024\/08\/Titanium-Alloy-Pencil-Two-In-One-Neutral-Refill-New-Luxury-Gift-Box-Packaging-Stationery-Writing-Tactical.webp",1500,1500,false],"2048x2048":["https:\/\/www.ringsknife.com\/wp-content\/uploads\/2024\/08\/Titanium-Alloy-Pencil-Two-In-One-Neutral-Refill-New-Luxury-Gift-Box-Packaging-Stationery-Writing-Tactical.webp",1500,1500,false],"trp-custom-language-flag":["https:\/\/www.ringsknife.com\/wp-content\/uploads\/2024\/08\/Titanium-Alloy-Pencil-Two-In-One-Neutral-Refill-New-Luxury-Gift-Box-Packaging-Stationery-Writing-Tactical.webp",12,12,false],"woocommerce_thumbnail":["https:\/\/www.ringsknife.com\/wp-content\/uploads\/2024\/08\/Titanium-Alloy-Pencil-Two-In-One-Neutral-Refill-New-Luxury-Gift-Box-Packaging-Stationery-Writing-Tactical-800x800.webp",800,800,true],"woocommerce_single":["https:\/\/www.ringsknife.com\/wp-content\/uploads\/2024\/08\/Titanium-Alloy-Pencil-Two-In-One-Neutral-Refill-New-Luxury-Gift-Box-Packaging-Stationery-Writing-Tactical-800x800.webp",800,800,true],"woocommerce_gallery_thumbnail":["https:\/\/www.ringsknife.com\/wp-content\/uploads\/2024\/08\/Titanium-Alloy-Pencil-Two-In-One-Neutral-Refill-New-Luxury-Gift-Box-Packaging-Stationery-Writing-Tactical-100x100.webp",100,100,true]},"uagb_author_info":{"display_name":"ringsknife.com","author_link":"https:\/\/www.ringsknife.com\/fr\/author\/"},"uagb_comment_info":13,"uagb_excerpt":"Unbreakable Titanium Strength: Durable, lightweight, and built to last. Multi-Purpose Design: Combines self-defense, emergency tool, and writing functionality. Compact &amp; Portable: Easily fits in your pocket, bag, or EDC kit. Elegant Silver Finish: Professional look that resists wear and tear. Smooth Writing Performance: Equipped with a reliable water-based refill for effortless writing.","jetpack_sharing_enabled":true,"_links":{"self":[{"href":"https:\/\/www.ringsknife.com\/fr\/wp-json\/wp\/v2\/product\/2615","targetHints":{"allow":["GET"]}}],"collection":[{"href":"https:\/\/www.ringsknife.com\/fr\/wp-json\/wp\/v2\/product"}],"about":[{"href":"https:\/\/www.ringsknife.com\/fr\/wp-json\/wp\/v2\/types\/product"}],"replies":[{"embeddable":true,"href":"https:\/\/www.ringsknife.com\/fr\/wp-json\/wp\/v2\/comments?post=2615"}],"version-history":[{"count":0,"href":"https:\/\/www.ringsknife.com\/fr\/wp-json\/wp\/v2\/product\/2615\/revisions"}],"wp:featuredmedia":[{"embeddable":true,"href":"https:\/\/www.ringsknife.com\/fr\/wp-json\/wp\/v2\/media\/2616"}],"wp:attachment":[{"href":"https:\/\/www.ringsknife.com\/fr\/wp-json\/wp\/v2\/media?parent=2615"}],"wp:term":[{"taxonomy":"product_brand","embeddable":true,"href":"https:\/\/www.ringsknife.com\/fr\/wp-json\/wp\/v2\/product_brand?post=2615"},{"taxonomy":"product_cat","embeddable":true,"href":"https:\/\/www.ringsknife.com\/fr\/wp-json\/wp\/v2\/product_cat?post=2615"},{"taxonomy":"product_tag","embeddable":true,"href":"https:\/\/www.ringsknife.com\/fr\/wp-json\/wp\/v2\/product_tag?post=2615"}],"curies":[{"name":"wp","href":"https:\/\/api.w.org\/{rel}","templated":true}]}}