
{"id":2546,"date":"2024-07-07T14:27:55","date_gmt":"2024-07-07T06:27:55","guid":{"rendered":"https:\/\/www.ringsknife.com\/product\/10pcs-safety-keychain-set-personal-defense-kit\/"},"modified":"2024-12-25T16:37:17","modified_gmt":"2024-12-25T08:37:17","slug":"10pcs-safety-keychain-set-personal-defense-kit","status":"publish","type":"product","link":"https:\/\/www.ringsknife.com\/fr\/produit\/set-de-10-porte-cles-de-securite-kit-de-defense-personnelle\/","title":{"rendered":"Set de 10 porte-cl\u00e9s de s\u00e9curit\u00e9 Kit de d\u00e9fense personnelle"},"content":{"rendered":"<div class=\"product-specs-list-container\">\n<h3>S\u00e9curit\u00e9 et style essentiels : 10 porte-cl\u00e9s de s\u00e9curit\u00e9 Kit de d\u00e9fense personnelle<\/h3>\n<p>D\u00e9couvrez le nec plus ultra en mati\u00e8re de s\u00e9curit\u00e9 personnelle et de style avec notre kit de 10 porte-cl\u00e9s de s\u00e9curit\u00e9. Con\u00e7u sp\u00e9cialement pour les femmes, ce kit associe des outils de s\u00e9curit\u00e9 essentiels \u00e0 des accessoires \u00e0 la mode pour vous permettre de rester pr\u00e9par\u00e9e et confiante o\u00f9 que vous alliez.<\/p>\n<h4>Caract\u00e9ristiques du produit :<\/h4>\n<ul>\n<li><strong>Alarme personnelle :<\/strong> Emet un son fort pour attirer l'attention en cas d'urgence.<\/li>\n<li><strong>Portefeuille de cartes :<\/strong> Permet de ranger en toute s\u00e9curit\u00e9 vos cartes essentielles et votre argent liquide.<\/li>\n<li><strong>Bracelet :<\/strong> Courroie pratique pour un transport ais\u00e9.<\/li>\n<li><strong>Porte-rouge \u00e0 l\u00e8vres :<\/strong> \u00c9tui \u00e9l\u00e9gant pour garder votre rouge \u00e0 l\u00e8vres en s\u00e9curit\u00e9 et accessible.<\/li>\n<li><strong>Flacons de parfum :<\/strong> Des contenants compacts pour vos senteurs pr\u00e9f\u00e9r\u00e9es.<\/li>\n<li><strong>Sac d'organisation :<\/strong> Permet de ranger proprement tous les composants.<\/li>\n<li><strong>Mignon Pom Pom :<\/strong> Ajoute une touche de charme \u00e0 votre ensemble.<\/li>\n<li><strong>Sifflet :<\/strong> Outil de s\u00e9curit\u00e9 suppl\u00e9mentaire pour la signalisation.<\/li>\n<\/ul>\n<h4>D\u00e9tails du produit :<\/h4>\n<p>Con\u00e7u dans un souci de praticit\u00e9 et d'esth\u00e9tique, chaque article de ce set a pour double objectif d'assurer la s\u00e9curit\u00e9 et de compl\u00e9ter votre style personnel. Id\u00e9al pour un usage quotidien ou en voyage, il offre la tranquillit\u00e9 d'esprit avec un m\u00e9lange de fonctionnalit\u00e9 et de mode.<\/p>\n<p>Am\u00e9liorez votre s\u00e9curit\u00e9 et votre style aujourd'hui avec notre ensemble de 10 porte-cl\u00e9s de s\u00e9curit\u00e9. Restez pr\u00e9par\u00e9, restez \u00e9l\u00e9gant.<\/p>\n<\/div>\n<div class=\"detailmodule_html\">\n<div class=\"detail-desc-decorate-richtext\">\n<div style=\"overflow: hidden; height: 0px;\">\n<p>modname=ckedito<\/p>\n<h3>S\u00e9curit\u00e9 et style essentiels : 10 porte-cl\u00e9s de s\u00e9curit\u00e9 Kit de d\u00e9fense personnelle<\/h3>\n<p>D\u00e9couvrez le nec plus ultra en mati\u00e8re de s\u00e9curit\u00e9 personnelle et de style avec notre kit de 10 porte-cl\u00e9s de s\u00e9curit\u00e9. Con\u00e7u sp\u00e9cialement pour les femmes, ce kit associe des outils de s\u00e9curit\u00e9 essentiels \u00e0 des accessoires \u00e0 la mode pour vous permettre de rester pr\u00e9par\u00e9e et confiante o\u00f9 que vous alliez.<\/p>\n<h4>Caract\u00e9ristiques du produit :<\/h4>\n<ul>\n<li><strong>Alarme personnelle :<\/strong> Emet un son fort pour attirer l'attention en cas d'urgence.<\/li>\n<li><strong>Portefeuille de cartes :<\/strong> Permet de ranger en toute s\u00e9curit\u00e9 vos cartes essentielles et votre argent liquide.<\/li>\n<li><strong>Bracelet :<\/strong> Courroie pratique pour un transport ais\u00e9.<\/li>\n<li><strong>Porte-rouge \u00e0 l\u00e8vres :<\/strong> \u00c9tui \u00e9l\u00e9gant pour garder votre rouge \u00e0 l\u00e8vres en s\u00e9curit\u00e9 et accessible.<\/li>\n<li><strong>Flacons de parfum :<\/strong> Des contenants compacts pour vos senteurs pr\u00e9f\u00e9r\u00e9es.<\/li>\n<li><strong>Sac d'organisation :<\/strong> Permet de ranger proprement tous les composants.<\/li>\n<li><strong>Mignon Pom Pom :<\/strong> Ajoute une touche de charme \u00e0 votre ensemble.<\/li>\n<li><strong>Sifflet :<\/strong> Outil de s\u00e9curit\u00e9 suppl\u00e9mentaire pour la signalisation.<\/li>\n<\/ul>\n<h4>D\u00e9tails du produit :<\/h4>\n<p>Con\u00e7u dans un souci de praticit\u00e9 et d'esth\u00e9tique, chaque article de ce set a pour double objectif d'assurer la s\u00e9curit\u00e9 et de compl\u00e9ter votre style personnel. Id\u00e9al pour un usage quotidien ou en voyage, il offre la tranquillit\u00e9 d'esprit avec un m\u00e9lange de fonctionnalit\u00e9 et de mode.<\/p>\n<p><strong>Appel \u00e0 l'action :<\/strong> Am\u00e9liorez votre s\u00e9curit\u00e9 et votre style aujourd'hui avec notre ensemble de 10 porte-cl\u00e9s de s\u00e9curit\u00e9. Restez pr\u00e9par\u00e9, restez \u00e9l\u00e9gant.<\/p>\n<\/div>\n<\/div>\n<\/div>","protected":false},"excerpt":{"rendered":"<ul>\n<li><strong>S\u00e9curit\u00e9 globale :<\/strong> Comprend une alarme personnelle puissante et un sifflet pour les situations d'urgence.<\/li>\n<li><strong>Organisation stylis\u00e9e :<\/strong> Comprend un portefeuille de cartes, une pochette d'organisation et une sangle de poignet pour un transport pratique.<\/li>\n<li><strong>Accessoires chics :<\/strong> Le porte-rouge \u00e0 l\u00e8vres, les flacons de parfum et les jolis pompons ajoutent de l'\u00e9l\u00e9gance \u00e0 vos objets de tous les jours.<\/li>\n<li><strong>Parfait pour les voyages :<\/strong> Compact et compatible avec le TSA, il est id\u00e9al pour les voyages nationaux et internationaux.<\/li>\n<\/ul>","protected":false},"featured_media":2560,"comment_status":"open","ping_status":"closed","template":"","meta":{"_uag_custom_page_level_css":"","site-sidebar-layout":"default","site-content-layout":"","ast-site-content-layout":"default","site-content-style":"default","site-sidebar-style":"default","ast-global-header-display":"","ast-banner-title-visibility":"","ast-main-header-display":"","ast-hfb-above-header-display":"","ast-hfb-below-header-display":"","ast-hfb-mobile-header-display":"","site-post-title":"","ast-breadcrumbs-content":"","ast-featured-img":"","footer-sml-layout":"","ast-disable-related-posts":"","theme-transparent-header-meta":"default","adv-header-id-meta":"","stick-header-meta":"default","header-above-stick-meta":"","header-main-stick-meta":"","header-below-stick-meta":"","astra-migrate-meta-layouts":"set","ast-page-background-enabled":"default","ast-page-background-meta":{"desktop":{"background-color":"","background-image":"","background-repeat":"repeat","background-position":"center center","background-size":"auto","background-attachment":"scroll","background-type":"","background-media":"","overlay-type":"","overlay-color":"","overlay-opacity":"","overlay-gradient":""},"tablet":{"background-color":"","background-image":"","background-repeat":"repeat","background-position":"center center","background-size":"auto","background-attachment":"scroll","background-type":"","background-media":"","overlay-type":"","overlay-color":"","overlay-opacity":"","overlay-gradient":""},"mobile":{"background-color":"","background-image":"","background-repeat":"repeat","background-position":"center center","background-size":"auto","background-attachment":"scroll","background-type":"","background-media":"","overlay-type":"","overlay-color":"","overlay-opacity":"","overlay-gradient":""}},"ast-content-background-meta":{"desktop":{"background-color":"var(--ast-global-color-5)","background-image":"","background-repeat":"repeat","background-position":"center center","background-size":"auto","background-attachment":"scroll","background-type":"","background-media":"","overlay-type":"","overlay-color":"","overlay-opacity":"","overlay-gradient":""},"tablet":{"background-color":"var(--ast-global-color-5)","background-image":"","background-repeat":"repeat","background-position":"center center","background-size":"auto","background-attachment":"scroll","background-type":"","background-media":"","overlay-type":"","overlay-color":"","overlay-opacity":"","overlay-gradient":""},"mobile":{"background-color":"var(--ast-global-color-5)","background-image":"","background-repeat":"repeat","background-position":"center center","background-size":"auto","background-attachment":"scroll","background-type":"","background-media":"","overlay-type":"","overlay-color":"","overlay-opacity":"","overlay-gradient":""}}},"product_brand":[],"product_cat":[169,50],"product_tag":[],"class_list":{"0":"post-2546","1":"product","2":"type-product","3":"status-publish","4":"has-post-thumbnail","6":"product_cat-self-defense-keychain-sets","7":"product_cat-self-defense-keychains","8":"desktop-align-left","9":"tablet-align-left","10":"mobile-align-left","11":"ast-product-gallery-layout-first-image-large","12":"ast-magnify-disabled","13":"ast-product-single-variable","14":"ast-product-tabs-layout-distributed","16":"first","17":"instock","18":"sale","19":"shipping-taxable","20":"purchasable","21":"product-type-variable","22":"has-default-attributes"},"uagb_featured_image_src":{"full":["https:\/\/www.ringsknife.com\/wp-content\/uploads\/2024\/07\/Safety-Keychain-Full-Set-Self-Defense-Security-Keychain-Set-With-Personal-Alarm-Protective-Keychain-Accessories-For.jpg_640x640-8.webp",640,640,false],"thumbnail":["https:\/\/www.ringsknife.com\/wp-content\/uploads\/2024\/07\/Safety-Keychain-Full-Set-Self-Defense-Security-Keychain-Set-With-Personal-Alarm-Protective-Keychain-Accessories-For.jpg_640x640-8-150x150.webp",150,150,true],"medium":["https:\/\/www.ringsknife.com\/wp-content\/uploads\/2024\/07\/Safety-Keychain-Full-Set-Self-Defense-Security-Keychain-Set-With-Personal-Alarm-Protective-Keychain-Accessories-For.jpg_640x640-8-300x300.webp",300,300,true],"medium_large":["https:\/\/www.ringsknife.com\/wp-content\/uploads\/2024\/07\/Safety-Keychain-Full-Set-Self-Defense-Security-Keychain-Set-With-Personal-Alarm-Protective-Keychain-Accessories-For.jpg_640x640-8.webp",640,640,false],"large":["https:\/\/www.ringsknife.com\/wp-content\/uploads\/2024\/07\/Safety-Keychain-Full-Set-Self-Defense-Security-Keychain-Set-With-Personal-Alarm-Protective-Keychain-Accessories-For.jpg_640x640-8.webp",640,640,false],"1536x1536":["https:\/\/www.ringsknife.com\/wp-content\/uploads\/2024\/07\/Safety-Keychain-Full-Set-Self-Defense-Security-Keychain-Set-With-Personal-Alarm-Protective-Keychain-Accessories-For.jpg_640x640-8.webp",640,640,false],"2048x2048":["https:\/\/www.ringsknife.com\/wp-content\/uploads\/2024\/07\/Safety-Keychain-Full-Set-Self-Defense-Security-Keychain-Set-With-Personal-Alarm-Protective-Keychain-Accessories-For.jpg_640x640-8.webp",640,640,false],"trp-custom-language-flag":["https:\/\/www.ringsknife.com\/wp-content\/uploads\/2024\/07\/Safety-Keychain-Full-Set-Self-Defense-Security-Keychain-Set-With-Personal-Alarm-Protective-Keychain-Accessories-For.jpg_640x640-8.webp",12,12,false],"woocommerce_thumbnail":["https:\/\/www.ringsknife.com\/wp-content\/uploads\/2024\/07\/Safety-Keychain-Full-Set-Self-Defense-Security-Keychain-Set-With-Personal-Alarm-Protective-Keychain-Accessories-For.jpg_640x640-8.webp",640,640,false],"woocommerce_single":["https:\/\/www.ringsknife.com\/wp-content\/uploads\/2024\/07\/Safety-Keychain-Full-Set-Self-Defense-Security-Keychain-Set-With-Personal-Alarm-Protective-Keychain-Accessories-For.jpg_640x640-8.webp",640,640,false],"woocommerce_gallery_thumbnail":["https:\/\/www.ringsknife.com\/wp-content\/uploads\/2024\/07\/Safety-Keychain-Full-Set-Self-Defense-Security-Keychain-Set-With-Personal-Alarm-Protective-Keychain-Accessories-For.jpg_640x640-8-100x100.webp",100,100,true]},"uagb_author_info":{"display_name":"ringsknife.com","author_link":"https:\/\/www.ringsknife.com\/fr\/author\/"},"uagb_comment_info":13,"uagb_excerpt":"Comprehensive Safety: Includes a powerful personal alarm and whistle for emergency situations. Stylish Organization: Features a card wallet, organizer bag, and wristlet strap for convenient carrying. Chic Accessories: Lipstick holder, perfume bottles, and cute pom pom add flair to your everyday essentials. Perfect for Travel: Compact and TSA-friendly, ideal for both domestic and international trips.","jetpack_sharing_enabled":true,"_links":{"self":[{"href":"https:\/\/www.ringsknife.com\/fr\/wp-json\/wp\/v2\/product\/2546","targetHints":{"allow":["GET"]}}],"collection":[{"href":"https:\/\/www.ringsknife.com\/fr\/wp-json\/wp\/v2\/product"}],"about":[{"href":"https:\/\/www.ringsknife.com\/fr\/wp-json\/wp\/v2\/types\/product"}],"replies":[{"embeddable":true,"href":"https:\/\/www.ringsknife.com\/fr\/wp-json\/wp\/v2\/comments?post=2546"}],"version-history":[{"count":0,"href":"https:\/\/www.ringsknife.com\/fr\/wp-json\/wp\/v2\/product\/2546\/revisions"}],"wp:featuredmedia":[{"embeddable":true,"href":"https:\/\/www.ringsknife.com\/fr\/wp-json\/wp\/v2\/media\/2560"}],"wp:attachment":[{"href":"https:\/\/www.ringsknife.com\/fr\/wp-json\/wp\/v2\/media?parent=2546"}],"wp:term":[{"taxonomy":"product_brand","embeddable":true,"href":"https:\/\/www.ringsknife.com\/fr\/wp-json\/wp\/v2\/product_brand?post=2546"},{"taxonomy":"product_cat","embeddable":true,"href":"https:\/\/www.ringsknife.com\/fr\/wp-json\/wp\/v2\/product_cat?post=2546"},{"taxonomy":"product_tag","embeddable":true,"href":"https:\/\/www.ringsknife.com\/fr\/wp-json\/wp\/v2\/product_tag?post=2546"}],"curies":[{"name":"wp","href":"https:\/\/api.w.org\/{rel}","templated":true}]}}