
{"id":2392,"date":"2024-06-05T15:33:20","date_gmt":"2024-06-05T07:33:20","guid":{"rendered":"https:\/\/www.ringsknife.com\/?post_type=product&#038;p=2392"},"modified":"2025-11-22T00:52:50","modified_gmt":"2025-11-21T16:52:50","slug":"defense-ring","status":"publish","type":"product","link":"https:\/\/www.ringsknife.com\/fr\/produit\/defense-ring\/","title":{"rendered":"Anneau de d\u00e9fense en acier titane noir avec couteau"},"content":{"rendered":"<h2>Lib\u00e9rez le pouvoir de la protection avec l'anneau de d\u00e9fense en acier noir et titane<\/h2>\n<p>D\u00e9couvrez le m\u00e9lange ultime de style et de s\u00e9curit\u00e9 avec notre bague de d\u00e9fense noire en titane et acier. Cette \u00e9l\u00e9gante bague noire est plus qu'un simple effet de mode - c'est un outil discret mais puissant de protection personnelle.<\/p>\n<h3><strong>Caract\u00e9ristiques du produit :<\/strong><\/h3>\n<ol>\n<li><strong>Mat\u00e9riau durable :<\/strong>\u00a0Fabriqu\u00e9e en acier titane de haute qualit\u00e9, cette bague est con\u00e7ue pour durer et r\u00e9sister aux rigueurs de l'usure quotidienne.<\/li>\n<li><strong>D\u00e9fense dissimul\u00e9e :<\/strong>\u00a0\u00c9quip\u00e9 d'un couteau de 7 mm, il offre une ligne de d\u00e9fense cach\u00e9e, toujours \u00e0 port\u00e9e de main.<\/li>\n<li><strong>Design \u00e9pur\u00e9 :<\/strong>\u00a0La couleur noire de la bague lui conf\u00e8re une esth\u00e9tique moderne et minimaliste qui s'accorde avec toutes les tenues.<\/li>\n<li><strong>Confortable :<\/strong>\u00a0Con\u00e7ue pour \u00eatre port\u00e9e au quotidien, cette bague est confortable et discr\u00e8te au doigt.<\/li>\n<li><strong>Entretien facile :<\/strong>\u00a0L'acier au titane n'est pas seulement solide, il est \u00e9galement facile \u00e0 nettoyer et \u00e0 entretenir, ce qui permet \u00e0 votre bague de conserver son aspect neuf pendant de nombreuses ann\u00e9es.<\/li>\n<\/ol>\n<h3><strong>D\u00e9tails du produit :<\/strong><\/h3>\n<ul>\n<li><strong>Titre :<\/strong>\u00a0Anneau de d\u00e9fense en acier titane noir avec couteau<\/li>\n<li><strong>Mat\u00e9riau :<\/strong>\u00a0Acier au titane<\/li>\n<li><strong>Couleur :<\/strong>\u00a0Noir<\/li>\n<li><strong>Longueur du couteau :<\/strong>\u00a0Environ 7 mm<\/li>\n<\/ul>\n<h3>Comment l'utiliser<\/h3>\n<ul>\n<li><strong>Ouvrir<\/strong>: Appuyer sur le bouton-poussoir pour lib\u00e9rer l'interrupteur \u00e0 ressort.<\/li>\n<li><strong>Fermer<\/strong>: Apr\u00e8s l'ouverture, appuyez sur la lame pour la r\u00e9tracter et verrouillez la lame en place.<\/li>\n<\/ul>","protected":false},"excerpt":{"rendered":"<p>Am\u00e9liorez votre s\u00e9curit\u00e9 personnelle avec \u00e9l\u00e9gance. L'anneau de d\u00e9fense en acier titane noir est un accessoire sophistiqu\u00e9 qui allie la mode et la fonction. Son couteau cach\u00e9 constitue un moyen d'autod\u00e9fense subtil mais efficace, qui vous permet de vous sentir en s\u00e9curit\u00e9 dans n'importe quelle situation. La construction robuste en acier titane garantit la durabilit\u00e9, tandis que le design noir \u00e9l\u00e9gant s'adapte \u00e0 tous les styles. Que vous soyez en ville ou dans la jungle urbaine, cette bague est le compagnon id\u00e9al pour les personnes soucieuses de leur s\u00e9curit\u00e9 et qui ont le sens de la mode.<\/p>","protected":false},"featured_media":2397,"comment_status":"open","ping_status":"closed","template":"","meta":{"_uag_custom_page_level_css":"","site-sidebar-layout":"default","site-content-layout":"","ast-site-content-layout":"default","site-content-style":"default","site-sidebar-style":"default","ast-global-header-display":"","ast-banner-title-visibility":"","ast-main-header-display":"","ast-hfb-above-header-display":"","ast-hfb-below-header-display":"","ast-hfb-mobile-header-display":"","site-post-title":"","ast-breadcrumbs-content":"","ast-featured-img":"","footer-sml-layout":"","ast-disable-related-posts":"","theme-transparent-header-meta":"default","adv-header-id-meta":"","stick-header-meta":"default","header-above-stick-meta":"","header-main-stick-meta":"","header-below-stick-meta":"","astra-migrate-meta-layouts":"set","ast-page-background-enabled":"default","ast-page-background-meta":{"desktop":{"background-color":"","background-image":"","background-repeat":"repeat","background-position":"center center","background-size":"auto","background-attachment":"scroll","background-type":"","background-media":"","overlay-type":"","overlay-color":"","overlay-opacity":"","overlay-gradient":""},"tablet":{"background-color":"","background-image":"","background-repeat":"repeat","background-position":"center center","background-size":"auto","background-attachment":"scroll","background-type":"","background-media":"","overlay-type":"","overlay-color":"","overlay-opacity":"","overlay-gradient":""},"mobile":{"background-color":"","background-image":"","background-repeat":"repeat","background-position":"center center","background-size":"auto","background-attachment":"scroll","background-type":"","background-media":"","overlay-type":"","overlay-color":"","overlay-opacity":"","overlay-gradient":""}},"ast-content-background-meta":{"desktop":{"background-color":"var(--ast-global-color-5)","background-image":"","background-repeat":"repeat","background-position":"center center","background-size":"auto","background-attachment":"scroll","background-type":"","background-media":"","overlay-type":"","overlay-color":"","overlay-opacity":"","overlay-gradient":""},"tablet":{"background-color":"var(--ast-global-color-5)","background-image":"","background-repeat":"repeat","background-position":"center center","background-size":"auto","background-attachment":"scroll","background-type":"","background-media":"","overlay-type":"","overlay-color":"","overlay-opacity":"","overlay-gradient":""},"mobile":{"background-color":"var(--ast-global-color-5)","background-image":"","background-repeat":"repeat","background-position":"center center","background-size":"auto","background-attachment":"scroll","background-type":"","background-media":"","overlay-type":"","overlay-color":"","overlay-opacity":"","overlay-gradient":""}}},"product_brand":[],"product_cat":[161,163],"product_tag":[37,38,39,40,43],"class_list":{"0":"post-2392","1":"product","2":"type-product","3":"status-publish","4":"has-post-thumbnail","6":"product_cat-self-defense-knife","7":"product_cat-self-defense-ring-knife","8":"product_tag-17mm","9":"product_tag-18mm","10":"product_tag-19mm","11":"product_tag-20mm","12":"product_tag-golden","13":"desktop-align-left","14":"tablet-align-left","15":"mobile-align-left","16":"ast-product-gallery-layout-first-image-large","17":"ast-magnify-disabled","18":"ast-product-single-variable","19":"ast-product-tabs-layout-distributed","21":"first","22":"instock","23":"sale","24":"featured","25":"shipping-taxable","26":"purchasable","27":"product-type-variable","28":"has-default-attributes"},"uagb_featured_image_src":{"full":["https:\/\/www.ringsknife.com\/wp-content\/uploads\/2024\/06\/Black-Titanium-Steel-Defense-Ring-with-Knife.jpg",800,800,false],"thumbnail":["https:\/\/www.ringsknife.com\/wp-content\/uploads\/2024\/06\/Black-Titanium-Steel-Defense-Ring-with-Knife-150x150.jpg",150,150,true],"medium":["https:\/\/www.ringsknife.com\/wp-content\/uploads\/2024\/06\/Black-Titanium-Steel-Defense-Ring-with-Knife-300x300.jpg",300,300,true],"medium_large":["https:\/\/www.ringsknife.com\/wp-content\/uploads\/2024\/06\/Black-Titanium-Steel-Defense-Ring-with-Knife-768x768.jpg",768,768,true],"large":["https:\/\/www.ringsknife.com\/wp-content\/uploads\/2024\/06\/Black-Titanium-Steel-Defense-Ring-with-Knife.jpg",800,800,false],"1536x1536":["https:\/\/www.ringsknife.com\/wp-content\/uploads\/2024\/06\/Black-Titanium-Steel-Defense-Ring-with-Knife.jpg",800,800,false],"2048x2048":["https:\/\/www.ringsknife.com\/wp-content\/uploads\/2024\/06\/Black-Titanium-Steel-Defense-Ring-with-Knife.jpg",800,800,false],"trp-custom-language-flag":["https:\/\/www.ringsknife.com\/wp-content\/uploads\/2024\/06\/Black-Titanium-Steel-Defense-Ring-with-Knife.jpg",12,12,false],"woocommerce_thumbnail":["https:\/\/www.ringsknife.com\/wp-content\/uploads\/2024\/06\/Black-Titanium-Steel-Defense-Ring-with-Knife.jpg",800,800,false],"woocommerce_single":["https:\/\/www.ringsknife.com\/wp-content\/uploads\/2024\/06\/Black-Titanium-Steel-Defense-Ring-with-Knife.jpg",800,800,false],"woocommerce_gallery_thumbnail":["https:\/\/www.ringsknife.com\/wp-content\/uploads\/2024\/06\/Black-Titanium-Steel-Defense-Ring-with-Knife-100x100.jpg",100,100,true]},"uagb_author_info":{"display_name":"ringsknife.com","author_link":"https:\/\/www.ringsknife.com\/fr\/author\/"},"uagb_comment_info":0,"uagb_excerpt":"Elevate your personal safety with elegance. The Black Titanium Steel Defense Ring is a sophisticated accessory that merges fashion with function. Its hidden knife feature provides a subtle yet effective means of self-defense, empowering you to feel secure in any situation. The robust titanium steel construction guarantees durability, while the sleek black design ensures it\u2026","jetpack_sharing_enabled":true,"_links":{"self":[{"href":"https:\/\/www.ringsknife.com\/fr\/wp-json\/wp\/v2\/product\/2392","targetHints":{"allow":["GET"]}}],"collection":[{"href":"https:\/\/www.ringsknife.com\/fr\/wp-json\/wp\/v2\/product"}],"about":[{"href":"https:\/\/www.ringsknife.com\/fr\/wp-json\/wp\/v2\/types\/product"}],"replies":[{"embeddable":true,"href":"https:\/\/www.ringsknife.com\/fr\/wp-json\/wp\/v2\/comments?post=2392"}],"version-history":[{"count":0,"href":"https:\/\/www.ringsknife.com\/fr\/wp-json\/wp\/v2\/product\/2392\/revisions"}],"wp:featuredmedia":[{"embeddable":true,"href":"https:\/\/www.ringsknife.com\/fr\/wp-json\/wp\/v2\/media\/2397"}],"wp:attachment":[{"href":"https:\/\/www.ringsknife.com\/fr\/wp-json\/wp\/v2\/media?parent=2392"}],"wp:term":[{"taxonomy":"product_brand","embeddable":true,"href":"https:\/\/www.ringsknife.com\/fr\/wp-json\/wp\/v2\/product_brand?post=2392"},{"taxonomy":"product_cat","embeddable":true,"href":"https:\/\/www.ringsknife.com\/fr\/wp-json\/wp\/v2\/product_cat?post=2392"},{"taxonomy":"product_tag","embeddable":true,"href":"https:\/\/www.ringsknife.com\/fr\/wp-json\/wp\/v2\/product_tag?post=2392"}],"curies":[{"name":"wp","href":"https:\/\/api.w.org\/{rel}","templated":true}]}}