
{"id":2017,"date":"2024-03-29T10:51:37","date_gmt":"2024-03-29T02:51:37","guid":{"rendered":"https:\/\/www.ringsknife.com\/?post_type=product&#038;p=2017"},"modified":"2025-06-03T07:25:59","modified_gmt":"2025-06-02T23:25:59","slug":"self-defense-ring-jewelry","status":"publish","type":"product","link":"https:\/\/www.ringsknife.com\/fr\/produit\/bague-dautodefense-bijoux\/","title":{"rendered":"Bague d'autod\u00e9fense en argent brillant"},"content":{"rendered":"<h5>La bague d'autod\u00e9fense en argent brillant est un m\u00e9lange unique de style, de s\u00e9curit\u00e9 et de sophistication. Fabriqu\u00e9e en acier titane, cette bague est non seulement durable, mais elle a aussi un aspect argent\u00e9 brillant qui s'harmonise avec n'importe quelle tenue.<\/h5>\n<p>&nbsp;<\/p>\n<p>En voici les principales caract\u00e9ristiques :<\/p>\n<ol>\n<li><strong>Mat\u00e9riau<\/strong>: Fabriqu\u00e9 en acier au titane de haute qualit\u00e9, il offre durabilit\u00e9 et long\u00e9vit\u00e9.<\/li>\n<li><strong>Conception<\/strong>: Son aspect argent\u00e9 brillant et les pierres pr\u00e9cieuses synth\u00e9tis\u00e9es qui y sont int\u00e9gr\u00e9es en font un accessoire \u00e9l\u00e9gant qui se distingue dans toute collection de bijoux.<\/li>\n<li><strong>Outil d'autod\u00e9fense<\/strong>: La bague est con\u00e7ue pour \u00eatre utilis\u00e9e comme un outil d'autod\u00e9fense, offrant un niveau suppl\u00e9mentaire de s\u00e9curit\u00e9 personnelle.<\/li>\n<li><strong>Confort<\/strong>: Malgr\u00e9 sa double fonction, la bague est agr\u00e9able \u00e0 porter au quotidien.<\/li>\n<li><strong>Cadeau id\u00e9al<\/strong>: Avec son design unique et son utilisation pratique, il constitue un excellent cadeau pour les personnes qui vous sont ch\u00e8res, symbolisant l'attention et la protection.<\/li>\n<\/ol>","protected":false},"excerpt":{"rendered":"<p>La bague d'autod\u00e9fense en argent brillant, fabriqu\u00e9e en acier titane, est un m\u00e9lange parfait de style et de s\u00e9curit\u00e9. Elle pr\u00e9sente un design \u00e9l\u00e9gant et des pierres pr\u00e9cieuses synth\u00e9tis\u00e9es, qui en rehaussent l'attrait esth\u00e9tique. Cette bague n'est pas seulement un accessoire de mode, mais aussi un outil d'autod\u00e9fense, offrant un niveau suppl\u00e9mentaire de s\u00e9curit\u00e9 personnelle. Confortable \u00e0 porter au quotidien, elle est polyvalente et s'adapte \u00e0 toutes les occasions. Elle constitue \u00e9galement un cadeau attentionn\u00e9, symbolisant l'attention et la protection. Faites l'exp\u00e9rience de la fusion parfaite de la mode et de la fonctionnalit\u00e9 avec cette pi\u00e8ce unique.<\/p>","protected":false},"featured_media":2023,"comment_status":"open","ping_status":"closed","template":"","meta":{"_uag_custom_page_level_css":"","site-sidebar-layout":"default","site-content-layout":"","ast-site-content-layout":"default","site-content-style":"default","site-sidebar-style":"default","ast-global-header-display":"","ast-banner-title-visibility":"","ast-main-header-display":"","ast-hfb-above-header-display":"","ast-hfb-below-header-display":"","ast-hfb-mobile-header-display":"","site-post-title":"","ast-breadcrumbs-content":"","ast-featured-img":"","footer-sml-layout":"","ast-disable-related-posts":"","theme-transparent-header-meta":"default","adv-header-id-meta":"","stick-header-meta":"default","header-above-stick-meta":"","header-main-stick-meta":"","header-below-stick-meta":"","astra-migrate-meta-layouts":"set","ast-page-background-enabled":"default","ast-page-background-meta":{"desktop":{"background-color":"","background-image":"","background-repeat":"repeat","background-position":"center center","background-size":"auto","background-attachment":"scroll","background-type":"","background-media":"","overlay-type":"","overlay-color":"","overlay-opacity":"","overlay-gradient":""},"tablet":{"background-color":"","background-image":"","background-repeat":"repeat","background-position":"center center","background-size":"auto","background-attachment":"scroll","background-type":"","background-media":"","overlay-type":"","overlay-color":"","overlay-opacity":"","overlay-gradient":""},"mobile":{"background-color":"","background-image":"","background-repeat":"repeat","background-position":"center center","background-size":"auto","background-attachment":"scroll","background-type":"","background-media":"","overlay-type":"","overlay-color":"","overlay-opacity":"","overlay-gradient":""}},"ast-content-background-meta":{"desktop":{"background-color":"var(--ast-global-color-5)","background-image":"","background-repeat":"repeat","background-position":"center center","background-size":"auto","background-attachment":"scroll","background-type":"","background-media":"","overlay-type":"","overlay-color":"","overlay-opacity":"","overlay-gradient":""},"tablet":{"background-color":"var(--ast-global-color-5)","background-image":"","background-repeat":"repeat","background-position":"center center","background-size":"auto","background-attachment":"scroll","background-type":"","background-media":"","overlay-type":"","overlay-color":"","overlay-opacity":"","overlay-gradient":""},"mobile":{"background-color":"var(--ast-global-color-5)","background-image":"","background-repeat":"repeat","background-position":"center center","background-size":"auto","background-attachment":"scroll","background-type":"","background-media":"","overlay-type":"","overlay-color":"","overlay-opacity":"","overlay-gradient":""}}},"product_brand":[],"product_cat":[161,163],"product_tag":[37,38,36],"class_list":{"0":"post-2017","1":"product","2":"type-product","3":"status-publish","4":"has-post-thumbnail","6":"product_cat-self-defense-knife","7":"product_cat-self-defense-ring-knife","8":"product_tag-17mm","9":"product_tag-18mm","10":"product_tag-silver","11":"desktop-align-left","12":"tablet-align-left","13":"mobile-align-left","14":"ast-product-gallery-layout-first-image-large","15":"ast-magnify-disabled","16":"ast-product-single-variable","17":"ast-product-tabs-layout-distributed","19":"first","20":"instock","21":"sale","22":"featured","23":"shipping-taxable","24":"purchasable","25":"product-type-variable","26":"has-default-attributes"},"uagb_featured_image_src":{"full":["https:\/\/www.ringsknife.com\/wp-content\/uploads\/2024\/03\/Shining-Silver-Self-Defense-Ring-Jewelry-2.jpg",800,800,false],"thumbnail":["https:\/\/www.ringsknife.com\/wp-content\/uploads\/2024\/03\/Shining-Silver-Self-Defense-Ring-Jewelry-2-150x150.jpg",150,150,true],"medium":["https:\/\/www.ringsknife.com\/wp-content\/uploads\/2024\/03\/Shining-Silver-Self-Defense-Ring-Jewelry-2-300x300.jpg",300,300,true],"medium_large":["https:\/\/www.ringsknife.com\/wp-content\/uploads\/2024\/03\/Shining-Silver-Self-Defense-Ring-Jewelry-2-768x768.jpg",768,768,true],"large":["https:\/\/www.ringsknife.com\/wp-content\/uploads\/2024\/03\/Shining-Silver-Self-Defense-Ring-Jewelry-2.jpg",800,800,false],"1536x1536":["https:\/\/www.ringsknife.com\/wp-content\/uploads\/2024\/03\/Shining-Silver-Self-Defense-Ring-Jewelry-2.jpg",800,800,false],"2048x2048":["https:\/\/www.ringsknife.com\/wp-content\/uploads\/2024\/03\/Shining-Silver-Self-Defense-Ring-Jewelry-2.jpg",800,800,false],"trp-custom-language-flag":["https:\/\/www.ringsknife.com\/wp-content\/uploads\/2024\/03\/Shining-Silver-Self-Defense-Ring-Jewelry-2.jpg",12,12,false],"woocommerce_thumbnail":["https:\/\/www.ringsknife.com\/wp-content\/uploads\/2024\/03\/Shining-Silver-Self-Defense-Ring-Jewelry-2.jpg",800,800,false],"woocommerce_single":["https:\/\/www.ringsknife.com\/wp-content\/uploads\/2024\/03\/Shining-Silver-Self-Defense-Ring-Jewelry-2.jpg",800,800,false],"woocommerce_gallery_thumbnail":["https:\/\/www.ringsknife.com\/wp-content\/uploads\/2024\/03\/Shining-Silver-Self-Defense-Ring-Jewelry-2-100x100.jpg",100,100,true]},"uagb_author_info":{"display_name":"ringsknife.com","author_link":"https:\/\/www.ringsknife.com\/fr\/author\/"},"uagb_comment_info":8,"uagb_excerpt":"The Shining Silver Self Defense Ring Jewelry, crafted from Titanium Steel, is a perfect blend of style and security. It features a sleek design with synthesized gemstones, enhancing its aesthetic appeal. This ring is not just a fashion accessory, but also a self-defense tool, offering an extra layer of personal safety. Comfortable for daily wear,\u2026","jetpack_sharing_enabled":true,"_links":{"self":[{"href":"https:\/\/www.ringsknife.com\/fr\/wp-json\/wp\/v2\/product\/2017","targetHints":{"allow":["GET"]}}],"collection":[{"href":"https:\/\/www.ringsknife.com\/fr\/wp-json\/wp\/v2\/product"}],"about":[{"href":"https:\/\/www.ringsknife.com\/fr\/wp-json\/wp\/v2\/types\/product"}],"replies":[{"embeddable":true,"href":"https:\/\/www.ringsknife.com\/fr\/wp-json\/wp\/v2\/comments?post=2017"}],"version-history":[{"count":0,"href":"https:\/\/www.ringsknife.com\/fr\/wp-json\/wp\/v2\/product\/2017\/revisions"}],"wp:featuredmedia":[{"embeddable":true,"href":"https:\/\/www.ringsknife.com\/fr\/wp-json\/wp\/v2\/media\/2023"}],"wp:attachment":[{"href":"https:\/\/www.ringsknife.com\/fr\/wp-json\/wp\/v2\/media?parent=2017"}],"wp:term":[{"taxonomy":"product_brand","embeddable":true,"href":"https:\/\/www.ringsknife.com\/fr\/wp-json\/wp\/v2\/product_brand?post=2017"},{"taxonomy":"product_cat","embeddable":true,"href":"https:\/\/www.ringsknife.com\/fr\/wp-json\/wp\/v2\/product_cat?post=2017"},{"taxonomy":"product_tag","embeddable":true,"href":"https:\/\/www.ringsknife.com\/fr\/wp-json\/wp\/v2\/product_tag?post=2017"}],"curies":[{"name":"wp","href":"https:\/\/api.w.org\/{rel}","templated":true}]}}