
{"id":2002,"date":"2024-03-28T12:37:34","date_gmt":"2024-03-28T04:37:34","guid":{"rendered":"https:\/\/www.ringsknife.com\/?post_type=product&#038;p=2002"},"modified":"2025-06-02T14:53:14","modified_gmt":"2025-06-02T06:53:14","slug":"ring-with-a-knife","status":"publish","type":"product","link":"https:\/\/www.ringsknife.com\/fr\/produit\/ring-with-a-knife\/","title":{"rendered":"Bague ouverte en acier inoxydable avec couteau"},"content":{"rendered":"<h2>Bague ouverte en acier inoxydable avec couteau<\/h2>\n<p>&nbsp;<\/p>\n<ol>\n<li><strong>Mat\u00e9riau s\u00fbr :<\/strong> L'anneau ouvert en acier inoxydable argent\u00e9 avec un couteau est fabriqu\u00e9 \u00e0 partir d'un mat\u00e9riau respectueux de l'environnement. Cela garantit qu'elle est non seulement durable, mais aussi s\u00fbre \u00e0 porter. L'acier inoxydable est connu pour sa solidit\u00e9 et sa r\u00e9sistance \u00e0 la corrosion, ce qui en fait un choix parfait pour une bague d'autod\u00e9fense.<\/li>\n<li><strong>Conception pratique :<\/strong> Cet anneau cool est dot\u00e9 d'un design pratique qui permet une utilisation facile. Il suffit d'appuyer sur le bouton lat\u00e9ral pour d\u00e9ployer instantan\u00e9ment le couteau, ce qui en fait un outil d'autod\u00e9fense efficace. La bague est con\u00e7ue de mani\u00e8re ergonomique pour un port confortable, ce qui permet de la porter toute la journ\u00e9e sans ressentir de g\u00eane.<\/li>\n<li><strong>Accessoires exquis :<\/strong> La bague ouverte en acier inoxydable avec couteau est non seulement fonctionnelle mais aussi \u00e9l\u00e9gante. Son design intemporel et sa finition argent\u00e9e en font un accessoire polyvalent qui peut \u00eatre port\u00e9 avec n'importe quelle tenue. Que vous vous habilliez pour une occasion formelle ou que vous restiez d\u00e9contract\u00e9, cette bague ajoutera une touche d'\u00e9l\u00e9gance \u00e0 votre look.<\/li>\n<li><strong>Cadeau id\u00e9al :<\/strong> Cette bague r\u00e9glable convient \u00e0 tous les \u00e2ges et peut \u00eatre port\u00e9e par les hommes, les femmes et les enfants. Elle constitue un cadeau id\u00e9al pour votre famille, vos amis, vos coll\u00e8gues ou vos proches lors d'occasions sp\u00e9ciales telles que les anniversaires, No\u00ebl, la Saint-Valentin, la f\u00eate des m\u00e8res ou Thanksgiving. Surprenez-les avec ce cadeau unique et pratique qui, en plus d'\u00eatre esth\u00e9tique, offre une s\u00e9curit\u00e9 accrue.<\/li>\n<li><strong>Taille ajustable :<\/strong> Le\u00a0<strong>bague ouverte en acier inoxydable argent\u00e9 avec un couteau<\/strong>\u00a0est ing\u00e9nieusement con\u00e7u pour \u00eatre\u00a0<strong>facilement r\u00e9glable<\/strong>La taille des doigts s'adapte \u00e0 des tailles allant de\u00a0<strong>16mm \u00e0 22mm<\/strong>. Que vous ayez de petits ou de grands doigts, vous pouvez sans effort personnaliser la bague pour qu'elle vous aille comme un gant. Cette adaptabilit\u00e9 en fait un accessoire polyvalent qui peut \u00eatre partag\u00e9 par la famille et les amis.<\/li>\n<li><strong>Longueur du couteau<\/strong>: Environ 7 mm<\/li>\n<\/ol>\n<h3><\/h3>\n<h3>Comment l'utiliser<\/h3>\n<p>&nbsp;<\/p>\n<ul>\n<li><strong>Ouvrir<\/strong>: Faites glisser votre doigt vers l'avant.<\/li>\n<li><strong>Fermer<\/strong>: Appuyer simultan\u00e9ment sur l'interrupteur et r\u00e9initialiser la lame.<\/li>\n<\/ul>","protected":false},"excerpt":{"rendered":"<p>La bague en acier inoxydable Open Silver est l'incarnation m\u00eame de la polyvalence et de l'\u00e9l\u00e9gance. Cette pi\u00e8ce unique ajoute non seulement une touche de sophistication \u00e0 votre style, mais sert \u00e9galement de ligne de d\u00e9fense cach\u00e9e. Elle dissimule un couteau compact, mais efficace, pr\u00eat \u00e0 affronter les situations inattendues. Fabriqu\u00e9e en acier inoxydable durable, cette bague est un m\u00e9lange parfait de mode et de fonctionnalit\u00e9. D\u00e9couvrez la puissance et l'\u00e9l\u00e9gance au bout de vos doigts.<\/p>","protected":false},"featured_media":2003,"comment_status":"open","ping_status":"closed","template":"","meta":{"_uag_custom_page_level_css":"","site-sidebar-layout":"default","site-content-layout":"","ast-site-content-layout":"default","site-content-style":"default","site-sidebar-style":"default","ast-global-header-display":"","ast-banner-title-visibility":"","ast-main-header-display":"","ast-hfb-above-header-display":"","ast-hfb-below-header-display":"","ast-hfb-mobile-header-display":"","site-post-title":"","ast-breadcrumbs-content":"","ast-featured-img":"","footer-sml-layout":"","ast-disable-related-posts":"","theme-transparent-header-meta":"default","adv-header-id-meta":"","stick-header-meta":"default","header-above-stick-meta":"","header-main-stick-meta":"","header-below-stick-meta":"","astra-migrate-meta-layouts":"set","ast-page-background-enabled":"default","ast-page-background-meta":{"desktop":{"background-color":"","background-image":"","background-repeat":"repeat","background-position":"center center","background-size":"auto","background-attachment":"scroll","background-type":"","background-media":"","overlay-type":"","overlay-color":"","overlay-opacity":"","overlay-gradient":""},"tablet":{"background-color":"","background-image":"","background-repeat":"repeat","background-position":"center center","background-size":"auto","background-attachment":"scroll","background-type":"","background-media":"","overlay-type":"","overlay-color":"","overlay-opacity":"","overlay-gradient":""},"mobile":{"background-color":"","background-image":"","background-repeat":"repeat","background-position":"center center","background-size":"auto","background-attachment":"scroll","background-type":"","background-media":"","overlay-type":"","overlay-color":"","overlay-opacity":"","overlay-gradient":""}},"ast-content-background-meta":{"desktop":{"background-color":"var(--ast-global-color-5)","background-image":"","background-repeat":"repeat","background-position":"center center","background-size":"auto","background-attachment":"scroll","background-type":"","background-media":"","overlay-type":"","overlay-color":"","overlay-opacity":"","overlay-gradient":""},"tablet":{"background-color":"var(--ast-global-color-5)","background-image":"","background-repeat":"repeat","background-position":"center center","background-size":"auto","background-attachment":"scroll","background-type":"","background-media":"","overlay-type":"","overlay-color":"","overlay-opacity":"","overlay-gradient":""},"mobile":{"background-color":"var(--ast-global-color-5)","background-image":"","background-repeat":"repeat","background-position":"center center","background-size":"auto","background-attachment":"scroll","background-type":"","background-media":"","overlay-type":"","overlay-color":"","overlay-opacity":"","overlay-gradient":""}}},"product_brand":[],"product_cat":[161,163],"product_tag":[36],"class_list":{"0":"post-2002","1":"product","2":"type-product","3":"status-publish","4":"has-post-thumbnail","6":"product_cat-self-defense-knife","7":"product_cat-self-defense-ring-knife","8":"product_tag-silver","9":"desktop-align-left","10":"tablet-align-left","11":"mobile-align-left","12":"ast-product-gallery-layout-first-image-large","13":"ast-magnify-disabled","14":"ast-product-tabs-layout-distributed","16":"first","17":"instock","18":"sale","19":"shipping-taxable","20":"purchasable","21":"product-type-simple"},"uagb_featured_image_src":{"full":["https:\/\/www.ringsknife.com\/wp-content\/uploads\/2024\/03\/Ring-with-a-Knife-5.jpg",1600,1600,false],"thumbnail":["https:\/\/www.ringsknife.com\/wp-content\/uploads\/2024\/03\/Ring-with-a-Knife-5-150x150.jpg",150,150,true],"medium":["https:\/\/www.ringsknife.com\/wp-content\/uploads\/2024\/03\/Ring-with-a-Knife-5-300x300.jpg",300,300,true],"medium_large":["https:\/\/www.ringsknife.com\/wp-content\/uploads\/2024\/03\/Ring-with-a-Knife-5-768x768.jpg",768,768,true],"large":["https:\/\/www.ringsknife.com\/wp-content\/uploads\/2024\/03\/Ring-with-a-Knife-5-1024x1024.jpg",1024,1024,true],"1536x1536":["https:\/\/www.ringsknife.com\/wp-content\/uploads\/2024\/03\/Ring-with-a-Knife-5-1536x1536.jpg",1536,1536,true],"2048x2048":["https:\/\/www.ringsknife.com\/wp-content\/uploads\/2024\/03\/Ring-with-a-Knife-5.jpg",1600,1600,false],"trp-custom-language-flag":["https:\/\/www.ringsknife.com\/wp-content\/uploads\/2024\/03\/Ring-with-a-Knife-5.jpg",12,12,false],"woocommerce_thumbnail":["https:\/\/www.ringsknife.com\/wp-content\/uploads\/2024\/03\/Ring-with-a-Knife-5-800x800.jpg",800,800,true],"woocommerce_single":["https:\/\/www.ringsknife.com\/wp-content\/uploads\/2024\/03\/Ring-with-a-Knife-5-800x800.jpg",800,800,true],"woocommerce_gallery_thumbnail":["https:\/\/www.ringsknife.com\/wp-content\/uploads\/2024\/03\/Ring-with-a-Knife-5-100x100.jpg",100,100,true]},"uagb_author_info":{"display_name":"ringsknife.com","author_link":"https:\/\/www.ringsknife.com\/fr\/author\/"},"uagb_comment_info":5,"uagb_excerpt":"Unveiling the epitome of versatility and elegance with the Open Silver Stainless Steel Ring. This unique piece not only adds a touch of sophistication to your style but also serves as a hidden line of defense. Concealed within is a compact, yet effective knife, ready for unexpected situations. Crafted from durable stainless steel, this ring\u2026","jetpack_sharing_enabled":true,"_links":{"self":[{"href":"https:\/\/www.ringsknife.com\/fr\/wp-json\/wp\/v2\/product\/2002","targetHints":{"allow":["GET"]}}],"collection":[{"href":"https:\/\/www.ringsknife.com\/fr\/wp-json\/wp\/v2\/product"}],"about":[{"href":"https:\/\/www.ringsknife.com\/fr\/wp-json\/wp\/v2\/types\/product"}],"replies":[{"embeddable":true,"href":"https:\/\/www.ringsknife.com\/fr\/wp-json\/wp\/v2\/comments?post=2002"}],"version-history":[{"count":0,"href":"https:\/\/www.ringsknife.com\/fr\/wp-json\/wp\/v2\/product\/2002\/revisions"}],"wp:featuredmedia":[{"embeddable":true,"href":"https:\/\/www.ringsknife.com\/fr\/wp-json\/wp\/v2\/media\/2003"}],"wp:attachment":[{"href":"https:\/\/www.ringsknife.com\/fr\/wp-json\/wp\/v2\/media?parent=2002"}],"wp:term":[{"taxonomy":"product_brand","embeddable":true,"href":"https:\/\/www.ringsknife.com\/fr\/wp-json\/wp\/v2\/product_brand?post=2002"},{"taxonomy":"product_cat","embeddable":true,"href":"https:\/\/www.ringsknife.com\/fr\/wp-json\/wp\/v2\/product_cat?post=2002"},{"taxonomy":"product_tag","embeddable":true,"href":"https:\/\/www.ringsknife.com\/fr\/wp-json\/wp\/v2\/product_tag?post=2002"}],"curies":[{"name":"wp","href":"https:\/\/api.w.org\/{rel}","templated":true}]}}