
{"id":2085,"date":"2024-04-02T18:03:14","date_gmt":"2024-04-02T10:03:14","guid":{"rendered":"https:\/\/www.ringsknife.com\/?page_id=2085"},"modified":"2024-06-01T19:35:04","modified_gmt":"2024-06-01T11:35:04","slug":"returns","status":"publish","type":"page","link":"https:\/\/www.ringsknife.com\/fr\/retours\/","title":{"rendered":"Retours"},"content":{"rendered":"<h3 class=\"wp-block-heading\">Retours<\/h3>\n\n\n\n<p>Anneaux Offres de couteaux\u00a0<strong>retours gratuits<\/strong>\u00a0sur tous les articles \u00e0 l'int\u00e9rieur de\u00a0<strong>60 jours<\/strong>\u00a0d'achat.<\/p>\n\n\n\n<h3 class=\"wp-block-heading\">Processus de retour<\/h3>\n\n\n\n<p>1. Envoyez-nous un courriel \u00e0 l'adresse suivante\u00a0<a href=\"mailto:info@ringsknife.com\" target=\"_blank\" rel=\"noreferrer noopener\"><a href=\"mailto:support@defenderring.com\" target=\"_blank\" rel=\"noreferrer noopener\">info@ringsknife<\/a>.com<\/a>\u00a0en indiquant votre nom, la commande # et la raison de votre retour.<\/p>\n\n\n\n<p>2. Une fois que nous avons confirm\u00e9 l'accus\u00e9 de r\u00e9ception de votre retour, envoyez votre produit \u00e0 l'adresse que nous vous avons indiqu\u00e9e dans l'e-mail.<\/p>\n\n\n\n<p>3. Apr\u00e8s avoir renvoy\u00e9 votre produit par la poste dans le d\u00e9lai de trente (30) jours, envoyez-nous un courriel \u00e0 l'adresse suivante\u00a0<a href=\"mailto:info@ringsknife.com\" target=\"_blank\" data-type=\"mailto\" data-id=\"mailto:info@ringsknife.com\" rel=\"noreferrer noopener\"><a href=\"mailto:support@defenderring.com\" target=\"_blank\" rel=\"noreferrer noopener\">info@ringsknife<\/a>.com<\/a>\u00a0avec le num\u00e9ro de suivi afin que nous puissions entamer la proc\u00e9dure de retour le plus rapidement possible.<\/p>\n\n\n\n<h3 class=\"wp-block-heading\">IMPORTANT :<\/h3>\n\n\n\n<p><strong>A<\/strong><strong>Tous les produits, mat\u00e9riaux et emballages<\/strong>&nbsp;doit \u00eatre incluse et renvoy\u00e9e \u00e0 l'adresse ci-dessus dans le d\u00e9lai de trente (30) jours.<\/p>\n\n\n\n<p>L'acheteur est responsable des frais li\u00e9s \u00e0 l'exp\u00e9dition du ou des produits pour leur retour.<\/p>\n\n\n\n<p>Nous recommandons d'utiliser l'assurance ou le suivi de l'exp\u00e9dition pour garantir une proc\u00e9dure de retour rapide et sans heurts.<\/p>\n\n\n\n<h3 class=\"wp-block-heading\">Conditions<\/h3>\n\n\n\n<p>Pour pouvoir \u00eatre retourn\u00e9, votre article doit \u00eatre inutilis\u00e9 et dans le m\u00eame \u00e9tat que celui dans lequel vous l'avez re\u00e7u. Il doit \u00e9galement \u00eatre dans son emballage d'origine.<\/p>\n\n\n\n<p>Les cartes-cadeaux ne sont pas remboursables.<\/p>\n\n\n\n<p>Les frais d'exp\u00e9dition ne sont pas remboursables.<\/p>\n\n\n\n<h3 class=\"wp-block-heading\">Remboursements<\/h3>\n\n\n\n<p>Une fois votre retour re\u00e7u, inspect\u00e9 et approuv\u00e9, nous vous enverrons un courrier \u00e9lectronique pour vous informer que nous avons approuv\u00e9 votre article retourn\u00e9.&nbsp;<\/p>\n\n\n\n<p>Le montant total de votre achat sera rembours\u00e9 sur votre mode de paiement d'origine pour tout retour effectu\u00e9 dans le d\u00e9lai de trente (30) jours.<\/p>\n\n\n\n<h3 class=\"wp-block-heading\">Garantie<\/h3>\n\n\n\n<p>Rings Knife garantit chaque nouveau produit contre tout d\u00e9faut pendant un (1) an \u00e0 compter de la date d'achat et s'engage \u00e0 remplacer gratuitement tout produit d\u00e9fectueux.<\/p>\n\n\n\n<p><strong>IMPORTANT :<\/strong>&nbsp;Cette garantie ne couvre pas les dommages r\u00e9sultant d'un accident, d'une utilisation ou d'une mauvaise utilisation, d'un manque de soin raisonnable. &nbsp;<\/p>\n\n\n\n<p>Si vous avez besoin d'un produit de remplacement, envoyez-nous un courriel \u00e0 l'adresse suivante&nbsp;<a href=\"mailto:info@ringsknife.com\" target=\"_blank\" data-type=\"mailto\" data-id=\"mailto:info@ringsknife.com\" rel=\"noreferrer noopener\">info@ringsknife<\/a>.com.<\/p>","protected":false},"excerpt":{"rendered":"<p>Returns Rings Knife offers\u00a0free returns\u00a0on all items within\u00a060 days\u00a0of purchase. Return Process 1. Email us at\u00a0info@ringsknife.com\u00a0with your name, order #, and the reason for your\u00a0return. 2.&nbsp;After we&#8217;ve confirmed acknowledgement of your return, mail your product to the address we have specified in the email. 3. After you&#8217;ve mailed your product back to us within the [&hellip;]<\/p>\n","protected":false},"author":1,"featured_media":0,"parent":0,"menu_order":0,"comment_status":"closed","ping_status":"closed","template":"","meta":{"_uag_custom_page_level_css":"","site-sidebar-layout":"default","site-content-layout":"","ast-site-content-layout":"default","site-content-style":"default","site-sidebar-style":"default","ast-global-header-display":"","ast-banner-title-visibility":"","ast-main-header-display":"","ast-hfb-above-header-display":"","ast-hfb-below-header-display":"","ast-hfb-mobile-header-display":"","site-post-title":"disabled","ast-breadcrumbs-content":"","ast-featured-img":"","footer-sml-layout":"","ast-disable-related-posts":"","theme-transparent-header-meta":"","adv-header-id-meta":"","stick-header-meta":"","header-above-stick-meta":"","header-main-stick-meta":"","header-below-stick-meta":"","astra-migrate-meta-layouts":"set","ast-page-background-enabled":"default","ast-page-background-meta":{"desktop":{"background-color":"","background-image":"","background-repeat":"repeat","background-position":"center center","background-size":"auto","background-attachment":"scroll","background-type":"","background-media":"","overlay-type":"","overlay-color":"","overlay-opacity":"","overlay-gradient":""},"tablet":{"background-color":"","background-image":"","background-repeat":"repeat","background-position":"center center","background-size":"auto","background-attachment":"scroll","background-type":"","background-media":"","overlay-type":"","overlay-color":"","overlay-opacity":"","overlay-gradient":""},"mobile":{"background-color":"","background-image":"","background-repeat":"repeat","background-position":"center center","background-size":"auto","background-attachment":"scroll","background-type":"","background-media":"","overlay-type":"","overlay-color":"","overlay-opacity":"","overlay-gradient":""}},"ast-content-background-meta":{"desktop":{"background-color":"var(--ast-global-color-5)","background-image":"","background-repeat":"repeat","background-position":"center center","background-size":"auto","background-attachment":"scroll","background-type":"","background-media":"","overlay-type":"","overlay-color":"","overlay-opacity":"","overlay-gradient":""},"tablet":{"background-color":"var(--ast-global-color-5)","background-image":"","background-repeat":"repeat","background-position":"center center","background-size":"auto","background-attachment":"scroll","background-type":"","background-media":"","overlay-type":"","overlay-color":"","overlay-opacity":"","overlay-gradient":""},"mobile":{"background-color":"var(--ast-global-color-5)","background-image":"","background-repeat":"repeat","background-position":"center center","background-size":"auto","background-attachment":"scroll","background-type":"","background-media":"","overlay-type":"","overlay-color":"","overlay-opacity":"","overlay-gradient":""}},"footnotes":""},"class_list":["post-2085","page","type-page","status-publish","hentry"],"uagb_featured_image_src":{"full":false,"thumbnail":false,"medium":false,"medium_large":false,"large":false,"1536x1536":false,"2048x2048":false,"trp-custom-language-flag":false,"woocommerce_thumbnail":false,"woocommerce_single":false,"woocommerce_gallery_thumbnail":false},"uagb_author_info":{"display_name":"ringsknife.com","author_link":"https:\/\/www.ringsknife.com\/fr\/author\/ringsknife-com\/"},"uagb_comment_info":0,"uagb_excerpt":"Returns Rings Knife offers\u00a0free returns\u00a0on all items within\u00a060 days\u00a0of purchase. Return Process 1. Email us at\u00a0info@ringsknife.com\u00a0with your name, order #, and the reason for your\u00a0return. 2.&nbsp;After we&#8217;ve confirmed acknowledgement of your return, mail your product to the address we have specified in the email. 3. After you&#8217;ve mailed your product back to us within the\u2026","jetpack_sharing_enabled":true,"_links":{"self":[{"href":"https:\/\/www.ringsknife.com\/fr\/wp-json\/wp\/v2\/pages\/2085","targetHints":{"allow":["GET"]}}],"collection":[{"href":"https:\/\/www.ringsknife.com\/fr\/wp-json\/wp\/v2\/pages"}],"about":[{"href":"https:\/\/www.ringsknife.com\/fr\/wp-json\/wp\/v2\/types\/page"}],"author":[{"embeddable":true,"href":"https:\/\/www.ringsknife.com\/fr\/wp-json\/wp\/v2\/users\/1"}],"replies":[{"embeddable":true,"href":"https:\/\/www.ringsknife.com\/fr\/wp-json\/wp\/v2\/comments?post=2085"}],"version-history":[{"count":0,"href":"https:\/\/www.ringsknife.com\/fr\/wp-json\/wp\/v2\/pages\/2085\/revisions"}],"wp:attachment":[{"href":"https:\/\/www.ringsknife.com\/fr\/wp-json\/wp\/v2\/media?parent=2085"}],"curies":[{"name":"wp","href":"https:\/\/api.w.org\/{rel}","templated":true}]}}