
{"id":2083,"date":"2024-04-02T18:00:17","date_gmt":"2024-04-02T10:00:17","guid":{"rendered":"https:\/\/www.ringsknife.com\/?page_id=2083"},"modified":"2024-06-01T19:34:35","modified_gmt":"2024-06-01T11:34:35","slug":"exchanges","status":"publish","type":"page","link":"https:\/\/www.ringsknife.com\/fr\/echanges\/","title":{"rendered":"\u00c9changes"},"content":{"rendered":"<h3 class=\"wp-block-heading\">\u00c9changes<\/h3>\n\n\n\n<p>Anneaux Offres de couteaux&nbsp;<strong>\u00e9changes gratuits<\/strong>&nbsp;sur tous les articles \u00e0 l'int\u00e9rieur de&nbsp;<strong>60 jours<\/strong>&nbsp;d'achat.<\/p>\n\n\n\n<h3 class=\"wp-block-heading\">Processus d'\u00e9change<\/h3>\n\n\n\n<p>1. Envoyez-nous un courriel \u00e0 l'adresse suivante\u00a0<a href=\"mailto:\u00a0info@ringsknife.com\" target=\"_blank\" data-type=\"mailto\" data-id=\"mailto:\u00a0info@ringsknife.com\" rel=\"noreferrer noopener\">info@ringsknife.com<\/a>\u00a0pour les \u00e9changes avec votre nom, la commande #, et la demande d'\u00e9change.<\/p>\n\n\n\n<p>2. Une fois que nous avons confirm\u00e9 l'accus\u00e9 de r\u00e9ception de votre \u00e9change, envoyez votre produit \u00e0 l'adresse indiqu\u00e9e dans l'e-mail.<\/p>\n\n\n\n<p>3. Apr\u00e8s avoir renvoy\u00e9 votre produit par la poste dans le d\u00e9lai de soixante (60) jours, envoyez-nous un courriel \u00e0 l'adresse suivante\u00a0<a href=\"mailto:support@defenderring.com\"><\/a><a href=\"mailto:\u00a0info@ringsknife.com\" target=\"_blank\" data-type=\"mailto\" data-id=\"mailto:\u00a0info@ringsknife.com\" rel=\"noreferrer noopener\">info@ringsknife<\/a>.com avec le num\u00e9ro de suivi afin que nous puissions proc\u00e9der \u00e0 l'\u00e9change dans les meilleurs d\u00e9lais.<\/p>\n\n\n\n<h3 class=\"wp-block-heading\">IMPORTANT :<\/h3>\n\n\n\n<p>Renvoyez l'article dans le m\u00eame \u00e9tat que celui dans lequel vous l'avez re\u00e7u, sans l'avoir port\u00e9 ou utilis\u00e9, avec les \u00e9tiquettes et dans son emballage d'origine.<\/p>\n\n\n\n<p>L'acheteur est responsable des frais li\u00e9s \u00e0 l'envoi du ou des produits pour les \u00e9changes. Ring Knife est responsable des frais li\u00e9s \u00e0 l'envoi de l'article \u00e9chang\u00e9 \u00e0 l'acheteur.<\/p>\n\n\n\n<p>Le nombre total d'\u00e9changes est limit\u00e9 \u00e0 trois (3) par commande.<\/p>\n\n\n\n<h3 class=\"wp-block-heading\">Conditions<\/h3>\n\n\n\n<p>Pour \u00eatre \u00e9ligible \u00e0 un \u00e9change, votre article doit \u00eatre inutilis\u00e9 et dans le m\u00eame \u00e9tat que celui dans lequel vous l'avez re\u00e7u.<\/p>\n\n\n\n<h3 class=\"wp-block-heading\">\u00c9changes internationaux<\/h3>\n\n\n\n<p>Des frais de $9 par \u00e9change sont appliqu\u00e9s pour les \u00e9changes internationaux afin de tenir compte des frais d'exp\u00e9dition internationaux suppl\u00e9mentaires.<\/p>\n\n\n\n<h3 class=\"wp-block-heading\">Garantie<\/h3>\n\n\n\n<p>Rings Knife garantit chaque nouveau produit contre tout d\u00e9faut pendant un (1) an \u00e0 compter de la date d'achat et s'engage \u00e0 remplacer gratuitement tout produit d\u00e9fectueux.<\/p>\n\n\n\n<p><strong>IMPORTANT :<\/strong>&nbsp;Cette garantie ne couvre pas les dommages r\u00e9sultant d'un accident, d'une utilisation ou d'une mauvaise utilisation, d'un manque de soin raisonnable. &nbsp;<\/p>\n\n\n\n<p>Si vous avez besoin d'un produit de remplacement, envoyez-nous un courriel \u00e0 l'adresse suivante\u00a0<a href=\"mailto:support@defenderring.com\"><\/a><a href=\"mailto:\u00a0info@ringsknife.com\" target=\"_blank\" data-type=\"mailto\" data-id=\"mailto:\u00a0info@ringsknife.com\" rel=\"noreferrer noopener\">info@ringsknife<\/a>.com.<\/p>","protected":false},"excerpt":{"rendered":"<p>Exchanges Rings Knife offers&nbsp;free exchanges&nbsp;on all items within&nbsp;60 days&nbsp;of purchase. Exchange Process 1. Email us at\u00a0info@ringsknife.com\u00a0for exchanges with your name, order #, and exchange request. 2.&nbsp;After we&#8217;ve confirmed acknowledgement of your exchange, mail your product to the address we have specified in the email. 3. After you&#8217;ve mailed your product back to us within the [&hellip;]<\/p>\n","protected":false},"author":1,"featured_media":0,"parent":0,"menu_order":0,"comment_status":"closed","ping_status":"closed","template":"","meta":{"_uag_custom_page_level_css":"","site-sidebar-layout":"default","site-content-layout":"","ast-site-content-layout":"default","site-content-style":"default","site-sidebar-style":"default","ast-global-header-display":"","ast-banner-title-visibility":"","ast-main-header-display":"","ast-hfb-above-header-display":"","ast-hfb-below-header-display":"","ast-hfb-mobile-header-display":"","site-post-title":"disabled","ast-breadcrumbs-content":"","ast-featured-img":"","footer-sml-layout":"","ast-disable-related-posts":"","theme-transparent-header-meta":"","adv-header-id-meta":"","stick-header-meta":"","header-above-stick-meta":"","header-main-stick-meta":"","header-below-stick-meta":"","astra-migrate-meta-layouts":"set","ast-page-background-enabled":"default","ast-page-background-meta":{"desktop":{"background-color":"","background-image":"","background-repeat":"repeat","background-position":"center center","background-size":"auto","background-attachment":"scroll","background-type":"","background-media":"","overlay-type":"","overlay-color":"","overlay-opacity":"","overlay-gradient":""},"tablet":{"background-color":"","background-image":"","background-repeat":"repeat","background-position":"center center","background-size":"auto","background-attachment":"scroll","background-type":"","background-media":"","overlay-type":"","overlay-color":"","overlay-opacity":"","overlay-gradient":""},"mobile":{"background-color":"","background-image":"","background-repeat":"repeat","background-position":"center center","background-size":"auto","background-attachment":"scroll","background-type":"","background-media":"","overlay-type":"","overlay-color":"","overlay-opacity":"","overlay-gradient":""}},"ast-content-background-meta":{"desktop":{"background-color":"var(--ast-global-color-5)","background-image":"","background-repeat":"repeat","background-position":"center center","background-size":"auto","background-attachment":"scroll","background-type":"","background-media":"","overlay-type":"","overlay-color":"","overlay-opacity":"","overlay-gradient":""},"tablet":{"background-color":"var(--ast-global-color-5)","background-image":"","background-repeat":"repeat","background-position":"center center","background-size":"auto","background-attachment":"scroll","background-type":"","background-media":"","overlay-type":"","overlay-color":"","overlay-opacity":"","overlay-gradient":""},"mobile":{"background-color":"var(--ast-global-color-5)","background-image":"","background-repeat":"repeat","background-position":"center center","background-size":"auto","background-attachment":"scroll","background-type":"","background-media":"","overlay-type":"","overlay-color":"","overlay-opacity":"","overlay-gradient":""}},"footnotes":""},"class_list":["post-2083","page","type-page","status-publish","hentry"],"uagb_featured_image_src":{"full":false,"thumbnail":false,"medium":false,"medium_large":false,"large":false,"1536x1536":false,"2048x2048":false,"trp-custom-language-flag":false,"woocommerce_thumbnail":false,"woocommerce_single":false,"woocommerce_gallery_thumbnail":false},"uagb_author_info":{"display_name":"ringsknife.com","author_link":"https:\/\/www.ringsknife.com\/fr\/author\/ringsknife-com\/"},"uagb_comment_info":0,"uagb_excerpt":"Exchanges Rings Knife offers&nbsp;free exchanges&nbsp;on all items within&nbsp;60 days&nbsp;of purchase. Exchange Process 1. Email us at\u00a0info@ringsknife.com\u00a0for exchanges with your name, order #, and exchange request. 2.&nbsp;After we&#8217;ve confirmed acknowledgement of your exchange, mail your product to the address we have specified in the email. 3. After you&#8217;ve mailed your product back to us within the\u2026","jetpack_sharing_enabled":true,"_links":{"self":[{"href":"https:\/\/www.ringsknife.com\/fr\/wp-json\/wp\/v2\/pages\/2083","targetHints":{"allow":["GET"]}}],"collection":[{"href":"https:\/\/www.ringsknife.com\/fr\/wp-json\/wp\/v2\/pages"}],"about":[{"href":"https:\/\/www.ringsknife.com\/fr\/wp-json\/wp\/v2\/types\/page"}],"author":[{"embeddable":true,"href":"https:\/\/www.ringsknife.com\/fr\/wp-json\/wp\/v2\/users\/1"}],"replies":[{"embeddable":true,"href":"https:\/\/www.ringsknife.com\/fr\/wp-json\/wp\/v2\/comments?post=2083"}],"version-history":[{"count":0,"href":"https:\/\/www.ringsknife.com\/fr\/wp-json\/wp\/v2\/pages\/2083\/revisions"}],"wp:attachment":[{"href":"https:\/\/www.ringsknife.com\/fr\/wp-json\/wp\/v2\/media?parent=2083"}],"curies":[{"name":"wp","href":"https:\/\/api.w.org\/{rel}","templated":true}]}}