
{"id":2081,"date":"2024-04-02T17:55:45","date_gmt":"2024-04-02T09:55:45","guid":{"rendered":"https:\/\/www.ringsknife.com\/?page_id=2081"},"modified":"2024-06-01T19:35:33","modified_gmt":"2024-06-01T11:35:33","slug":"shipping","status":"publish","type":"page","link":"https:\/\/www.ringsknife.com\/fr\/expedition\/","title":{"rendered":"Exp\u00e9dition"},"content":{"rendered":"<p>Soyez assur\u00e9s que nous t\u00e9l\u00e9chargerons rapidement les num\u00e9ros de suivi de vos commandes et qu'ils afficheront des informations exactes sans aucun retard. Toutefois, en raison du nombre limit\u00e9 d'op\u00e9rations de fret a\u00e9rien, il peut y avoir des retards dans la livraison des colis. Compte tenu des limitations actuelles des liaisons a\u00e9riennes, veuillez pr\u00e9voir une \u00e0 deux semaines suppl\u00e9mentaires pour que vos articles atteignent leur pays de destination.<\/p>\n\n\n\n<p>Lorsque vous passez une commande, celle-ci est envoy\u00e9e \u00e0 l'adresse indiqu\u00e9e lors du paiement et le pays de livraison est s\u00e9lectionn\u00e9 en cons\u00e9quence. Les prix, les devises, la TVA, les d\u00e9lais de livraison et les frais seront ajust\u00e9s en fonction du pays dans lequel vous souhaitez que vos articles soient livr\u00e9s. Nous donnons la priorit\u00e9 \u00e0 l'envoi des commandes approuv\u00e9es dans l'ordre o\u00f9 elles ont \u00e9t\u00e9 re\u00e7ues, en nous effor\u00e7ant de les exp\u00e9dier le plus rapidement possible. Une fois que votre colis a quitt\u00e9 l'entrep\u00f4t, nous vous fournissons un lien de suivi ainsi qu'une confirmation d'exp\u00e9dition.<\/p>\n\n\n\n<h3 class=\"wp-block-heading\"><strong>LIVRONS-NOUS DANS LE MONDE ENTIER ?<\/strong><\/h3>\n\n\n\n<p>Oui, nous offrons la possibilit\u00e9 d'exp\u00e9dier dans les pays suivants :<\/p>\n\n\n\n<h4 class=\"wp-block-heading\"><strong>\u00c9tats-Unis (50 \u00c9tats sur 62) :<\/strong><\/h4>\n\n\n\n<p>Alabama, Alaska, Arizona, Arkansas, Californie, Colorado, Connecticut, Delaware, Floride, G\u00e9orgie, Idaho, Illinois, Indiana, Iowa, Kansas, Kentucky, Louisiane, Maine, Maryland, Massachusetts, Michigan, Minnesota, Mississippi, Missouri, Montana, Nebraska, Nevada, New Hampshire, New Jersey, New Mexico, New York, Caroline du Nord, Dakota du Nord, Ohio, Oklahoma, Oregon, Pennsylvanie, Caroline du Sud, Dakota du Sud, Tennessee, Texas, Utah, Vermont, Virginie, Washington, Virginie occidentale, Wisconsin, Wyoming, Puerto Rico, Washington DC<\/p>\n\n\n\n<h4 class=\"wp-block-heading\"><strong>Pays internationaux :<\/strong><\/h4>\n\n\n\n<p>Canada, Royaume-Uni, Australie, Nouvelle-Z\u00e9lande, Autriche, Belgique, France, Allemagne, Italie, Luxembourg, Pays-Bas, Espagne, Norv\u00e8ge, Su\u00e8de, Singapour, Malaisie, Philippines, Cor\u00e9e du Sud, Ta\u00efwan, Tha\u00eflande, Bulgarie, Croatie, G\u00e9orgie, Gr\u00e8ce, Irlande, Islande, Lituanie, Pologne, Roumanie, Suisse, Turquie, Isra\u00ebl, Br\u00e9sil, Costa Rica, Danemark, Finlande, Chili, Hongrie.<\/p>\n\n\n\n<h3 class=\"wp-block-heading\"><strong>QU'EN EST-IL DES DOUANES ?<\/strong><\/h3>\n\n\n\n<p>Veuillez noter que les frais de douane encourus apr\u00e8s l'exp\u00e9dition des articles ne rel\u00e8vent pas de notre responsabilit\u00e9. En achetant nos produits, vous acceptez qu'un ou plusieurs colis vous soient exp\u00e9di\u00e9s et qu'ils soient soumis \u00e0 des frais de douane \u00e0 leur arriv\u00e9e dans votre pays.<\/p>\n\n\n\n<h3 class=\"wp-block-heading\"><strong>EXP\u00c9DITION ET MANUTENTION<\/strong><\/h3>\n\n\n\n<p>D\u00e9lai de livraison = d\u00e9lai de traitement + d\u00e9lai d'exp\u00e9dition Nous traitons les commandes les jours ouvrables, du lundi au vendredi, heure normale de l'Est, \u00e0 l'exception des jours f\u00e9ri\u00e9s observ\u00e9s par la poste : New Year's Day, Presidents' Day, Memorial Day, Independence Day, Labor Day, Thanksgiving et Christmas.<\/p>\n\n\n\n<p>D\u00e9lai de traitement : 3 \u00e0 5 jours ouvrables pendant les saisons normales et plus longtemps pendant les p\u00e9riodes de vacances.<\/p>\n\n\n\n<h3 class=\"wp-block-heading\"><strong>D\u00c9LAI D'EXP\u00c9DITION<\/strong><\/h3>\n\n\n\n<p>Les d\u00e9lais d'exp\u00e9dition varient en fonction de la localisation. Voici nos d\u00e9lais de livraison estim\u00e9s :<\/p>\n\n\n\n<figure class=\"wp-block-table\"><table><thead><tr><td>LOCATION<\/td><td>*D\u00c9LAI D'EXP\u00c9DITION ESTIM\u00c9<\/td><\/tr><\/thead><tbody><tr><td>\u00c9tats-Unis<\/td><td>2-3 semaines<\/td><\/tr><tr><td>Canada, Europe<\/td><td>2-4 semaines<\/td><\/tr><tr><td>Australie, Nouvelle-Z\u00e9lande<\/td><td>2-4 semaines<\/td><\/tr><tr><td>Mexique, Am\u00e9rique centrale, Am\u00e9rique du Sud<\/td><td>2-4 semaines<\/td><\/tr><\/tbody><\/table><\/figure>\n\n\n\n<h3 class=\"wp-block-heading\"><strong>FOURNISSONS-NOUS DES INFORMATIONS DE SUIVI ?<\/strong><\/h3>\n\n\n\n<p>Certainement ! Une fois votre commande exp\u00e9di\u00e9e, vous recevrez un e-mail contenant vos informations de suivi. Si vous n'avez pas re\u00e7u d'informations de suivi dans les 15 jours ouvrables, n'h\u00e9sitez pas \u00e0 nous contacter. Vous pouvez \u00e9galement cliquer sur le lien suivant pour suivre votre commande <a href=\"https:\/\/www.ringsknife.com\/fr\/suivi-de-la-commande\/?wmc-currency=EUR\" data-type=\"link\" data-id=\"https:\/\/www.ringsknife.com\/tracking-order\/\">ici<\/a>.<\/p>\n\n\n\n<h3 class=\"wp-block-heading\"><strong>MON SUIVI INDIQUE \"AUCUNE INFORMATION DISPONIBLE POUR LE MOMENT\".<\/strong><\/h3>\n\n\n\n<p>Certaines soci\u00e9t\u00e9s de transport peuvent prendre de 5 \u00e0 7 jours ouvrables pour mettre \u00e0 jour les informations de suivi dans leur syst\u00e8me. Si plus de 10 jours ouvrables se sont \u00e9coul\u00e9s depuis que vous avez pass\u00e9 votre commande et qu'il n'y a toujours pas d'informations disponibles pour votre num\u00e9ro de suivi, veuillez nous contacter.<\/p>\n\n\n\n<h3 class=\"wp-block-heading\"><strong>MES ARTICLES SERONT-ILS ENVOY\u00c9S DANS UN SEUL COLIS ?<\/strong><\/h3>\n\n\n\n<p>Pour des raisons logistiques, les articles d'un m\u00eame achat peuvent parfois \u00eatre envoy\u00e9s dans des colis s\u00e9par\u00e9s, m\u00eame si l'exp\u00e9dition combin\u00e9e a \u00e9t\u00e9 sp\u00e9cifi\u00e9e.<\/p>\n\n\n\n<h3 class=\"wp-block-heading\"><strong>VAIS-JE DEVOIR PAYER DES TAXES SUR LA TVA ?<\/strong><\/h3>\n\n\n\n<p>Les articles exp\u00e9di\u00e9s \u00e0 l'international depuis les \u00c9tats-Unis sont livr\u00e9s en DDU (Delivered Duty Unpaid) et nous ne collectons pas la TVA (Taxe sur la Valeur Ajout\u00e9e). Le destinataire du colis est responsable des taxes, droits et frais de douane associ\u00e9s.<\/p>\n\n\n\n<p>En fonction de la r\u00e9glementation de votre pays, votre colis peut faire l'objet de frais de douane ou de TVA. Nous vous recommandons de contacter votre bureau de douane local pour plus d'informations sur les politiques douani\u00e8res de votre pays.<\/p>","protected":false},"excerpt":{"rendered":"<p>Rest assured, we will upload tracking numbers to your orders promptly, and they will display accurate information without any delays. However, due to the limited air freight operations, there might be delays in the actual delivery of packages. Please anticipate an additional 1-2 weeks for your items to reach their destination countries, considering the current [&hellip;]<\/p>\n","protected":false},"author":1,"featured_media":0,"parent":0,"menu_order":0,"comment_status":"closed","ping_status":"closed","template":"","meta":{"_uag_custom_page_level_css":"","site-sidebar-layout":"default","site-content-layout":"","ast-site-content-layout":"default","site-content-style":"default","site-sidebar-style":"default","ast-global-header-display":"","ast-banner-title-visibility":"","ast-main-header-display":"","ast-hfb-above-header-display":"","ast-hfb-below-header-display":"","ast-hfb-mobile-header-display":"","site-post-title":"","ast-breadcrumbs-content":"","ast-featured-img":"","footer-sml-layout":"","ast-disable-related-posts":"","theme-transparent-header-meta":"","adv-header-id-meta":"","stick-header-meta":"","header-above-stick-meta":"","header-main-stick-meta":"","header-below-stick-meta":"","astra-migrate-meta-layouts":"set","ast-page-background-enabled":"default","ast-page-background-meta":{"desktop":{"background-color":"","background-image":"","background-repeat":"repeat","background-position":"center center","background-size":"auto","background-attachment":"scroll","background-type":"","background-media":"","overlay-type":"","overlay-color":"","overlay-opacity":"","overlay-gradient":""},"tablet":{"background-color":"","background-image":"","background-repeat":"repeat","background-position":"center center","background-size":"auto","background-attachment":"scroll","background-type":"","background-media":"","overlay-type":"","overlay-color":"","overlay-opacity":"","overlay-gradient":""},"mobile":{"background-color":"","background-image":"","background-repeat":"repeat","background-position":"center center","background-size":"auto","background-attachment":"scroll","background-type":"","background-media":"","overlay-type":"","overlay-color":"","overlay-opacity":"","overlay-gradient":""}},"ast-content-background-meta":{"desktop":{"background-color":"var(--ast-global-color-5)","background-image":"","background-repeat":"repeat","background-position":"center center","background-size":"auto","background-attachment":"scroll","background-type":"","background-media":"","overlay-type":"","overlay-color":"","overlay-opacity":"","overlay-gradient":""},"tablet":{"background-color":"var(--ast-global-color-5)","background-image":"","background-repeat":"repeat","background-position":"center center","background-size":"auto","background-attachment":"scroll","background-type":"","background-media":"","overlay-type":"","overlay-color":"","overlay-opacity":"","overlay-gradient":""},"mobile":{"background-color":"var(--ast-global-color-5)","background-image":"","background-repeat":"repeat","background-position":"center center","background-size":"auto","background-attachment":"scroll","background-type":"","background-media":"","overlay-type":"","overlay-color":"","overlay-opacity":"","overlay-gradient":""}},"footnotes":""},"class_list":["post-2081","page","type-page","status-publish","hentry"],"uagb_featured_image_src":{"full":false,"thumbnail":false,"medium":false,"medium_large":false,"large":false,"1536x1536":false,"2048x2048":false,"trp-custom-language-flag":false,"woocommerce_thumbnail":false,"woocommerce_single":false,"woocommerce_gallery_thumbnail":false},"uagb_author_info":{"display_name":"ringsknife.com","author_link":"https:\/\/www.ringsknife.com\/fr\/author\/ringsknife-com\/"},"uagb_comment_info":0,"uagb_excerpt":"Rest assured, we will upload tracking numbers to your orders promptly, and they will display accurate information without any delays. However, due to the limited air freight operations, there might be delays in the actual delivery of packages. Please anticipate an additional 1-2 weeks for your items to reach their destination countries, considering the current\u2026","jetpack_sharing_enabled":true,"_links":{"self":[{"href":"https:\/\/www.ringsknife.com\/fr\/wp-json\/wp\/v2\/pages\/2081","targetHints":{"allow":["GET"]}}],"collection":[{"href":"https:\/\/www.ringsknife.com\/fr\/wp-json\/wp\/v2\/pages"}],"about":[{"href":"https:\/\/www.ringsknife.com\/fr\/wp-json\/wp\/v2\/types\/page"}],"author":[{"embeddable":true,"href":"https:\/\/www.ringsknife.com\/fr\/wp-json\/wp\/v2\/users\/1"}],"replies":[{"embeddable":true,"href":"https:\/\/www.ringsknife.com\/fr\/wp-json\/wp\/v2\/comments?post=2081"}],"version-history":[{"count":0,"href":"https:\/\/www.ringsknife.com\/fr\/wp-json\/wp\/v2\/pages\/2081\/revisions"}],"wp:attachment":[{"href":"https:\/\/www.ringsknife.com\/fr\/wp-json\/wp\/v2\/media?parent=2081"}],"curies":[{"name":"wp","href":"https:\/\/api.w.org\/{rel}","templated":true}]}}