
{"id":2060,"date":"2024-04-02T16:22:28","date_gmt":"2024-04-02T08:22:28","guid":{"rendered":"https:\/\/www.ringsknife.com\/?page_id=2060"},"modified":"2024-06-01T19:34:48","modified_gmt":"2024-06-01T11:34:48","slug":"self-defense-ring-faqs","status":"publish","type":"page","link":"https:\/\/www.ringsknife.com\/fr\/faq-sur-les-anneaux-dautodefense\/","title":{"rendered":"FAQ"},"content":{"rendered":"<div class=\"wp-block-uagb-container uagb-block-wyxere8t alignfull uagb-is-root-container\"><div class=\"uagb-container-inner-blocks-wrap\">\n<div class=\"wp-block-uagb-info-box uagb-block-1m2tytia uagb-infobox__content-wrap  uagb-infobox-icon-above-title uagb-infobox-image-valign-top\"><div class=\"uagb-ifb-content\"><div class=\"uagb-ifb-title-wrap\"><h2 class=\"uagb-ifb-title\">&nbsp;Questions fr\u00e9quemment pos\u00e9es<\/h2><\/div><p class=\"uagb-ifb-desc\">Trouvez les r\u00e9ponses aux questions les plus fr\u00e9quemment pos\u00e9es sur nos produits et services.<\/p><\/div><\/div>\n\n\n<div class=\"wp-block-uagb-faq uagb-faq__outer-wrap uagb-block-gc3gnhzb uagb-faq-icon-row-reverse uagb-faq-layout-accordion uagb-faq-expand-first-true uagb-faq-inactive-other-true uagb-faq__wrap uagb-buttons-layout-wrap uagb-faq-equal-height\" data-faqtoggle=\"true\" role=\"tablist\"><div class=\"wp-block-uagb-faq-child uagb-faq-child__outer-wrap uagb-faq-item uagb-block-desuw0ug\" role=\"tab\" tabindex=\"0\"><div class=\"uagb-faq-questions-button uagb-faq-questions\">\t\t\t<span class=\"uagb-icon uagb-faq-icon-wrap\">\n\t\t\t\t\t\t\t\t<svg xmlns=\"https:\/\/www.w3.org\/2000\/svg\" viewbox= \"0 0 448 512\"><path d=\"M432 256c0 17.69-14.33 32.01-32 32.01H256v144c0 17.69-14.33 31.99-32 31.99s-32-14.3-32-31.99v-144H48c-17.67 0-32-14.32-32-32.01s14.33-31.99 32-31.99H192v-144c0-17.69 14.33-32.01 32-32.01s32 14.32 32 32.01v144h144C417.7 224 432 238.3 432 256z\"><\/path><\/svg>\n\t\t\t\t\t\t\t<\/span>\n\t\t\t\t\t\t<span class=\"uagb-icon-active uagb-faq-icon-wrap\">\n\t\t\t\t\t\t\t\t<svg xmlns=\"https:\/\/www.w3.org\/2000\/svg\" viewbox= \"0 0 448 512\"><path d=\"M400 288h-352c-17.69 0-32-14.32-32-32.01s14.31-31.99 32-31.99h352c17.69 0 32 14.3 32 31.99S417.7 288 400 288z\"><\/path><\/svg>\n\t\t\t\t\t\t\t<\/span>\n\t\t\t<h5 class=\"uagb-question\">Comment trouver ma taille de bague ?<\/h5><\/div><div class=\"uagb-faq-content\"><p>Rings Knife vend ses bagues en tailles am\u00e9ricaines. Consultez notre\u00a0<a href=\"https:\/\/www.ringsknife.com\/fr\/ring-sizing-guide\/?wmc-currency=EUR\" data-type=\"link\" data-id=\"https:\/\/www.ringsknife.com\/ring-sizing-guide\/\" target=\"_blank\" rel=\"noreferrer noopener\">Guide pratique des tailles de bagues <\/a><a href=\"https:\/\/www.defenderring.com\/pages\/ring-sizing-guide\" target=\"_blank\" rel=\"noreferrer noopener\">ici<\/a>\u00a0pour trouver votre taille !<\/p><\/div><\/div><div class=\"wp-block-uagb-faq-child uagb-faq-child__outer-wrap uagb-faq-item uagb-block-0dcca909\" role=\"tab\" tabindex=\"0\"><div class=\"uagb-faq-questions-button uagb-faq-questions\">\t\t\t<span class=\"uagb-icon uagb-faq-icon-wrap\">\n\t\t\t\t\t\t\t\t<svg xmlns=\"https:\/\/www.w3.org\/2000\/svg\" viewbox= \"0 0 448 512\"><path d=\"M432 256c0 17.69-14.33 32.01-32 32.01H256v144c0 17.69-14.33 31.99-32 31.99s-32-14.3-32-31.99v-144H48c-17.67 0-32-14.32-32-32.01s14.33-31.99 32-31.99H192v-144c0-17.69 14.33-32.01 32-32.01s32 14.32 32 32.01v144h144C417.7 224 432 238.3 432 256z\"><\/path><\/svg>\n\t\t\t\t\t\t\t<\/span>\n\t\t\t\t\t\t<span class=\"uagb-icon-active uagb-faq-icon-wrap\">\n\t\t\t\t\t\t\t\t<svg xmlns=\"https:\/\/www.w3.org\/2000\/svg\" viewbox= \"0 0 448 512\"><path d=\"M400 288h-352c-17.69 0-32-14.32-32-32.01s14.31-31.99 32-31.99h352c17.69 0 32 14.3 32 31.99S417.7 288 400 288z\"><\/path><\/svg>\n\t\t\t\t\t\t\t<\/span>\n\t\t\t<h5 class=\"uagb-question\">Quel est le degr\u00e9 de tranchant de l'arme ? Que peut-elle couper ?<\/h5><\/div><div class=\"uagb-faq-content\"><p><strong>Anneaux dissimul\u00e9s<\/strong>: Nos anneaux dissimul\u00e9s sont dot\u00e9s de lames de pr\u00e9cision aux bords finement aff\u00fbt\u00e9s et aux extr\u00e9mit\u00e9s pointues. Ces lames sont capables de couper du tissu, du plastique et du m\u00e9tal fin. En outre, elles peuvent facilement d\u00e9chirer et couper la peau humaine, offrant ainsi protection et tranquillit\u00e9 d'esprit.<br><br><strong>Anneaux \u00e0 pointe ouverte<\/strong>: Pour nos anneaux \u00e0 pointe ouverte, nous avons con\u00e7u des pointes ac\u00e9r\u00e9es ou des bords biseaut\u00e9s qui constituent des \u00e9l\u00e9ments d\u00e9fensifs efficaces. Ces \u00e9l\u00e9ments peuvent infliger des dommages et une g\u00eane \u00e0 un agresseur, am\u00e9liorant ainsi votre s\u00e9curit\u00e9 dans les situations critiques.<\/p><\/div><\/div><div class=\"wp-block-uagb-faq-child uagb-faq-child__outer-wrap uagb-faq-item uagb-block-e31b850d\" role=\"tab\" tabindex=\"0\"><div class=\"uagb-faq-questions-button uagb-faq-questions\">\t\t\t<span class=\"uagb-icon uagb-faq-icon-wrap\">\n\t\t\t\t\t\t\t\t<svg xmlns=\"https:\/\/www.w3.org\/2000\/svg\" viewbox= \"0 0 448 512\"><path d=\"M432 256c0 17.69-14.33 32.01-32 32.01H256v144c0 17.69-14.33 31.99-32 31.99s-32-14.3-32-31.99v-144H48c-17.67 0-32-14.32-32-32.01s14.33-31.99 32-31.99H192v-144c0-17.69 14.33-32.01 32-32.01s32 14.32 32 32.01v144h144C417.7 224 432 238.3 432 256z\"><\/path><\/svg>\n\t\t\t\t\t\t\t<\/span>\n\t\t\t\t\t\t<span class=\"uagb-icon-active uagb-faq-icon-wrap\">\n\t\t\t\t\t\t\t\t<svg xmlns=\"https:\/\/www.w3.org\/2000\/svg\" viewbox= \"0 0 448 512\"><path d=\"M400 288h-352c-17.69 0-32-14.32-32-32.01s14.31-31.99 32-31.99h352c17.69 0 32 14.3 32 31.99S417.7 288 400 288z\"><\/path><\/svg>\n\t\t\t\t\t\t\t<\/span>\n\t\t\t<h5 class=\"uagb-question\">\u00c0 quelle profondeur l'arme peut-elle entailler la peau ?<\/h5><\/div><div class=\"uagb-faq-content\"><p>Nos bagues dissimul\u00e9es sont dot\u00e9es de lames de pr\u00e9cision capables de couper les vaisseaux sanguins et de cibler les cellules nerveuses. Ces armes discr\u00e8tes mais efficaces offrent une s\u00e9curit\u00e9 suppl\u00e9mentaire.<\/p><\/div><\/div><div class=\"wp-block-uagb-faq-child uagb-faq-child__outer-wrap uagb-faq-item uagb-block-c1883ad9\" role=\"tab\" tabindex=\"0\"><div class=\"uagb-faq-questions-button uagb-faq-questions\">\t\t\t<span class=\"uagb-icon uagb-faq-icon-wrap\">\n\t\t\t\t\t\t\t\t<svg xmlns=\"https:\/\/www.w3.org\/2000\/svg\" viewbox= \"0 0 448 512\"><path d=\"M432 256c0 17.69-14.33 32.01-32 32.01H256v144c0 17.69-14.33 31.99-32 31.99s-32-14.3-32-31.99v-144H48c-17.67 0-32-14.32-32-32.01s14.33-31.99 32-31.99H192v-144c0-17.69 14.33-32.01 32-32.01s32 14.32 32 32.01v144h144C417.7 224 432 238.3 432 256z\"><\/path><\/svg>\n\t\t\t\t\t\t\t<\/span>\n\t\t\t\t\t\t<span class=\"uagb-icon-active uagb-faq-icon-wrap\">\n\t\t\t\t\t\t\t\t<svg xmlns=\"https:\/\/www.w3.org\/2000\/svg\" viewbox= \"0 0 448 512\"><path d=\"M400 288h-352c-17.69 0-32-14.32-32-32.01s14.31-31.99 32-31.99h352c17.69 0 32 14.3 32 31.99S417.7 288 400 288z\"><\/path><\/svg>\n\t\t\t\t\t\t\t<\/span>\n\t\t\t<h5 class=\"uagb-question\">Comment puis-je me d\u00e9fendre avec un anneau d'autod\u00e9fense ?<\/h5><\/div><div class=\"uagb-faq-content\"><p><strong>Frappes de pr\u00e9cision<\/strong>: Lorsque vous portez votre bague d'autod\u00e9fense, adoptez une prise ferme et donnez des coups de poing pr\u00e9cis dans les yeux, la gorge ou le visage de l'agresseur. Ces coups cibl\u00e9s peuvent cr\u00e9er des blessures profondes et dissuasives.<br><br><strong>Fentes rapides<\/strong>: Avec votre anneau d'autod\u00e9fense bien en place, ex\u00e9cutez un mouvement lat\u00e9ral de taillade contre les yeux, la gorge ou le visage d'un agresseur. Cette technique peut provoquer de longues entailles, d\u00e9courageant ainsi toute nouvelle agression.<br><br><strong>Man\u0153uvres strat\u00e9giques<\/strong>: Positionnez votre anneau d'autod\u00e9fense \u00e0 l'int\u00e9rieur de votre paume, en veillant \u00e0 ce que la lame soit orient\u00e9e vers l'int\u00e9rieur. En situation de d\u00e9fense, saisissez le bras d'un assaillant et tirez, en utilisant l'anneau pour entailler et cr\u00e9er une blessure importante.<\/p><\/div><\/div><div class=\"wp-block-uagb-faq-child uagb-faq-child__outer-wrap uagb-faq-item uagb-block-32426f85\" role=\"tab\" tabindex=\"0\"><div class=\"uagb-faq-questions-button uagb-faq-questions\">\t\t\t<span class=\"uagb-icon uagb-faq-icon-wrap\">\n\t\t\t\t\t\t\t\t<svg xmlns=\"https:\/\/www.w3.org\/2000\/svg\" viewbox= \"0 0 448 512\"><path d=\"M432 256c0 17.69-14.33 32.01-32 32.01H256v144c0 17.69-14.33 31.99-32 31.99s-32-14.3-32-31.99v-144H48c-17.67 0-32-14.32-32-32.01s14.33-31.99 32-31.99H192v-144c0-17.69 14.33-32.01 32-32.01s32 14.32 32 32.01v144h144C417.7 224 432 238.3 432 256z\"><\/path><\/svg>\n\t\t\t\t\t\t\t<\/span>\n\t\t\t\t\t\t<span class=\"uagb-icon-active uagb-faq-icon-wrap\">\n\t\t\t\t\t\t\t\t<svg xmlns=\"https:\/\/www.w3.org\/2000\/svg\" viewbox= \"0 0 448 512\"><path d=\"M400 288h-352c-17.69 0-32-14.32-32-32.01s14.31-31.99 32-31.99h352c17.69 0 32 14.3 32 31.99S417.7 288 400 288z\"><\/path><\/svg>\n\t\t\t\t\t\t\t<\/span>\n\t\t\t<h5 class=\"uagb-question\">Que peut faire un anneau d'autod\u00e9fense pour se prot\u00e9ger d'un agresseur ?<\/h5><\/div><div class=\"uagb-faq-content\"><p><strong>Mettre l'attaquant mal \u00e0 l'aise<\/strong>: Nos anneaux d'autod\u00e9fense sont \u00e9quip\u00e9s de lames de pr\u00e9cision qui peuvent cibler les cellules nerveuses, causant ainsi une g\u00eane importante \u00e0 l'agresseur.<br><br><strong>Am\u00e9liorez votre s\u00e9curit\u00e9<\/strong>: Con\u00e7us avec des lames tranchantes, nos anneaux d'autod\u00e9fense peuvent couper la peau et les vaisseaux sanguins, attirant le sang et cr\u00e9ant un effet dissuasif contre les menaces potentielles.<br><br><strong>Pr\u00e9server les preuves<\/strong>: En plus de leurs capacit\u00e9s d\u00e9fensives, nos bagues d'autod\u00e9fense vous permettent de collecter l'ADN d'un agresseur par le biais des cellules de la peau ou du sang, ce qui aide les forces de l'ordre dans leurs enqu\u00eates.<\/p><\/div><\/div><div class=\"wp-block-uagb-faq-child uagb-faq-child__outer-wrap uagb-faq-item uagb-block-6e37dee3\" role=\"tab\" tabindex=\"0\"><div class=\"uagb-faq-questions-button uagb-faq-questions\">\t\t\t<span class=\"uagb-icon uagb-faq-icon-wrap\">\n\t\t\t\t\t\t\t\t<svg xmlns=\"https:\/\/www.w3.org\/2000\/svg\" viewbox= \"0 0 448 512\"><path d=\"M432 256c0 17.69-14.33 32.01-32 32.01H256v144c0 17.69-14.33 31.99-32 31.99s-32-14.3-32-31.99v-144H48c-17.67 0-32-14.32-32-32.01s14.33-31.99 32-31.99H192v-144c0-17.69 14.33-32.01 32-32.01s32 14.32 32 32.01v144h144C417.7 224 432 238.3 432 256z\"><\/path><\/svg>\n\t\t\t\t\t\t\t<\/span>\n\t\t\t\t\t\t<span class=\"uagb-icon-active uagb-faq-icon-wrap\">\n\t\t\t\t\t\t\t\t<svg xmlns=\"https:\/\/www.w3.org\/2000\/svg\" viewbox= \"0 0 448 512\"><path d=\"M400 288h-352c-17.69 0-32-14.32-32-32.01s14.31-31.99 32-31.99h352c17.69 0 32 14.3 32 31.99S417.7 288 400 288z\"><\/path><\/svg>\n\t\t\t\t\t\t\t<\/span>\n\t\t\t<h5 class=\"uagb-question\">Quelle est la diff\u00e9rence entre se d\u00e9fendre et se d\u00e9fendre en portant ses bagues d'autod\u00e9fense ?<\/h5><\/div><div class=\"uagb-faq-content\"><p>Si la d\u00e9fense \u00e0 mains nues ne suffit pas toujours \u00e0 neutraliser un agresseur ou \u00e0 pr\u00e9server les preuves, nos anneaux d'autod\u00e9fense offrent une solution unique. Ces anneaux renforcent votre instinct naturel de d\u00e9fense en vous permettant de d\u00e9chirer la peau humaine, de pr\u00e9lever du sang et de l'ADN, tout en garantissant votre s\u00e9curit\u00e9.<\/p><\/div><\/div><div class=\"wp-block-uagb-faq-child uagb-faq-child__outer-wrap uagb-faq-item uagb-block-340ef215\" role=\"tab\" tabindex=\"0\"><div class=\"uagb-faq-questions-button uagb-faq-questions\">\t\t\t<span class=\"uagb-icon uagb-faq-icon-wrap\">\n\t\t\t\t\t\t\t\t<svg xmlns=\"https:\/\/www.w3.org\/2000\/svg\" viewbox= \"0 0 448 512\"><path d=\"M432 256c0 17.69-14.33 32.01-32 32.01H256v144c0 17.69-14.33 31.99-32 31.99s-32-14.3-32-31.99v-144H48c-17.67 0-32-14.32-32-32.01s14.33-31.99 32-31.99H192v-144c0-17.69 14.33-32.01 32-32.01s32 14.32 32 32.01v144h144C417.7 224 432 238.3 432 256z\"><\/path><\/svg>\n\t\t\t\t\t\t\t<\/span>\n\t\t\t\t\t\t<span class=\"uagb-icon-active uagb-faq-icon-wrap\">\n\t\t\t\t\t\t\t\t<svg xmlns=\"https:\/\/www.w3.org\/2000\/svg\" viewbox= \"0 0 448 512\"><path d=\"M400 288h-352c-17.69 0-32-14.32-32-32.01s14.31-31.99 32-31.99h352c17.69 0 32 14.3 32 31.99S417.7 288 400 288z\"><\/path><\/svg>\n\t\t\t\t\t\t\t<\/span>\n\t\t\t<h5 class=\"uagb-question\">En quel mat\u00e9riau sont fabriqu\u00e9es vos bagues ?<\/h5><\/div><div class=\"uagb-faq-content\"><p><br>Toutes les bagues sont forg\u00e9es \u00e0 partir de diff\u00e9rents mat\u00e9riaux, dont l'argent sterling 925, l'acier inoxydable 316L et l'acier titane.<br><br><br><strong>Argent 925<\/strong>:<br><strong>Composition<\/strong>: Il s'agit d'un alliage compos\u00e9 de\u00a0<strong>92.5% argent<\/strong>\u00a0et\u00a0<strong>7,5% autres m\u00e9taux<\/strong>\u00a0(g\u00e9n\u00e9ralement du cuivre, du zinc ou du nickel).<br><strong>Solidit\u00e9 et durabilit\u00e9<\/strong>: L'argent sterling est plus durable que l'argent pur en raison de l'alliage qu'il contient. Il allie beaut\u00e9 et r\u00e9sistance.<br><strong>R\u00e9sistance \u00e0 la corrosion<\/strong>: Alors que l'argent pur peut ternir, l'argent sterling r\u00e9siste \u00e0 la corrosion.<br><strong>Hallmark<\/strong>: Le poin\u00e7on \"sterling\" ou \"925\" permet d'identifier l'argent v\u00e9ritable.<br><a href=\"https:\/\/www.theworldmaterial.com\/aisi-316l-stainless-steel\/\" target=\"_blank\" rel=\"noreferrer noopener\"><strong>Utilisation des bijoux<\/strong>: Largement utilis\u00e9 en bijouterie en raison de son attrait intemporel et de son prix abordable.<\/a>.<br><br><strong>Acier inoxydable 316L<\/strong>:<br><strong>Composition<\/strong>: Il s'agit d'un acier inoxydable aust\u00e9nitique modifi\u00e9 \u00e0 tr\u00e8s faible teneur en carbone, de la s\u00e9rie Cr-Ni-Mo, bas\u00e9 sur l'AISI 316.<br><strong>R\u00e9sistance \u00e0 la corrosion<\/strong>: R\u00e9sistant \u00e0 la corrosion dans divers environnements, y compris l'acide phosphorique, l'acide ac\u00e9tique et les solutions dilu\u00e9es de chlorure.<br><strong>Soudabilit\u00e9<\/strong>: Peut \u00eatre soud\u00e9 sans compromettre la r\u00e9sistance \u00e0 la corrosion.<br><strong>La force<\/strong>: R\u00e9sistance minimale \u00e0 la traction de\u00a0<strong>70 ksi<\/strong>\u00a0(485 MPa) \u00e0 l'\u00e9tat recuit.<br><a href=\"https:\/\/www.theworldmaterial.com\/aisi-316l-stainless-steel\/\" target=\"_blank\" rel=\"noreferrer noopener\"><strong>Applications<\/strong>: Utilis\u00e9 pour les pi\u00e8ces qui ne peuvent pas \u00eatre recuites apr\u00e8s le soudage, comme dans les environnements corrosifs.<\/a>.<br><br><strong>Acier au titane<\/strong>:<br><strong>Propri\u00e9t\u00e9s<\/strong>: Connu pour sa l\u00e9g\u00e8ret\u00e9, sa solidit\u00e9 et sa grande r\u00e9sistance \u00e0 la corrosion.<br><strong>Respect de l'environnement<\/strong>: R\u00e9serves abondantes et excellente convivialit\u00e9.<br><strong>Capacit\u00e9 de traitement<\/strong>: Peut \u00eatre form\u00e9 \u00e0 l'aide d'outils similaires \u00e0 ceux utilis\u00e9s pour l'acier \u00e0 faible teneur en carbone et l'acier inoxydable.<br><strong>Efficacit\u00e9 \u00e9conomique<\/strong>: Bien qu'il soit plus cher par masse, sa faible densit\u00e9 r\u00e9duit la diff\u00e9rence de co\u00fbt par volume.<br><a href=\"https:\/\/www.nipponsteel.com\/en\/product\/titan\/feature\/\" target=\"_blank\" rel=\"noreferrer noopener\"><strong>Applications<\/strong>: Utilis\u00e9 dans l'a\u00e9rospatiale, les proth\u00e8ses m\u00e9dicales et les mat\u00e9riaux de construction en raison de ses propri\u00e9t\u00e9s uniques.<\/a>.<\/p><\/div><\/div><div class=\"wp-block-uagb-faq-child uagb-faq-child__outer-wrap uagb-faq-item uagb-block-76f385c6\" role=\"tab\" tabindex=\"0\"><div class=\"uagb-faq-questions-button uagb-faq-questions\">\t\t\t<span class=\"uagb-icon uagb-faq-icon-wrap\">\n\t\t\t\t\t\t\t\t<svg xmlns=\"https:\/\/www.w3.org\/2000\/svg\" viewbox= \"0 0 448 512\"><path d=\"M432 256c0 17.69-14.33 32.01-32 32.01H256v144c0 17.69-14.33 31.99-32 31.99s-32-14.3-32-31.99v-144H48c-17.67 0-32-14.32-32-32.01s14.33-31.99 32-31.99H192v-144c0-17.69 14.33-32.01 32-32.01s32 14.32 32 32.01v144h144C417.7 224 432 238.3 432 256z\"><\/path><\/svg>\n\t\t\t\t\t\t\t<\/span>\n\t\t\t\t\t\t<span class=\"uagb-icon-active uagb-faq-icon-wrap\">\n\t\t\t\t\t\t\t\t<svg xmlns=\"https:\/\/www.w3.org\/2000\/svg\" viewbox= \"0 0 448 512\"><path d=\"M400 288h-352c-17.69 0-32-14.32-32-32.01s14.31-31.99 32-31.99h352c17.69 0 32 14.3 32 31.99S417.7 288 400 288z\"><\/path><\/svg>\n\t\t\t\t\t\t\t<\/span>\n\t\t\t<h5 class=\"uagb-question\">Les anneaux n\u00e9cessitent-ils un entretien ?<\/h5><\/div><div class=\"uagb-faq-content\"><p>Dans le cadre d'un entretien r\u00e9gulier, nous recommandons de nettoyer et d'entretenir p\u00e9riodiquement nos bagues afin qu'elles conservent leur apparence et leur fonctionnalit\u00e9. Que vous les portiez comme bijoux de tous les jours ou pour l'autod\u00e9fense, un entretien ad\u00e9quat garantit leur long\u00e9vit\u00e9.<\/p><\/div><\/div><div class=\"wp-block-uagb-faq-child uagb-faq-child__outer-wrap uagb-faq-item uagb-block-215b0145\" role=\"tab\" tabindex=\"0\"><div class=\"uagb-faq-questions-button uagb-faq-questions\">\t\t\t<span class=\"uagb-icon uagb-faq-icon-wrap\">\n\t\t\t\t\t\t\t\t<svg xmlns=\"https:\/\/www.w3.org\/2000\/svg\" viewbox= \"0 0 448 512\"><path d=\"M432 256c0 17.69-14.33 32.01-32 32.01H256v144c0 17.69-14.33 31.99-32 31.99s-32-14.3-32-31.99v-144H48c-17.67 0-32-14.32-32-32.01s14.33-31.99 32-31.99H192v-144c0-17.69 14.33-32.01 32-32.01s32 14.32 32 32.01v144h144C417.7 224 432 238.3 432 256z\"><\/path><\/svg>\n\t\t\t\t\t\t\t<\/span>\n\t\t\t\t\t\t<span class=\"uagb-icon-active uagb-faq-icon-wrap\">\n\t\t\t\t\t\t\t\t<svg xmlns=\"https:\/\/www.w3.org\/2000\/svg\" viewbox= \"0 0 448 512\"><path d=\"M400 288h-352c-17.69 0-32-14.32-32-32.01s14.31-31.99 32-31.99h352c17.69 0 32 14.3 32 31.99S417.7 288 400 288z\"><\/path><\/svg>\n\t\t\t\t\t\t\t<\/span>\n\t\t\t<h5 class=\"uagb-question\">Les anneaux peuvent-ils \u00eatre immerg\u00e9s dans l'eau ou mouill\u00e9s ?<\/h5><\/div><div class=\"uagb-faq-content\"><p>Pour garantir la long\u00e9vit\u00e9 de vos bagues, nous vous d\u00e9conseillons de les immerger dans l'eau ou de les mouiller. Certaines de nos bagues comportent des caract\u00e9ristiques m\u00e9caniques qui peuvent \u00eatre affect\u00e9es par l'exposition \u00e0 l'eau.<\/p><\/div><\/div><\/div><\/div><\/div>","protected":false},"excerpt":{"rendered":"","protected":false},"author":1,"featured_media":0,"parent":0,"menu_order":0,"comment_status":"closed","ping_status":"closed","template":"","meta":{"_uag_custom_page_level_css":"","site-sidebar-layout":"default","site-content-layout":"","ast-site-content-layout":"default","site-content-style":"default","site-sidebar-style":"default","ast-global-header-display":"","ast-banner-title-visibility":"","ast-main-header-display":"","ast-hfb-above-header-display":"","ast-hfb-below-header-display":"","ast-hfb-mobile-header-display":"","site-post-title":"disabled","ast-breadcrumbs-content":"","ast-featured-img":"","footer-sml-layout":"","ast-disable-related-posts":"","theme-transparent-header-meta":"","adv-header-id-meta":"","stick-header-meta":"","header-above-stick-meta":"","header-main-stick-meta":"","header-below-stick-meta":"","astra-migrate-meta-layouts":"set","ast-page-background-enabled":"default","ast-page-background-meta":{"desktop":{"background-color":"","background-image":"","background-repeat":"repeat","background-position":"center center","background-size":"auto","background-attachment":"scroll","background-type":"","background-media":"","overlay-type":"","overlay-color":"","overlay-opacity":"","overlay-gradient":""},"tablet":{"background-color":"","background-image":"","background-repeat":"repeat","background-position":"center center","background-size":"auto","background-attachment":"scroll","background-type":"","background-media":"","overlay-type":"","overlay-color":"","overlay-opacity":"","overlay-gradient":""},"mobile":{"background-color":"","background-image":"","background-repeat":"repeat","background-position":"center center","background-size":"auto","background-attachment":"scroll","background-type":"","background-media":"","overlay-type":"","overlay-color":"","overlay-opacity":"","overlay-gradient":""}},"ast-content-background-meta":{"desktop":{"background-color":"var(--ast-global-color-5)","background-image":"","background-repeat":"repeat","background-position":"center center","background-size":"auto","background-attachment":"scroll","background-type":"","background-media":"","overlay-type":"","overlay-color":"","overlay-opacity":"","overlay-gradient":""},"tablet":{"background-color":"var(--ast-global-color-5)","background-image":"","background-repeat":"repeat","background-position":"center center","background-size":"auto","background-attachment":"scroll","background-type":"","background-media":"","overlay-type":"","overlay-color":"","overlay-opacity":"","overlay-gradient":""},"mobile":{"background-color":"var(--ast-global-color-5)","background-image":"","background-repeat":"repeat","background-position":"center center","background-size":"auto","background-attachment":"scroll","background-type":"","background-media":"","overlay-type":"","overlay-color":"","overlay-opacity":"","overlay-gradient":""}},"footnotes":""},"class_list":["post-2060","page","type-page","status-publish","hentry"],"uagb_featured_image_src":{"full":false,"thumbnail":false,"medium":false,"medium_large":false,"large":false,"1536x1536":false,"2048x2048":false,"trp-custom-language-flag":false,"woocommerce_thumbnail":false,"woocommerce_single":false,"woocommerce_gallery_thumbnail":false},"uagb_author_info":{"display_name":"ringsknife.com","author_link":"https:\/\/www.ringsknife.com\/fr\/author\/ringsknife-com\/"},"uagb_comment_info":0,"uagb_excerpt":null,"jetpack_sharing_enabled":true,"_links":{"self":[{"href":"https:\/\/www.ringsknife.com\/fr\/wp-json\/wp\/v2\/pages\/2060","targetHints":{"allow":["GET"]}}],"collection":[{"href":"https:\/\/www.ringsknife.com\/fr\/wp-json\/wp\/v2\/pages"}],"about":[{"href":"https:\/\/www.ringsknife.com\/fr\/wp-json\/wp\/v2\/types\/page"}],"author":[{"embeddable":true,"href":"https:\/\/www.ringsknife.com\/fr\/wp-json\/wp\/v2\/users\/1"}],"replies":[{"embeddable":true,"href":"https:\/\/www.ringsknife.com\/fr\/wp-json\/wp\/v2\/comments?post=2060"}],"version-history":[{"count":0,"href":"https:\/\/www.ringsknife.com\/fr\/wp-json\/wp\/v2\/pages\/2060\/revisions"}],"wp:attachment":[{"href":"https:\/\/www.ringsknife.com\/fr\/wp-json\/wp\/v2\/media?parent=2060"}],"curies":[{"name":"wp","href":"https:\/\/api.w.org\/{rel}","templated":true}]}}