
{"id":6372,"date":"2025-05-08T16:58:55","date_gmt":"2025-05-08T08:58:55","guid":{"rendered":"https:\/\/www.ringsknife.com\/?post_type=product&#038;p=6372"},"modified":"2025-05-08T17:03:56","modified_gmt":"2025-05-08T09:03:56","slug":"car-window-breaking-tool","status":"publish","type":"product","link":"https:\/\/www.ringsknife.com\/es\/producto\/car-window-breaking-tool\/","title":{"rendered":"Pop Up Broken Window Bracelet Car Window Breaking Tool"},"content":{"rendered":"<div class=\"paragraph\">\u00bfBusca una forma fiable y elegante de garantizar su seguridad en situaciones de emergencia? No busque m\u00e1s: nuestro brazalete Pop Up para ventanas rotas. Esta innovadora herramienta para romper ventanillas de coche est\u00e1 dise\u00f1ada para proporcionarle un medio de escape r\u00e1pido y eficaz cuando m\u00e1s lo necesite.<\/div>\n<div class=\"paragraph\"><strong class=\"\">Caracter\u00edsticas principales:<\/strong><\/div>\n<ul>\n<li>\n<div class=\"paragraph\"><strong class=\"\">Material de primera calidad:<\/strong> Fabricada con tungsteno de alta calidad, esta pulsera tiene una dureza de 65, lo que la hace incre\u00edblemente duradera y resistente al desgaste. La punta de tungsteno es lo bastante potente como para romper los cristales de un coche en un segundo, lo que garantiza una huida r\u00e1pida y eficaz.<\/div>\n<\/li>\n<li>\n<div class=\"paragraph\"><strong>C\u00f3modo y con estilo:<\/strong> La pulsera est\u00e1 fabricada con una cuerda de l\u00e1tex el\u00e1stica, que permite un ajuste c\u00f3modo y seguro en la mu\u00f1eca. No solo es funcional, sino que tambi\u00e9n est\u00e1 de moda, lo que la convierte en un accesorio vers\u00e1til que puedes llevar a diario.<\/div>\n<\/li>\n<li>\n<div class=\"paragraph\"><strong class=\"\">Dise\u00f1o reutilizable:<\/strong> A diferencia de las herramientas desechables para romper ventanas, nuestro brazalete es reutilizable. Basta con colocarla en su sitio despu\u00e9s de usarla y estar\u00e1 lista para la pr\u00f3xima emergencia.<\/div>\n<\/li>\n<li>\n<div class=\"paragraph\"><strong class=\"\">Escape r\u00e1pido:<\/strong> En caso de emergencia, cada segundo cuenta. Con esta pulsera, puedes romper la ventana en solo un segundo, proporcion\u00e1ndote una v\u00eda de escape r\u00e1pida y f\u00e1cil.<\/div>\n<\/li>\n<\/ul>\n<div class=\"paragraph\"><strong class=\"\">Especificaciones:<\/strong><\/div>\n<ul>\n<li>\n<div class=\"paragraph\">Material: Tungsteno (punta) y cuerda el\u00e1stica de l\u00e1tex (brazalete)<\/div>\n<\/li>\n<li>\n<div class=\"paragraph\">Dureza: 65<\/div>\n<\/li>\n<li>\n<div class=\"paragraph\">Talla: Ajustable para adaptarse a la mayor\u00eda de los tama\u00f1os de mu\u00f1eca<\/div>\n<\/li>\n<li>\n<div class=\"paragraph\">Color: Disponible en m\u00faltiples opciones de estilo para adaptarse a su estilo personal<\/div>\n<\/li>\n<\/ul>\n<div class=\"paragraph\"><strong class=\"\">Uso:<\/strong><\/div>\n<ol start=\"1\">\n<li>\n<div class=\"paragraph\">En caso de una emergencia en la que necesite salir r\u00e1pidamente de su veh\u00edculo, s\u00f3lo tiene que quitarse la pulsera de la mu\u00f1eca.<\/div>\n<\/li>\n<li>\n<div class=\"paragraph\">Apunte la punta de tungsteno hacia la posici\u00f3n f\u00e1cilmente rompible de la ventanilla del coche.<\/div>\n<\/li>\n<li>\n<div class=\"paragraph\">Levanta la cuerda de l\u00e1tex extensible para romper el cristal en un segundo.<\/div>\n<\/li>\n<li>\n<div class=\"paragraph\">Vuelve a colocar la pulsera en su sitio y gu\u00e1rdala para utilizarla en el futuro.<\/div>\n<\/li>\n<\/ol>\n<div class=\"paragraph\"><strong class=\"\">La seguridad primero, el estilo despu\u00e9s:<\/strong><\/div>\n<div class=\"paragraph\">Nuestra pulsera Pop Up Broken Window es la combinaci\u00f3n perfecta de seguridad y estilo. Tanto si conduces largas distancias como si simplemente haces recados por la ciudad, esta pulsera te garantiza que siempre estar\u00e1s preparado para cualquier emergencia. \u00a1P\u00eddela ahora y mantente seguro en la carretera!<\/div>","protected":false},"excerpt":{"rendered":"<ol start=\"1\">\n<li>\n<div class=\"paragraph\"><strong>Dureza del wolframio (65)<\/strong>: Rompe las ventanillas del coche en 1 segundo para escapar al instante.<\/div>\n<\/li>\n<li>\n<div class=\"paragraph\"><strong class=\"\">Cuerda el\u00e1stica de l\u00e1tex<\/strong>: Ajuste c\u00f3modo y ajustable para todos los tama\u00f1os de mu\u00f1eca.<\/div>\n<\/li>\n<li>\n<div class=\"paragraph\"><strong>Duradero y reutilizable<\/strong>: Dise\u00f1o duradero, preparado para m\u00faltiples usos.<\/div>\n<\/li>\n<li>\n<div class=\"paragraph\"><strong class=\"\">Soluci\u00f3n de escape r\u00e1pido<\/strong>: Herramienta f\u00e1cil de usar para emergencias.<\/div>\n<\/li>\n<li>\n<div class=\"paragraph\"><strong class=\"\">Elegante y discreto<\/strong>: Brazalete que combina seguridad y moda.<\/div>\n<\/li>\n<\/ol>","protected":false},"featured_media":6373,"comment_status":"open","ping_status":"closed","template":"","meta":{"_uag_custom_page_level_css":"","site-sidebar-layout":"default","site-content-layout":"","ast-site-content-layout":"default","site-content-style":"default","site-sidebar-style":"default","ast-global-header-display":"","ast-banner-title-visibility":"","ast-main-header-display":"","ast-hfb-above-header-display":"","ast-hfb-below-header-display":"","ast-hfb-mobile-header-display":"","site-post-title":"","ast-breadcrumbs-content":"","ast-featured-img":"","footer-sml-layout":"","ast-disable-related-posts":"","theme-transparent-header-meta":"default","adv-header-id-meta":"","stick-header-meta":"default","header-above-stick-meta":"","header-main-stick-meta":"","header-below-stick-meta":"","astra-migrate-meta-layouts":"set","ast-page-background-enabled":"default","ast-page-background-meta":{"desktop":{"background-color":"","background-image":"","background-repeat":"repeat","background-position":"center center","background-size":"auto","background-attachment":"scroll","background-type":"","background-media":"","overlay-type":"","overlay-color":"","overlay-opacity":"","overlay-gradient":""},"tablet":{"background-color":"","background-image":"","background-repeat":"repeat","background-position":"center center","background-size":"auto","background-attachment":"scroll","background-type":"","background-media":"","overlay-type":"","overlay-color":"","overlay-opacity":"","overlay-gradient":""},"mobile":{"background-color":"","background-image":"","background-repeat":"repeat","background-position":"center center","background-size":"auto","background-attachment":"scroll","background-type":"","background-media":"","overlay-type":"","overlay-color":"","overlay-opacity":"","overlay-gradient":""}},"ast-content-background-meta":{"desktop":{"background-color":"var(--ast-global-color-5)","background-image":"","background-repeat":"repeat","background-position":"center center","background-size":"auto","background-attachment":"scroll","background-type":"","background-media":"","overlay-type":"","overlay-color":"","overlay-opacity":"","overlay-gradient":""},"tablet":{"background-color":"var(--ast-global-color-5)","background-image":"","background-repeat":"repeat","background-position":"center center","background-size":"auto","background-attachment":"scroll","background-type":"","background-media":"","overlay-type":"","overlay-color":"","overlay-opacity":"","overlay-gradient":""},"mobile":{"background-color":"var(--ast-global-color-5)","background-image":"","background-repeat":"repeat","background-position":"center center","background-size":"auto","background-attachment":"scroll","background-type":"","background-media":"","overlay-type":"","overlay-color":"","overlay-opacity":"","overlay-gradient":""}}},"product_brand":[],"product_cat":[15],"product_tag":[],"class_list":{"0":"post-6372","1":"product","2":"type-product","3":"status-publish","4":"has-post-thumbnail","6":"product_cat-uncategorized","7":"desktop-align-left","8":"tablet-align-left","9":"mobile-align-left","10":"ast-product-gallery-layout-first-image-large","11":"ast-magnify-disabled","12":"ast-product-single-variable","13":"ast-product-tabs-layout-distributed","15":"first","16":"instock","17":"sale","18":"shipping-taxable","19":"purchasable","20":"product-type-variable","21":"has-default-attributes"},"uagb_featured_image_src":{"full":["https:\/\/www.ringsknife.com\/wp-content\/uploads\/2025\/05\/Women-bracelet-Car-Window-Breaking-Tool-1.jpg",1200,1200,false],"thumbnail":["https:\/\/www.ringsknife.com\/wp-content\/uploads\/2025\/05\/Women-bracelet-Car-Window-Breaking-Tool-1-150x150.jpg",150,150,true],"medium":["https:\/\/www.ringsknife.com\/wp-content\/uploads\/2025\/05\/Women-bracelet-Car-Window-Breaking-Tool-1-300x300.jpg",300,300,true],"medium_large":["https:\/\/www.ringsknife.com\/wp-content\/uploads\/2025\/05\/Women-bracelet-Car-Window-Breaking-Tool-1-768x768.jpg",768,768,true],"large":["https:\/\/www.ringsknife.com\/wp-content\/uploads\/2025\/05\/Women-bracelet-Car-Window-Breaking-Tool-1-1024x1024.jpg",1024,1024,true],"1536x1536":["https:\/\/www.ringsknife.com\/wp-content\/uploads\/2025\/05\/Women-bracelet-Car-Window-Breaking-Tool-1.jpg",1200,1200,false],"2048x2048":["https:\/\/www.ringsknife.com\/wp-content\/uploads\/2025\/05\/Women-bracelet-Car-Window-Breaking-Tool-1.jpg",1200,1200,false],"trp-custom-language-flag":["https:\/\/www.ringsknife.com\/wp-content\/uploads\/2025\/05\/Women-bracelet-Car-Window-Breaking-Tool-1-12x12.jpg",12,12,true],"woocommerce_thumbnail":["https:\/\/www.ringsknife.com\/wp-content\/uploads\/2025\/05\/Women-bracelet-Car-Window-Breaking-Tool-1-800x800.jpg",800,800,true],"woocommerce_single":["https:\/\/www.ringsknife.com\/wp-content\/uploads\/2025\/05\/Women-bracelet-Car-Window-Breaking-Tool-1-800x800.jpg",800,800,true],"woocommerce_gallery_thumbnail":["https:\/\/www.ringsknife.com\/wp-content\/uploads\/2025\/05\/Women-bracelet-Car-Window-Breaking-Tool-1-100x100.jpg",100,100,true]},"uagb_author_info":{"display_name":"ringsknife.com","author_link":"https:\/\/www.ringsknife.com\/es\/author\/"},"uagb_comment_info":1,"uagb_excerpt":"Tungsten Hardness (65): Shatters car windows in 1 second for instant escape. Stretch Latex Rope: Comfortable, adjustable fit for all wrist sizes. Durable &amp; Reusable: Long-lasting design, ready for multiple uses. Quick Escape Solution: Easy-to-use tool for emergencies. Stylish &amp; Discreet: Wearable bracelet that blends safety with fashion.","jetpack_sharing_enabled":true,"_links":{"self":[{"href":"https:\/\/www.ringsknife.com\/es\/wp-json\/wp\/v2\/product\/6372","targetHints":{"allow":["GET"]}}],"collection":[{"href":"https:\/\/www.ringsknife.com\/es\/wp-json\/wp\/v2\/product"}],"about":[{"href":"https:\/\/www.ringsknife.com\/es\/wp-json\/wp\/v2\/types\/product"}],"replies":[{"embeddable":true,"href":"https:\/\/www.ringsknife.com\/es\/wp-json\/wp\/v2\/comments?post=6372"}],"version-history":[{"count":3,"href":"https:\/\/www.ringsknife.com\/es\/wp-json\/wp\/v2\/product\/6372\/revisions"}],"predecessor-version":[{"id":94158,"href":"https:\/\/www.ringsknife.com\/es\/wp-json\/wp\/v2\/product\/6372\/revisions\/94158"}],"wp:featuredmedia":[{"embeddable":true,"href":"https:\/\/www.ringsknife.com\/es\/wp-json\/wp\/v2\/media\/6373"}],"wp:attachment":[{"href":"https:\/\/www.ringsknife.com\/es\/wp-json\/wp\/v2\/media?parent=6372"}],"wp:term":[{"taxonomy":"product_brand","embeddable":true,"href":"https:\/\/www.ringsknife.com\/es\/wp-json\/wp\/v2\/product_brand?post=6372"},{"taxonomy":"product_cat","embeddable":true,"href":"https:\/\/www.ringsknife.com\/es\/wp-json\/wp\/v2\/product_cat?post=6372"},{"taxonomy":"product_tag","embeddable":true,"href":"https:\/\/www.ringsknife.com\/es\/wp-json\/wp\/v2\/product_tag?post=6372"}],"curies":[{"name":"wp","href":"https:\/\/api.w.org\/{rel}","templated":true}]}}