
{"id":6065,"date":"2025-03-27T11:22:40","date_gmt":"2025-03-27T03:22:40","guid":{"rendered":"https:\/\/www.ringsknife.com\/?post_type=product&#038;p=6065"},"modified":"2025-06-07T22:45:09","modified_gmt":"2025-06-07T14:45:09","slug":"self-defense-kits-for-women","status":"publish","type":"product","link":"https:\/\/www.ringsknife.com\/es\/producto\/kits-de-defensa-personal-para-mujeres\/","title":{"rendered":"7 piezas Llavero Coraz\u00f3n Arco Iris Kits de Autodefensa para Mujer"},"content":{"rendered":"<h3 data-start=\"94\" data-end=\"183\"><strong data-start=\"94\" data-end=\"183\">Mant\u00e9ngase a salvo con estilo con el llavero de 7 piezas Rainbow Heart Self Defense Kits for Women<\/strong><\/h3>\n<p class=\"\" data-start=\"185\" data-end=\"615\">A\u00f1ada un estallido de color y confianza a su porte diario con el Kit de Autodefensa Llavero Coraz\u00f3n Arco Iris de 7 piezas. Dise\u00f1ado para mujeres que valoran tanto la seguridad como el estilo, este vibrante kit incluye una mezcla de herramientas funcionales de autodefensa, todas envueltas en un colorido y moderno dise\u00f1o de coraz\u00f3n arco iris. Fabricado en acero duradero, aluminio y pl\u00e1stico duro, cada pieza est\u00e1 hecha para durar mientras te ayuda a estar preparada para cualquier situaci\u00f3n.<\/p>\n<h3 data-start=\"617\" data-end=\"634\"><strong data-start=\"617\" data-end=\"634\">El kit incluye:<\/strong><\/h3>\n<ul data-start=\"636\" data-end=\"1343\">\n<li class=\"\" data-start=\"636\" data-end=\"727\">\n<p class=\"\" data-start=\"638\" data-end=\"727\"><strong data-start=\"638\" data-end=\"650\">Kubaton:<\/strong> Una herramienta de defensa personal elegante y robusta con un dise\u00f1o colorido que le da un toque especial.<\/p>\n<\/li>\n<li class=\"\" data-start=\"728\" data-end=\"821\">\n<p class=\"\" data-start=\"730\" data-end=\"821\"><strong data-start=\"730\" data-end=\"756\">Abrepuertas sin contacto:<\/strong> Mant\u00e9ngase higi\u00e9nico y seguro con esta llamativa herramienta f\u00e1cil de usar.<\/p>\n<\/li>\n<li class=\"\" data-start=\"822\" data-end=\"926\">\n<p class=\"\" data-start=\"824\" data-end=\"926\"><strong data-start=\"824\" data-end=\"859\">Rompecristales\/Cortador de cintur\u00f3n de seguridad:<\/strong> Prep\u00e1rese para emergencias con estilo gracias a esta herramienta multifuncional.<\/p>\n<\/li>\n<li class=\"\" data-start=\"927\" data-end=\"1014\">\n<p class=\"\" data-start=\"929\" data-end=\"1014\"><strong data-start=\"929\" data-end=\"941\">Silbato:<\/strong> Un silbato alto y llamativo, tan brillante y atrevido como t\u00fa.<\/p>\n<\/li>\n<li class=\"\" data-start=\"1015\" data-end=\"1113\">\n<p class=\"\" data-start=\"1017\" data-end=\"1113\"><strong data-start=\"1017\" data-end=\"1036\">Correa de pulsera:<\/strong> Mant\u00e9n tu llavero seguro, accesible y a la moda con esta elegante correa.<\/p>\n<\/li>\n<li class=\"\" data-start=\"1114\" data-end=\"1201\">\n<p class=\"\" data-start=\"1116\" data-end=\"1201\"><strong data-start=\"1116\" data-end=\"1133\">Pomp\u00f3n de coraz\u00f3n:<\/strong> A\u00f1ade un toque divertido y colorido a tu llavero a la vez que te mantienes protegido.<\/p>\n<\/li>\n<li class=\"\" data-start=\"1202\" data-end=\"1343\">\n<p class=\"\" data-start=\"1204\" data-end=\"1343\"><strong data-start=\"1204\" data-end=\"1223\">Cubo de almacenamiento:<\/strong> Un c\u00f3modo y elegante cubo para organizar sus objetos esenciales de defensa personal, que le facilitar\u00e1 llevar todo en un mismo lugar.<\/p>\n<\/li>\n<\/ul>\n<p class=\"\" data-start=\"1345\" data-end=\"1698\">Con su paleta de colores del arco iris y su elegante dise\u00f1o en forma de coraz\u00f3n, este kit de defensa personal no se trata s\u00f3lo de protecci\u00f3n, sino de sentirse segura de s\u00ed misma y a la moda all\u00e1 donde vaya. El regalo perfecto para las vacaciones, cumplea\u00f1os o cualquier ocasi\u00f3n, este kit es una manera reflexiva y divertida de mostrar a alguien que usted se preocupa por su seguridad de la manera m\u00e1s elegante posible.<\/p>","protected":false},"excerpt":{"rendered":"<ul>\n<li class=\"\" data-start=\"109\" data-end=\"289\">\n<p class=\"\" data-start=\"112\" data-end=\"289\"><strong data-start=\"112\" data-end=\"146\">Dise\u00f1o colorido y a la moda:<\/strong> El vibrante llavero en forma de coraz\u00f3n arco iris no es s\u00f3lo una herramienta de seguridad, sino un accesorio divertido y elegante que a\u00f1ade un toque de color a tu d\u00eda a d\u00eda.<\/p>\n<\/li>\n<li class=\"\" data-start=\"291\" data-end=\"487\">\n<p class=\"\" data-start=\"294\" data-end=\"487\"><strong data-start=\"294\" data-end=\"329\">Soluci\u00f3n completa de defensa personal:<\/strong> Repleto de herramientas esenciales como un Kubaton, un rompeventanas, un cortacinturones de seguridad, un silbato y mucho m\u00e1s, este kit le garantiza que estar\u00e1 preparado para cualquier situaci\u00f3n de emergencia.<\/p>\n<\/li>\n<li class=\"\" data-start=\"489\" data-end=\"659\">\n<p class=\"\" data-start=\"492\" data-end=\"659\"><strong data-start=\"492\" data-end=\"517\">Compacto y pr\u00e1ctico:<\/strong> Con una correa para la mu\u00f1eca y un cubo de almacenamiento, este ligero kit es f\u00e1cil de transportar y mantiene todas sus herramientas de defensa personal organizadas en un solo lugar.<\/p>\n<\/li>\n<li class=\"\" data-start=\"661\" data-end=\"826\">\n<p class=\"\" data-start=\"664\" data-end=\"826\"><strong data-start=\"664\" data-end=\"686\">Materiales duraderos:<\/strong> Fabricadas en acero, aluminio y pl\u00e1stico duro de alta calidad, todas las herramientas del kit est\u00e1n dise\u00f1adas para durar y funcionar de forma fiable cuando m\u00e1s se necesitan.<\/p>\n<\/li>\n<li class=\"\" data-start=\"828\" data-end=\"1040\">\n<p class=\"\" data-start=\"831\" data-end=\"1040\"><strong data-start=\"831\" data-end=\"867\">Regalo perfecto para seguridad y estilo:<\/strong> Ideal para vacaciones, cumplea\u00f1os o como regalo considerado para sus seres queridos, este kit de defensa personal combina la practicidad con la moda para demostrar que se preocupa por el bienestar de alguien.<\/p>\n<\/li>\n<\/ul>","protected":false},"featured_media":6077,"comment_status":"open","ping_status":"closed","template":"","meta":{"_uag_custom_page_level_css":"","site-sidebar-layout":"default","site-content-layout":"","ast-site-content-layout":"default","site-content-style":"default","site-sidebar-style":"default","ast-global-header-display":"","ast-banner-title-visibility":"","ast-main-header-display":"","ast-hfb-above-header-display":"","ast-hfb-below-header-display":"","ast-hfb-mobile-header-display":"","site-post-title":"","ast-breadcrumbs-content":"","ast-featured-img":"","footer-sml-layout":"","ast-disable-related-posts":"","theme-transparent-header-meta":"default","adv-header-id-meta":"","stick-header-meta":"default","header-above-stick-meta":"","header-main-stick-meta":"","header-below-stick-meta":"","astra-migrate-meta-layouts":"set","ast-page-background-enabled":"default","ast-page-background-meta":{"desktop":{"background-color":"","background-image":"","background-repeat":"repeat","background-position":"center center","background-size":"auto","background-attachment":"scroll","background-type":"","background-media":"","overlay-type":"","overlay-color":"","overlay-opacity":"","overlay-gradient":""},"tablet":{"background-color":"","background-image":"","background-repeat":"repeat","background-position":"center center","background-size":"auto","background-attachment":"scroll","background-type":"","background-media":"","overlay-type":"","overlay-color":"","overlay-opacity":"","overlay-gradient":""},"mobile":{"background-color":"","background-image":"","background-repeat":"repeat","background-position":"center center","background-size":"auto","background-attachment":"scroll","background-type":"","background-media":"","overlay-type":"","overlay-color":"","overlay-opacity":"","overlay-gradient":""}},"ast-content-background-meta":{"desktop":{"background-color":"var(--ast-global-color-5)","background-image":"","background-repeat":"repeat","background-position":"center center","background-size":"auto","background-attachment":"scroll","background-type":"","background-media":"","overlay-type":"","overlay-color":"","overlay-opacity":"","overlay-gradient":""},"tablet":{"background-color":"var(--ast-global-color-5)","background-image":"","background-repeat":"repeat","background-position":"center center","background-size":"auto","background-attachment":"scroll","background-type":"","background-media":"","overlay-type":"","overlay-color":"","overlay-opacity":"","overlay-gradient":""},"mobile":{"background-color":"var(--ast-global-color-5)","background-image":"","background-repeat":"repeat","background-position":"center center","background-size":"auto","background-attachment":"scroll","background-type":"","background-media":"","overlay-type":"","overlay-color":"","overlay-opacity":"","overlay-gradient":""}}},"product_brand":[],"product_cat":[169,50],"product_tag":[167,166],"class_list":{"0":"post-6065","1":"product","2":"type-product","3":"status-publish","4":"has-post-thumbnail","6":"product_cat-self-defense-keychain-sets","7":"product_cat-self-defense-keychains","8":"product_tag-self-defense-keychain","9":"product_tag-self-defense-keychain-sets","10":"desktop-align-left","11":"tablet-align-left","12":"mobile-align-left","13":"ast-product-gallery-layout-first-image-large","14":"ast-magnify-disabled","15":"ast-product-single-variable","16":"ast-product-tabs-layout-distributed","18":"first","19":"instock","20":"sale","21":"featured","22":"shipping-taxable","23":"purchasable","24":"product-type-variable","25":"has-default-attributes"},"uagb_featured_image_src":{"full":["https:\/\/www.ringsknife.com\/wp-content\/uploads\/2025\/03\/7-piece-Rainbow-Heart-Keychain-Self-Defense-Kits-for-Women-3.jpg",1200,1200,false],"thumbnail":["https:\/\/www.ringsknife.com\/wp-content\/uploads\/2025\/03\/7-piece-Rainbow-Heart-Keychain-Self-Defense-Kits-for-Women-3-150x150.jpg",150,150,true],"medium":["https:\/\/www.ringsknife.com\/wp-content\/uploads\/2025\/03\/7-piece-Rainbow-Heart-Keychain-Self-Defense-Kits-for-Women-3-300x300.jpg",300,300,true],"medium_large":["https:\/\/www.ringsknife.com\/wp-content\/uploads\/2025\/03\/7-piece-Rainbow-Heart-Keychain-Self-Defense-Kits-for-Women-3-768x768.jpg",768,768,true],"large":["https:\/\/www.ringsknife.com\/wp-content\/uploads\/2025\/03\/7-piece-Rainbow-Heart-Keychain-Self-Defense-Kits-for-Women-3-1024x1024.jpg",1024,1024,true],"1536x1536":["https:\/\/www.ringsknife.com\/wp-content\/uploads\/2025\/03\/7-piece-Rainbow-Heart-Keychain-Self-Defense-Kits-for-Women-3.jpg",1200,1200,false],"2048x2048":["https:\/\/www.ringsknife.com\/wp-content\/uploads\/2025\/03\/7-piece-Rainbow-Heart-Keychain-Self-Defense-Kits-for-Women-3.jpg",1200,1200,false],"trp-custom-language-flag":["https:\/\/www.ringsknife.com\/wp-content\/uploads\/2025\/03\/7-piece-Rainbow-Heart-Keychain-Self-Defense-Kits-for-Women-3.jpg",12,12,false],"woocommerce_thumbnail":["https:\/\/www.ringsknife.com\/wp-content\/uploads\/2025\/03\/7-piece-Rainbow-Heart-Keychain-Self-Defense-Kits-for-Women-3-800x800.jpg",800,800,true],"woocommerce_single":["https:\/\/www.ringsknife.com\/wp-content\/uploads\/2025\/03\/7-piece-Rainbow-Heart-Keychain-Self-Defense-Kits-for-Women-3-800x800.jpg",800,800,true],"woocommerce_gallery_thumbnail":["https:\/\/www.ringsknife.com\/wp-content\/uploads\/2025\/03\/7-piece-Rainbow-Heart-Keychain-Self-Defense-Kits-for-Women-3-100x100.jpg",100,100,true]},"uagb_author_info":{"display_name":"ringsknife.com","author_link":"https:\/\/www.ringsknife.com\/es\/author\/"},"uagb_comment_info":3,"uagb_excerpt":"Colorful &amp; Fashionable Design: The vibrant rainbow heart keychain is not just a safety tool\u2014it's a fun and stylish accessory that adds a pop of color to your everyday carry. Complete Self-Defense Solution: Packed with essential tools like a Kubaton, window breaker, seatbelt cutter, whistle, and more, this kit ensures you're prepared for any emergency&hellip;","jetpack_sharing_enabled":true,"_links":{"self":[{"href":"https:\/\/www.ringsknife.com\/es\/wp-json\/wp\/v2\/product\/6065","targetHints":{"allow":["GET"]}}],"collection":[{"href":"https:\/\/www.ringsknife.com\/es\/wp-json\/wp\/v2\/product"}],"about":[{"href":"https:\/\/www.ringsknife.com\/es\/wp-json\/wp\/v2\/types\/product"}],"replies":[{"embeddable":true,"href":"https:\/\/www.ringsknife.com\/es\/wp-json\/wp\/v2\/comments?post=6065"}],"version-history":[{"count":0,"href":"https:\/\/www.ringsknife.com\/es\/wp-json\/wp\/v2\/product\/6065\/revisions"}],"wp:featuredmedia":[{"embeddable":true,"href":"https:\/\/www.ringsknife.com\/es\/wp-json\/wp\/v2\/media\/6077"}],"wp:attachment":[{"href":"https:\/\/www.ringsknife.com\/es\/wp-json\/wp\/v2\/media?parent=6065"}],"wp:term":[{"taxonomy":"product_brand","embeddable":true,"href":"https:\/\/www.ringsknife.com\/es\/wp-json\/wp\/v2\/product_brand?post=6065"},{"taxonomy":"product_cat","embeddable":true,"href":"https:\/\/www.ringsknife.com\/es\/wp-json\/wp\/v2\/product_cat?post=6065"},{"taxonomy":"product_tag","embeddable":true,"href":"https:\/\/www.ringsknife.com\/es\/wp-json\/wp\/v2\/product_tag?post=6065"}],"curies":[{"name":"wp","href":"https:\/\/api.w.org\/{rel}","templated":true}]}}