
{"id":5631,"date":"2025-01-11T17:09:53","date_gmt":"2025-01-11T09:09:53","guid":{"rendered":"https:\/\/www.ringsknife.com\/?post_type=product&#038;p=5631"},"modified":"2025-09-04T11:41:29","modified_gmt":"2025-09-04T03:41:29","slug":"window-breaker-keychain","status":"publish","type":"product","link":"https:\/\/www.ringsknife.com\/es\/producto\/llavero-rompeventanas\/","title":{"rendered":"Lujoso Llavero Rompecristales de Strass"},"content":{"rendered":"<h2>Lujoso Llavero Rompecristales de Strass - Seguridad y Estilo<\/h2>\n<p>Presentamos el lujoso llavero rompeventanas de diamantes de imitaci\u00f3n: una combinaci\u00f3n perfecta de seguridad y estilo. Este llavero est\u00e1 dise\u00f1ado para ser su compa\u00f1ero de confianza en situaciones de emergencia, permiti\u00e9ndole romper ventanas con facilidad. Su elegante dise\u00f1o de strass a\u00f1ade un toque de lujo, convirti\u00e9ndolo en un accesorio imprescindible. Disponible en 8 vibrantes colores, no es s\u00f3lo una herramienta de seguridad, sino tambi\u00e9n una declaraci\u00f3n de moda.<\/p>\n<h3><strong>Caracter\u00edsticas<\/strong><\/h3>\n<ul>\n<li><strong>La seguridad ante todo:<\/strong>\u00a0El llavero est\u00e1 dise\u00f1ado con un material resistente y duradero, lo que garantiza que pueda romper ventanas con eficacia en caso de emergencia.<\/li>\n<li><strong>Dise\u00f1o elegante:<\/strong>\u00a0El dise\u00f1o de brillantes a\u00f1ade un toque de elegancia, por lo que es adecuado tanto para ocasiones informales como formales.<\/li>\n<li><strong>M\u00faltiples colores:<\/strong>\u00a0Elija entre 8 vibrantes colores para combinar con su estilo y personalidad.<\/li>\n<li><strong>Tama\u00f1o compacto:<\/strong>\u00a0Su tama\u00f1o compacto facilita su transporte, enganch\u00e1ndolo a las llaves o al bolso.<\/li>\n<\/ul>\n<h3><strong>C\u00f3mo utilizarlo<\/strong><\/h3>\n<p>Utilizar el llavero rompeventanas de diamantes de imitaci\u00f3n es muy sencillo. En caso de emergencia en la que necesite romper una ventana, sujete firmemente el llavero y golpee la ventana en un \u00e1ngulo de 45 grados. La fuerte punta romper\u00e1 el cristal, permiti\u00e9ndole escapar con seguridad.<\/p>","protected":false},"excerpt":{"rendered":"<ul>\n<li>Una herramienta que salva vidas sin renunciar al estilo.<\/li>\n<li>8 vibrantes colores para adaptarse a cualquier atuendo o preferencia.<\/li>\n<li>El dise\u00f1o con brillantes a\u00f1ade un toque de lujo.<\/li>\n<li>Compacta y f\u00e1cil de transportar, siempre a tu lado.<\/li>\n<li class=\"last-node\">Eficaz para romper ventanas durante emergencias.<\/li>\n<\/ul>","protected":false},"featured_media":5650,"comment_status":"open","ping_status":"closed","template":"","meta":{"_uag_custom_page_level_css":"","site-sidebar-layout":"default","site-content-layout":"","ast-site-content-layout":"default","site-content-style":"default","site-sidebar-style":"default","ast-global-header-display":"","ast-banner-title-visibility":"","ast-main-header-display":"","ast-hfb-above-header-display":"","ast-hfb-below-header-display":"","ast-hfb-mobile-header-display":"","site-post-title":"","ast-breadcrumbs-content":"","ast-featured-img":"","footer-sml-layout":"","ast-disable-related-posts":"","theme-transparent-header-meta":"default","adv-header-id-meta":"","stick-header-meta":"default","header-above-stick-meta":"","header-main-stick-meta":"","header-below-stick-meta":"","astra-migrate-meta-layouts":"set","ast-page-background-enabled":"default","ast-page-background-meta":{"desktop":{"background-color":"","background-image":"","background-repeat":"repeat","background-position":"center center","background-size":"auto","background-attachment":"scroll","background-type":"","background-media":"","overlay-type":"","overlay-color":"","overlay-opacity":"","overlay-gradient":""},"tablet":{"background-color":"","background-image":"","background-repeat":"repeat","background-position":"center center","background-size":"auto","background-attachment":"scroll","background-type":"","background-media":"","overlay-type":"","overlay-color":"","overlay-opacity":"","overlay-gradient":""},"mobile":{"background-color":"","background-image":"","background-repeat":"repeat","background-position":"center center","background-size":"auto","background-attachment":"scroll","background-type":"","background-media":"","overlay-type":"","overlay-color":"","overlay-opacity":"","overlay-gradient":""}},"ast-content-background-meta":{"desktop":{"background-color":"var(--ast-global-color-5)","background-image":"","background-repeat":"repeat","background-position":"center center","background-size":"auto","background-attachment":"scroll","background-type":"","background-media":"","overlay-type":"","overlay-color":"","overlay-opacity":"","overlay-gradient":""},"tablet":{"background-color":"var(--ast-global-color-5)","background-image":"","background-repeat":"repeat","background-position":"center center","background-size":"auto","background-attachment":"scroll","background-type":"","background-media":"","overlay-type":"","overlay-color":"","overlay-opacity":"","overlay-gradient":""},"mobile":{"background-color":"var(--ast-global-color-5)","background-image":"","background-repeat":"repeat","background-position":"center center","background-size":"auto","background-attachment":"scroll","background-type":"","background-media":"","overlay-type":"","overlay-color":"","overlay-opacity":"","overlay-gradient":""}}},"product_brand":[],"product_cat":[164],"product_tag":[],"class_list":{"0":"post-5631","1":"product","2":"type-product","3":"status-publish","4":"has-post-thumbnail","6":"product_cat-self-defense-keychain-accessories","7":"desktop-align-left","8":"tablet-align-left","9":"mobile-align-left","10":"ast-product-gallery-layout-first-image-large","11":"ast-magnify-disabled","12":"ast-product-single-variable","13":"ast-product-tabs-layout-distributed","15":"first","16":"instock","17":"sale","18":"featured","19":"shipping-taxable","20":"purchasable","21":"product-type-variable","22":"has-default-attributes"},"uagb_featured_image_src":{"full":["https:\/\/www.ringsknife.com\/wp-content\/uploads\/2025\/01\/Luxurious-Rhinestone-Window-Breaker-Keychain-9.jpg",1000,1000,false],"thumbnail":["https:\/\/www.ringsknife.com\/wp-content\/uploads\/2025\/01\/Luxurious-Rhinestone-Window-Breaker-Keychain-9-150x150.jpg",150,150,true],"medium":["https:\/\/www.ringsknife.com\/wp-content\/uploads\/2025\/01\/Luxurious-Rhinestone-Window-Breaker-Keychain-9-300x300.jpg",300,300,true],"medium_large":["https:\/\/www.ringsknife.com\/wp-content\/uploads\/2025\/01\/Luxurious-Rhinestone-Window-Breaker-Keychain-9-768x768.jpg",768,768,true],"large":["https:\/\/www.ringsknife.com\/wp-content\/uploads\/2025\/01\/Luxurious-Rhinestone-Window-Breaker-Keychain-9.jpg",1000,1000,false],"1536x1536":["https:\/\/www.ringsknife.com\/wp-content\/uploads\/2025\/01\/Luxurious-Rhinestone-Window-Breaker-Keychain-9.jpg",1000,1000,false],"2048x2048":["https:\/\/www.ringsknife.com\/wp-content\/uploads\/2025\/01\/Luxurious-Rhinestone-Window-Breaker-Keychain-9.jpg",1000,1000,false],"trp-custom-language-flag":["https:\/\/www.ringsknife.com\/wp-content\/uploads\/2025\/01\/Luxurious-Rhinestone-Window-Breaker-Keychain-9.jpg",12,12,false],"woocommerce_thumbnail":["https:\/\/www.ringsknife.com\/wp-content\/uploads\/2025\/01\/Luxurious-Rhinestone-Window-Breaker-Keychain-9-800x800.jpg",800,800,true],"woocommerce_single":["https:\/\/www.ringsknife.com\/wp-content\/uploads\/2025\/01\/Luxurious-Rhinestone-Window-Breaker-Keychain-9-800x800.jpg",800,800,true],"woocommerce_gallery_thumbnail":["https:\/\/www.ringsknife.com\/wp-content\/uploads\/2025\/01\/Luxurious-Rhinestone-Window-Breaker-Keychain-9-100x100.jpg",100,100,true]},"uagb_author_info":{"display_name":"ringsknife.com","author_link":"https:\/\/www.ringsknife.com\/es\/author\/"},"uagb_comment_info":4,"uagb_excerpt":"A life-saving tool that doesn't compromise on style. 8 vibrant colors to suit any outfit or preference. Bling rhinestone design adds a touch of luxury. Compact and easy to carry, always by your side. Effective in breaking windows during emergencies.","jetpack_sharing_enabled":true,"_links":{"self":[{"href":"https:\/\/www.ringsknife.com\/es\/wp-json\/wp\/v2\/product\/5631","targetHints":{"allow":["GET"]}}],"collection":[{"href":"https:\/\/www.ringsknife.com\/es\/wp-json\/wp\/v2\/product"}],"about":[{"href":"https:\/\/www.ringsknife.com\/es\/wp-json\/wp\/v2\/types\/product"}],"replies":[{"embeddable":true,"href":"https:\/\/www.ringsknife.com\/es\/wp-json\/wp\/v2\/comments?post=5631"}],"version-history":[{"count":0,"href":"https:\/\/www.ringsknife.com\/es\/wp-json\/wp\/v2\/product\/5631\/revisions"}],"wp:featuredmedia":[{"embeddable":true,"href":"https:\/\/www.ringsknife.com\/es\/wp-json\/wp\/v2\/media\/5650"}],"wp:attachment":[{"href":"https:\/\/www.ringsknife.com\/es\/wp-json\/wp\/v2\/media?parent=5631"}],"wp:term":[{"taxonomy":"product_brand","embeddable":true,"href":"https:\/\/www.ringsknife.com\/es\/wp-json\/wp\/v2\/product_brand?post=5631"},{"taxonomy":"product_cat","embeddable":true,"href":"https:\/\/www.ringsknife.com\/es\/wp-json\/wp\/v2\/product_cat?post=5631"},{"taxonomy":"product_tag","embeddable":true,"href":"https:\/\/www.ringsknife.com\/es\/wp-json\/wp\/v2\/product_tag?post=5631"}],"curies":[{"name":"wp","href":"https:\/\/api.w.org\/{rel}","templated":true}]}}