
{"id":5586,"date":"2025-01-10T18:00:06","date_gmt":"2025-01-10T10:00:06","guid":{"rendered":"https:\/\/www.ringsknife.com\/?post_type=product&#038;p=5586"},"modified":"2025-09-07T15:55:12","modified_gmt":"2025-09-07T07:55:12","slug":"lady-pepper-spray","status":"publish","type":"product","link":"https:\/\/www.ringsknife.com\/es\/producto\/spray-de-pimienta\/","title":{"rendered":"Arma de defensa personal Lady Pepper Spray"},"content":{"rendered":"<h2><strong>Spray de pimienta Lady - Su arma de defensa personal definitiva<\/strong><\/h2>\n<h3><strong>Descripci\u00f3n del producto:<\/strong><\/h3>\n<p>El spray de pimienta Lady es un arma de defensa personal imprescindible para las mujeres. Fabricado en pl\u00e1stico ABS resistente, est\u00e1 dise\u00f1ado para ser ligero y f\u00e1cil de llevar. Con 16 colores vibrantes para elegir, puede combinarlo con su atuendo o estilo personal. Este spray de pimienta es una forma fiable y eficaz de protegerse en cualquier situaci\u00f3n.<\/p>\n<h3><strong>Caracter\u00edsticas:<\/strong><\/h3>\n<ul>\n<li>Fabricado en pl\u00e1stico ABS de alta calidad, que garantiza durabilidad y fiabilidad<\/li>\n<li>Disponible en 16 vivos colores que permiten su personalizaci\u00f3n<\/li>\n<li>F\u00e1cil de usar y transportar, proporciona un acceso r\u00e1pido cuando se necesita<\/li>\n<li>Mecanismo de defensa eficaz para mantenerte a salvo<\/li>\n<\/ul>\n<h3><strong>Modo de empleo:<\/strong><\/h3>\n<ol>\n<li>Sujete firmemente el Lady Pepper Spray en la mano.<\/li>\n<li>Apunta a la cara del atacante, manteniendo una distancia segura.<\/li>\n<li>Presione el gatillo para liberar el spray de pimienta.<\/li>\n<li>Aprovecha la oportunidad para escapar y pedir ayuda.<\/li>\n<\/ol>","protected":false},"excerpt":{"rendered":"<ul>\n<li><strong>La seguridad ante todo:<\/strong>\u00a0El spray pimienta Lady es su primera l\u00ednea de defensa contra posibles amenazas. Le da la confianza para seguir con su d\u00eda sabiendo que tiene una herramienta de protecci\u00f3n fiable.<\/li>\n<li><strong>C\u00f3modo de llevar:<\/strong>\u00a0Su dise\u00f1o ligero y su tama\u00f1o compacto hacen que sea f\u00e1cil de llevar en el bolso, el bolsillo o la cartera. Podr\u00e1s llevarla siempre contigo, garantizando tu seguridad vayas donde vayas.<\/li>\n<li><strong>Protecci\u00f3n con estilo:<\/strong>\u00a0Con 16 vibrantes colores, el spray de pimienta Lady no s\u00f3lo le mantiene a salvo, sino que tambi\u00e9n a\u00f1ade un toque de estilo a sus pertenencias. Elija un color que se adapte a su personalidad y haga una declaraci\u00f3n mientras permanece protegido.<\/li>\n<li><strong>Respuesta r\u00e1pida:<\/strong>\u00a0En una situaci\u00f3n de peligro, cada segundo cuenta. El mecanismo f\u00e1cil de usar del Spray de Pimienta Lady le permite reaccionar con rapidez y eficacia, d\u00e1ndole ventaja y la oportunidad de escapar.<\/li>\n<li class=\"last-node\"><strong>Tranquilidad:<\/strong>\u00a0Tener el spray pimienta Lady a su lado le aporta tranquilidad. Puede centrarse en disfrutar de sus actividades diarias sin preocuparse constantemente por su seguridad. Es una peque\u00f1a inversi\u00f3n para toda una vida de seguridad.<\/li>\n<\/ul>","protected":false},"featured_media":5595,"comment_status":"open","ping_status":"closed","template":"","meta":{"_uag_custom_page_level_css":"","site-sidebar-layout":"default","site-content-layout":"","ast-site-content-layout":"default","site-content-style":"default","site-sidebar-style":"default","ast-global-header-display":"","ast-banner-title-visibility":"","ast-main-header-display":"","ast-hfb-above-header-display":"","ast-hfb-below-header-display":"","ast-hfb-mobile-header-display":"","site-post-title":"","ast-breadcrumbs-content":"","ast-featured-img":"","footer-sml-layout":"","ast-disable-related-posts":"","theme-transparent-header-meta":"default","adv-header-id-meta":"","stick-header-meta":"default","header-above-stick-meta":"","header-main-stick-meta":"","header-below-stick-meta":"","astra-migrate-meta-layouts":"set","ast-page-background-enabled":"default","ast-page-background-meta":{"desktop":{"background-color":"","background-image":"","background-repeat":"repeat","background-position":"center center","background-size":"auto","background-attachment":"scroll","background-type":"","background-media":"","overlay-type":"","overlay-color":"","overlay-opacity":"","overlay-gradient":""},"tablet":{"background-color":"","background-image":"","background-repeat":"repeat","background-position":"center center","background-size":"auto","background-attachment":"scroll","background-type":"","background-media":"","overlay-type":"","overlay-color":"","overlay-opacity":"","overlay-gradient":""},"mobile":{"background-color":"","background-image":"","background-repeat":"repeat","background-position":"center center","background-size":"auto","background-attachment":"scroll","background-type":"","background-media":"","overlay-type":"","overlay-color":"","overlay-opacity":"","overlay-gradient":""}},"ast-content-background-meta":{"desktop":{"background-color":"var(--ast-global-color-5)","background-image":"","background-repeat":"repeat","background-position":"center center","background-size":"auto","background-attachment":"scroll","background-type":"","background-media":"","overlay-type":"","overlay-color":"","overlay-opacity":"","overlay-gradient":""},"tablet":{"background-color":"var(--ast-global-color-5)","background-image":"","background-repeat":"repeat","background-position":"center center","background-size":"auto","background-attachment":"scroll","background-type":"","background-media":"","overlay-type":"","overlay-color":"","overlay-opacity":"","overlay-gradient":""},"mobile":{"background-color":"var(--ast-global-color-5)","background-image":"","background-repeat":"repeat","background-position":"center center","background-size":"auto","background-attachment":"scroll","background-type":"","background-media":"","overlay-type":"","overlay-color":"","overlay-opacity":"","overlay-gradient":""}}},"product_brand":[],"product_cat":[180],"product_tag":[],"class_list":{"0":"post-5586","1":"product","2":"type-product","3":"status-publish","4":"has-post-thumbnail","6":"product_cat-pepper-spray-self-defense-keychains","7":"desktop-align-left","8":"tablet-align-left","9":"mobile-align-left","10":"ast-product-gallery-layout-first-image-large","11":"ast-product-gallery-with-no-image","12":"ast-magnify-disabled","13":"ast-product-single-variable","14":"ast-product-tabs-layout-distributed","16":"first","17":"instock","18":"sale","19":"featured","20":"shipping-taxable","21":"purchasable","22":"product-type-variable","23":"has-default-attributes"},"uagb_featured_image_src":{"full":["https:\/\/www.ringsknife.com\/wp-content\/uploads\/2025\/01\/Lady-Pepper-Spray-Personal-Defense-Weapon.jpg",1920,1920,false],"thumbnail":["https:\/\/www.ringsknife.com\/wp-content\/uploads\/2025\/01\/Lady-Pepper-Spray-Personal-Defense-Weapon-150x150.jpg",150,150,true],"medium":["https:\/\/www.ringsknife.com\/wp-content\/uploads\/2025\/01\/Lady-Pepper-Spray-Personal-Defense-Weapon-300x300.jpg",300,300,true],"medium_large":["https:\/\/www.ringsknife.com\/wp-content\/uploads\/2025\/01\/Lady-Pepper-Spray-Personal-Defense-Weapon-768x768.jpg",768,768,true],"large":["https:\/\/www.ringsknife.com\/wp-content\/uploads\/2025\/01\/Lady-Pepper-Spray-Personal-Defense-Weapon-1024x1024.jpg",1024,1024,true],"1536x1536":["https:\/\/www.ringsknife.com\/wp-content\/uploads\/2025\/01\/Lady-Pepper-Spray-Personal-Defense-Weapon-1536x1536.jpg",1536,1536,true],"2048x2048":["https:\/\/www.ringsknife.com\/wp-content\/uploads\/2025\/01\/Lady-Pepper-Spray-Personal-Defense-Weapon.jpg",1920,1920,false],"trp-custom-language-flag":["https:\/\/www.ringsknife.com\/wp-content\/uploads\/2025\/01\/Lady-Pepper-Spray-Personal-Defense-Weapon.jpg",12,12,false],"woocommerce_thumbnail":["https:\/\/www.ringsknife.com\/wp-content\/uploads\/2025\/01\/Lady-Pepper-Spray-Personal-Defense-Weapon-800x800.jpg",800,800,true],"woocommerce_single":["https:\/\/www.ringsknife.com\/wp-content\/uploads\/2025\/01\/Lady-Pepper-Spray-Personal-Defense-Weapon-800x800.jpg",800,800,true],"woocommerce_gallery_thumbnail":["https:\/\/www.ringsknife.com\/wp-content\/uploads\/2025\/01\/Lady-Pepper-Spray-Personal-Defense-Weapon-100x100.jpg",100,100,true]},"uagb_author_info":{"display_name":"ringsknife.com","author_link":"https:\/\/www.ringsknife.com\/es\/author\/"},"uagb_comment_info":2,"uagb_excerpt":"Safety First:\u00a0The Lady Pepper Spray is your first line of defense against potential threats. It gives you the confidence to go about your day knowing you have a reliable protection tool. Convenient Carry:\u00a0Its lightweight design and compact size make it easy to carry in your purse, pocket, or bag. You can have it with you&hellip;","jetpack_sharing_enabled":true,"_links":{"self":[{"href":"https:\/\/www.ringsknife.com\/es\/wp-json\/wp\/v2\/product\/5586","targetHints":{"allow":["GET"]}}],"collection":[{"href":"https:\/\/www.ringsknife.com\/es\/wp-json\/wp\/v2\/product"}],"about":[{"href":"https:\/\/www.ringsknife.com\/es\/wp-json\/wp\/v2\/types\/product"}],"replies":[{"embeddable":true,"href":"https:\/\/www.ringsknife.com\/es\/wp-json\/wp\/v2\/comments?post=5586"}],"version-history":[{"count":1,"href":"https:\/\/www.ringsknife.com\/es\/wp-json\/wp\/v2\/product\/5586\/revisions"}],"predecessor-version":[{"id":6739,"href":"https:\/\/www.ringsknife.com\/es\/wp-json\/wp\/v2\/product\/5586\/revisions\/6739"}],"wp:featuredmedia":[{"embeddable":true,"href":"https:\/\/www.ringsknife.com\/es\/wp-json\/wp\/v2\/media\/5595"}],"wp:attachment":[{"href":"https:\/\/www.ringsknife.com\/es\/wp-json\/wp\/v2\/media?parent=5586"}],"wp:term":[{"taxonomy":"product_brand","embeddable":true,"href":"https:\/\/www.ringsknife.com\/es\/wp-json\/wp\/v2\/product_brand?post=5586"},{"taxonomy":"product_cat","embeddable":true,"href":"https:\/\/www.ringsknife.com\/es\/wp-json\/wp\/v2\/product_cat?post=5586"},{"taxonomy":"product_tag","embeddable":true,"href":"https:\/\/www.ringsknife.com\/es\/wp-json\/wp\/v2\/product_tag?post=5586"}],"curies":[{"name":"wp","href":"https:\/\/api.w.org\/{rel}","templated":true}]}}