
{"id":5561,"date":"2025-01-10T15:41:18","date_gmt":"2025-01-10T07:41:18","guid":{"rendered":"https:\/\/www.ringsknife.com\/?post_type=product&#038;p=5561"},"modified":"2025-06-01T08:02:51","modified_gmt":"2025-06-01T00:02:51","slug":"self-defense-whistle","status":"publish","type":"product","link":"https:\/\/www.ringsknife.com\/es\/producto\/silbato-de-defensa-personal\/","title":{"rendered":"Llavero Silbato Alarma Autodefensa Purpurina"},"content":{"rendered":"<h2><strong>Llavero Alarma Silbato de Autodefensa con Purpurina - \u00a1Mantente a salvo con estilo!<\/strong><\/h2>\n<h3><strong>Descripci\u00f3n del producto:<\/strong><\/h3>\n<p>Presentamos el llavero de alarma con silbato de autodefensa Glitter: la combinaci\u00f3n perfecta de seguridad y estilo. Fabricado en aleaci\u00f3n de aluminio de primera calidad, este llavero duradero y ligero est\u00e1 dise\u00f1ado para mantenerle seguro en cualquier situaci\u00f3n. Con su tama\u00f1o compacto de s\u00f3lo 5,5 cm de alto y 1 cm de ancho, es f\u00e1cil de llevar a todas partes. Elija entre 8 vibrantes colores para combinar con su personalidad y estilo.<\/p>\n<h3><strong>Caracter\u00edsticas:<\/strong><\/h3>\n<ul>\n<li>Construcci\u00f3n de aleaci\u00f3n de aluminio de primera calidad para mayor durabilidad y sensaci\u00f3n de ligereza<\/li>\n<li>8 vibrantes opciones de color para adaptarse a cualquier estilo<\/li>\n<li>Tama\u00f1o compacto para facilitar su transporte<\/li>\n<li>Silbato de alarma para alertar a los dem\u00e1s en caso de peligro<\/li>\n<li>El acabado de purpurina a\u00f1ade un toque de estilo y singularidad<\/li>\n<\/ul>\n<h3><strong>Dimensiones:<\/strong><\/h3>\n<p>Altura: 5,5 cm Anchura: 1 cm<\/p>\n<h3><strong>Modo de empleo:<\/strong><\/h3>\n<p>S\u00f3lo tiene que enganchar el Llavero Alarma Silbato de Autodefensa con Purpurina a sus llaves o a su bolso. En caso de emergencia, haga sonar el silbato para producir un fuerte sonido de alarma que alertar\u00e1 a los dem\u00e1s de su situaci\u00f3n. Su tama\u00f1o compacto y dise\u00f1o ligero hacen que sea f\u00e1cil de llevar siempre consigo, garantizando su seguridad y tranquilidad.<\/p>","protected":false},"excerpt":{"rendered":"<ul>\n<li>El material de aleaci\u00f3n de aluminio de primera calidad garantiza su durabilidad y ligereza, lo que facilita su transporte sin a\u00f1adir peso adicional a las llaves o al bolso.<\/li>\n<li>Con 8 vibrantes opciones de color, puede elegir el que mejor se adapte a su personalidad y estilo, a\u00f1adiendo un toque de singularidad a sus accesorios cotidianos.<\/li>\n<li>Su tama\u00f1o compacto de 5,5 cm de alto y 1 cm de ancho lo hace perfecto para llevarlo a todas partes, sin ocupar demasiado espacio.<\/li>\n<li>La alarma con silbato es un potente elemento de seguridad que puede alertar a los dem\u00e1s en caso de peligro, proporcion\u00e1ndole tranquilidad y una sensaci\u00f3n de seguridad.<\/li>\n<li class=\"last-node\">El acabado brillante a\u00f1ade un elemento elegante y llamativo a este llavero de defensa personal, convirti\u00e9ndolo no s\u00f3lo en una herramienta de seguridad, sino tambi\u00e9n en un accesorio de moda.<\/li>\n<\/ul>","protected":false},"featured_media":5581,"comment_status":"open","ping_status":"closed","template":"","meta":{"_uag_custom_page_level_css":"","site-sidebar-layout":"default","site-content-layout":"","ast-site-content-layout":"default","site-content-style":"default","site-sidebar-style":"default","ast-global-header-display":"","ast-banner-title-visibility":"","ast-main-header-display":"","ast-hfb-above-header-display":"","ast-hfb-below-header-display":"","ast-hfb-mobile-header-display":"","site-post-title":"","ast-breadcrumbs-content":"","ast-featured-img":"","footer-sml-layout":"","ast-disable-related-posts":"","theme-transparent-header-meta":"default","adv-header-id-meta":"","stick-header-meta":"default","header-above-stick-meta":"","header-main-stick-meta":"","header-below-stick-meta":"","astra-migrate-meta-layouts":"set","ast-page-background-enabled":"default","ast-page-background-meta":{"desktop":{"background-color":"","background-image":"","background-repeat":"repeat","background-position":"center center","background-size":"auto","background-attachment":"scroll","background-type":"","background-media":"","overlay-type":"","overlay-color":"","overlay-opacity":"","overlay-gradient":""},"tablet":{"background-color":"","background-image":"","background-repeat":"repeat","background-position":"center center","background-size":"auto","background-attachment":"scroll","background-type":"","background-media":"","overlay-type":"","overlay-color":"","overlay-opacity":"","overlay-gradient":""},"mobile":{"background-color":"","background-image":"","background-repeat":"repeat","background-position":"center center","background-size":"auto","background-attachment":"scroll","background-type":"","background-media":"","overlay-type":"","overlay-color":"","overlay-opacity":"","overlay-gradient":""}},"ast-content-background-meta":{"desktop":{"background-color":"var(--ast-global-color-5)","background-image":"","background-repeat":"repeat","background-position":"center center","background-size":"auto","background-attachment":"scroll","background-type":"","background-media":"","overlay-type":"","overlay-color":"","overlay-opacity":"","overlay-gradient":""},"tablet":{"background-color":"var(--ast-global-color-5)","background-image":"","background-repeat":"repeat","background-position":"center center","background-size":"auto","background-attachment":"scroll","background-type":"","background-media":"","overlay-type":"","overlay-color":"","overlay-opacity":"","overlay-gradient":""},"mobile":{"background-color":"var(--ast-global-color-5)","background-image":"","background-repeat":"repeat","background-position":"center center","background-size":"auto","background-attachment":"scroll","background-type":"","background-media":"","overlay-type":"","overlay-color":"","overlay-opacity":"","overlay-gradient":""}}},"product_brand":[],"product_cat":[164],"product_tag":[],"class_list":{"0":"post-5561","1":"product","2":"type-product","3":"status-publish","4":"has-post-thumbnail","6":"product_cat-self-defense-keychain-accessories","7":"desktop-align-left","8":"tablet-align-left","9":"mobile-align-left","10":"ast-product-gallery-layout-first-image-large","11":"ast-magnify-disabled","12":"ast-product-single-variable","13":"ast-product-tabs-layout-distributed","15":"first","16":"instock","17":"sale","18":"featured","19":"shipping-taxable","20":"purchasable","21":"product-type-variable","22":"has-default-attributes"},"uagb_featured_image_src":{"full":["https:\/\/www.ringsknife.com\/wp-content\/uploads\/2025\/01\/Glitter-Self-Defense-Whistle-Alarm-Keychain-9.jpg",1000,1000,false],"thumbnail":["https:\/\/www.ringsknife.com\/wp-content\/uploads\/2025\/01\/Glitter-Self-Defense-Whistle-Alarm-Keychain-9-150x150.jpg",150,150,true],"medium":["https:\/\/www.ringsknife.com\/wp-content\/uploads\/2025\/01\/Glitter-Self-Defense-Whistle-Alarm-Keychain-9-300x300.jpg",300,300,true],"medium_large":["https:\/\/www.ringsknife.com\/wp-content\/uploads\/2025\/01\/Glitter-Self-Defense-Whistle-Alarm-Keychain-9-768x768.jpg",768,768,true],"large":["https:\/\/www.ringsknife.com\/wp-content\/uploads\/2025\/01\/Glitter-Self-Defense-Whistle-Alarm-Keychain-9.jpg",1000,1000,false],"1536x1536":["https:\/\/www.ringsknife.com\/wp-content\/uploads\/2025\/01\/Glitter-Self-Defense-Whistle-Alarm-Keychain-9.jpg",1000,1000,false],"2048x2048":["https:\/\/www.ringsknife.com\/wp-content\/uploads\/2025\/01\/Glitter-Self-Defense-Whistle-Alarm-Keychain-9.jpg",1000,1000,false],"trp-custom-language-flag":["https:\/\/www.ringsknife.com\/wp-content\/uploads\/2025\/01\/Glitter-Self-Defense-Whistle-Alarm-Keychain-9.jpg",12,12,false],"woocommerce_thumbnail":["https:\/\/www.ringsknife.com\/wp-content\/uploads\/2025\/01\/Glitter-Self-Defense-Whistle-Alarm-Keychain-9-800x800.jpg",800,800,true],"woocommerce_single":["https:\/\/www.ringsknife.com\/wp-content\/uploads\/2025\/01\/Glitter-Self-Defense-Whistle-Alarm-Keychain-9-800x800.jpg",800,800,true],"woocommerce_gallery_thumbnail":["https:\/\/www.ringsknife.com\/wp-content\/uploads\/2025\/01\/Glitter-Self-Defense-Whistle-Alarm-Keychain-9-100x100.jpg",100,100,true]},"uagb_author_info":{"display_name":"ringsknife.com","author_link":"https:\/\/www.ringsknife.com\/es\/author\/"},"uagb_comment_info":3,"uagb_excerpt":"Premium aluminum alloy material ensures durability and a lightweight feel, making it easy to carry around without adding extra weight to your keys or bag. With 8 vibrant color options, you can choose the one that best matches your personality and style, adding a touch of uniqueness to your everyday accessories. The compact size of&hellip;","jetpack_sharing_enabled":true,"_links":{"self":[{"href":"https:\/\/www.ringsknife.com\/es\/wp-json\/wp\/v2\/product\/5561","targetHints":{"allow":["GET"]}}],"collection":[{"href":"https:\/\/www.ringsknife.com\/es\/wp-json\/wp\/v2\/product"}],"about":[{"href":"https:\/\/www.ringsknife.com\/es\/wp-json\/wp\/v2\/types\/product"}],"replies":[{"embeddable":true,"href":"https:\/\/www.ringsknife.com\/es\/wp-json\/wp\/v2\/comments?post=5561"}],"version-history":[{"count":0,"href":"https:\/\/www.ringsknife.com\/es\/wp-json\/wp\/v2\/product\/5561\/revisions"}],"wp:featuredmedia":[{"embeddable":true,"href":"https:\/\/www.ringsknife.com\/es\/wp-json\/wp\/v2\/media\/5581"}],"wp:attachment":[{"href":"https:\/\/www.ringsknife.com\/es\/wp-json\/wp\/v2\/media?parent=5561"}],"wp:term":[{"taxonomy":"product_brand","embeddable":true,"href":"https:\/\/www.ringsknife.com\/es\/wp-json\/wp\/v2\/product_brand?post=5561"},{"taxonomy":"product_cat","embeddable":true,"href":"https:\/\/www.ringsknife.com\/es\/wp-json\/wp\/v2\/product_cat?post=5561"},{"taxonomy":"product_tag","embeddable":true,"href":"https:\/\/www.ringsknife.com\/es\/wp-json\/wp\/v2\/product_tag?post=5561"}],"curies":[{"name":"wp","href":"https:\/\/api.w.org\/{rel}","templated":true}]}}