
{"id":5531,"date":"2025-01-10T11:57:52","date_gmt":"2025-01-10T03:57:52","guid":{"rendered":"https:\/\/www.ringsknife.com\/?post_type=product&#038;p=5531"},"modified":"2025-05-31T16:47:56","modified_gmt":"2025-05-31T08:47:56","slug":"personal-alarm-keychain","status":"publish","type":"product","link":"https:\/\/www.ringsknife.com\/es\/producto\/llavero-alarma-personal\/","title":{"rendered":"Llavero Alarma Personal Rhinestone Self Defense"},"content":{"rendered":"<h3>Llavero Alarma Personal Rhinestone Self Defense<\/h3>\n<h4>Descripci\u00f3n del producto<\/h4>\n<p>En <strong>Llavero Alarma Personal Rhinestone Self Defense<\/strong> es la combinaci\u00f3n definitiva de estilo y seguridad. Fabricado en resistente pl\u00e1stico ABS, este llavero con alarma personal est\u00e1 disponible en 9 vivos colores para adaptarse a su estilo. No s\u00f3lo es una audaz declaraci\u00f3n de moda, sino que tambi\u00e9n proporciona tranquilidad con un sonido de alarma de 130 dB que puede llamar la atenci\u00f3n en cualquier situaci\u00f3n de emergencia. Adem\u00e1s de la potente alarma, incorpora una luz LED brillante e intermitente para pedir ayuda. Tanto si vuelve a casa a altas horas de la noche como si necesita una medida de seguridad r\u00e1pida, este llavero est\u00e1 siempre a su alcance.<\/p>\n<h4>Caracter\u00edsticas<\/h4>\n<ul>\n<li><strong>Material<\/strong>: Hecho de pl\u00e1stico ABS resistente para una larga durabilidad.<\/li>\n<li><strong>Sonido de alarma<\/strong>: Emite una fuerte alarma de 130 dB, perfecta para emergencias.<\/li>\n<li><strong>Luz LED<\/strong>: La brillante luz LED intermitente aumenta la visibilidad en situaciones de peligro.<\/li>\n<li><strong>Varios colores<\/strong>: Disponible en 9 vibrantes opciones de color para adaptarse a su personalidad.<\/li>\n<li><strong>F\u00e1cil de usar<\/strong>: Activaci\u00f3n sencilla con un solo bot\u00f3n tanto de la alarma como de la luz.<\/li>\n<\/ul>\n<h4>Dimensiones<\/h4>\n<ul>\n<li><strong>Longitud<\/strong>: 22 cm (8,66 pulgadas)<\/li>\n<li><strong>Anchura<\/strong>: 4,5 cm (1,77 pulgadas)<\/li>\n<li><strong>Peso<\/strong>: 38 g (1,34 oz)<\/li>\n<\/ul>\n<h4>C\u00f3mo utilizarlo<\/h4>\n<ol>\n<li><strong>Activar la alarma<\/strong>: Pulse el bot\u00f3n para activar la alarma de 130 dB.<\/li>\n<li><strong>Encender la luz LED<\/strong>: El mismo bot\u00f3n controla la luz LED brillante para mayor visibilidad.<\/li>\n<li><strong>Transportar con facilidad<\/strong>: Suj\u00e9talo a tus llaves, bolso o mochila para un acceso r\u00e1pido.<\/li>\n<li><strong>Desactivaci\u00f3n<\/strong>: Basta con soltar el bot\u00f3n o apagar el LED y la alarma cuando ya no se necesiten.<\/li>\n<\/ol>","protected":false},"excerpt":{"rendered":"<ul>\n<li><strong>Alarma de 130 dB para m\u00e1xima seguridad<\/strong>: La alarma de 130 dB es perfecta para alertar a los que te rodean en situaciones de peligro, ayud\u00e1ndote a mantenerte seguro y protegido.<\/li>\n<li><strong>Luz LED intermitente brillante<\/strong>: Incorpora una vibrante luz LED que garantiza la visibilidad en entornos con poca luz, perfecta para llamar la atenci\u00f3n r\u00e1pidamente.<\/li>\n<li><strong>Elegante y funcional<\/strong>: Disponible en 9 vibrantes colores, este llavero es un accesorio funcional que no sacrifica el estilo por la seguridad.<\/li>\n<li><strong>Ligero y compacto<\/strong>: Con su tama\u00f1o compacto y peso ligero, este llavero de alarma personal se fija f\u00e1cilmente a sus llaves, mochila o bolso para el uso diario.<\/li>\n<li><strong>F\u00e1cil de usar<\/strong>: Con s\u00f3lo pulsar un bot\u00f3n se activan tanto la alarma como la luz LED, lo que garantiza que est\u00e9 preparado para cualquier emergencia en cuesti\u00f3n de segundos.<\/li>\n<\/ul>","protected":false},"featured_media":5549,"comment_status":"open","ping_status":"closed","template":"","meta":{"_uag_custom_page_level_css":"","site-sidebar-layout":"default","site-content-layout":"","ast-site-content-layout":"default","site-content-style":"default","site-sidebar-style":"default","ast-global-header-display":"","ast-banner-title-visibility":"","ast-main-header-display":"","ast-hfb-above-header-display":"","ast-hfb-below-header-display":"","ast-hfb-mobile-header-display":"","site-post-title":"","ast-breadcrumbs-content":"","ast-featured-img":"","footer-sml-layout":"","ast-disable-related-posts":"","theme-transparent-header-meta":"default","adv-header-id-meta":"","stick-header-meta":"default","header-above-stick-meta":"","header-main-stick-meta":"","header-below-stick-meta":"","astra-migrate-meta-layouts":"set","ast-page-background-enabled":"default","ast-page-background-meta":{"desktop":{"background-color":"","background-image":"","background-repeat":"repeat","background-position":"center center","background-size":"auto","background-attachment":"scroll","background-type":"","background-media":"","overlay-type":"","overlay-color":"","overlay-opacity":"","overlay-gradient":""},"tablet":{"background-color":"","background-image":"","background-repeat":"repeat","background-position":"center center","background-size":"auto","background-attachment":"scroll","background-type":"","background-media":"","overlay-type":"","overlay-color":"","overlay-opacity":"","overlay-gradient":""},"mobile":{"background-color":"","background-image":"","background-repeat":"repeat","background-position":"center center","background-size":"auto","background-attachment":"scroll","background-type":"","background-media":"","overlay-type":"","overlay-color":"","overlay-opacity":"","overlay-gradient":""}},"ast-content-background-meta":{"desktop":{"background-color":"var(--ast-global-color-5)","background-image":"","background-repeat":"repeat","background-position":"center center","background-size":"auto","background-attachment":"scroll","background-type":"","background-media":"","overlay-type":"","overlay-color":"","overlay-opacity":"","overlay-gradient":""},"tablet":{"background-color":"var(--ast-global-color-5)","background-image":"","background-repeat":"repeat","background-position":"center center","background-size":"auto","background-attachment":"scroll","background-type":"","background-media":"","overlay-type":"","overlay-color":"","overlay-opacity":"","overlay-gradient":""},"mobile":{"background-color":"var(--ast-global-color-5)","background-image":"","background-repeat":"repeat","background-position":"center center","background-size":"auto","background-attachment":"scroll","background-type":"","background-media":"","overlay-type":"","overlay-color":"","overlay-opacity":"","overlay-gradient":""}}},"product_brand":[],"product_cat":[77],"product_tag":[],"class_list":{"0":"post-5531","1":"product","2":"type-product","3":"status-publish","4":"has-post-thumbnail","6":"product_cat-personal-alarm-keychains-safety-alarms","7":"desktop-align-left","8":"tablet-align-left","9":"mobile-align-left","10":"ast-product-gallery-layout-first-image-large","11":"ast-magnify-disabled","12":"ast-product-single-variable","13":"ast-product-tabs-layout-distributed","15":"first","16":"instock","17":"sale","18":"featured","19":"shipping-taxable","20":"purchasable","21":"product-type-variable","22":"has-default-attributes"},"uagb_featured_image_src":{"full":["https:\/\/www.ringsknife.com\/wp-content\/uploads\/2025\/01\/Rhinestone-Self-Defense-Personal-Alarm-Keychain-12.jpg",800,800,false],"thumbnail":["https:\/\/www.ringsknife.com\/wp-content\/uploads\/2025\/01\/Rhinestone-Self-Defense-Personal-Alarm-Keychain-12-150x150.jpg",150,150,true],"medium":["https:\/\/www.ringsknife.com\/wp-content\/uploads\/2025\/01\/Rhinestone-Self-Defense-Personal-Alarm-Keychain-12-300x300.jpg",300,300,true],"medium_large":["https:\/\/www.ringsknife.com\/wp-content\/uploads\/2025\/01\/Rhinestone-Self-Defense-Personal-Alarm-Keychain-12-768x768.jpg",768,768,true],"large":["https:\/\/www.ringsknife.com\/wp-content\/uploads\/2025\/01\/Rhinestone-Self-Defense-Personal-Alarm-Keychain-12.jpg",800,800,false],"1536x1536":["https:\/\/www.ringsknife.com\/wp-content\/uploads\/2025\/01\/Rhinestone-Self-Defense-Personal-Alarm-Keychain-12.jpg",800,800,false],"2048x2048":["https:\/\/www.ringsknife.com\/wp-content\/uploads\/2025\/01\/Rhinestone-Self-Defense-Personal-Alarm-Keychain-12.jpg",800,800,false],"trp-custom-language-flag":["https:\/\/www.ringsknife.com\/wp-content\/uploads\/2025\/01\/Rhinestone-Self-Defense-Personal-Alarm-Keychain-12.jpg",12,12,false],"woocommerce_thumbnail":["https:\/\/www.ringsknife.com\/wp-content\/uploads\/2025\/01\/Rhinestone-Self-Defense-Personal-Alarm-Keychain-12.jpg",800,800,false],"woocommerce_single":["https:\/\/www.ringsknife.com\/wp-content\/uploads\/2025\/01\/Rhinestone-Self-Defense-Personal-Alarm-Keychain-12.jpg",800,800,false],"woocommerce_gallery_thumbnail":["https:\/\/www.ringsknife.com\/wp-content\/uploads\/2025\/01\/Rhinestone-Self-Defense-Personal-Alarm-Keychain-12-100x100.jpg",100,100,true]},"uagb_author_info":{"display_name":"ringsknife.com","author_link":"https:\/\/www.ringsknife.com\/es\/author\/"},"uagb_comment_info":2,"uagb_excerpt":"130 dB Alarm for Maximum Safety: The 130 dB alarm is perfect for alerting those around you in dangerous situations, helping you to stay safe and protected. Bright Flashing LED Light: Features a vibrant LED light that ensures visibility in low-light environments, perfect for getting attention quickly. Stylish &amp; Functional: Available in 9 vibrant colors,&hellip;","jetpack_sharing_enabled":true,"_links":{"self":[{"href":"https:\/\/www.ringsknife.com\/es\/wp-json\/wp\/v2\/product\/5531","targetHints":{"allow":["GET"]}}],"collection":[{"href":"https:\/\/www.ringsknife.com\/es\/wp-json\/wp\/v2\/product"}],"about":[{"href":"https:\/\/www.ringsknife.com\/es\/wp-json\/wp\/v2\/types\/product"}],"replies":[{"embeddable":true,"href":"https:\/\/www.ringsknife.com\/es\/wp-json\/wp\/v2\/comments?post=5531"}],"version-history":[{"count":0,"href":"https:\/\/www.ringsknife.com\/es\/wp-json\/wp\/v2\/product\/5531\/revisions"}],"wp:featuredmedia":[{"embeddable":true,"href":"https:\/\/www.ringsknife.com\/es\/wp-json\/wp\/v2\/media\/5549"}],"wp:attachment":[{"href":"https:\/\/www.ringsknife.com\/es\/wp-json\/wp\/v2\/media?parent=5531"}],"wp:term":[{"taxonomy":"product_brand","embeddable":true,"href":"https:\/\/www.ringsknife.com\/es\/wp-json\/wp\/v2\/product_brand?post=5531"},{"taxonomy":"product_cat","embeddable":true,"href":"https:\/\/www.ringsknife.com\/es\/wp-json\/wp\/v2\/product_cat?post=5531"},{"taxonomy":"product_tag","embeddable":true,"href":"https:\/\/www.ringsknife.com\/es\/wp-json\/wp\/v2\/product_tag?post=5531"}],"curies":[{"name":"wp","href":"https:\/\/api.w.org\/{rel}","templated":true}]}}