
{"id":5444,"date":"2025-01-08T15:17:13","date_gmt":"2025-01-08T07:17:13","guid":{"rendered":"https:\/\/www.ringsknife.com\/?post_type=product&#038;p=5444"},"modified":"2025-06-05T18:03:16","modified_gmt":"2025-06-05T10:03:16","slug":"fox-ears-self-defense-keychain","status":"publish","type":"product","link":"https:\/\/www.ringsknife.com\/es\/producto\/orejas-de-zorro-llavero-de-defensa-personal\/","title":{"rendered":"Llavero de defensa personal con orejas de zorro"},"content":{"rendered":"<h2><strong>Llavero de defensa personal con orejas de zorro: un accesorio de seguridad con estilo<\/strong><\/h2>\n<p>El llavero de defensa personal Orejas de Zorro es la combinaci\u00f3n perfecta de seguridad y estilo. Fabricado en resistente metal de acero, garantiza su durabilidad a la vez que ofrece un elegante dise\u00f1o de orejas de zorro. Este llavero no es s\u00f3lo un bonito accesorio, es una herramienta de autodefensa funcional que se adapta perfectamente a su rutina diaria. Tanto si vuelve a casa por la noche como si se desplaza por calles concurridas, el llavero de autodefensa Orejas de Zorro proporciona una capa adicional de seguridad en caso de emergencia.<\/p>\n<h3>Caracter\u00edsticas<\/h3>\n<ul>\n<li><strong>Material:<\/strong> Fabricado en metal de acero resistente de alta calidad para una m\u00e1xima durabilidad.<\/li>\n<li><strong>Dise\u00f1o:<\/strong> Forma \u00fanica de oreja de zorro para una herramienta de defensa personal divertida y funcional.<\/li>\n<li><strong>Colores vibrantes:<\/strong> Disponible en 14 llamativos y vibrantes colores para combinar con su estilo personal.<\/li>\n<li><strong>Ligero:<\/strong> S\u00f3lo pesa 0,1 libras, f\u00e1cil de llevar con las llaves.<\/li>\n<li><strong>Pr\u00e1ctico:<\/strong> Compacta y discreta, ideal para llevarla a diario.<\/li>\n<\/ul>\n<h3>Dimensiones<\/h3>\n<ul>\n<li><strong>Anchura:<\/strong> 9,7 cm (3,8 pulgadas)<\/li>\n<li><strong>Longitud:<\/strong> 14 cm (5,5 pulgadas)<\/li>\n<li><strong>Altura:<\/strong> 0,5 cm (0,2 pulgadas)<\/li>\n<li><strong>Peso:<\/strong> 45 g (0,1 libras)<\/li>\n<\/ul>\n<h3>C\u00f3mo utilizarlo<\/h3>\n<p>Para utilizar el llavero de defensa personal con orejas de zorro, basta con agarrar el llavero por las orejas de zorro, y podr\u00e1 sostenerlo f\u00e1cilmente en la mano como herramienta defensiva. Si es necesario, puede utilizar los bordes afilados del llavero met\u00e1lico para protegerse en situaciones de emergencia. Gu\u00e1rdelo en su llavero para el uso diario, asegur\u00e1ndose de estar siempre preparado, vaya donde vaya.<\/p>","protected":false},"excerpt":{"rendered":"<ul>\n<li><strong>Elegante y funcional:<\/strong> El llavero de autodefensa Fox Ears combina un dise\u00f1o \u00fanico de orejas de zorro con una robusta herramienta de autodefensa, lo que le proporciona tanto estilo como seguridad.<\/li>\n<li><strong>Material duradero:<\/strong> Fabricado en resistente metal de acero, este llavero ofrece una defensa fuerte y fiable cuando m\u00e1s lo necesitas.<\/li>\n<li><strong>Compacto y port\u00e1til:<\/strong> Con un peso de s\u00f3lo 0,1 libras, es lo suficientemente peque\u00f1o como para caber en su bolsillo o bolso sin ninguna molestia.<\/li>\n<li><strong>Variedad de colores:<\/strong> Elige entre 14 vibrantes colores que te permitir\u00e1n expresarte con total seguridad. \u00a1Perfecto para cualquier personalidad!<\/li>\n<li><strong>F\u00e1cil de usar:<\/strong> Ll\u00e9velo en su llavero y est\u00e9 preparado para defenderse con un agarre r\u00e1pido y seguro siempre que sea necesario.<\/li>\n<\/ul>","protected":false},"featured_media":5487,"comment_status":"open","ping_status":"closed","template":"","meta":{"_uag_custom_page_level_css":"","site-sidebar-layout":"default","site-content-layout":"","ast-site-content-layout":"default","site-content-style":"default","site-sidebar-style":"default","ast-global-header-display":"","ast-banner-title-visibility":"","ast-main-header-display":"","ast-hfb-above-header-display":"","ast-hfb-below-header-display":"","ast-hfb-mobile-header-display":"","site-post-title":"","ast-breadcrumbs-content":"","ast-featured-img":"","footer-sml-layout":"","ast-disable-related-posts":"","theme-transparent-header-meta":"default","adv-header-id-meta":"","stick-header-meta":"default","header-above-stick-meta":"","header-main-stick-meta":"","header-below-stick-meta":"","astra-migrate-meta-layouts":"set","ast-page-background-enabled":"default","ast-page-background-meta":{"desktop":{"background-color":"","background-image":"","background-repeat":"repeat","background-position":"center center","background-size":"auto","background-attachment":"scroll","background-type":"","background-media":"","overlay-type":"","overlay-color":"","overlay-opacity":"","overlay-gradient":""},"tablet":{"background-color":"","background-image":"","background-repeat":"repeat","background-position":"center center","background-size":"auto","background-attachment":"scroll","background-type":"","background-media":"","overlay-type":"","overlay-color":"","overlay-opacity":"","overlay-gradient":""},"mobile":{"background-color":"","background-image":"","background-repeat":"repeat","background-position":"center center","background-size":"auto","background-attachment":"scroll","background-type":"","background-media":"","overlay-type":"","overlay-color":"","overlay-opacity":"","overlay-gradient":""}},"ast-content-background-meta":{"desktop":{"background-color":"var(--ast-global-color-5)","background-image":"","background-repeat":"repeat","background-position":"center center","background-size":"auto","background-attachment":"scroll","background-type":"","background-media":"","overlay-type":"","overlay-color":"","overlay-opacity":"","overlay-gradient":""},"tablet":{"background-color":"var(--ast-global-color-5)","background-image":"","background-repeat":"repeat","background-position":"center center","background-size":"auto","background-attachment":"scroll","background-type":"","background-media":"","overlay-type":"","overlay-color":"","overlay-opacity":"","overlay-gradient":""},"mobile":{"background-color":"var(--ast-global-color-5)","background-image":"","background-repeat":"repeat","background-position":"center center","background-size":"auto","background-attachment":"scroll","background-type":"","background-media":"","overlay-type":"","overlay-color":"","overlay-opacity":"","overlay-gradient":""}}},"product_brand":[],"product_cat":[178],"product_tag":[],"class_list":{"0":"post-5444","1":"product","2":"type-product","3":"status-publish","4":"has-post-thumbnail","6":"product_cat-cat-self-defense-keychains-kitty-knuckles","7":"desktop-align-left","8":"tablet-align-left","9":"mobile-align-left","10":"ast-product-gallery-layout-first-image-large","11":"ast-magnify-disabled","12":"ast-product-single-variable","13":"ast-product-tabs-layout-distributed","15":"first","16":"instock","17":"sale","18":"featured","19":"shipping-taxable","20":"purchasable","21":"product-type-variable","22":"has-default-attributes"},"uagb_featured_image_src":{"full":["https:\/\/www.ringsknife.com\/wp-content\/uploads\/2025\/01\/Fox-Ears-Self-Defense-Keychain-30.jpg",1417,1417,false],"thumbnail":["https:\/\/www.ringsknife.com\/wp-content\/uploads\/2025\/01\/Fox-Ears-Self-Defense-Keychain-30-150x150.jpg",150,150,true],"medium":["https:\/\/www.ringsknife.com\/wp-content\/uploads\/2025\/01\/Fox-Ears-Self-Defense-Keychain-30-300x300.jpg",300,300,true],"medium_large":["https:\/\/www.ringsknife.com\/wp-content\/uploads\/2025\/01\/Fox-Ears-Self-Defense-Keychain-30-768x768.jpg",768,768,true],"large":["https:\/\/www.ringsknife.com\/wp-content\/uploads\/2025\/01\/Fox-Ears-Self-Defense-Keychain-30-1024x1024.jpg",1024,1024,true],"1536x1536":["https:\/\/www.ringsknife.com\/wp-content\/uploads\/2025\/01\/Fox-Ears-Self-Defense-Keychain-30.jpg",1417,1417,false],"2048x2048":["https:\/\/www.ringsknife.com\/wp-content\/uploads\/2025\/01\/Fox-Ears-Self-Defense-Keychain-30.jpg",1417,1417,false],"trp-custom-language-flag":["https:\/\/www.ringsknife.com\/wp-content\/uploads\/2025\/01\/Fox-Ears-Self-Defense-Keychain-30.jpg",12,12,false],"woocommerce_thumbnail":["https:\/\/www.ringsknife.com\/wp-content\/uploads\/2025\/01\/Fox-Ears-Self-Defense-Keychain-30-800x800.jpg",800,800,true],"woocommerce_single":["https:\/\/www.ringsknife.com\/wp-content\/uploads\/2025\/01\/Fox-Ears-Self-Defense-Keychain-30-800x800.jpg",800,800,true],"woocommerce_gallery_thumbnail":["https:\/\/www.ringsknife.com\/wp-content\/uploads\/2025\/01\/Fox-Ears-Self-Defense-Keychain-30-100x100.jpg",100,100,true]},"uagb_author_info":{"display_name":"ringsknife.com","author_link":"https:\/\/www.ringsknife.com\/es\/author\/"},"uagb_comment_info":8,"uagb_excerpt":"Sleek &amp; Functional: The Fox Ears Self Defense Keychain combines a unique fox ear design with a sturdy self-defense tool, giving you both style and safety. Durable Material: Crafted from tough steel metal, this keychain offers a strong, reliable defense when you need it most. Compact &amp; Portable: Weighing just 0.1 pounds, it\u2019s small enough&hellip;","jetpack_sharing_enabled":true,"_links":{"self":[{"href":"https:\/\/www.ringsknife.com\/es\/wp-json\/wp\/v2\/product\/5444","targetHints":{"allow":["GET"]}}],"collection":[{"href":"https:\/\/www.ringsknife.com\/es\/wp-json\/wp\/v2\/product"}],"about":[{"href":"https:\/\/www.ringsknife.com\/es\/wp-json\/wp\/v2\/types\/product"}],"replies":[{"embeddable":true,"href":"https:\/\/www.ringsknife.com\/es\/wp-json\/wp\/v2\/comments?post=5444"}],"version-history":[{"count":0,"href":"https:\/\/www.ringsknife.com\/es\/wp-json\/wp\/v2\/product\/5444\/revisions"}],"wp:featuredmedia":[{"embeddable":true,"href":"https:\/\/www.ringsknife.com\/es\/wp-json\/wp\/v2\/media\/5487"}],"wp:attachment":[{"href":"https:\/\/www.ringsknife.com\/es\/wp-json\/wp\/v2\/media?parent=5444"}],"wp:term":[{"taxonomy":"product_brand","embeddable":true,"href":"https:\/\/www.ringsknife.com\/es\/wp-json\/wp\/v2\/product_brand?post=5444"},{"taxonomy":"product_cat","embeddable":true,"href":"https:\/\/www.ringsknife.com\/es\/wp-json\/wp\/v2\/product_cat?post=5444"},{"taxonomy":"product_tag","embeddable":true,"href":"https:\/\/www.ringsknife.com\/es\/wp-json\/wp\/v2\/product_tag?post=5444"}],"curies":[{"name":"wp","href":"https:\/\/api.w.org\/{rel}","templated":true}]}}