
{"id":5374,"date":"2025-01-02T15:06:03","date_gmt":"2025-01-02T07:06:03","guid":{"rendered":"https:\/\/www.ringsknife.com\/?post_type=product&#038;p=5374"},"modified":"2025-03-13T14:53:58","modified_gmt":"2025-03-13T06:53:58","slug":"cat-self-defense-keychains","status":"publish","type":"product","link":"https:\/\/www.ringsknife.com\/es\/producto\/llaveros-defensa-personal-gato\/","title":{"rendered":"Exquisitos llaveros de defensa personal para gatos"},"content":{"rendered":"<h2>Exquisitos llaveros de defensa personal para gatos<\/h2>\n<h3>Descripci\u00f3n<\/h3>\n<p>En <strong>Exquisitos llaveros de defensa personal para gatos<\/strong> son un accesorio elegante y funcional para la seguridad personal. Fabricados en resistente metal de acero, estos llaveros est\u00e1n disponibles en 12 vibrantes colores, lo que los hace a la vez llamativos y pr\u00e1cticos. Tanto si est\u00e1 dando un paseo nocturno como saliendo a correr, estos llaveros est\u00e1n dise\u00f1ados para proporcionarle tranquilidad y la capacidad de defenderse en caso necesario. Con su simp\u00e1tico pero feroz dise\u00f1o de gato, combinan moda y seguridad de la mejor manera posible.<\/p>\n<h3>Caracter\u00edsticas<\/h3>\n<ul>\n<li><strong>Material duradero<\/strong>: Hecho de metal de acero resistente de alta calidad para una m\u00e1xima durabilidad.<\/li>\n<li><strong>12 colores vibrantes<\/strong>: Elige entre una amplia gama de colores para combinar con tu estilo.<\/li>\n<li><strong>Tama\u00f1o compacto<\/strong>: La altura de 6 cm y la anchura de 5,3 cm hacen que sea f\u00e1cil de llevar en las llaves, el bolso o la cartera.<\/li>\n<li><strong>Dise\u00f1o inspirado en los gatos<\/strong>: La adorable pero pr\u00e1ctica forma de gato hace de este llavero una herramienta de autodefensa \u00fanica.<\/li>\n<\/ul>\n<h3>Dimensiones<\/h3>\n<ul>\n<li><strong>Altura<\/strong>: 6 cm (2,36 pulgadas)<\/li>\n<li><strong>Anchura<\/strong>: 5,3 cm (2,09 pulgadas)<\/li>\n<\/ul>\n<h3>C\u00f3mo utilizarlo<\/h3>\n<ol>\n<li>Fije el <strong>Exquisito llavero de defensa personal de gato<\/strong> a tu llavero, bolso o monedero utilizando la anilla para llavero.<\/li>\n<li>En caso de emergencia, sujete el llavero firmemente por las orejas de gato y utilice los bordes afilados para ahuyentar a un atacante.<\/li>\n<li>Ll\u00e9velo a todas partes, sabiendo que es a la vez un bonito accesorio y una eficaz herramienta de seguridad.<\/li>\n<\/ol>","protected":false},"excerpt":{"rendered":"<ul>\n<li><strong>Dise\u00f1o \u00fanico para un m\u00e1ximo impacto<\/strong>: La <strong>Exquisito llavero de defensa personal de gato<\/strong> ofrece una innovadora combinaci\u00f3n de estilo y funcionalidad. Su dise\u00f1o en forma de gato proporciona una forma \u00fanica de defenderse a la vez que es un tema de conversaci\u00f3n.<\/li>\n<li><strong>Colores vibrantes<\/strong>: Disponibles en 12 vibrantes colores, estos llaveros de defensa personal no s\u00f3lo te mantienen a salvo, sino que tambi\u00e9n combinan con tu estilo. Tanto si prefieres un color atrevido como algo sutil, hay una opci\u00f3n para todos.<\/li>\n<li><strong>Construido para durar<\/strong>: Hecho de <strong>metal de acero resistente<\/strong>Estos llaveros son incre\u00edblemente duraderos y pueden soportar el desgaste diario sin dejar de ser una eficaz herramienta de autodefensa.<\/li>\n<li><strong>Port\u00e1til y f\u00e1cil de llevar<\/strong>: Con un tama\u00f1o compacto de <strong>6 cm (alto) y 5,3 cm (ancho)<\/strong>es el accesorio perfecto para llevar en las llaves o en el bolso sin a\u00f1adir volumen. Est\u00e9 siempre preparado, vaya donde vaya.<\/li>\n<\/ul>","protected":false},"featured_media":5384,"comment_status":"open","ping_status":"closed","template":"","meta":{"_uag_custom_page_level_css":"","site-sidebar-layout":"default","site-content-layout":"","ast-site-content-layout":"default","site-content-style":"default","site-sidebar-style":"default","ast-global-header-display":"","ast-banner-title-visibility":"","ast-main-header-display":"","ast-hfb-above-header-display":"","ast-hfb-below-header-display":"","ast-hfb-mobile-header-display":"","site-post-title":"","ast-breadcrumbs-content":"","ast-featured-img":"","footer-sml-layout":"","ast-disable-related-posts":"","theme-transparent-header-meta":"default","adv-header-id-meta":"","stick-header-meta":"default","header-above-stick-meta":"","header-main-stick-meta":"","header-below-stick-meta":"","astra-migrate-meta-layouts":"set","ast-page-background-enabled":"default","ast-page-background-meta":{"desktop":{"background-color":"","background-image":"","background-repeat":"repeat","background-position":"center center","background-size":"auto","background-attachment":"scroll","background-type":"","background-media":"","overlay-type":"","overlay-color":"","overlay-opacity":"","overlay-gradient":""},"tablet":{"background-color":"","background-image":"","background-repeat":"repeat","background-position":"center center","background-size":"auto","background-attachment":"scroll","background-type":"","background-media":"","overlay-type":"","overlay-color":"","overlay-opacity":"","overlay-gradient":""},"mobile":{"background-color":"","background-image":"","background-repeat":"repeat","background-position":"center center","background-size":"auto","background-attachment":"scroll","background-type":"","background-media":"","overlay-type":"","overlay-color":"","overlay-opacity":"","overlay-gradient":""}},"ast-content-background-meta":{"desktop":{"background-color":"var(--ast-global-color-5)","background-image":"","background-repeat":"repeat","background-position":"center center","background-size":"auto","background-attachment":"scroll","background-type":"","background-media":"","overlay-type":"","overlay-color":"","overlay-opacity":"","overlay-gradient":""},"tablet":{"background-color":"var(--ast-global-color-5)","background-image":"","background-repeat":"repeat","background-position":"center center","background-size":"auto","background-attachment":"scroll","background-type":"","background-media":"","overlay-type":"","overlay-color":"","overlay-opacity":"","overlay-gradient":""},"mobile":{"background-color":"var(--ast-global-color-5)","background-image":"","background-repeat":"repeat","background-position":"center center","background-size":"auto","background-attachment":"scroll","background-type":"","background-media":"","overlay-type":"","overlay-color":"","overlay-opacity":"","overlay-gradient":""}}},"product_brand":[],"product_cat":[178],"product_tag":[],"class_list":{"0":"post-5374","1":"product","2":"type-product","3":"status-publish","4":"has-post-thumbnail","6":"product_cat-cat-self-defense-keychains-kitty-knuckles","7":"desktop-align-left","8":"tablet-align-left","9":"mobile-align-left","10":"ast-product-gallery-layout-first-image-large","11":"ast-magnify-disabled","12":"ast-product-single-variable","13":"ast-product-tabs-layout-distributed","15":"first","16":"instock","17":"sale","18":"featured","19":"shipping-taxable","20":"purchasable","21":"product-type-variable","22":"has-default-attributes"},"uagb_featured_image_src":{"full":["https:\/\/www.ringsknife.com\/wp-content\/uploads\/2025\/01\/Cat-Self-Defense-Keychains-1.jpg",1000,1000,false],"thumbnail":["https:\/\/www.ringsknife.com\/wp-content\/uploads\/2025\/01\/Cat-Self-Defense-Keychains-1-150x150.jpg",150,150,true],"medium":["https:\/\/www.ringsknife.com\/wp-content\/uploads\/2025\/01\/Cat-Self-Defense-Keychains-1-300x300.jpg",300,300,true],"medium_large":["https:\/\/www.ringsknife.com\/wp-content\/uploads\/2025\/01\/Cat-Self-Defense-Keychains-1-768x768.jpg",768,768,true],"large":["https:\/\/www.ringsknife.com\/wp-content\/uploads\/2025\/01\/Cat-Self-Defense-Keychains-1.jpg",1000,1000,false],"1536x1536":["https:\/\/www.ringsknife.com\/wp-content\/uploads\/2025\/01\/Cat-Self-Defense-Keychains-1.jpg",1000,1000,false],"2048x2048":["https:\/\/www.ringsknife.com\/wp-content\/uploads\/2025\/01\/Cat-Self-Defense-Keychains-1.jpg",1000,1000,false],"trp-custom-language-flag":["https:\/\/www.ringsknife.com\/wp-content\/uploads\/2025\/01\/Cat-Self-Defense-Keychains-1.jpg",12,12,false],"woocommerce_thumbnail":["https:\/\/www.ringsknife.com\/wp-content\/uploads\/2025\/01\/Cat-Self-Defense-Keychains-1-800x800.jpg",800,800,true],"woocommerce_single":["https:\/\/www.ringsknife.com\/wp-content\/uploads\/2025\/01\/Cat-Self-Defense-Keychains-1-800x800.jpg",800,800,true],"woocommerce_gallery_thumbnail":["https:\/\/www.ringsknife.com\/wp-content\/uploads\/2025\/01\/Cat-Self-Defense-Keychains-1-100x100.jpg",100,100,true]},"uagb_author_info":{"display_name":"ringsknife.com","author_link":"https:\/\/www.ringsknife.com\/es\/author\/"},"uagb_comment_info":3,"uagb_excerpt":"Unique Design for Maximum Impact: The Exquisite Cat Self Defense Keychain offers an innovative combination of style and practicality. Its cat-shaped design provides a unique way to defend yourself while being a conversation starter. Vibrant Color Choices: Available in 12 vibrant colors, these self-defense keychains not only keep you safe but also match your style.&hellip;","jetpack_sharing_enabled":true,"_links":{"self":[{"href":"https:\/\/www.ringsknife.com\/es\/wp-json\/wp\/v2\/product\/5374","targetHints":{"allow":["GET"]}}],"collection":[{"href":"https:\/\/www.ringsknife.com\/es\/wp-json\/wp\/v2\/product"}],"about":[{"href":"https:\/\/www.ringsknife.com\/es\/wp-json\/wp\/v2\/types\/product"}],"replies":[{"embeddable":true,"href":"https:\/\/www.ringsknife.com\/es\/wp-json\/wp\/v2\/comments?post=5374"}],"version-history":[{"count":0,"href":"https:\/\/www.ringsknife.com\/es\/wp-json\/wp\/v2\/product\/5374\/revisions"}],"wp:featuredmedia":[{"embeddable":true,"href":"https:\/\/www.ringsknife.com\/es\/wp-json\/wp\/v2\/media\/5384"}],"wp:attachment":[{"href":"https:\/\/www.ringsknife.com\/es\/wp-json\/wp\/v2\/media?parent=5374"}],"wp:term":[{"taxonomy":"product_brand","embeddable":true,"href":"https:\/\/www.ringsknife.com\/es\/wp-json\/wp\/v2\/product_brand?post=5374"},{"taxonomy":"product_cat","embeddable":true,"href":"https:\/\/www.ringsknife.com\/es\/wp-json\/wp\/v2\/product_cat?post=5374"},{"taxonomy":"product_tag","embeddable":true,"href":"https:\/\/www.ringsknife.com\/es\/wp-json\/wp\/v2\/product_tag?post=5374"}],"curies":[{"name":"wp","href":"https:\/\/api.w.org\/{rel}","templated":true}]}}