
{"id":5352,"date":"2025-01-02T11:17:32","date_gmt":"2025-01-02T03:17:32","guid":{"rendered":"https:\/\/www.ringsknife.com\/?post_type=product&#038;p=5352"},"modified":"2025-06-03T17:21:22","modified_gmt":"2025-06-03T09:21:22","slug":"kubaton-self-defense","status":"publish","type":"product","link":"https:\/\/www.ringsknife.com\/es\/producto\/kubaton-defensa-personal\/","title":{"rendered":"Llavero de defensa personal Bling Kubaton"},"content":{"rendered":"<h2>Product Introduction for Llavero de defensa personal Bling Kubaton<\/h2>\n<h3><\/h3>\n<p>En <strong>Llavero de defensa personal Bling Kubaton<\/strong> combina estilo y seguridad en un dise\u00f1o compacto. Fabricada en metal de acero resistente y duradero, esta herramienta de autodefensa es perfecta para cualquiera que busque un medio de protecci\u00f3n fiable y port\u00e1til. Con nueve vibrantes colores del arco iris para elegir, no es s\u00f3lo un accesorio - es un dispositivo de seguridad personal que puede llevar a cualquier parte.<\/p>\n<h3><strong>Caracter\u00edsticas<\/strong><\/h3>\n<ul>\n<li><strong>Material duradero<\/strong>: Hecho de metal de acero resistente para una resistencia duradera.<\/li>\n<li><strong>Dise\u00f1o compacto<\/strong>: Ligero y f\u00e1cil de llevar en el llavero.<\/li>\n<li><strong>Variedad de colores<\/strong>: Disponible en 9 vibrantes colores del arco iris para adaptarse a su estilo.<\/li>\n<li><strong>Herramienta de autodefensa<\/strong>: Te ayuda a sentirte seguro en cualquier situaci\u00f3n gracias a su dise\u00f1o puntiagudo.<\/li>\n<li><strong>Perfecto para mujeres<\/strong>: Ideal para viajeras solas, corredoras y para llevar a diario.<\/li>\n<\/ul>\n<h3><strong>Dimensiones<\/strong><\/h3>\n<ul>\n<li><strong>Longitud<\/strong>: 13,5 cm (5,3 pulgadas)<\/li>\n<li><strong>Anchura<\/strong>: 2,5 cm (1 pulgada)<\/li>\n<li><strong>Peso<\/strong>: Ligero para llevarlo f\u00e1cilmente sin que resulte voluminoso.<\/li>\n<\/ul>\n<h3><strong>C\u00f3mo utilizarlo<\/strong><\/h3>\n<p>Para utilizar el <strong>Llavero de defensa personal Bling Kubaton<\/strong>En caso de peligro, utilice el extremo afilado para defenderse golpeando al agresor en zonas vulnerables. En caso de peligro, utilice el extremo afilado para defenderse golpeando al atacante en las zonas vulnerables. T\u00e9ngalo siempre a mano en su llavero para actuar con rapidez cuando sea necesario.<\/p>","protected":false},"excerpt":{"rendered":"<ul>\n<li><strong>Elegante y resistente<\/strong>: La <strong>Llavero de defensa personal Bling Kubaton<\/strong> es una mezcla de moda y funcionalidad. Fabricada en resistente metal de acero, es una herramienta de defensa duradera y fiable que no sacrifica el estilo. Con 9 vibrantes colores del arco iris, es un accesorio que refleja su personalidad al tiempo que garantiza su seguridad.<\/li>\n<li><strong>F\u00e1cil de transportar<\/strong>: Compacto y ligero, este llavero de defensa personal se adapta perfectamente a su rutina diaria. Se engancha f\u00e1cilmente a su llavero, por lo que est\u00e1 disponible para un acceso r\u00e1pido en caso de emergencia.<\/li>\n<li><strong>Protecci\u00f3n fiable<\/strong>: Si\u00e9ntase segura sabiendo que tiene una herramienta de autodefensa pr\u00e1ctica y eficaz al alcance de la mano. El extremo afilado y puntiagudo est\u00e1 dise\u00f1ado para la protecci\u00f3n, por lo que es una opci\u00f3n ideal para las mujeres en movimiento.<\/li>\n<\/ul>","protected":false},"featured_media":5361,"comment_status":"open","ping_status":"closed","template":"","meta":{"_uag_custom_page_level_css":"","site-sidebar-layout":"default","site-content-layout":"","ast-site-content-layout":"default","site-content-style":"default","site-sidebar-style":"default","ast-global-header-display":"","ast-banner-title-visibility":"","ast-main-header-display":"","ast-hfb-above-header-display":"","ast-hfb-below-header-display":"","ast-hfb-mobile-header-display":"","site-post-title":"","ast-breadcrumbs-content":"","ast-featured-img":"","footer-sml-layout":"","ast-disable-related-posts":"","theme-transparent-header-meta":"default","adv-header-id-meta":"","stick-header-meta":"default","header-above-stick-meta":"","header-main-stick-meta":"","header-below-stick-meta":"","astra-migrate-meta-layouts":"set","ast-page-background-enabled":"default","ast-page-background-meta":{"desktop":{"background-color":"","background-image":"","background-repeat":"repeat","background-position":"center center","background-size":"auto","background-attachment":"scroll","background-type":"","background-media":"","overlay-type":"","overlay-color":"","overlay-opacity":"","overlay-gradient":""},"tablet":{"background-color":"","background-image":"","background-repeat":"repeat","background-position":"center center","background-size":"auto","background-attachment":"scroll","background-type":"","background-media":"","overlay-type":"","overlay-color":"","overlay-opacity":"","overlay-gradient":""},"mobile":{"background-color":"","background-image":"","background-repeat":"repeat","background-position":"center center","background-size":"auto","background-attachment":"scroll","background-type":"","background-media":"","overlay-type":"","overlay-color":"","overlay-opacity":"","overlay-gradient":""}},"ast-content-background-meta":{"desktop":{"background-color":"var(--ast-global-color-5)","background-image":"","background-repeat":"repeat","background-position":"center center","background-size":"auto","background-attachment":"scroll","background-type":"","background-media":"","overlay-type":"","overlay-color":"","overlay-opacity":"","overlay-gradient":""},"tablet":{"background-color":"var(--ast-global-color-5)","background-image":"","background-repeat":"repeat","background-position":"center center","background-size":"auto","background-attachment":"scroll","background-type":"","background-media":"","overlay-type":"","overlay-color":"","overlay-opacity":"","overlay-gradient":""},"mobile":{"background-color":"var(--ast-global-color-5)","background-image":"","background-repeat":"repeat","background-position":"center center","background-size":"auto","background-attachment":"scroll","background-type":"","background-media":"","overlay-type":"","overlay-color":"","overlay-opacity":"","overlay-gradient":""}}},"product_brand":[],"product_cat":[168],"product_tag":[],"class_list":{"0":"post-5352","1":"product","2":"type-product","3":"status-publish","4":"has-post-thumbnail","6":"product_cat-kubaton-kubotan-self-defense-keychains","7":"desktop-align-left","8":"tablet-align-left","9":"mobile-align-left","10":"ast-product-gallery-layout-first-image-large","11":"ast-magnify-disabled","12":"ast-product-single-variable","13":"ast-product-tabs-layout-distributed","15":"first","16":"instock","17":"sale","18":"featured","19":"shipping-taxable","20":"purchasable","21":"product-type-variable","22":"has-default-attributes"},"uagb_featured_image_src":{"full":["https:\/\/www.ringsknife.com\/wp-content\/uploads\/2025\/01\/Bling-Kubaton-Self-Defense-Keychain-1.jpg",800,800,false],"thumbnail":["https:\/\/www.ringsknife.com\/wp-content\/uploads\/2025\/01\/Bling-Kubaton-Self-Defense-Keychain-1-150x150.jpg",150,150,true],"medium":["https:\/\/www.ringsknife.com\/wp-content\/uploads\/2025\/01\/Bling-Kubaton-Self-Defense-Keychain-1-300x300.jpg",300,300,true],"medium_large":["https:\/\/www.ringsknife.com\/wp-content\/uploads\/2025\/01\/Bling-Kubaton-Self-Defense-Keychain-1-768x768.jpg",768,768,true],"large":["https:\/\/www.ringsknife.com\/wp-content\/uploads\/2025\/01\/Bling-Kubaton-Self-Defense-Keychain-1.jpg",800,800,false],"1536x1536":["https:\/\/www.ringsknife.com\/wp-content\/uploads\/2025\/01\/Bling-Kubaton-Self-Defense-Keychain-1.jpg",800,800,false],"2048x2048":["https:\/\/www.ringsknife.com\/wp-content\/uploads\/2025\/01\/Bling-Kubaton-Self-Defense-Keychain-1.jpg",800,800,false],"trp-custom-language-flag":["https:\/\/www.ringsknife.com\/wp-content\/uploads\/2025\/01\/Bling-Kubaton-Self-Defense-Keychain-1.jpg",12,12,false],"woocommerce_thumbnail":["https:\/\/www.ringsknife.com\/wp-content\/uploads\/2025\/01\/Bling-Kubaton-Self-Defense-Keychain-1.jpg",800,800,false],"woocommerce_single":["https:\/\/www.ringsknife.com\/wp-content\/uploads\/2025\/01\/Bling-Kubaton-Self-Defense-Keychain-1.jpg",800,800,false],"woocommerce_gallery_thumbnail":["https:\/\/www.ringsknife.com\/wp-content\/uploads\/2025\/01\/Bling-Kubaton-Self-Defense-Keychain-1-100x100.jpg",100,100,true]},"uagb_author_info":{"display_name":"ringsknife.com","author_link":"https:\/\/www.ringsknife.com\/es\/author\/"},"uagb_comment_info":47,"uagb_excerpt":"Stylish &amp; Strong: The Bling Kubaton Self Defense Keychain is a blend of fashion and function. Made from tough steel metal, it\u2019s a durable, reliable defense tool that doesn\u2019t sacrifice style. With 9 vibrant rainbow colors, it\u2019s an accessory that reflects your personality while ensuring your safety. Easy to Carry: Compact and lightweight, this self-defense&hellip;","jetpack_sharing_enabled":true,"_links":{"self":[{"href":"https:\/\/www.ringsknife.com\/es\/wp-json\/wp\/v2\/product\/5352","targetHints":{"allow":["GET"]}}],"collection":[{"href":"https:\/\/www.ringsknife.com\/es\/wp-json\/wp\/v2\/product"}],"about":[{"href":"https:\/\/www.ringsknife.com\/es\/wp-json\/wp\/v2\/types\/product"}],"replies":[{"embeddable":true,"href":"https:\/\/www.ringsknife.com\/es\/wp-json\/wp\/v2\/comments?post=5352"}],"version-history":[{"count":0,"href":"https:\/\/www.ringsknife.com\/es\/wp-json\/wp\/v2\/product\/5352\/revisions"}],"wp:featuredmedia":[{"embeddable":true,"href":"https:\/\/www.ringsknife.com\/es\/wp-json\/wp\/v2\/media\/5361"}],"wp:attachment":[{"href":"https:\/\/www.ringsknife.com\/es\/wp-json\/wp\/v2\/media?parent=5352"}],"wp:term":[{"taxonomy":"product_brand","embeddable":true,"href":"https:\/\/www.ringsknife.com\/es\/wp-json\/wp\/v2\/product_brand?post=5352"},{"taxonomy":"product_cat","embeddable":true,"href":"https:\/\/www.ringsknife.com\/es\/wp-json\/wp\/v2\/product_cat?post=5352"},{"taxonomy":"product_tag","embeddable":true,"href":"https:\/\/www.ringsknife.com\/es\/wp-json\/wp\/v2\/product_tag?post=5352"}],"curies":[{"name":"wp","href":"https:\/\/api.w.org\/{rel}","templated":true}]}}