
{"id":5288,"date":"2024-12-25T15:38:33","date_gmt":"2024-12-25T07:38:33","guid":{"rendered":"https:\/\/www.ringsknife.com\/?post_type=product&#038;p=5288"},"modified":"2025-06-01T08:06:05","modified_gmt":"2025-06-01T00:06:05","slug":"kubaton-keychain","status":"publish","type":"product","link":"https:\/\/www.ringsknife.com\/es\/producto\/llavero-kubaton\/","title":{"rendered":"Llavero Kubaton de Autodefensa con Punta Pulida"},"content":{"rendered":"<h2>Introducci\u00f3n de productos para <strong>Llavero Kubaton de Autodefensa con Punta Pulida<\/strong><\/h2>\n<p>&nbsp;<\/p>\n<h3>Descripci\u00f3n<\/h3>\n<p>En <strong>Llavero Kubaton de Autodefensa con Punta Pulida<\/strong> es una herramienta elegante y pr\u00e1ctica dise\u00f1ada para la seguridad personal. Fabricado en metal de acero resistente y duradero, este llavero de autodefensa est\u00e1 construido para resistir impactos y proporcionar un agarre firme durante su uso. Su dise\u00f1o puntiagudo lo hace muy eficaz para la defensa personal, mientras que su tama\u00f1o compacto garantiza la comodidad para llevarlo a diario. Disponible en 8 vibrantes colores del arco iris, este llavero kubaton combina funcionalidad y estilo.<\/p>\n<h3>Caracter\u00edsticas<\/h3>\n<ul>\n<li><strong>Material<\/strong>: Resistente metal de acero para mayor durabilidad y resistencia.<\/li>\n<li><strong>Opciones de color<\/strong>: Disponible en 8 vibrantes colores del arco iris para que coincida con su estilo.<\/li>\n<li><strong>Portabilidad<\/strong>: Su dise\u00f1o compacto facilita su transporte como llavero.<\/li>\n<li><strong>Herramienta de autodefensa<\/strong>: La punta puntiaguda proporciona una poderosa defensa en caso de emergencia.<\/li>\n<li><strong>Vers\u00e1til<\/strong>: Puede utilizarse para romper cristales en caso de emergencia o para protegerse de los atacantes.<\/li>\n<\/ul>\n<h3>Dimensiones<\/h3>\n<ul>\n<li><strong>Longitud<\/strong>: 13,5 cm (5,31 pulgadas)<\/li>\n<li><strong>Anchura<\/strong>: 2,5 cm (0,98 pulgadas)<\/li>\n<li><strong>Peso<\/strong>: Ligero y f\u00e1cil de llevar en su llavero sin sentirse voluminoso.<\/li>\n<\/ul>\n<h4>C\u00f3mo utilizarlo<\/h4>\n<ol>\n<li>Sujeta el kubaton por su cuerpo cil\u00edndrico, manteniendo el extremo puntiagudo hacia delante.<\/li>\n<li>En caso de emergencia, utilice el extremo puntiagudo para golpear los puntos de presi\u00f3n o las zonas sensibles del atacante.<\/li>\n<li>Tambi\u00e9n puedes utilizar el kubaton para romper cristales en caso de emergencia, como en un accidente de coche.<\/li>\n<li>S\u00f3lo tienes que enganchar el kubaton a tu llavero para acceder f\u00e1cilmente a \u00e9l.<\/li>\n<\/ol>","protected":false},"excerpt":{"rendered":"<ul>\n<li><strong>Durabilidad y resistencia<\/strong>: Fabricado en resistente metal de acero, el <strong>Llavero Kubaton de Autodefensa con Punta Pulida<\/strong> est\u00e1 fabricado para durar y soportar la presi\u00f3n de las situaciones de defensa personal.<\/li>\n<li><strong>Elegante y vibrante<\/strong>: Elige entre 8 llamativos colores del arco iris para combinar con tu personalidad. Este llavero es tan elegante como funcional.<\/li>\n<li><strong>Compacto y port\u00e1til<\/strong>: Con una longitud de 13,5 cm, es lo suficientemente peque\u00f1o como para caber en tu bolsillo o engancharlo a tu llavero sin que te pese.<\/li>\n<li><strong>Defensa personal eficaz<\/strong>: Su extremo puntiagudo la convierte en una poderosa herramienta de protecci\u00f3n personal. F\u00e1cil de llevar y r\u00e1pido de desplegar cuando m\u00e1s lo necesitas.<\/li>\n<\/ul>","protected":false},"featured_media":5298,"comment_status":"open","ping_status":"closed","template":"","meta":{"_uag_custom_page_level_css":"","site-sidebar-layout":"default","site-content-layout":"","ast-site-content-layout":"default","site-content-style":"default","site-sidebar-style":"default","ast-global-header-display":"","ast-banner-title-visibility":"","ast-main-header-display":"","ast-hfb-above-header-display":"","ast-hfb-below-header-display":"","ast-hfb-mobile-header-display":"","site-post-title":"","ast-breadcrumbs-content":"","ast-featured-img":"","footer-sml-layout":"","ast-disable-related-posts":"","theme-transparent-header-meta":"default","adv-header-id-meta":"","stick-header-meta":"default","header-above-stick-meta":"","header-main-stick-meta":"","header-below-stick-meta":"","astra-migrate-meta-layouts":"set","ast-page-background-enabled":"default","ast-page-background-meta":{"desktop":{"background-color":"","background-image":"","background-repeat":"repeat","background-position":"center center","background-size":"auto","background-attachment":"scroll","background-type":"","background-media":"","overlay-type":"","overlay-color":"","overlay-opacity":"","overlay-gradient":""},"tablet":{"background-color":"","background-image":"","background-repeat":"repeat","background-position":"center center","background-size":"auto","background-attachment":"scroll","background-type":"","background-media":"","overlay-type":"","overlay-color":"","overlay-opacity":"","overlay-gradient":""},"mobile":{"background-color":"","background-image":"","background-repeat":"repeat","background-position":"center center","background-size":"auto","background-attachment":"scroll","background-type":"","background-media":"","overlay-type":"","overlay-color":"","overlay-opacity":"","overlay-gradient":""}},"ast-content-background-meta":{"desktop":{"background-color":"var(--ast-global-color-5)","background-image":"","background-repeat":"repeat","background-position":"center center","background-size":"auto","background-attachment":"scroll","background-type":"","background-media":"","overlay-type":"","overlay-color":"","overlay-opacity":"","overlay-gradient":""},"tablet":{"background-color":"var(--ast-global-color-5)","background-image":"","background-repeat":"repeat","background-position":"center center","background-size":"auto","background-attachment":"scroll","background-type":"","background-media":"","overlay-type":"","overlay-color":"","overlay-opacity":"","overlay-gradient":""},"mobile":{"background-color":"var(--ast-global-color-5)","background-image":"","background-repeat":"repeat","background-position":"center center","background-size":"auto","background-attachment":"scroll","background-type":"","background-media":"","overlay-type":"","overlay-color":"","overlay-opacity":"","overlay-gradient":""}}},"product_brand":[],"product_cat":[168],"product_tag":[],"class_list":{"0":"post-5288","1":"product","2":"type-product","3":"status-publish","4":"has-post-thumbnail","6":"product_cat-kubaton-kubotan-self-defense-keychains","7":"desktop-align-left","8":"tablet-align-left","9":"mobile-align-left","10":"ast-product-gallery-layout-first-image-large","11":"ast-magnify-disabled","12":"ast-product-single-variable","13":"ast-product-tabs-layout-distributed","15":"first","16":"instock","17":"sale","18":"featured","19":"shipping-taxable","20":"purchasable","21":"product-type-variable","22":"has-default-attributes"},"uagb_featured_image_src":{"full":["https:\/\/www.ringsknife.com\/wp-content\/uploads\/2024\/12\/Polished-Pointed-Self-Defense-Kubaton-Keychain-3.jpg",800,800,false],"thumbnail":["https:\/\/www.ringsknife.com\/wp-content\/uploads\/2024\/12\/Polished-Pointed-Self-Defense-Kubaton-Keychain-3-150x150.jpg",150,150,true],"medium":["https:\/\/www.ringsknife.com\/wp-content\/uploads\/2024\/12\/Polished-Pointed-Self-Defense-Kubaton-Keychain-3-300x300.jpg",300,300,true],"medium_large":["https:\/\/www.ringsknife.com\/wp-content\/uploads\/2024\/12\/Polished-Pointed-Self-Defense-Kubaton-Keychain-3-768x768.jpg",768,768,true],"large":["https:\/\/www.ringsknife.com\/wp-content\/uploads\/2024\/12\/Polished-Pointed-Self-Defense-Kubaton-Keychain-3.jpg",800,800,false],"1536x1536":["https:\/\/www.ringsknife.com\/wp-content\/uploads\/2024\/12\/Polished-Pointed-Self-Defense-Kubaton-Keychain-3.jpg",800,800,false],"2048x2048":["https:\/\/www.ringsknife.com\/wp-content\/uploads\/2024\/12\/Polished-Pointed-Self-Defense-Kubaton-Keychain-3.jpg",800,800,false],"trp-custom-language-flag":["https:\/\/www.ringsknife.com\/wp-content\/uploads\/2024\/12\/Polished-Pointed-Self-Defense-Kubaton-Keychain-3.jpg",12,12,false],"woocommerce_thumbnail":["https:\/\/www.ringsknife.com\/wp-content\/uploads\/2024\/12\/Polished-Pointed-Self-Defense-Kubaton-Keychain-3.jpg",800,800,false],"woocommerce_single":["https:\/\/www.ringsknife.com\/wp-content\/uploads\/2024\/12\/Polished-Pointed-Self-Defense-Kubaton-Keychain-3.jpg",800,800,false],"woocommerce_gallery_thumbnail":["https:\/\/www.ringsknife.com\/wp-content\/uploads\/2024\/12\/Polished-Pointed-Self-Defense-Kubaton-Keychain-3-100x100.jpg",100,100,true]},"uagb_author_info":{"display_name":"ringsknife.com","author_link":"https:\/\/www.ringsknife.com\/es\/author\/"},"uagb_comment_info":4,"uagb_excerpt":"Durability &amp; Strength: Crafted from tough steel metal, the Polished Pointed Self Defense Kubaton Keychain is built to last and withstand the pressure of self-defense situations. Stylish &amp; Vibrant: Choose from 8 eye-catching rainbow colors to match your personality. This keychain is as stylish as it is functional. Compact &amp; Portable: With a length of&hellip;","jetpack_sharing_enabled":true,"_links":{"self":[{"href":"https:\/\/www.ringsknife.com\/es\/wp-json\/wp\/v2\/product\/5288","targetHints":{"allow":["GET"]}}],"collection":[{"href":"https:\/\/www.ringsknife.com\/es\/wp-json\/wp\/v2\/product"}],"about":[{"href":"https:\/\/www.ringsknife.com\/es\/wp-json\/wp\/v2\/types\/product"}],"replies":[{"embeddable":true,"href":"https:\/\/www.ringsknife.com\/es\/wp-json\/wp\/v2\/comments?post=5288"}],"version-history":[{"count":0,"href":"https:\/\/www.ringsknife.com\/es\/wp-json\/wp\/v2\/product\/5288\/revisions"}],"wp:featuredmedia":[{"embeddable":true,"href":"https:\/\/www.ringsknife.com\/es\/wp-json\/wp\/v2\/media\/5298"}],"wp:attachment":[{"href":"https:\/\/www.ringsknife.com\/es\/wp-json\/wp\/v2\/media?parent=5288"}],"wp:term":[{"taxonomy":"product_brand","embeddable":true,"href":"https:\/\/www.ringsknife.com\/es\/wp-json\/wp\/v2\/product_brand?post=5288"},{"taxonomy":"product_cat","embeddable":true,"href":"https:\/\/www.ringsknife.com\/es\/wp-json\/wp\/v2\/product_cat?post=5288"},{"taxonomy":"product_tag","embeddable":true,"href":"https:\/\/www.ringsknife.com\/es\/wp-json\/wp\/v2\/product_tag?post=5288"}],"curies":[{"name":"wp","href":"https:\/\/api.w.org\/{rel}","templated":true}]}}