
{"id":5265,"date":"2024-12-19T12:06:49","date_gmt":"2024-12-19T04:06:49","guid":{"rendered":"https:\/\/www.ringsknife.com\/?post_type=product&#038;p=5265"},"modified":"2025-07-07T01:27:12","modified_gmt":"2025-07-06T17:27:12","slug":"self-defense-kit","status":"publish","type":"product","link":"https:\/\/www.ringsknife.com\/es\/producto\/kit-de-defensa-personal\/","title":{"rendered":"Kit de defensa personal de 14 piezas Sparkling"},"content":{"rendered":"<h2>Bienvenido a la gama completa de kits de defensa personal.<\/h2>\n<p>Repleto de los productos de defensa personal m\u00e1s eficaces y valorados, este kit de 14 piezas le mantendr\u00e1 protegido en cualquier situaci\u00f3n.<\/p>\n<p>No dudes en volver a montar el kit antes de salir de casa para incluir s\u00f3lo lo que necesites para ese d\u00eda.<\/p>\n<ol>\n<li>Llavero Heart Bling: Este encantador adorno a\u00f1ade un toque de brillo a tus llaves, garantizando que brilles all\u00e1 donde vayas.<\/li>\n<li>Bolsa para guardar tarjetas: Con su elegante dise\u00f1o, esta bolsa es perfecta para guardar tus tarjetas y dinero en efectivo, manteniendo tus objetos esenciales organizados y al alcance de la mano.<\/li>\n<li>Cord\u00f3n: Un accesorio de moda para tener las llaves o el DNI a mano, este cord\u00f3n es todo estilo y comodidad.<\/li>\n<li>Con cuentas: A\u00f1ade un toque de elegancia a tu look con este accesorio de cuentas, una pieza puramente decorativa que complementa cualquier atuendo.<\/li>\n<li>Mini maletas: Estas maletas compactas son perfectas para guardar discretamente tus objetos esenciales mientras te desplazas.<\/li>\n<li>Tarjetero: fino y elegante, este tarjetero es ideal para guardar su identificaci\u00f3n e informaci\u00f3n de contacto en caso de emergencia.<\/li>\n<li>Cubo para pintalabios: No te dejes enga\u00f1ar por su bonito exterior; este recipiente para pintalabios es perfecto para guardar peque\u00f1os objetos al alcance de la mano.<\/li>\n<li>Colgante Ins de piel: Este colgante de moda es algo m\u00e1s que una pieza llamativa; alberga un compartimento para guardar tus peque\u00f1os tesoros.<\/li>\n<li>Frasco de perfume: Este frasco de perfume enga\u00f1osamente encantador est\u00e1 dise\u00f1ado para contener su fragancia favorita, a\u00f1adiendo un toque de lujo a su d\u00eda.<\/li>\n<li>Frasco para medicamentos: Guarde sus medicamentos esenciales en este discreto frasco, asegur\u00e1ndose de tenerlos cuando los necesite.<\/li>\n<li>Kubaton: Este bast\u00f3n de defensa probado y verdadero es compacto, ligero, f\u00e1cil de manejar y tiene una pl\u00e9tora de usos defensivos. Los Kubatons son utilizados por las fuerzas del orden en todo el mundo por una buena raz\u00f3n.<\/li>\n<li>Abridor de puertas sin contacto: Abra las puertas del ba\u00f1o, pulse botones y toque pantallas sin tener que entrar en contacto con estas superficies contaminadas tan utilizadas. Fabricado en acero inoxidable resistente a las bacterias y con punta de puntero, esta herramienta sin contacto es la forma perfecta de estar seguro mientras interact\u00faas con el mundo.<\/li>\n<li>Cortador de llaves: Discretamente dise\u00f1ado para parecer una herramienta para llaves, el cortador de llaves puede ayudarle en situaciones en las que necesite acceder r\u00e1pidamente a sus llaves o cortar una sujeci\u00f3n.<\/li>\n<li>Soporte para desinfectante de manos con botella: Mantente limpio y libre de g\u00e9rmenes con este pr\u00e1ctico soporte para tu desinfectante de manos.<\/li>\n<\/ol>\n<p>Este kit de autodefensa de protecci\u00f3n total le equipa con los productos mejor valorados para mantenerle seguro y protegido en su vida diaria. Tambi\u00e9n puedes llevar cada pieza por separado o guardarlas en varios lugares c\u00f3modos en funci\u00f3n de tus necesidades.<\/p>\n<p>Dise\u00f1ado con una elegante paleta de colores s\u00f3lidos, nunca tendr\u00e1 que preocuparse por la fealdad de las armas de autodefensa, ni sacrificar el estilo por la seguridad.<\/p>\n<p>Hay muchas formas de llevar y guardar su kit de autodefensa de protecci\u00f3n total. Eng\u00e1nchalo a las llaves de casa o a la trabilla del cintur\u00f3n, d\u00e9jalo en el bolso para acceder c\u00f3modamente a \u00e9l o d\u00e9jalo en la guantera o en la consola central del coche para tenerlo siempre a mano cuando est\u00e9s fuera de casa.<\/p>\n<p>&nbsp;<\/p>\n<h2>Materiales:<\/h2>\n<p>Los componentes del juego de protecci\u00f3n total est\u00e1n fabricados en acero, aluminio y pl\u00e1stico duro, lo que garantiza tanto estilo como durabilidad.<\/p>","protected":false},"excerpt":{"rendered":"<ol>\n<li>Transporte discreto y elegante: Los componentes del kit est\u00e1n dise\u00f1ados para parecer accesorios cotidianos, lo que le permite llevar consigo herramientas esenciales de autodefensa sin llamar la atenci\u00f3n.<\/li>\n<li>Transporte modular y personalizable: Con 14 piezas diferentes, puedes personalizar tu kit para adaptarlo a tus necesidades diarias espec\u00edficas, asegur\u00e1ndote de que solo llevas lo necesario para protegerte.<\/li>\n<li>Almacenamiento vers\u00e1til para el transporte: El kit incluye una variedad de soluciones de almacenamiento, proporcionando un transporte organizado para sus art\u00edculos personales de una manera compacta y conveniente.<\/li>\n<li>Construcci\u00f3n duradera para un transporte fiable: Fabricado con materiales de alta calidad, el kit est\u00e1 hecho para durar, ofreciendo una protecci\u00f3n fiable y tranquilidad siempre que lo lleves contigo.<\/li>\n<li>Est\u00e9tica y funcionalidad: Las piezas decorativas del kit a\u00f1aden un toque de elegancia a su porte diario, mientras que las herramientas de autodefensa proporcionan medidas de seguridad pr\u00e1cticas, garantizando que pueda llevar tanto estilo como seguridad.<\/li>\n<\/ol>","protected":false},"featured_media":5249,"comment_status":"open","ping_status":"closed","template":"","meta":{"_uag_custom_page_level_css":"","site-sidebar-layout":"default","site-content-layout":"","ast-site-content-layout":"default","site-content-style":"default","site-sidebar-style":"default","ast-global-header-display":"","ast-banner-title-visibility":"","ast-main-header-display":"","ast-hfb-above-header-display":"","ast-hfb-below-header-display":"","ast-hfb-mobile-header-display":"","site-post-title":"","ast-breadcrumbs-content":"","ast-featured-img":"","footer-sml-layout":"","ast-disable-related-posts":"","theme-transparent-header-meta":"default","adv-header-id-meta":"","stick-header-meta":"default","header-above-stick-meta":"","header-main-stick-meta":"","header-below-stick-meta":"","astra-migrate-meta-layouts":"set","ast-page-background-enabled":"default","ast-page-background-meta":{"desktop":{"background-color":"","background-image":"","background-repeat":"repeat","background-position":"center center","background-size":"auto","background-attachment":"scroll","background-type":"","background-media":"","overlay-type":"","overlay-color":"","overlay-opacity":"","overlay-gradient":""},"tablet":{"background-color":"","background-image":"","background-repeat":"repeat","background-position":"center center","background-size":"auto","background-attachment":"scroll","background-type":"","background-media":"","overlay-type":"","overlay-color":"","overlay-opacity":"","overlay-gradient":""},"mobile":{"background-color":"","background-image":"","background-repeat":"repeat","background-position":"center center","background-size":"auto","background-attachment":"scroll","background-type":"","background-media":"","overlay-type":"","overlay-color":"","overlay-opacity":"","overlay-gradient":""}},"ast-content-background-meta":{"desktop":{"background-color":"var(--ast-global-color-5)","background-image":"","background-repeat":"repeat","background-position":"center center","background-size":"auto","background-attachment":"scroll","background-type":"","background-media":"","overlay-type":"","overlay-color":"","overlay-opacity":"","overlay-gradient":""},"tablet":{"background-color":"var(--ast-global-color-5)","background-image":"","background-repeat":"repeat","background-position":"center center","background-size":"auto","background-attachment":"scroll","background-type":"","background-media":"","overlay-type":"","overlay-color":"","overlay-opacity":"","overlay-gradient":""},"mobile":{"background-color":"var(--ast-global-color-5)","background-image":"","background-repeat":"repeat","background-position":"center center","background-size":"auto","background-attachment":"scroll","background-type":"","background-media":"","overlay-type":"","overlay-color":"","overlay-opacity":"","overlay-gradient":""}}},"product_brand":[],"product_cat":[169,50],"product_tag":[167,166],"class_list":{"0":"post-5265","1":"product","2":"type-product","3":"status-publish","4":"has-post-thumbnail","6":"product_cat-self-defense-keychain-sets","7":"product_cat-self-defense-keychains","8":"product_tag-self-defense-keychain","9":"product_tag-self-defense-keychain-sets","10":"desktop-align-left","11":"tablet-align-left","12":"mobile-align-left","13":"ast-product-gallery-layout-first-image-large","14":"ast-magnify-disabled","15":"ast-product-single-variable","16":"ast-product-tabs-layout-distributed","18":"first","19":"instock","20":"sale","21":"featured","22":"shipping-taxable","23":"purchasable","24":"product-type-variable","25":"has-default-attributes"},"uagb_featured_image_src":{"full":["https:\/\/www.ringsknife.com\/wp-content\/uploads\/2024\/12\/Sparkling-14-piece-Self-Defense-Kit-red.jpg",800,800,false],"thumbnail":["https:\/\/www.ringsknife.com\/wp-content\/uploads\/2024\/12\/Sparkling-14-piece-Self-Defense-Kit-red-150x150.jpg",150,150,true],"medium":["https:\/\/www.ringsknife.com\/wp-content\/uploads\/2024\/12\/Sparkling-14-piece-Self-Defense-Kit-red-300x300.jpg",300,300,true],"medium_large":["https:\/\/www.ringsknife.com\/wp-content\/uploads\/2024\/12\/Sparkling-14-piece-Self-Defense-Kit-red-768x768.jpg",768,768,true],"large":["https:\/\/www.ringsknife.com\/wp-content\/uploads\/2024\/12\/Sparkling-14-piece-Self-Defense-Kit-red.jpg",800,800,false],"1536x1536":["https:\/\/www.ringsknife.com\/wp-content\/uploads\/2024\/12\/Sparkling-14-piece-Self-Defense-Kit-red.jpg",800,800,false],"2048x2048":["https:\/\/www.ringsknife.com\/wp-content\/uploads\/2024\/12\/Sparkling-14-piece-Self-Defense-Kit-red.jpg",800,800,false],"trp-custom-language-flag":["https:\/\/www.ringsknife.com\/wp-content\/uploads\/2024\/12\/Sparkling-14-piece-Self-Defense-Kit-red.jpg",12,12,false],"woocommerce_thumbnail":["https:\/\/www.ringsknife.com\/wp-content\/uploads\/2024\/12\/Sparkling-14-piece-Self-Defense-Kit-red.jpg",800,800,false],"woocommerce_single":["https:\/\/www.ringsknife.com\/wp-content\/uploads\/2024\/12\/Sparkling-14-piece-Self-Defense-Kit-red.jpg",800,800,false],"woocommerce_gallery_thumbnail":["https:\/\/www.ringsknife.com\/wp-content\/uploads\/2024\/12\/Sparkling-14-piece-Self-Defense-Kit-red-100x100.jpg",100,100,true]},"uagb_author_info":{"display_name":"ringsknife.com","author_link":"https:\/\/www.ringsknife.com\/es\/author\/"},"uagb_comment_info":3,"uagb_excerpt":"Discreet and Stylish Carry: The kit's components are designed to look like everyday accessories, allowing you to carry essential self-defense tools without drawing attention. Modular and Customizable Carry: With 14 different pieces, you can personalize your kit to suit your specific daily needs, ensuring you only carry what's necessary for protection. Versatile Storage for Carry:&hellip;","jetpack_sharing_enabled":true,"_links":{"self":[{"href":"https:\/\/www.ringsknife.com\/es\/wp-json\/wp\/v2\/product\/5265","targetHints":{"allow":["GET"]}}],"collection":[{"href":"https:\/\/www.ringsknife.com\/es\/wp-json\/wp\/v2\/product"}],"about":[{"href":"https:\/\/www.ringsknife.com\/es\/wp-json\/wp\/v2\/types\/product"}],"replies":[{"embeddable":true,"href":"https:\/\/www.ringsknife.com\/es\/wp-json\/wp\/v2\/comments?post=5265"}],"version-history":[{"count":0,"href":"https:\/\/www.ringsknife.com\/es\/wp-json\/wp\/v2\/product\/5265\/revisions"}],"wp:featuredmedia":[{"embeddable":true,"href":"https:\/\/www.ringsknife.com\/es\/wp-json\/wp\/v2\/media\/5249"}],"wp:attachment":[{"href":"https:\/\/www.ringsknife.com\/es\/wp-json\/wp\/v2\/media?parent=5265"}],"wp:term":[{"taxonomy":"product_brand","embeddable":true,"href":"https:\/\/www.ringsknife.com\/es\/wp-json\/wp\/v2\/product_brand?post=5265"},{"taxonomy":"product_cat","embeddable":true,"href":"https:\/\/www.ringsknife.com\/es\/wp-json\/wp\/v2\/product_cat?post=5265"},{"taxonomy":"product_tag","embeddable":true,"href":"https:\/\/www.ringsknife.com\/es\/wp-json\/wp\/v2\/product_tag?post=5265"}],"curies":[{"name":"wp","href":"https:\/\/api.w.org\/{rel}","templated":true}]}}