
{"id":5202,"date":"2024-12-17T15:33:04","date_gmt":"2024-12-17T07:33:04","guid":{"rendered":"https:\/\/www.ringsknife.com\/product\/defensive-weapons-15-piece-self-defense-keychain-set\/"},"modified":"2024-12-25T16:37:17","modified_gmt":"2024-12-25T08:37:17","slug":"defensive-weapons-15-piece-self-defense-keychain-set","status":"publish","type":"product","link":"https:\/\/www.ringsknife.com\/es\/producto\/armas-defensivas-llavero-de-defensa-personal-de-15-piezas\/","title":{"rendered":"Set de 15 llaveros de defensa personal Defensive Weapons"},"content":{"rendered":"<div class=\"product-specs-list-container\">\n<p>Bienvenido a la colecci\u00f3n definitiva de art\u00edculos de defensa personal.<\/p>\n<p>Presentamos el Set de Llavero de Defensa Personal de 15 Piezas de Armas Defensivas, su soluci\u00f3n completa y elegante para la seguridad personal. Este conjunto est\u00e1 repleto de 15 herramientas de autodefensa \u00fanicas y eficaces, cada una dise\u00f1ada para proporcionarle la confianza y la seguridad que necesita en cualquier situaci\u00f3n.<\/p>\n<p>Personaliza tu kit para adaptarlo a tus necesidades diarias, seleccionando s\u00f3lo las piezas que necesitas para el d\u00eda. Con un dise\u00f1o elegante y discreto, estas herramientas no comprometer\u00e1n tu estilo y te permitir\u00e1n estar siempre preparada.<\/p>\n<ol>\n<li><strong>Pomp\u00f3n:<\/strong> A\u00f1ade un toque de estilo a tu llavero y ten a mano una pr\u00e1ctica herramienta de defensa personal.<\/li>\n<li><strong>Correa de pulsera:<\/strong> Mant\u00e9n tus llaves seguras y tus manos libres con este elegante y pr\u00e1ctico brazalete.<\/li>\n<li><strong>Bolsa para l\u00e1pices de labios:<\/strong> Mantenga sus objetos esenciales organizados y al alcance de la mano.<\/li>\n<li><strong>Colgante Ins de cuero:<\/strong> Un accesorio de moda para a\u00f1adir estilo a tu equipo.<\/li>\n<li><strong>Frasco de perfume:<\/strong> Lleve discretamente un elemento disuasorio personal en este elegante dise\u00f1o de frasco de perfume.<\/li>\n<li><strong>Rompecristales\/Cortador de cintur\u00f3n de seguridad:<\/strong> Est\u00e9 preparado para emergencias con esta herramienta multifuncional que puede cortar cinturones de seguridad y romper ventanillas.<\/li>\n<li><strong>Tapicer\u00eda de cuero en forma de coraz\u00f3n:<\/strong> A\u00f1ade un toque de elegancia a tu llavero.<\/li>\n<li><strong>Bolsa para guardar tarjetas:<\/strong> Mantenga sus tarjetas seguras y organizadas en esta bolsa compacta y elegante.<\/li>\n<li><strong>Porta pintalabios:<\/strong> No te quedes nunca sin tu pintalabios favorito con este elegante y funcional soporte.<\/li>\n<li><strong>Soporte para desinfectante de manos con botella:<\/strong> Mantente limpio y libre de g\u00e9rmenes con este pr\u00e1ctico soporte para tu desinfectante de manos.<\/li>\n<li><strong>Abrebotellas:<\/strong> Abra botellas f\u00e1cilmente con esta pr\u00e1ctica herramienta, siempre a mano en su llavero.<\/li>\n<li><strong>Abrepuertas sin contacto:<\/strong> Minimice el contacto con las superficies con esta innovadora herramienta, dise\u00f1ada para abrir puertas sin tocar las manillas.<\/li>\n<li><strong>Frasco de medicamentos<\/strong><strong>:<\/strong> Un peque\u00f1o compa\u00f1ero de salud port\u00e1til.<\/li>\n<li><strong>Silbato:<\/strong> Llama la atenci\u00f3n y pide ayuda con este silbato alto y eficaz.<\/li>\n<li><strong>Abrazadera de cuentas:<\/strong> A\u00f1ade un elemento decorativo y resistente a tu llavero.<\/li>\n<\/ol>\n<p>Cada pieza de este kit de defensa personal de protecci\u00f3n total est\u00e1 fabricada con materiales de alta calidad como acero, aluminio y cuero artificial, lo que garantiza su durabilidad y fiabilidad. Con una elegante paleta de colores s\u00f3lidos, puede disfrutar de la tranquilidad que ofrecen los mejores productos de defensa personal sin sacrificar su sentido del estilo.<\/p>\n<p>Lleve su kit de varias formas: suj\u00e9telo a las llaves de su casa, m\u00e9talo en su bolso o gu\u00e1rdelo en la guantera o en la consola central de su coche. Con el llavero de defensa personal de 15 piezas de Defensive Weapons, nunca estar\u00e1s sin la protecci\u00f3n que necesitas, dondequiera que te lleve la vida.<\/p>\n<p>El juego completo de 15 llaveros de defensa personal incluye:<\/p>\n<ul class=\"ul1\">\n<li class=\"li1\"><b>Pomp\u00f3n<\/b><\/li>\n<li class=\"li1\"><b>Pulsera<\/b><\/li>\n<li class=\"li1\"><b>Bolsa para l\u00e1pices de labios<\/b><\/li>\n<li class=\"li1\"><b>Colgante de cuero Ins<\/b><\/li>\n<li class=\"li1\"><b>Frasco de perfume<\/b><\/li>\n<li class=\"li1\"><b>Rompeventanas\/Cortador de cintur\u00f3n de seguridad<\/b><\/li>\n<li class=\"li1\"><b>Corazones de cuero<\/b><\/li>\n<li class=\"li1\"><b>Bolsa para tarjetas<\/b><\/li>\n<li class=\"li1\"><b>Soporte para pintalabios<\/b><\/li>\n<li class=\"li1\"><b>Soporte para desinfectante de manos con botella<\/b><\/li>\n<li class=\"li1\"><b>Abridor de botellas<\/b><\/li>\n<li class=\"li1\"><b>Abrepuertas sin contacto<\/b><\/li>\n<li class=\"li1\"><strong>Frasco de medicamentos<\/strong><\/li>\n<li class=\"li1\"><b>Silbato<\/b><\/li>\n<li class=\"li1\"><b>Soporte con cuentas<\/b><\/li>\n<\/ul>\n<\/div>\n<div class=\"detailmodule_html\">\n<div class=\"detail-desc-decorate-richtext\"><\/div>\n<\/div>","protected":false},"excerpt":{"rendered":"<ol>\n<li><strong>Versatilidad<\/strong>: Set personalizable con 15 herramientas de defensa personal y utilidad para cada situaci\u00f3n.<\/li>\n<li><strong>Discreci\u00f3n<\/strong>: Dise\u00f1o elegante que combina con los objetos cotidianos, garantizando la seguridad sin llamar la atenci\u00f3n.<\/li>\n<li><strong>Conveniencia<\/strong>: Incluye pr\u00e1cticas herramientas como un soporte para desinfectante de manos y un abridor de botellas para uso diario.<\/li>\n<li><strong>Herramientas de emergencia<\/strong>: Equipado con un rompecristales y un cortador de cinturones de seguridad para momentos cr\u00edticos.<\/li>\n<li class=\"last-node\"><strong>Defensa no letal<\/strong>: Ofrece opciones no letales como un silbato y un abrepuertas sin contacto para la autoprotecci\u00f3n.<\/li>\n<\/ol>","protected":false},"featured_media":5203,"comment_status":"open","ping_status":"closed","template":"","meta":{"_uag_custom_page_level_css":"","site-sidebar-layout":"default","site-content-layout":"","ast-site-content-layout":"default","site-content-style":"default","site-sidebar-style":"default","ast-global-header-display":"","ast-banner-title-visibility":"","ast-main-header-display":"","ast-hfb-above-header-display":"","ast-hfb-below-header-display":"","ast-hfb-mobile-header-display":"","site-post-title":"","ast-breadcrumbs-content":"","ast-featured-img":"","footer-sml-layout":"","ast-disable-related-posts":"","theme-transparent-header-meta":"default","adv-header-id-meta":"","stick-header-meta":"default","header-above-stick-meta":"","header-main-stick-meta":"","header-below-stick-meta":"","astra-migrate-meta-layouts":"set","ast-page-background-enabled":"default","ast-page-background-meta":{"desktop":{"background-color":"","background-image":"","background-repeat":"repeat","background-position":"center center","background-size":"auto","background-attachment":"scroll","background-type":"","background-media":"","overlay-type":"","overlay-color":"","overlay-opacity":"","overlay-gradient":""},"tablet":{"background-color":"","background-image":"","background-repeat":"repeat","background-position":"center center","background-size":"auto","background-attachment":"scroll","background-type":"","background-media":"","overlay-type":"","overlay-color":"","overlay-opacity":"","overlay-gradient":""},"mobile":{"background-color":"","background-image":"","background-repeat":"repeat","background-position":"center center","background-size":"auto","background-attachment":"scroll","background-type":"","background-media":"","overlay-type":"","overlay-color":"","overlay-opacity":"","overlay-gradient":""}},"ast-content-background-meta":{"desktop":{"background-color":"var(--ast-global-color-5)","background-image":"","background-repeat":"repeat","background-position":"center center","background-size":"auto","background-attachment":"scroll","background-type":"","background-media":"","overlay-type":"","overlay-color":"","overlay-opacity":"","overlay-gradient":""},"tablet":{"background-color":"var(--ast-global-color-5)","background-image":"","background-repeat":"repeat","background-position":"center center","background-size":"auto","background-attachment":"scroll","background-type":"","background-media":"","overlay-type":"","overlay-color":"","overlay-opacity":"","overlay-gradient":""},"mobile":{"background-color":"var(--ast-global-color-5)","background-image":"","background-repeat":"repeat","background-position":"center center","background-size":"auto","background-attachment":"scroll","background-type":"","background-media":"","overlay-type":"","overlay-color":"","overlay-opacity":"","overlay-gradient":""}}},"product_brand":[],"product_cat":[169,50],"product_tag":[167,166],"class_list":{"0":"post-5202","1":"product","2":"type-product","3":"status-publish","4":"has-post-thumbnail","6":"product_cat-self-defense-keychain-sets","7":"product_cat-self-defense-keychains","8":"product_tag-self-defense-keychain","9":"product_tag-self-defense-keychain-sets","10":"desktop-align-left","11":"tablet-align-left","12":"mobile-align-left","13":"ast-product-gallery-layout-first-image-large","14":"ast-magnify-disabled","15":"ast-product-single-variable","16":"ast-product-tabs-layout-distributed","18":"first","19":"instock","20":"sale","21":"featured","22":"shipping-taxable","23":"purchasable","24":"product-type-variable"},"uagb_featured_image_src":{"full":["https:\/\/www.ringsknife.com\/wp-content\/uploads\/2024\/12\/kf-S7b85dd61eaf243a6b8830b1550b92391K.webp",800,800,false],"thumbnail":["https:\/\/www.ringsknife.com\/wp-content\/uploads\/2024\/12\/kf-S7b85dd61eaf243a6b8830b1550b92391K-150x150.webp",150,150,true],"medium":["https:\/\/www.ringsknife.com\/wp-content\/uploads\/2024\/12\/kf-S7b85dd61eaf243a6b8830b1550b92391K-300x300.webp",300,300,true],"medium_large":["https:\/\/www.ringsknife.com\/wp-content\/uploads\/2024\/12\/kf-S7b85dd61eaf243a6b8830b1550b92391K-768x768.webp",768,768,true],"large":["https:\/\/www.ringsknife.com\/wp-content\/uploads\/2024\/12\/kf-S7b85dd61eaf243a6b8830b1550b92391K.webp",800,800,false],"1536x1536":["https:\/\/www.ringsknife.com\/wp-content\/uploads\/2024\/12\/kf-S7b85dd61eaf243a6b8830b1550b92391K.webp",800,800,false],"2048x2048":["https:\/\/www.ringsknife.com\/wp-content\/uploads\/2024\/12\/kf-S7b85dd61eaf243a6b8830b1550b92391K.webp",800,800,false],"trp-custom-language-flag":["https:\/\/www.ringsknife.com\/wp-content\/uploads\/2024\/12\/kf-S7b85dd61eaf243a6b8830b1550b92391K.webp",12,12,false],"woocommerce_thumbnail":["https:\/\/www.ringsknife.com\/wp-content\/uploads\/2024\/12\/kf-S7b85dd61eaf243a6b8830b1550b92391K.webp",800,800,false],"woocommerce_single":["https:\/\/www.ringsknife.com\/wp-content\/uploads\/2024\/12\/kf-S7b85dd61eaf243a6b8830b1550b92391K.webp",800,800,false],"woocommerce_gallery_thumbnail":["https:\/\/www.ringsknife.com\/wp-content\/uploads\/2024\/12\/kf-S7b85dd61eaf243a6b8830b1550b92391K-100x100.webp",100,100,true]},"uagb_author_info":{"display_name":"ringsknife.com","author_link":"https:\/\/www.ringsknife.com\/es\/author\/"},"uagb_comment_info":0,"uagb_excerpt":"Versatility: Customizable set with 15 self-defense and utility tools for every situation. Discretion: Stylish design that blends with everyday items, ensuring safety without drawing attention. Convenience: Includes practical tools like a hand sanitizer holder and bottle opener for everyday use. Emergency Tools: Equipped with a window breaker and seatbelt cutter for critical moments. Non-Lethal Defense:&hellip;","jetpack_sharing_enabled":true,"_links":{"self":[{"href":"https:\/\/www.ringsknife.com\/es\/wp-json\/wp\/v2\/product\/5202","targetHints":{"allow":["GET"]}}],"collection":[{"href":"https:\/\/www.ringsknife.com\/es\/wp-json\/wp\/v2\/product"}],"about":[{"href":"https:\/\/www.ringsknife.com\/es\/wp-json\/wp\/v2\/types\/product"}],"replies":[{"embeddable":true,"href":"https:\/\/www.ringsknife.com\/es\/wp-json\/wp\/v2\/comments?post=5202"}],"version-history":[{"count":0,"href":"https:\/\/www.ringsknife.com\/es\/wp-json\/wp\/v2\/product\/5202\/revisions"}],"wp:featuredmedia":[{"embeddable":true,"href":"https:\/\/www.ringsknife.com\/es\/wp-json\/wp\/v2\/media\/5203"}],"wp:attachment":[{"href":"https:\/\/www.ringsknife.com\/es\/wp-json\/wp\/v2\/media?parent=5202"}],"wp:term":[{"taxonomy":"product_brand","embeddable":true,"href":"https:\/\/www.ringsknife.com\/es\/wp-json\/wp\/v2\/product_brand?post=5202"},{"taxonomy":"product_cat","embeddable":true,"href":"https:\/\/www.ringsknife.com\/es\/wp-json\/wp\/v2\/product_cat?post=5202"},{"taxonomy":"product_tag","embeddable":true,"href":"https:\/\/www.ringsknife.com\/es\/wp-json\/wp\/v2\/product_tag?post=5202"}],"curies":[{"name":"wp","href":"https:\/\/api.w.org\/{rel}","templated":true}]}}