
{"id":5180,"date":"2024-12-17T13:25:10","date_gmt":"2024-12-17T05:25:10","guid":{"rendered":"https:\/\/www.ringsknife.com\/product\/full-protection-13-piece-self-defense-kit\/"},"modified":"2025-06-08T00:00:19","modified_gmt":"2025-06-07T16:00:19","slug":"full-protection-13-piece-self-defense-kit","status":"publish","type":"product","link":"https:\/\/www.ringsknife.com\/es\/producto\/kit-de-defensa-personal-de-13-piezas-full-protection\/","title":{"rendered":"Kit de defensa personal de 13 piezas Full Protection"},"content":{"rendered":"<p>Bienvenido a lo \u00faltimo en seguridad personal y estilo con el kit de defensa personal de 13 piezas Full Protection.<\/p>\n<p>Esta completa colecci\u00f3n es tu mejor aliado para la protecci\u00f3n diaria, asegur\u00e1ndote que est\u00e1s preparado para cualquier situaci\u00f3n con una mezcla de funcionalidad y moda.<\/p>\n<p>Personalice su kit para que se adapte a sus necesidades diarias, seleccionando s\u00f3lo lo esencial para una jornada sin contratiempos y segura.<\/p>\n<ol>\n<li><strong>Soporte para desinfectante de manos con botella:<\/strong> Mant\u00e9ngase libre de g\u00e9rmenes mientras se desplaza con este pr\u00e1ctico soporte que transporta de forma segura su desinfectante de manos. Imprescindible en el mundo actual, mantiene el desinfectante a mano y listo para usar.<\/li>\n<li><strong>Correa de moda:<\/strong> A\u00f1ada un toque personalizado a su kit con esta correa de moda, que le permitir\u00e1 combinar sus accesorios de defensa personal con su estilo del d\u00eda.<\/li>\n<li><strong>Pomp\u00f3n:<\/strong> Un llavero o colgante para bolso alegre y moderno que tambi\u00e9n forma parte de su kit de defensa personal, a\u00f1adiendo un toque de personalidad a sus elementos esenciales de seguridad.<\/li>\n<li><strong>Funda para auriculares:<\/strong> Protege tus auriculares de posibles da\u00f1os y dales un aspecto elegante con esta elegante funda.<\/li>\n<li><strong>Bolsa de almacenamiento:<\/strong> Mantenga todos sus art\u00edculos de defensa personal organizados y f\u00e1cilmente accesibles con esta bolsa de almacenamiento duradera y elegante.<\/li>\n<li><strong>Silbato:<\/strong> Un silbato compacto y sonoro que puede utilizarse para llamar la atenci\u00f3n sobre su situaci\u00f3n, tanto si est\u00e1 perdido como si se encuentra en peligro inminente. Su sonido agudo es dif\u00edcil de ignorar y puede recorrer largas distancias.<\/li>\n<li><strong>Abrebotellas:<\/strong> Tenga siempre a mano un abridor de botellas con esta pr\u00e1ctica herramienta, para poder disfrutar de sus bebidas favoritas sin problemas.<\/li>\n<li><strong>Frasco de perfume:<\/strong> Lleve su fragancia favorita dondequiera que vaya con este frasco de perfume compacto y elegante.<\/li>\n<li><strong>Porta pintalabios:<\/strong> Mant\u00e9n tu barra de labios a salvo y con estilo con este soporte, para tener siempre a mano un retoque.<\/li>\n<li><strong>Palo de defensa personal y rompe vidrios:<\/strong> Esta herramienta de doble uso es a la vez un robusto bast\u00f3n de defensa personal y un fiable rompe-cristales en situaciones de emergencia.<\/li>\n<li><strong>Alarma personal:<\/strong> Una alarma ruidosa y llamativa que puede disuadir de posibles amenazas y atraer ayuda a su ubicaci\u00f3n.<\/li>\n<li><strong>Rompecristales\/Cortador de cintur\u00f3n de seguridad:<\/strong> Esta herramienta multifuncional es un salvavidas en situaciones de emergencia, capaz de cortar los cinturones de seguridad y romper las ventanillas de los coches para facilitar una huida r\u00e1pida.<\/li>\n<li><strong>Abrazadera de cuentas:<\/strong> A\u00f1ada un toque de elegancia a sus accesorios con este soporte de cuentas, haciendo que sus herramientas de defensa personal sean tan modernas como funcionales.<\/li>\n<\/ol>\n<p>Dise\u00f1ado con una paleta de colores s\u00f3lidos elegante y con estilo, puede disfrutar de la tranquilidad que proporcionan los productos de defensa personal de primera categor\u00eda sin renunciar a la est\u00e9tica.<\/p>\n<p>El kit de autodefensa Full Protection de 13 piezas ofrece versatilidad en cuanto a opciones de transporte y almacenamiento. Eng\u00e1nchalo a las llaves, m\u00e9telo en el bolso o gu\u00e1rdalo en la guantera del coche para estar siempre preparado.<\/p>\n<p>El kit completo de 13 piezas incluye:<\/p>\n<ul>\n<li>Soporte para desinfectante de manos con botella<\/li>\n<li>Correa de moda<\/li>\n<li>Pomp\u00f3n<\/li>\n<li>Funda para auriculares<\/li>\n<li>Bolsa de almacenamiento<\/li>\n<li>Silbato<\/li>\n<li>Abridor de botellas<\/li>\n<li>Frasco de perfume<\/li>\n<li>Soporte para pintalabios<\/li>\n<li>Palo de defensa personal y rompevidrios<\/li>\n<li>Alarma personal<\/li>\n<li>Rompeventanas\/Cortador de cintur\u00f3n de seguridad<\/li>\n<li>Soporte con cuentas<\/li>\n<\/ul>\n<h3 class=\"last-node\">Materiales:<\/h3>\n<p class=\"last-node\">Los componentes del kit de autodefensa Full Protection de 13 piezas est\u00e1n fabricados con materiales de alta calidad como acero, aluminio y pl\u00e1stico duro, lo que garantiza su durabilidad y fiabilidad en caso de necesidad.<\/p>","protected":false},"excerpt":{"rendered":"<div class=\"pop-container\">\n<div class=\"popcontent-hole\">\n<div class=\"pop-content\">\n<div class=\"normal___qxduM\">\n<div class=\"\">\n<div id=\"chat-markdown-ctgh8ule09n8098gogog-0-0\">\n<div class=\"markdown___vuBDJ\">\n<div class=\"markdown___vuBDJ\">\n<ol>\n<li><strong>Seguridad todo en uno<\/strong>: Kit completo con herramientas esenciales de defensa personal para diversos escenarios.<\/li>\n<li><strong>Port\u00e1til y discreto<\/strong>: F\u00e1cil de llevar en bolsos, bolsillos o llaveros para estar siempre a mano.<\/li>\n<li><strong>Funcionalidad a la moda<\/strong>: Dise\u00f1o elegante que complementa el uso diario sin sacrificar la protecci\u00f3n.<\/li>\n<li><strong>Multiherramientas pr\u00e1cticas<\/strong>: Los objetos se convierten en herramientas cotidianas para tenerlos siempre a mano.<\/li>\n<li class=\"last-node\"><strong>Construcci\u00f3n robusta<\/strong>: Los materiales duraderos garantizan fiabilidad y un uso prolongado.<\/li>\n<\/ol>\n<\/div>\n<\/div>\n<\/div>\n<\/div>\n<\/div>\n<\/div>\n<\/div>\n<\/div>\n<div class=\"contentbottom-hole\">\n<div class=\"MuiBox-root css-2wedsf\">\n<div class=\"animationContainer___wigEN\" aria-label=\"\">\n<div class=\"container___chUs0 withContent___TKW3m MuiBox-root css-1mdh3j9\"><\/div>\n<\/div>\n<\/div>\n<\/div>","protected":false},"featured_media":5181,"comment_status":"open","ping_status":"closed","template":"","meta":{"_uag_custom_page_level_css":"","site-sidebar-layout":"default","site-content-layout":"","ast-site-content-layout":"default","site-content-style":"default","site-sidebar-style":"default","ast-global-header-display":"","ast-banner-title-visibility":"","ast-main-header-display":"","ast-hfb-above-header-display":"","ast-hfb-below-header-display":"","ast-hfb-mobile-header-display":"","site-post-title":"","ast-breadcrumbs-content":"","ast-featured-img":"","footer-sml-layout":"","ast-disable-related-posts":"","theme-transparent-header-meta":"default","adv-header-id-meta":"","stick-header-meta":"default","header-above-stick-meta":"","header-main-stick-meta":"","header-below-stick-meta":"","astra-migrate-meta-layouts":"set","ast-page-background-enabled":"default","ast-page-background-meta":{"desktop":{"background-color":"","background-image":"","background-repeat":"repeat","background-position":"center center","background-size":"auto","background-attachment":"scroll","background-type":"","background-media":"","overlay-type":"","overlay-color":"","overlay-opacity":"","overlay-gradient":""},"tablet":{"background-color":"","background-image":"","background-repeat":"repeat","background-position":"center center","background-size":"auto","background-attachment":"scroll","background-type":"","background-media":"","overlay-type":"","overlay-color":"","overlay-opacity":"","overlay-gradient":""},"mobile":{"background-color":"","background-image":"","background-repeat":"repeat","background-position":"center center","background-size":"auto","background-attachment":"scroll","background-type":"","background-media":"","overlay-type":"","overlay-color":"","overlay-opacity":"","overlay-gradient":""}},"ast-content-background-meta":{"desktop":{"background-color":"var(--ast-global-color-5)","background-image":"","background-repeat":"repeat","background-position":"center center","background-size":"auto","background-attachment":"scroll","background-type":"","background-media":"","overlay-type":"","overlay-color":"","overlay-opacity":"","overlay-gradient":""},"tablet":{"background-color":"var(--ast-global-color-5)","background-image":"","background-repeat":"repeat","background-position":"center center","background-size":"auto","background-attachment":"scroll","background-type":"","background-media":"","overlay-type":"","overlay-color":"","overlay-opacity":"","overlay-gradient":""},"mobile":{"background-color":"var(--ast-global-color-5)","background-image":"","background-repeat":"repeat","background-position":"center center","background-size":"auto","background-attachment":"scroll","background-type":"","background-media":"","overlay-type":"","overlay-color":"","overlay-opacity":"","overlay-gradient":""}}},"product_brand":[],"product_cat":[169,50],"product_tag":[167,166],"class_list":{"0":"post-5180","1":"product","2":"type-product","3":"status-publish","4":"has-post-thumbnail","6":"product_cat-self-defense-keychain-sets","7":"product_cat-self-defense-keychains","8":"product_tag-self-defense-keychain","9":"product_tag-self-defense-keychain-sets","10":"desktop-align-left","11":"tablet-align-left","12":"mobile-align-left","13":"ast-product-gallery-layout-first-image-large","14":"ast-magnify-disabled","15":"ast-product-single-variable","16":"ast-product-tabs-layout-distributed","18":"first","19":"instock","20":"sale","21":"featured","22":"shipping-taxable","23":"purchasable","24":"product-type-variable"},"uagb_featured_image_src":{"full":["https:\/\/www.ringsknife.com\/wp-content\/uploads\/2024\/12\/kf-S33abaf8d4b4f462880ad76fdefbdf0f3I.webp",1200,1200,false],"thumbnail":["https:\/\/www.ringsknife.com\/wp-content\/uploads\/2024\/12\/kf-S33abaf8d4b4f462880ad76fdefbdf0f3I-150x150.webp",150,150,true],"medium":["https:\/\/www.ringsknife.com\/wp-content\/uploads\/2024\/12\/kf-S33abaf8d4b4f462880ad76fdefbdf0f3I-300x300.webp",300,300,true],"medium_large":["https:\/\/www.ringsknife.com\/wp-content\/uploads\/2024\/12\/kf-S33abaf8d4b4f462880ad76fdefbdf0f3I-768x768.webp",768,768,true],"large":["https:\/\/www.ringsknife.com\/wp-content\/uploads\/2024\/12\/kf-S33abaf8d4b4f462880ad76fdefbdf0f3I-1024x1024.webp",1024,1024,true],"1536x1536":["https:\/\/www.ringsknife.com\/wp-content\/uploads\/2024\/12\/kf-S33abaf8d4b4f462880ad76fdefbdf0f3I.webp",1200,1200,false],"2048x2048":["https:\/\/www.ringsknife.com\/wp-content\/uploads\/2024\/12\/kf-S33abaf8d4b4f462880ad76fdefbdf0f3I.webp",1200,1200,false],"trp-custom-language-flag":["https:\/\/www.ringsknife.com\/wp-content\/uploads\/2024\/12\/kf-S33abaf8d4b4f462880ad76fdefbdf0f3I.webp",12,12,false],"woocommerce_thumbnail":["https:\/\/www.ringsknife.com\/wp-content\/uploads\/2024\/12\/kf-S33abaf8d4b4f462880ad76fdefbdf0f3I-800x800.webp",800,800,true],"woocommerce_single":["https:\/\/www.ringsknife.com\/wp-content\/uploads\/2024\/12\/kf-S33abaf8d4b4f462880ad76fdefbdf0f3I-800x800.webp",800,800,true],"woocommerce_gallery_thumbnail":["https:\/\/www.ringsknife.com\/wp-content\/uploads\/2024\/12\/kf-S33abaf8d4b4f462880ad76fdefbdf0f3I-100x100.webp",100,100,true]},"uagb_author_info":{"display_name":"ringsknife.com","author_link":"https:\/\/www.ringsknife.com\/es\/author\/"},"uagb_comment_info":2,"uagb_excerpt":"All-In-One Safety: Complete kit with essential self-defense tools for various scenarios. Portable and Discreet: Easily carried in bags, pockets, or on keychains for constant readiness. Fashionable Functionality: Stylish design that complements everyday carry without sacrificing protection. Practical Multi-Tools: Items double as everyday tools, ensuring they're always handy. Rugged Build: Durable materials ensure reliability and long-lasting&hellip;","jetpack_sharing_enabled":true,"_links":{"self":[{"href":"https:\/\/www.ringsknife.com\/es\/wp-json\/wp\/v2\/product\/5180","targetHints":{"allow":["GET"]}}],"collection":[{"href":"https:\/\/www.ringsknife.com\/es\/wp-json\/wp\/v2\/product"}],"about":[{"href":"https:\/\/www.ringsknife.com\/es\/wp-json\/wp\/v2\/types\/product"}],"replies":[{"embeddable":true,"href":"https:\/\/www.ringsknife.com\/es\/wp-json\/wp\/v2\/comments?post=5180"}],"version-history":[{"count":0,"href":"https:\/\/www.ringsknife.com\/es\/wp-json\/wp\/v2\/product\/5180\/revisions"}],"wp:featuredmedia":[{"embeddable":true,"href":"https:\/\/www.ringsknife.com\/es\/wp-json\/wp\/v2\/media\/5181"}],"wp:attachment":[{"href":"https:\/\/www.ringsknife.com\/es\/wp-json\/wp\/v2\/media?parent=5180"}],"wp:term":[{"taxonomy":"product_brand","embeddable":true,"href":"https:\/\/www.ringsknife.com\/es\/wp-json\/wp\/v2\/product_brand?post=5180"},{"taxonomy":"product_cat","embeddable":true,"href":"https:\/\/www.ringsknife.com\/es\/wp-json\/wp\/v2\/product_cat?post=5180"},{"taxonomy":"product_tag","embeddable":true,"href":"https:\/\/www.ringsknife.com\/es\/wp-json\/wp\/v2\/product_tag?post=5180"}],"curies":[{"name":"wp","href":"https:\/\/api.w.org\/{rel}","templated":true}]}}