
{"id":2546,"date":"2024-07-07T14:27:55","date_gmt":"2024-07-07T06:27:55","guid":{"rendered":"https:\/\/www.ringsknife.com\/product\/10pcs-safety-keychain-set-personal-defense-kit\/"},"modified":"2024-12-25T16:37:17","modified_gmt":"2024-12-25T08:37:17","slug":"10pcs-safety-keychain-set-personal-defense-kit","status":"publish","type":"product","link":"https:\/\/www.ringsknife.com\/es\/producto\/10pcs-llavero-de-seguridad-conjunto-kit-de-defensa-personal\/","title":{"rendered":"Kit de Defensa Personal 10pcs Safety Keychain Set"},"content":{"rendered":"<div class=\"product-specs-list-container\">\n<h3>Essential Safety and Style: 10pcs Safety Keychain Set Personal Defense Kit<\/h3>\n<p>Descubra lo \u00faltimo en seguridad personal y estilo con nuestro juego de llaveros de seguridad de 10 piezas. Dise\u00f1ado especialmente para la mujer, este kit combina herramientas de seguridad esenciales con accesorios de moda para mantenerte preparada y segura all\u00e1 donde vayas.<\/p>\n<h4>Caracter\u00edsticas del producto:<\/h4>\n<ul>\n<li><strong>Alarma personal:<\/strong> Emite un sonido fuerte para llamar la atenci\u00f3n en caso de emergencia.<\/li>\n<li><strong>Cartera para tarjetas:<\/strong> Guarda de forma segura tus tarjetas esenciales y dinero en efectivo.<\/li>\n<li><strong>Correa de pulsera:<\/strong> C\u00f3moda correa para facilitar su transporte.<\/li>\n<li><strong>Porta pintalabios:<\/strong> Elegante estuche para mantener su barra de labios segura y accesible.<\/li>\n<li><strong>Frascos de perfume:<\/strong> Envases compactos para sus aromas favoritos.<\/li>\n<li><strong>Bolsa organizadora:<\/strong> Almacena todos los componentes de forma ordenada.<\/li>\n<li><strong>Lindo Pom Pom:<\/strong> A\u00f1ade un toque de encanto a su conjunto.<\/li>\n<li><strong>Silbato:<\/strong> Herramienta de seguridad adicional para la se\u00f1alizaci\u00f3n.<\/li>\n<\/ul>\n<h4>Detalles del producto:<\/h4>\n<p>Dise\u00f1ados para ser pr\u00e1cticos y est\u00e9ticos, todos los art\u00edculos de este conjunto tienen la doble funci\u00f3n de garantizar la seguridad y complementar su estilo personal. Ideal para el uso diario o los viajes, ofrece tranquilidad con una mezcla de funcionalidad y moda.<\/p>\n<p>Aumente su seguridad y estilo hoy mismo con nuestro juego de llaveros de seguridad de 10 piezas. Mantente preparado y con estilo.<\/p>\n<\/div>\n<div class=\"detailmodule_html\">\n<div class=\"detail-desc-decorate-richtext\">\n<div style=\"overflow: hidden; height: 0px;\">\n<p>modname=ckedito<\/p>\n<h3>Essential Safety and Style: 10pcs Safety Keychain Set Personal Defense Kit<\/h3>\n<p>Descubra lo \u00faltimo en seguridad personal y estilo con nuestro juego de llaveros de seguridad de 10 piezas. Dise\u00f1ado especialmente para la mujer, este kit combina herramientas de seguridad esenciales con accesorios de moda para mantenerte preparada y segura all\u00e1 donde vayas.<\/p>\n<h4>Caracter\u00edsticas del producto:<\/h4>\n<ul>\n<li><strong>Alarma personal:<\/strong> Emite un sonido fuerte para llamar la atenci\u00f3n en caso de emergencia.<\/li>\n<li><strong>Cartera para tarjetas:<\/strong> Guarda de forma segura tus tarjetas esenciales y dinero en efectivo.<\/li>\n<li><strong>Correa de pulsera:<\/strong> C\u00f3moda correa para facilitar su transporte.<\/li>\n<li><strong>Porta pintalabios:<\/strong> Elegante estuche para mantener su barra de labios segura y accesible.<\/li>\n<li><strong>Frascos de perfume:<\/strong> Envases compactos para sus aromas favoritos.<\/li>\n<li><strong>Bolsa organizadora:<\/strong> Almacena todos los componentes de forma ordenada.<\/li>\n<li><strong>Lindo Pom Pom:<\/strong> A\u00f1ade un toque de encanto a su conjunto.<\/li>\n<li><strong>Silbato:<\/strong> Herramienta de seguridad adicional para la se\u00f1alizaci\u00f3n.<\/li>\n<\/ul>\n<h4>Detalles del producto:<\/h4>\n<p>Dise\u00f1ados para ser pr\u00e1cticos y est\u00e9ticos, todos los art\u00edculos de este conjunto tienen la doble funci\u00f3n de garantizar la seguridad y complementar su estilo personal. Ideal para el uso diario o los viajes, ofrece tranquilidad con una mezcla de funcionalidad y moda.<\/p>\n<p><strong>Llamamiento a la acci\u00f3n:<\/strong> Aumente su seguridad y estilo hoy mismo con nuestro juego de llaveros de seguridad de 10 piezas. Mantente preparado y con estilo.<\/p>\n<\/div>\n<\/div>\n<\/div>","protected":false},"excerpt":{"rendered":"<ul>\n<li><strong>Seguridad integral:<\/strong> Incluye una potente alarma personal y un silbato para situaciones de emergencia.<\/li>\n<li><strong>Organizaci\u00f3n con estilo:<\/strong> Incluye un monedero para tarjetas, una bolsa organizadora y una correa para llevarla c\u00f3modamente en la mu\u00f1eca.<\/li>\n<li><strong>Accesorios elegantes:<\/strong> El soporte para pintalabios, los frascos de perfume y los bonitos pompones a\u00f1aden estilo a tus objetos de uso diario.<\/li>\n<li><strong>Perfecto para viajar:<\/strong> Compacto y apto para la TSA, ideal para viajes nacionales e internacionales.<\/li>\n<\/ul>","protected":false},"featured_media":2560,"comment_status":"open","ping_status":"closed","template":"","meta":{"_uag_custom_page_level_css":"","site-sidebar-layout":"default","site-content-layout":"","ast-site-content-layout":"default","site-content-style":"default","site-sidebar-style":"default","ast-global-header-display":"","ast-banner-title-visibility":"","ast-main-header-display":"","ast-hfb-above-header-display":"","ast-hfb-below-header-display":"","ast-hfb-mobile-header-display":"","site-post-title":"","ast-breadcrumbs-content":"","ast-featured-img":"","footer-sml-layout":"","ast-disable-related-posts":"","theme-transparent-header-meta":"default","adv-header-id-meta":"","stick-header-meta":"default","header-above-stick-meta":"","header-main-stick-meta":"","header-below-stick-meta":"","astra-migrate-meta-layouts":"set","ast-page-background-enabled":"default","ast-page-background-meta":{"desktop":{"background-color":"","background-image":"","background-repeat":"repeat","background-position":"center center","background-size":"auto","background-attachment":"scroll","background-type":"","background-media":"","overlay-type":"","overlay-color":"","overlay-opacity":"","overlay-gradient":""},"tablet":{"background-color":"","background-image":"","background-repeat":"repeat","background-position":"center center","background-size":"auto","background-attachment":"scroll","background-type":"","background-media":"","overlay-type":"","overlay-color":"","overlay-opacity":"","overlay-gradient":""},"mobile":{"background-color":"","background-image":"","background-repeat":"repeat","background-position":"center center","background-size":"auto","background-attachment":"scroll","background-type":"","background-media":"","overlay-type":"","overlay-color":"","overlay-opacity":"","overlay-gradient":""}},"ast-content-background-meta":{"desktop":{"background-color":"var(--ast-global-color-5)","background-image":"","background-repeat":"repeat","background-position":"center center","background-size":"auto","background-attachment":"scroll","background-type":"","background-media":"","overlay-type":"","overlay-color":"","overlay-opacity":"","overlay-gradient":""},"tablet":{"background-color":"var(--ast-global-color-5)","background-image":"","background-repeat":"repeat","background-position":"center center","background-size":"auto","background-attachment":"scroll","background-type":"","background-media":"","overlay-type":"","overlay-color":"","overlay-opacity":"","overlay-gradient":""},"mobile":{"background-color":"var(--ast-global-color-5)","background-image":"","background-repeat":"repeat","background-position":"center center","background-size":"auto","background-attachment":"scroll","background-type":"","background-media":"","overlay-type":"","overlay-color":"","overlay-opacity":"","overlay-gradient":""}}},"product_brand":[],"product_cat":[169,50],"product_tag":[],"class_list":{"0":"post-2546","1":"product","2":"type-product","3":"status-publish","4":"has-post-thumbnail","6":"product_cat-self-defense-keychain-sets","7":"product_cat-self-defense-keychains","8":"desktop-align-left","9":"tablet-align-left","10":"mobile-align-left","11":"ast-product-gallery-layout-first-image-large","12":"ast-magnify-disabled","13":"ast-product-single-variable","14":"ast-product-tabs-layout-distributed","16":"first","17":"instock","18":"sale","19":"shipping-taxable","20":"purchasable","21":"product-type-variable","22":"has-default-attributes"},"uagb_featured_image_src":{"full":["https:\/\/www.ringsknife.com\/wp-content\/uploads\/2024\/07\/Safety-Keychain-Full-Set-Self-Defense-Security-Keychain-Set-With-Personal-Alarm-Protective-Keychain-Accessories-For.jpg_640x640-8.webp",640,640,false],"thumbnail":["https:\/\/www.ringsknife.com\/wp-content\/uploads\/2024\/07\/Safety-Keychain-Full-Set-Self-Defense-Security-Keychain-Set-With-Personal-Alarm-Protective-Keychain-Accessories-For.jpg_640x640-8-150x150.webp",150,150,true],"medium":["https:\/\/www.ringsknife.com\/wp-content\/uploads\/2024\/07\/Safety-Keychain-Full-Set-Self-Defense-Security-Keychain-Set-With-Personal-Alarm-Protective-Keychain-Accessories-For.jpg_640x640-8-300x300.webp",300,300,true],"medium_large":["https:\/\/www.ringsknife.com\/wp-content\/uploads\/2024\/07\/Safety-Keychain-Full-Set-Self-Defense-Security-Keychain-Set-With-Personal-Alarm-Protective-Keychain-Accessories-For.jpg_640x640-8.webp",640,640,false],"large":["https:\/\/www.ringsknife.com\/wp-content\/uploads\/2024\/07\/Safety-Keychain-Full-Set-Self-Defense-Security-Keychain-Set-With-Personal-Alarm-Protective-Keychain-Accessories-For.jpg_640x640-8.webp",640,640,false],"1536x1536":["https:\/\/www.ringsknife.com\/wp-content\/uploads\/2024\/07\/Safety-Keychain-Full-Set-Self-Defense-Security-Keychain-Set-With-Personal-Alarm-Protective-Keychain-Accessories-For.jpg_640x640-8.webp",640,640,false],"2048x2048":["https:\/\/www.ringsknife.com\/wp-content\/uploads\/2024\/07\/Safety-Keychain-Full-Set-Self-Defense-Security-Keychain-Set-With-Personal-Alarm-Protective-Keychain-Accessories-For.jpg_640x640-8.webp",640,640,false],"trp-custom-language-flag":["https:\/\/www.ringsknife.com\/wp-content\/uploads\/2024\/07\/Safety-Keychain-Full-Set-Self-Defense-Security-Keychain-Set-With-Personal-Alarm-Protective-Keychain-Accessories-For.jpg_640x640-8.webp",12,12,false],"woocommerce_thumbnail":["https:\/\/www.ringsknife.com\/wp-content\/uploads\/2024\/07\/Safety-Keychain-Full-Set-Self-Defense-Security-Keychain-Set-With-Personal-Alarm-Protective-Keychain-Accessories-For.jpg_640x640-8.webp",640,640,false],"woocommerce_single":["https:\/\/www.ringsknife.com\/wp-content\/uploads\/2024\/07\/Safety-Keychain-Full-Set-Self-Defense-Security-Keychain-Set-With-Personal-Alarm-Protective-Keychain-Accessories-For.jpg_640x640-8.webp",640,640,false],"woocommerce_gallery_thumbnail":["https:\/\/www.ringsknife.com\/wp-content\/uploads\/2024\/07\/Safety-Keychain-Full-Set-Self-Defense-Security-Keychain-Set-With-Personal-Alarm-Protective-Keychain-Accessories-For.jpg_640x640-8-100x100.webp",100,100,true]},"uagb_author_info":{"display_name":"ringsknife.com","author_link":"https:\/\/www.ringsknife.com\/es\/author\/"},"uagb_comment_info":13,"uagb_excerpt":"Comprehensive Safety: Includes a powerful personal alarm and whistle for emergency situations. Stylish Organization: Features a card wallet, organizer bag, and wristlet strap for convenient carrying. Chic Accessories: Lipstick holder, perfume bottles, and cute pom pom add flair to your everyday essentials. Perfect for Travel: Compact and TSA-friendly, ideal for both domestic and international trips.","jetpack_sharing_enabled":true,"_links":{"self":[{"href":"https:\/\/www.ringsknife.com\/es\/wp-json\/wp\/v2\/product\/2546","targetHints":{"allow":["GET"]}}],"collection":[{"href":"https:\/\/www.ringsknife.com\/es\/wp-json\/wp\/v2\/product"}],"about":[{"href":"https:\/\/www.ringsknife.com\/es\/wp-json\/wp\/v2\/types\/product"}],"replies":[{"embeddable":true,"href":"https:\/\/www.ringsknife.com\/es\/wp-json\/wp\/v2\/comments?post=2546"}],"version-history":[{"count":0,"href":"https:\/\/www.ringsknife.com\/es\/wp-json\/wp\/v2\/product\/2546\/revisions"}],"wp:featuredmedia":[{"embeddable":true,"href":"https:\/\/www.ringsknife.com\/es\/wp-json\/wp\/v2\/media\/2560"}],"wp:attachment":[{"href":"https:\/\/www.ringsknife.com\/es\/wp-json\/wp\/v2\/media?parent=2546"}],"wp:term":[{"taxonomy":"product_brand","embeddable":true,"href":"https:\/\/www.ringsknife.com\/es\/wp-json\/wp\/v2\/product_brand?post=2546"},{"taxonomy":"product_cat","embeddable":true,"href":"https:\/\/www.ringsknife.com\/es\/wp-json\/wp\/v2\/product_cat?post=2546"},{"taxonomy":"product_tag","embeddable":true,"href":"https:\/\/www.ringsknife.com\/es\/wp-json\/wp\/v2\/product_tag?post=2546"}],"curies":[{"name":"wp","href":"https:\/\/api.w.org\/{rel}","templated":true}]}}