
{"id":2392,"date":"2024-06-05T15:33:20","date_gmt":"2024-06-05T07:33:20","guid":{"rendered":"https:\/\/www.ringsknife.com\/?post_type=product&#038;p=2392"},"modified":"2025-11-22T00:52:50","modified_gmt":"2025-11-21T16:52:50","slug":"defense-ring","status":"publish","type":"product","link":"https:\/\/www.ringsknife.com\/es\/producto\/anillo-de-defensa\/","title":{"rendered":"Anillo de defensa de acero de titanio negro con cuchillo"},"content":{"rendered":"<h2>Libera el poder de la protecci\u00f3n con el anillo de defensa de acero y titanio negro<\/h2>\n<p>Descubra la combinaci\u00f3n definitiva de estilo y seguridad con nuestro Anillo de defensa de acero y titanio negro. Este elegante anillo negro es m\u00e1s que una simple declaraci\u00f3n de moda: es una herramienta discreta pero potente para la protecci\u00f3n personal.<\/p>\n<h3><strong>Caracter\u00edsticas del producto:<\/strong><\/h3>\n<ol>\n<li><strong>Material duradero:<\/strong>\u00a0Fabricado en acero de titanio de alta calidad, este anillo est\u00e1 hecho para durar y soportar los rigores del uso diario.<\/li>\n<li><strong>Defensa Oculta:<\/strong>\u00a0Equipado con un cuchillo de 7 mm, ofrece una l\u00ednea de defensa oculta que siempre est\u00e1 al alcance de la mano.<\/li>\n<li><strong>Dise\u00f1o elegante:<\/strong>\u00a0El color negro del anillo aporta una est\u00e9tica moderna y minimalista que combina bien con cualquier atuendo.<\/li>\n<li><strong>Ajuste c\u00f3modo:<\/strong>\u00a0Dise\u00f1ado para llevarlo a diario, el anillo es c\u00f3modo y discreto en el dedo.<\/li>\n<li><strong>F\u00e1cil mantenimiento:<\/strong>\u00a0El acero de titanio no s\u00f3lo es resistente, sino tambi\u00e9n f\u00e1cil de limpiar y mantener, lo que garantiza que su anillo luzca como nuevo durante a\u00f1os.<\/li>\n<\/ol>\n<h3><strong>Detalles del producto:<\/strong><\/h3>\n<ul>\n<li><strong>T\u00edtulo:<\/strong>\u00a0Anillo de defensa de acero de titanio negro con cuchillo<\/li>\n<li><strong>Material:<\/strong>\u00a0Titanio Acero<\/li>\n<li><strong>Color:<\/strong>\u00a0Negro<\/li>\n<li><strong>Longitud del cuchillo:<\/strong>\u00a0Aproximadamente 7 mm<\/li>\n<\/ul>\n<h3>C\u00f3mo utilizarlo<\/h3>\n<ul>\n<li><strong>Abrir<\/strong>: Presione el bot\u00f3n a presi\u00f3n para liberar el interruptor de resorte.<\/li>\n<li><strong>Cerrar<\/strong>: Despu\u00e9s de abrir, presione la cuchilla para retraerla y bloqu\u00e9ela en su sitio.<\/li>\n<\/ul>","protected":false},"excerpt":{"rendered":"<p>Eleve su seguridad personal con elegancia. El Anillo de Defensa de Acero de Titanio Negro es un accesorio sofisticado que fusiona moda y funcionalidad. Su caracter\u00edstica de cuchillo oculto proporciona un medio sutil pero eficaz de autodefensa, lo que le permite sentirse seguro en cualquier situaci\u00f3n. La robusta construcci\u00f3n de acero de titanio garantiza su durabilidad, mientras que el elegante dise\u00f1o negro asegura que complemente cualquier estilo. Tanto si sale de noche por la ciudad como si se adentra en la jungla urbana, este anillo es el compa\u00f1ero perfecto para las personas preocupadas por la seguridad y con un don para la moda.<\/p>","protected":false},"featured_media":2397,"comment_status":"open","ping_status":"closed","template":"","meta":{"_uag_custom_page_level_css":"","site-sidebar-layout":"default","site-content-layout":"","ast-site-content-layout":"default","site-content-style":"default","site-sidebar-style":"default","ast-global-header-display":"","ast-banner-title-visibility":"","ast-main-header-display":"","ast-hfb-above-header-display":"","ast-hfb-below-header-display":"","ast-hfb-mobile-header-display":"","site-post-title":"","ast-breadcrumbs-content":"","ast-featured-img":"","footer-sml-layout":"","ast-disable-related-posts":"","theme-transparent-header-meta":"default","adv-header-id-meta":"","stick-header-meta":"default","header-above-stick-meta":"","header-main-stick-meta":"","header-below-stick-meta":"","astra-migrate-meta-layouts":"set","ast-page-background-enabled":"default","ast-page-background-meta":{"desktop":{"background-color":"","background-image":"","background-repeat":"repeat","background-position":"center center","background-size":"auto","background-attachment":"scroll","background-type":"","background-media":"","overlay-type":"","overlay-color":"","overlay-opacity":"","overlay-gradient":""},"tablet":{"background-color":"","background-image":"","background-repeat":"repeat","background-position":"center center","background-size":"auto","background-attachment":"scroll","background-type":"","background-media":"","overlay-type":"","overlay-color":"","overlay-opacity":"","overlay-gradient":""},"mobile":{"background-color":"","background-image":"","background-repeat":"repeat","background-position":"center center","background-size":"auto","background-attachment":"scroll","background-type":"","background-media":"","overlay-type":"","overlay-color":"","overlay-opacity":"","overlay-gradient":""}},"ast-content-background-meta":{"desktop":{"background-color":"var(--ast-global-color-5)","background-image":"","background-repeat":"repeat","background-position":"center center","background-size":"auto","background-attachment":"scroll","background-type":"","background-media":"","overlay-type":"","overlay-color":"","overlay-opacity":"","overlay-gradient":""},"tablet":{"background-color":"var(--ast-global-color-5)","background-image":"","background-repeat":"repeat","background-position":"center center","background-size":"auto","background-attachment":"scroll","background-type":"","background-media":"","overlay-type":"","overlay-color":"","overlay-opacity":"","overlay-gradient":""},"mobile":{"background-color":"var(--ast-global-color-5)","background-image":"","background-repeat":"repeat","background-position":"center center","background-size":"auto","background-attachment":"scroll","background-type":"","background-media":"","overlay-type":"","overlay-color":"","overlay-opacity":"","overlay-gradient":""}}},"product_brand":[],"product_cat":[161,163],"product_tag":[37,38,39,40,43],"class_list":{"0":"post-2392","1":"product","2":"type-product","3":"status-publish","4":"has-post-thumbnail","6":"product_cat-self-defense-knife","7":"product_cat-self-defense-ring-knife","8":"product_tag-17mm","9":"product_tag-18mm","10":"product_tag-19mm","11":"product_tag-20mm","12":"product_tag-golden","13":"desktop-align-left","14":"tablet-align-left","15":"mobile-align-left","16":"ast-product-gallery-layout-first-image-large","17":"ast-magnify-disabled","18":"ast-product-single-variable","19":"ast-product-tabs-layout-distributed","21":"first","22":"instock","23":"sale","24":"featured","25":"shipping-taxable","26":"purchasable","27":"product-type-variable","28":"has-default-attributes"},"uagb_featured_image_src":{"full":["https:\/\/www.ringsknife.com\/wp-content\/uploads\/2024\/06\/Black-Titanium-Steel-Defense-Ring-with-Knife.jpg",800,800,false],"thumbnail":["https:\/\/www.ringsknife.com\/wp-content\/uploads\/2024\/06\/Black-Titanium-Steel-Defense-Ring-with-Knife-150x150.jpg",150,150,true],"medium":["https:\/\/www.ringsknife.com\/wp-content\/uploads\/2024\/06\/Black-Titanium-Steel-Defense-Ring-with-Knife-300x300.jpg",300,300,true],"medium_large":["https:\/\/www.ringsknife.com\/wp-content\/uploads\/2024\/06\/Black-Titanium-Steel-Defense-Ring-with-Knife-768x768.jpg",768,768,true],"large":["https:\/\/www.ringsknife.com\/wp-content\/uploads\/2024\/06\/Black-Titanium-Steel-Defense-Ring-with-Knife.jpg",800,800,false],"1536x1536":["https:\/\/www.ringsknife.com\/wp-content\/uploads\/2024\/06\/Black-Titanium-Steel-Defense-Ring-with-Knife.jpg",800,800,false],"2048x2048":["https:\/\/www.ringsknife.com\/wp-content\/uploads\/2024\/06\/Black-Titanium-Steel-Defense-Ring-with-Knife.jpg",800,800,false],"trp-custom-language-flag":["https:\/\/www.ringsknife.com\/wp-content\/uploads\/2024\/06\/Black-Titanium-Steel-Defense-Ring-with-Knife.jpg",12,12,false],"woocommerce_thumbnail":["https:\/\/www.ringsknife.com\/wp-content\/uploads\/2024\/06\/Black-Titanium-Steel-Defense-Ring-with-Knife.jpg",800,800,false],"woocommerce_single":["https:\/\/www.ringsknife.com\/wp-content\/uploads\/2024\/06\/Black-Titanium-Steel-Defense-Ring-with-Knife.jpg",800,800,false],"woocommerce_gallery_thumbnail":["https:\/\/www.ringsknife.com\/wp-content\/uploads\/2024\/06\/Black-Titanium-Steel-Defense-Ring-with-Knife-100x100.jpg",100,100,true]},"uagb_author_info":{"display_name":"ringsknife.com","author_link":"https:\/\/www.ringsknife.com\/es\/author\/"},"uagb_comment_info":0,"uagb_excerpt":"Elevate your personal safety with elegance. The Black Titanium Steel Defense Ring is a sophisticated accessory that merges fashion with function. Its hidden knife feature provides a subtle yet effective means of self-defense, empowering you to feel secure in any situation. The robust titanium steel construction guarantees durability, while the sleek black design ensures it&hellip;","jetpack_sharing_enabled":true,"_links":{"self":[{"href":"https:\/\/www.ringsknife.com\/es\/wp-json\/wp\/v2\/product\/2392","targetHints":{"allow":["GET"]}}],"collection":[{"href":"https:\/\/www.ringsknife.com\/es\/wp-json\/wp\/v2\/product"}],"about":[{"href":"https:\/\/www.ringsknife.com\/es\/wp-json\/wp\/v2\/types\/product"}],"replies":[{"embeddable":true,"href":"https:\/\/www.ringsknife.com\/es\/wp-json\/wp\/v2\/comments?post=2392"}],"version-history":[{"count":0,"href":"https:\/\/www.ringsknife.com\/es\/wp-json\/wp\/v2\/product\/2392\/revisions"}],"wp:featuredmedia":[{"embeddable":true,"href":"https:\/\/www.ringsknife.com\/es\/wp-json\/wp\/v2\/media\/2397"}],"wp:attachment":[{"href":"https:\/\/www.ringsknife.com\/es\/wp-json\/wp\/v2\/media?parent=2392"}],"wp:term":[{"taxonomy":"product_brand","embeddable":true,"href":"https:\/\/www.ringsknife.com\/es\/wp-json\/wp\/v2\/product_brand?post=2392"},{"taxonomy":"product_cat","embeddable":true,"href":"https:\/\/www.ringsknife.com\/es\/wp-json\/wp\/v2\/product_cat?post=2392"},{"taxonomy":"product_tag","embeddable":true,"href":"https:\/\/www.ringsknife.com\/es\/wp-json\/wp\/v2\/product_tag?post=2392"}],"curies":[{"name":"wp","href":"https:\/\/api.w.org\/{rel}","templated":true}]}}