
{"id":2281,"date":"2024-04-25T10:31:18","date_gmt":"2024-04-25T02:31:18","guid":{"rendered":"https:\/\/www.ringsknife.com\/?post_type=product&#038;p=2281"},"modified":"2025-06-06T04:48:21","modified_gmt":"2025-06-05T20:48:21","slug":"ring-with-knife","status":"publish","type":"product","link":"https:\/\/www.ringsknife.com\/es\/producto\/anillo-con-cuchillo\/","title":{"rendered":"Anillo abierto de acero inoxidable dorado con cuchillo"},"content":{"rendered":"<h2><strong>Anillo abierto de acero inoxidable dorado con cuchillo<\/strong>: Una fusi\u00f3n de elegancia y utilidad<\/h2>\n<p>&nbsp;<\/p>\n<h3>Caracter\u00edsticas del producto:<\/h3>\n<ol>\n<li><strong>Acero inoxidable duradero<\/strong>: Fabricado en acero inoxidable de alta calidad, este anillo garantiza longevidad y resistencia al deslustre.<\/li>\n<li><strong>Tono dorado<\/strong>: El radiante color dorado a\u00f1ade un toque de opulencia a tu conjunto.<\/li>\n<li><strong>Dise\u00f1o innovador<\/strong>: El anillo oculta un discreto cuchillo plegable, un accesorio pr\u00e1ctico y elegante.<\/li>\n<li><strong>Ajuste regulable<\/strong>: El dise\u00f1o abierto permite cambiar f\u00e1cilmente de tama\u00f1o, garantizando un ajuste c\u00f3modo para cualquier dedo.<\/li>\n<li><strong>Vers\u00e1til<\/strong>: Perfecta tanto para ocasiones formales como para el d\u00eda a d\u00eda.<\/li>\n<\/ol>\n<h3><strong>Detalles del producto<\/strong>:<\/h3>\n<ul>\n<li><strong>Material<\/strong>: Acero inoxidable<\/li>\n<li><strong>Anillo ajustable:<\/strong> De 16 mm a 22 mm<\/li>\n<li><strong>Color<\/strong>: Dorado<\/li>\n<li><strong>Tama\u00f1o del anillo<\/strong>: Ajustable<\/li>\n<li><strong>Longitud del cuchillo<\/strong>: Aproximadamente 7 mm<\/li>\n<li><strong>Hipoalerg\u00e9nico<\/strong>: Adecuado para pieles sensibles<\/li>\n<\/ul>\n<h3>C\u00f3mo utilizarlo<\/h3>\n<ul>\n<li><strong>Abrir<\/strong>: Deslice el dedo hacia delante.<\/li>\n<li><strong>Cerrar<\/strong>: Pulse simult\u00e1neamente el interruptor y reinicie la cuchilla.<\/li>\n<\/ul>\n<p>&nbsp;<\/p>","protected":false},"excerpt":{"rendered":"<p>Descubra la combinaci\u00f3n perfecta de moda y funcionalidad con nuestro Anillo Abierto de Acero Inoxidable Dorado. Fabricado en resistente acero inoxidable, este anillo ajustable luce un radiante tono dorado. Pero a\u00fan hay m\u00e1s: su elegante dise\u00f1o esconde una navaja plegable, un pr\u00e1ctico accesorio para cualquier situaci\u00f3n. Tanto si asiste a una gala como si simplemente sigue con su d\u00eda a d\u00eda, este vers\u00e1til anillo a\u00f1ade un toque de sofisticaci\u00f3n. Adem\u00e1s, es hipoalerg\u00e9nico y resistente al deslustre. \u00a1Eleve su estilo con esta pieza \u00fanica que combina elegancia y utilidad!<\/p>","protected":false},"featured_media":2282,"comment_status":"open","ping_status":"closed","template":"","meta":{"_uag_custom_page_level_css":"","site-sidebar-layout":"default","site-content-layout":"","ast-site-content-layout":"default","site-content-style":"default","site-sidebar-style":"default","ast-global-header-display":"","ast-banner-title-visibility":"","ast-main-header-display":"","ast-hfb-above-header-display":"","ast-hfb-below-header-display":"","ast-hfb-mobile-header-display":"","site-post-title":"","ast-breadcrumbs-content":"","ast-featured-img":"","footer-sml-layout":"","ast-disable-related-posts":"","theme-transparent-header-meta":"default","adv-header-id-meta":"","stick-header-meta":"default","header-above-stick-meta":"","header-main-stick-meta":"","header-below-stick-meta":"","astra-migrate-meta-layouts":"set","ast-page-background-enabled":"default","ast-page-background-meta":{"desktop":{"background-color":"","background-image":"","background-repeat":"repeat","background-position":"center center","background-size":"auto","background-attachment":"scroll","background-type":"","background-media":"","overlay-type":"","overlay-color":"","overlay-opacity":"","overlay-gradient":""},"tablet":{"background-color":"","background-image":"","background-repeat":"repeat","background-position":"center center","background-size":"auto","background-attachment":"scroll","background-type":"","background-media":"","overlay-type":"","overlay-color":"","overlay-opacity":"","overlay-gradient":""},"mobile":{"background-color":"","background-image":"","background-repeat":"repeat","background-position":"center center","background-size":"auto","background-attachment":"scroll","background-type":"","background-media":"","overlay-type":"","overlay-color":"","overlay-opacity":"","overlay-gradient":""}},"ast-content-background-meta":{"desktop":{"background-color":"var(--ast-global-color-5)","background-image":"","background-repeat":"repeat","background-position":"center center","background-size":"auto","background-attachment":"scroll","background-type":"","background-media":"","overlay-type":"","overlay-color":"","overlay-opacity":"","overlay-gradient":""},"tablet":{"background-color":"var(--ast-global-color-5)","background-image":"","background-repeat":"repeat","background-position":"center center","background-size":"auto","background-attachment":"scroll","background-type":"","background-media":"","overlay-type":"","overlay-color":"","overlay-opacity":"","overlay-gradient":""},"mobile":{"background-color":"var(--ast-global-color-5)","background-image":"","background-repeat":"repeat","background-position":"center center","background-size":"auto","background-attachment":"scroll","background-type":"","background-media":"","overlay-type":"","overlay-color":"","overlay-opacity":"","overlay-gradient":""}}},"product_brand":[],"product_cat":[161,163],"product_tag":[43],"class_list":{"0":"post-2281","1":"product","2":"type-product","3":"status-publish","4":"has-post-thumbnail","6":"product_cat-self-defense-knife","7":"product_cat-self-defense-ring-knife","8":"product_tag-golden","9":"desktop-align-left","10":"tablet-align-left","11":"mobile-align-left","12":"ast-product-gallery-layout-first-image-large","13":"ast-magnify-disabled","14":"ast-product-tabs-layout-distributed","16":"first","17":"instock","18":"sale","19":"featured","20":"shipping-taxable","21":"purchasable","22":"product-type-simple"},"uagb_featured_image_src":{"full":["https:\/\/www.ringsknife.com\/wp-content\/uploads\/2024\/04\/Open-Golden-Stainless-Steel-Ring-with-Knife.jpg",1600,1600,false],"thumbnail":["https:\/\/www.ringsknife.com\/wp-content\/uploads\/2024\/04\/Open-Golden-Stainless-Steel-Ring-with-Knife-150x150.jpg",150,150,true],"medium":["https:\/\/www.ringsknife.com\/wp-content\/uploads\/2024\/04\/Open-Golden-Stainless-Steel-Ring-with-Knife-300x300.jpg",300,300,true],"medium_large":["https:\/\/www.ringsknife.com\/wp-content\/uploads\/2024\/04\/Open-Golden-Stainless-Steel-Ring-with-Knife-768x768.jpg",768,768,true],"large":["https:\/\/www.ringsknife.com\/wp-content\/uploads\/2024\/04\/Open-Golden-Stainless-Steel-Ring-with-Knife-1024x1024.jpg",1024,1024,true],"1536x1536":["https:\/\/www.ringsknife.com\/wp-content\/uploads\/2024\/04\/Open-Golden-Stainless-Steel-Ring-with-Knife-1536x1536.jpg",1536,1536,true],"2048x2048":["https:\/\/www.ringsknife.com\/wp-content\/uploads\/2024\/04\/Open-Golden-Stainless-Steel-Ring-with-Knife.jpg",1600,1600,false],"trp-custom-language-flag":["https:\/\/www.ringsknife.com\/wp-content\/uploads\/2024\/04\/Open-Golden-Stainless-Steel-Ring-with-Knife.jpg",12,12,false],"woocommerce_thumbnail":["https:\/\/www.ringsknife.com\/wp-content\/uploads\/2024\/04\/Open-Golden-Stainless-Steel-Ring-with-Knife-800x800.jpg",800,800,true],"woocommerce_single":["https:\/\/www.ringsknife.com\/wp-content\/uploads\/2024\/04\/Open-Golden-Stainless-Steel-Ring-with-Knife-800x800.jpg",800,800,true],"woocommerce_gallery_thumbnail":["https:\/\/www.ringsknife.com\/wp-content\/uploads\/2024\/04\/Open-Golden-Stainless-Steel-Ring-with-Knife-100x100.jpg",100,100,true]},"uagb_author_info":{"display_name":"ringsknife.com","author_link":"https:\/\/www.ringsknife.com\/es\/author\/"},"uagb_comment_info":7,"uagb_excerpt":"Discover the perfect blend of fashion and function with our Open Golden Stainless Steel Ring. Crafted from durable stainless steel, this adjustable ring boasts a radiant golden hue. But there\u2019s more: hidden within its elegant design is a foldable knife\u2014a practical accessory for any situation. Whether you\u2019re attending a gala or simply going about your&hellip;","jetpack_sharing_enabled":true,"_links":{"self":[{"href":"https:\/\/www.ringsknife.com\/es\/wp-json\/wp\/v2\/product\/2281","targetHints":{"allow":["GET"]}}],"collection":[{"href":"https:\/\/www.ringsknife.com\/es\/wp-json\/wp\/v2\/product"}],"about":[{"href":"https:\/\/www.ringsknife.com\/es\/wp-json\/wp\/v2\/types\/product"}],"replies":[{"embeddable":true,"href":"https:\/\/www.ringsknife.com\/es\/wp-json\/wp\/v2\/comments?post=2281"}],"version-history":[{"count":0,"href":"https:\/\/www.ringsknife.com\/es\/wp-json\/wp\/v2\/product\/2281\/revisions"}],"wp:featuredmedia":[{"embeddable":true,"href":"https:\/\/www.ringsknife.com\/es\/wp-json\/wp\/v2\/media\/2282"}],"wp:attachment":[{"href":"https:\/\/www.ringsknife.com\/es\/wp-json\/wp\/v2\/media?parent=2281"}],"wp:term":[{"taxonomy":"product_brand","embeddable":true,"href":"https:\/\/www.ringsknife.com\/es\/wp-json\/wp\/v2\/product_brand?post=2281"},{"taxonomy":"product_cat","embeddable":true,"href":"https:\/\/www.ringsknife.com\/es\/wp-json\/wp\/v2\/product_cat?post=2281"},{"taxonomy":"product_tag","embeddable":true,"href":"https:\/\/www.ringsknife.com\/es\/wp-json\/wp\/v2\/product_tag?post=2281"}],"curies":[{"name":"wp","href":"https:\/\/api.w.org\/{rel}","templated":true}]}}