
{"id":2017,"date":"2024-03-29T10:51:37","date_gmt":"2024-03-29T02:51:37","guid":{"rendered":"https:\/\/www.ringsknife.com\/?post_type=product&#038;p=2017"},"modified":"2025-06-03T07:25:59","modified_gmt":"2025-06-02T23:25:59","slug":"self-defense-ring-jewelry","status":"publish","type":"product","link":"https:\/\/www.ringsknife.com\/es\/producto\/anillo-de-autodefensa-joyas\/","title":{"rendered":"Anillo de defensa personal de plata brillante Joyer\u00eda"},"content":{"rendered":"<h5>El Anillo de Defensa Personal de Plata Brillante es una mezcla \u00fanica de estilo, seguridad y sofisticaci\u00f3n. Fabricado en acero de titanio, este anillo no s\u00f3lo es duradero, sino que tambi\u00e9n tiene un aspecto plateado brillante que complementa cualquier atuendo.<\/h5>\n<p>&nbsp;<\/p>\n<p>Estas son sus principales caracter\u00edsticas:<\/p>\n<ol>\n<li><strong>Material<\/strong>: Hecho de acero de titanio de alta calidad, ofrece durabilidad y longevidad.<\/li>\n<li><strong>Dise\u00f1o<\/strong>: Su brillante aspecto plateado y las piedras preciosas sintetizadas incrustadas lo convierten en un accesorio elegante que destaca en cualquier colecci\u00f3n de joyas.<\/li>\n<li><strong>Herramienta de autodefensa<\/strong>: El anillo est\u00e1 dise\u00f1ado para ser utilizado como una herramienta de autodefensa, proporcionando una capa adicional de seguridad personal.<\/li>\n<li><strong>Confort<\/strong>: A pesar de su doble funci\u00f3n, el anillo es c\u00f3modo de llevar a diario.<\/li>\n<li><strong>Regalo Ideal<\/strong>: Con su dise\u00f1o \u00fanico y su uso pr\u00e1ctico, es un gran regalo para los seres queridos, ya que simboliza el cuidado y la protecci\u00f3n.<\/li>\n<\/ol>","protected":false},"excerpt":{"rendered":"<p>La joya Shining Silver Self Defense Ring, fabricada en acero de titanio, es una combinaci\u00f3n perfecta de estilo y seguridad. Presenta un dise\u00f1o elegante con piedras preciosas sintetizadas que realzan su atractivo est\u00e9tico. Este anillo no es s\u00f3lo un accesorio de moda, sino tambi\u00e9n una herramienta de autodefensa, que ofrece una capa adicional de seguridad personal. C\u00f3modo de llevar a diario, es vers\u00e1til para diversas ocasiones. Tambi\u00e9n es un regalo bien pensado, que simboliza cuidado y protecci\u00f3n. Experimente la fusi\u00f3n perfecta de moda y funcionalidad con esta pieza \u00fanica.<\/p>","protected":false},"featured_media":2023,"comment_status":"open","ping_status":"closed","template":"","meta":{"_uag_custom_page_level_css":"","site-sidebar-layout":"default","site-content-layout":"","ast-site-content-layout":"default","site-content-style":"default","site-sidebar-style":"default","ast-global-header-display":"","ast-banner-title-visibility":"","ast-main-header-display":"","ast-hfb-above-header-display":"","ast-hfb-below-header-display":"","ast-hfb-mobile-header-display":"","site-post-title":"","ast-breadcrumbs-content":"","ast-featured-img":"","footer-sml-layout":"","ast-disable-related-posts":"","theme-transparent-header-meta":"default","adv-header-id-meta":"","stick-header-meta":"default","header-above-stick-meta":"","header-main-stick-meta":"","header-below-stick-meta":"","astra-migrate-meta-layouts":"set","ast-page-background-enabled":"default","ast-page-background-meta":{"desktop":{"background-color":"","background-image":"","background-repeat":"repeat","background-position":"center center","background-size":"auto","background-attachment":"scroll","background-type":"","background-media":"","overlay-type":"","overlay-color":"","overlay-opacity":"","overlay-gradient":""},"tablet":{"background-color":"","background-image":"","background-repeat":"repeat","background-position":"center center","background-size":"auto","background-attachment":"scroll","background-type":"","background-media":"","overlay-type":"","overlay-color":"","overlay-opacity":"","overlay-gradient":""},"mobile":{"background-color":"","background-image":"","background-repeat":"repeat","background-position":"center center","background-size":"auto","background-attachment":"scroll","background-type":"","background-media":"","overlay-type":"","overlay-color":"","overlay-opacity":"","overlay-gradient":""}},"ast-content-background-meta":{"desktop":{"background-color":"var(--ast-global-color-5)","background-image":"","background-repeat":"repeat","background-position":"center center","background-size":"auto","background-attachment":"scroll","background-type":"","background-media":"","overlay-type":"","overlay-color":"","overlay-opacity":"","overlay-gradient":""},"tablet":{"background-color":"var(--ast-global-color-5)","background-image":"","background-repeat":"repeat","background-position":"center center","background-size":"auto","background-attachment":"scroll","background-type":"","background-media":"","overlay-type":"","overlay-color":"","overlay-opacity":"","overlay-gradient":""},"mobile":{"background-color":"var(--ast-global-color-5)","background-image":"","background-repeat":"repeat","background-position":"center center","background-size":"auto","background-attachment":"scroll","background-type":"","background-media":"","overlay-type":"","overlay-color":"","overlay-opacity":"","overlay-gradient":""}}},"product_brand":[],"product_cat":[161,163],"product_tag":[37,38,36],"class_list":{"0":"post-2017","1":"product","2":"type-product","3":"status-publish","4":"has-post-thumbnail","6":"product_cat-self-defense-knife","7":"product_cat-self-defense-ring-knife","8":"product_tag-17mm","9":"product_tag-18mm","10":"product_tag-silver","11":"desktop-align-left","12":"tablet-align-left","13":"mobile-align-left","14":"ast-product-gallery-layout-first-image-large","15":"ast-magnify-disabled","16":"ast-product-single-variable","17":"ast-product-tabs-layout-distributed","19":"first","20":"instock","21":"sale","22":"featured","23":"shipping-taxable","24":"purchasable","25":"product-type-variable","26":"has-default-attributes"},"uagb_featured_image_src":{"full":["https:\/\/www.ringsknife.com\/wp-content\/uploads\/2024\/03\/Shining-Silver-Self-Defense-Ring-Jewelry-2.jpg",800,800,false],"thumbnail":["https:\/\/www.ringsknife.com\/wp-content\/uploads\/2024\/03\/Shining-Silver-Self-Defense-Ring-Jewelry-2-150x150.jpg",150,150,true],"medium":["https:\/\/www.ringsknife.com\/wp-content\/uploads\/2024\/03\/Shining-Silver-Self-Defense-Ring-Jewelry-2-300x300.jpg",300,300,true],"medium_large":["https:\/\/www.ringsknife.com\/wp-content\/uploads\/2024\/03\/Shining-Silver-Self-Defense-Ring-Jewelry-2-768x768.jpg",768,768,true],"large":["https:\/\/www.ringsknife.com\/wp-content\/uploads\/2024\/03\/Shining-Silver-Self-Defense-Ring-Jewelry-2.jpg",800,800,false],"1536x1536":["https:\/\/www.ringsknife.com\/wp-content\/uploads\/2024\/03\/Shining-Silver-Self-Defense-Ring-Jewelry-2.jpg",800,800,false],"2048x2048":["https:\/\/www.ringsknife.com\/wp-content\/uploads\/2024\/03\/Shining-Silver-Self-Defense-Ring-Jewelry-2.jpg",800,800,false],"trp-custom-language-flag":["https:\/\/www.ringsknife.com\/wp-content\/uploads\/2024\/03\/Shining-Silver-Self-Defense-Ring-Jewelry-2.jpg",12,12,false],"woocommerce_thumbnail":["https:\/\/www.ringsknife.com\/wp-content\/uploads\/2024\/03\/Shining-Silver-Self-Defense-Ring-Jewelry-2.jpg",800,800,false],"woocommerce_single":["https:\/\/www.ringsknife.com\/wp-content\/uploads\/2024\/03\/Shining-Silver-Self-Defense-Ring-Jewelry-2.jpg",800,800,false],"woocommerce_gallery_thumbnail":["https:\/\/www.ringsknife.com\/wp-content\/uploads\/2024\/03\/Shining-Silver-Self-Defense-Ring-Jewelry-2-100x100.jpg",100,100,true]},"uagb_author_info":{"display_name":"ringsknife.com","author_link":"https:\/\/www.ringsknife.com\/es\/author\/"},"uagb_comment_info":8,"uagb_excerpt":"The Shining Silver Self Defense Ring Jewelry, crafted from Titanium Steel, is a perfect blend of style and security. It features a sleek design with synthesized gemstones, enhancing its aesthetic appeal. This ring is not just a fashion accessory, but also a self-defense tool, offering an extra layer of personal safety. Comfortable for daily wear,&hellip;","jetpack_sharing_enabled":true,"_links":{"self":[{"href":"https:\/\/www.ringsknife.com\/es\/wp-json\/wp\/v2\/product\/2017","targetHints":{"allow":["GET"]}}],"collection":[{"href":"https:\/\/www.ringsknife.com\/es\/wp-json\/wp\/v2\/product"}],"about":[{"href":"https:\/\/www.ringsknife.com\/es\/wp-json\/wp\/v2\/types\/product"}],"replies":[{"embeddable":true,"href":"https:\/\/www.ringsknife.com\/es\/wp-json\/wp\/v2\/comments?post=2017"}],"version-history":[{"count":0,"href":"https:\/\/www.ringsknife.com\/es\/wp-json\/wp\/v2\/product\/2017\/revisions"}],"wp:featuredmedia":[{"embeddable":true,"href":"https:\/\/www.ringsknife.com\/es\/wp-json\/wp\/v2\/media\/2023"}],"wp:attachment":[{"href":"https:\/\/www.ringsknife.com\/es\/wp-json\/wp\/v2\/media?parent=2017"}],"wp:term":[{"taxonomy":"product_brand","embeddable":true,"href":"https:\/\/www.ringsknife.com\/es\/wp-json\/wp\/v2\/product_brand?post=2017"},{"taxonomy":"product_cat","embeddable":true,"href":"https:\/\/www.ringsknife.com\/es\/wp-json\/wp\/v2\/product_cat?post=2017"},{"taxonomy":"product_tag","embeddable":true,"href":"https:\/\/www.ringsknife.com\/es\/wp-json\/wp\/v2\/product_tag?post=2017"}],"curies":[{"name":"wp","href":"https:\/\/api.w.org\/{rel}","templated":true}]}}