
{"id":2002,"date":"2024-03-28T12:37:34","date_gmt":"2024-03-28T04:37:34","guid":{"rendered":"https:\/\/www.ringsknife.com\/?post_type=product&#038;p=2002"},"modified":"2025-06-02T14:53:14","modified_gmt":"2025-06-02T06:53:14","slug":"ring-with-a-knife","status":"publish","type":"product","link":"https:\/\/www.ringsknife.com\/es\/producto\/anillo-con-un-cuchillo\/","title":{"rendered":"Anillo abierto de acero inoxidable plateado con un cuchillo"},"content":{"rendered":"<h2>Anillo abierto de acero inoxidable plateado con un cuchillo<\/h2>\n<p>&nbsp;<\/p>\n<ol>\n<li><strong>Material seguro:<\/strong> El anillo abierto de acero inoxidable plateado con un cuchillo est\u00e1 fabricado con un material respetuoso con el medio ambiente. Esto garantiza que no s\u00f3lo sea duradero, sino tambi\u00e9n seguro de llevar. El material de acero inoxidable es conocido por su solidez y resistencia a la corrosi\u00f3n, lo que lo convierte en la elecci\u00f3n perfecta para un anillo de defensa personal.<\/li>\n<li><strong>Dise\u00f1o c\u00f3modo:<\/strong> Esta fant\u00e1stica anilla presenta un c\u00f3modo dise\u00f1o que facilita su uso. Con s\u00f3lo pulsar el bot\u00f3n lateral, la navaja puede desplegarse al instante, lo que la convierte en una eficaz herramienta de autodefensa. El anillo est\u00e1 dise\u00f1ado ergon\u00f3micamente para un ajuste c\u00f3modo, asegurando que se puede llevar todo el d\u00eda sin causar ninguna molestia.<\/li>\n<li><strong>Accesorios exquisitos:<\/strong> El anillo abierto de acero inoxidable plateado con navaja no s\u00f3lo es funcional, sino tambi\u00e9n elegante. Su dise\u00f1o atemporal y su acabado plateado lo convierten en un accesorio vers\u00e1til que puede llevarse con cualquier atuendo. Tanto si te arreglas para una ocasi\u00f3n formal como si prefieres un estilo informal, este anillo a\u00f1adir\u00e1 un toque de elegancia a tu look.<\/li>\n<li><strong>El regalo perfecto:<\/strong> Este anillo ajustable es adecuado para todas las edades y lo pueden llevar hombres, mujeres y ni\u00f1os. Es un regalo perfecto para su familia, amigos, colegas o seres queridos en ocasiones especiales como aniversarios, Navidad, San Valent\u00edn, D\u00eda de la Madre o Acci\u00f3n de Gracias. Sorpr\u00e9ndales con este regalo \u00fanico y pr\u00e1ctico que no s\u00f3lo tiene un aspecto estupendo, sino que adem\u00e1s proporciona una seguridad a\u00f1adida.<\/li>\n<li><strong>Tama\u00f1o ajustable:<\/strong> En\u00a0<strong>anillo abierto de acero inoxidable plateado con un cuchillo<\/strong>\u00a0est\u00e1 ingeniosamente dise\u00f1ado para ser\u00a0<strong>f\u00e1cilmente ajustable<\/strong>para dedos de tama\u00f1os comprendidos entre\u00a0<strong>De 16 mm a 22 mm<\/strong>. Tanto si tiene los dedos peque\u00f1os como grandes, puede personalizar sin esfuerzo el anillo seg\u00fan su ajuste preferido. Esta adaptabilidad lo convierte en un accesorio vers\u00e1til que puede compartirse con familiares y amigos.<\/li>\n<li><strong>Longitud del cuchillo<\/strong>: Aproximadamente 7 mm<\/li>\n<\/ol>\n<h3><\/h3>\n<h3>C\u00f3mo utilizarlo<\/h3>\n<p>&nbsp;<\/p>\n<ul>\n<li><strong>Abrir<\/strong>: Deslice el dedo hacia delante.<\/li>\n<li><strong>Cerrar<\/strong>: Pulse simult\u00e1neamente el interruptor y reinicie la cuchilla.<\/li>\n<\/ul>","protected":false},"excerpt":{"rendered":"<p>Desvele el ep\u00edtome de la versatilidad y la elegancia con el Anillo Abierto de Plata y Acero Inoxidable. Esta pieza \u00fanica no s\u00f3lo a\u00f1ade un toque de sofisticaci\u00f3n a su estilo, sino que tambi\u00e9n sirve como l\u00ednea de defensa oculta. Oculta en su interior una navaja compacta pero eficaz, lista para situaciones inesperadas. Fabricado en resistente acero inoxidable, este anillo es una mezcla perfecta de moda y funcionalidad. Experimente el poder y la elegancia al alcance de su mano.<\/p>","protected":false},"featured_media":2003,"comment_status":"open","ping_status":"closed","template":"","meta":{"_uag_custom_page_level_css":"","site-sidebar-layout":"default","site-content-layout":"","ast-site-content-layout":"default","site-content-style":"default","site-sidebar-style":"default","ast-global-header-display":"","ast-banner-title-visibility":"","ast-main-header-display":"","ast-hfb-above-header-display":"","ast-hfb-below-header-display":"","ast-hfb-mobile-header-display":"","site-post-title":"","ast-breadcrumbs-content":"","ast-featured-img":"","footer-sml-layout":"","ast-disable-related-posts":"","theme-transparent-header-meta":"default","adv-header-id-meta":"","stick-header-meta":"default","header-above-stick-meta":"","header-main-stick-meta":"","header-below-stick-meta":"","astra-migrate-meta-layouts":"set","ast-page-background-enabled":"default","ast-page-background-meta":{"desktop":{"background-color":"","background-image":"","background-repeat":"repeat","background-position":"center center","background-size":"auto","background-attachment":"scroll","background-type":"","background-media":"","overlay-type":"","overlay-color":"","overlay-opacity":"","overlay-gradient":""},"tablet":{"background-color":"","background-image":"","background-repeat":"repeat","background-position":"center center","background-size":"auto","background-attachment":"scroll","background-type":"","background-media":"","overlay-type":"","overlay-color":"","overlay-opacity":"","overlay-gradient":""},"mobile":{"background-color":"","background-image":"","background-repeat":"repeat","background-position":"center center","background-size":"auto","background-attachment":"scroll","background-type":"","background-media":"","overlay-type":"","overlay-color":"","overlay-opacity":"","overlay-gradient":""}},"ast-content-background-meta":{"desktop":{"background-color":"var(--ast-global-color-5)","background-image":"","background-repeat":"repeat","background-position":"center center","background-size":"auto","background-attachment":"scroll","background-type":"","background-media":"","overlay-type":"","overlay-color":"","overlay-opacity":"","overlay-gradient":""},"tablet":{"background-color":"var(--ast-global-color-5)","background-image":"","background-repeat":"repeat","background-position":"center center","background-size":"auto","background-attachment":"scroll","background-type":"","background-media":"","overlay-type":"","overlay-color":"","overlay-opacity":"","overlay-gradient":""},"mobile":{"background-color":"var(--ast-global-color-5)","background-image":"","background-repeat":"repeat","background-position":"center center","background-size":"auto","background-attachment":"scroll","background-type":"","background-media":"","overlay-type":"","overlay-color":"","overlay-opacity":"","overlay-gradient":""}}},"product_brand":[],"product_cat":[161,163],"product_tag":[36],"class_list":{"0":"post-2002","1":"product","2":"type-product","3":"status-publish","4":"has-post-thumbnail","6":"product_cat-self-defense-knife","7":"product_cat-self-defense-ring-knife","8":"product_tag-silver","9":"desktop-align-left","10":"tablet-align-left","11":"mobile-align-left","12":"ast-product-gallery-layout-first-image-large","13":"ast-magnify-disabled","14":"ast-product-tabs-layout-distributed","16":"first","17":"instock","18":"sale","19":"shipping-taxable","20":"purchasable","21":"product-type-simple"},"uagb_featured_image_src":{"full":["https:\/\/www.ringsknife.com\/wp-content\/uploads\/2024\/03\/Ring-with-a-Knife-5.jpg",1600,1600,false],"thumbnail":["https:\/\/www.ringsknife.com\/wp-content\/uploads\/2024\/03\/Ring-with-a-Knife-5-150x150.jpg",150,150,true],"medium":["https:\/\/www.ringsknife.com\/wp-content\/uploads\/2024\/03\/Ring-with-a-Knife-5-300x300.jpg",300,300,true],"medium_large":["https:\/\/www.ringsknife.com\/wp-content\/uploads\/2024\/03\/Ring-with-a-Knife-5-768x768.jpg",768,768,true],"large":["https:\/\/www.ringsknife.com\/wp-content\/uploads\/2024\/03\/Ring-with-a-Knife-5-1024x1024.jpg",1024,1024,true],"1536x1536":["https:\/\/www.ringsknife.com\/wp-content\/uploads\/2024\/03\/Ring-with-a-Knife-5-1536x1536.jpg",1536,1536,true],"2048x2048":["https:\/\/www.ringsknife.com\/wp-content\/uploads\/2024\/03\/Ring-with-a-Knife-5.jpg",1600,1600,false],"trp-custom-language-flag":["https:\/\/www.ringsknife.com\/wp-content\/uploads\/2024\/03\/Ring-with-a-Knife-5.jpg",12,12,false],"woocommerce_thumbnail":["https:\/\/www.ringsknife.com\/wp-content\/uploads\/2024\/03\/Ring-with-a-Knife-5-800x800.jpg",800,800,true],"woocommerce_single":["https:\/\/www.ringsknife.com\/wp-content\/uploads\/2024\/03\/Ring-with-a-Knife-5-800x800.jpg",800,800,true],"woocommerce_gallery_thumbnail":["https:\/\/www.ringsknife.com\/wp-content\/uploads\/2024\/03\/Ring-with-a-Knife-5-100x100.jpg",100,100,true]},"uagb_author_info":{"display_name":"ringsknife.com","author_link":"https:\/\/www.ringsknife.com\/es\/author\/"},"uagb_comment_info":5,"uagb_excerpt":"Unveiling the epitome of versatility and elegance with the Open Silver Stainless Steel Ring. This unique piece not only adds a touch of sophistication to your style but also serves as a hidden line of defense. Concealed within is a compact, yet effective knife, ready for unexpected situations. Crafted from durable stainless steel, this ring&hellip;","jetpack_sharing_enabled":true,"_links":{"self":[{"href":"https:\/\/www.ringsknife.com\/es\/wp-json\/wp\/v2\/product\/2002","targetHints":{"allow":["GET"]}}],"collection":[{"href":"https:\/\/www.ringsknife.com\/es\/wp-json\/wp\/v2\/product"}],"about":[{"href":"https:\/\/www.ringsknife.com\/es\/wp-json\/wp\/v2\/types\/product"}],"replies":[{"embeddable":true,"href":"https:\/\/www.ringsknife.com\/es\/wp-json\/wp\/v2\/comments?post=2002"}],"version-history":[{"count":0,"href":"https:\/\/www.ringsknife.com\/es\/wp-json\/wp\/v2\/product\/2002\/revisions"}],"wp:featuredmedia":[{"embeddable":true,"href":"https:\/\/www.ringsknife.com\/es\/wp-json\/wp\/v2\/media\/2003"}],"wp:attachment":[{"href":"https:\/\/www.ringsknife.com\/es\/wp-json\/wp\/v2\/media?parent=2002"}],"wp:term":[{"taxonomy":"product_brand","embeddable":true,"href":"https:\/\/www.ringsknife.com\/es\/wp-json\/wp\/v2\/product_brand?post=2002"},{"taxonomy":"product_cat","embeddable":true,"href":"https:\/\/www.ringsknife.com\/es\/wp-json\/wp\/v2\/product_cat?post=2002"},{"taxonomy":"product_tag","embeddable":true,"href":"https:\/\/www.ringsknife.com\/es\/wp-json\/wp\/v2\/product_tag?post=2002"}],"curies":[{"name":"wp","href":"https:\/\/api.w.org\/{rel}","templated":true}]}}