
{"id":2085,"date":"2024-04-02T18:03:14","date_gmt":"2024-04-02T10:03:14","guid":{"rendered":"https:\/\/www.ringsknife.com\/?page_id=2085"},"modified":"2024-06-01T19:35:04","modified_gmt":"2024-06-01T11:35:04","slug":"returns","status":"publish","type":"page","link":"https:\/\/www.ringsknife.com\/es\/devuelve\/","title":{"rendered":"Devuelve"},"content":{"rendered":"<h3 class=\"wp-block-heading\">Devuelve<\/h3>\n\n\n\n<p>Anillos Cuchillo ofertas\u00a0<strong>devoluciones gratuitas<\/strong>\u00a0en todos los art\u00edculos de\u00a0<strong>60 d\u00edas<\/strong>\u00a0de compra.<\/p>\n\n\n\n<h3 class=\"wp-block-heading\">Proceso de devoluci\u00f3n<\/h3>\n\n\n\n<p>1. Env\u00edenos un correo electr\u00f3nico a\u00a0<a href=\"mailto:info@ringsknife.com\" target=\"_blank\" rel=\"noreferrer noopener\"><a href=\"mailto:support@defenderring.com\" target=\"_blank\" rel=\"noreferrer noopener\">info@ringsknife<\/a>.com<\/a>\u00a0con su nombre, el n\u00famero de pedido # y el motivo de su devoluci\u00f3n.<\/p>\n\n\n\n<p>2. Una vez que le hayamos confirmado el acuse de recibo de su devoluci\u00f3n, env\u00ede el producto a la direcci\u00f3n que le hemos indicado en el correo electr\u00f3nico.<\/p>\n\n\n\n<p>3. Una vez que nos haya devuelto el producto en el plazo de treinta (30) d\u00edas, env\u00edenos un correo electr\u00f3nico a\u00a0<a href=\"mailto:info@ringsknife.com\" target=\"_blank\" data-type=\"mailto\" data-id=\"mailto:info@ringsknife.com\" rel=\"noreferrer noopener\"><a href=\"mailto:support@defenderring.com\" target=\"_blank\" rel=\"noreferrer noopener\">info@ringsknife<\/a>.com<\/a>\u00a0con el n\u00famero de seguimiento para que podamos iniciar el proceso de devoluci\u00f3n lo antes posible.<\/p>\n\n\n\n<h3 class=\"wp-block-heading\">IMPORTANTE:<\/h3>\n\n\n\n<p><strong>A<\/strong><strong>odos los productos, materiales y envases<\/strong>&nbsp;debe incluirse y enviarse por correo a la direcci\u00f3n arriba indicada en el plazo de treinta (30) d\u00edas.<\/p>\n\n\n\n<p>El comprador es responsable de los gastos de env\u00edo de los productos devueltos.<\/p>\n\n\n\n<p>Recomendamos utilizar un seguro de env\u00edo o seguimiento para garantizar un proceso de devoluci\u00f3n r\u00e1pido y sin problemas.<\/p>\n\n\n\n<h3 class=\"wp-block-heading\">Condiciones<\/h3>\n\n\n\n<p>Para poder realizar una devoluci\u00f3n, el art\u00edculo debe estar sin usar y en las mismas condiciones en las que lo recibi\u00f3. Tambi\u00e9n debe estar en su embalaje original.<\/p>\n\n\n\n<p>Las tarjetas regalo no son reembolsables.<\/p>\n\n\n\n<p>Los gastos de env\u00edo no son reembolsables.<\/p>\n\n\n\n<h3 class=\"wp-block-heading\">Reembolsos<\/h3>\n\n\n\n<p>Una vez recibida, inspeccionada y aprobada su devoluci\u00f3n, le enviaremos un correo electr\u00f3nico para notificarle que hemos aprobado su art\u00edculo devuelto.&nbsp;<\/p>\n\n\n\n<p>En caso de devoluci\u00f3n dentro del plazo de treinta (30) d\u00edas, se reembolsar\u00e1 el importe \u00edntegro de la compra en el m\u00e9todo de pago original.<\/p>\n\n\n\n<h3 class=\"wp-block-heading\">Garant\u00eda<\/h3>\n\n\n\n<p>Rings Knife garantiza cada producto nuevo contra defectos durante un (1) a\u00f1o a partir de la fecha de compra y se compromete a sustituir cualquier producto defectuoso sin cargo alguno.<\/p>\n\n\n\n<p><strong>IMPORTANTE:<\/strong>&nbsp;Esta garant\u00eda no cubre los da\u00f1os resultantes de accidentes, uso o mal uso, falta de cuidado razonable. &nbsp;<\/p>\n\n\n\n<p>Si necesita sustituir un producto, env\u00edenos un correo electr\u00f3nico a&nbsp;<a href=\"mailto:info@ringsknife.com\" target=\"_blank\" data-type=\"mailto\" data-id=\"mailto:info@ringsknife.com\" rel=\"noreferrer noopener\">info@ringsknife<\/a>.com.<\/p>","protected":false},"excerpt":{"rendered":"<p>Returns Rings Knife offers\u00a0free returns\u00a0on all items within\u00a060 days\u00a0of purchase. Return Process 1. Email us at\u00a0info@ringsknife.com\u00a0with your name, order #, and the reason for your\u00a0return. 2.&nbsp;After we&#8217;ve confirmed acknowledgement of your return, mail your product to the address we have specified in the email. 3. After you&#8217;ve mailed your product back to us within the [&hellip;]<\/p>\n","protected":false},"author":1,"featured_media":0,"parent":0,"menu_order":0,"comment_status":"closed","ping_status":"closed","template":"","meta":{"_uag_custom_page_level_css":"","site-sidebar-layout":"default","site-content-layout":"","ast-site-content-layout":"default","site-content-style":"default","site-sidebar-style":"default","ast-global-header-display":"","ast-banner-title-visibility":"","ast-main-header-display":"","ast-hfb-above-header-display":"","ast-hfb-below-header-display":"","ast-hfb-mobile-header-display":"","site-post-title":"disabled","ast-breadcrumbs-content":"","ast-featured-img":"","footer-sml-layout":"","ast-disable-related-posts":"","theme-transparent-header-meta":"","adv-header-id-meta":"","stick-header-meta":"","header-above-stick-meta":"","header-main-stick-meta":"","header-below-stick-meta":"","astra-migrate-meta-layouts":"set","ast-page-background-enabled":"default","ast-page-background-meta":{"desktop":{"background-color":"","background-image":"","background-repeat":"repeat","background-position":"center center","background-size":"auto","background-attachment":"scroll","background-type":"","background-media":"","overlay-type":"","overlay-color":"","overlay-opacity":"","overlay-gradient":""},"tablet":{"background-color":"","background-image":"","background-repeat":"repeat","background-position":"center center","background-size":"auto","background-attachment":"scroll","background-type":"","background-media":"","overlay-type":"","overlay-color":"","overlay-opacity":"","overlay-gradient":""},"mobile":{"background-color":"","background-image":"","background-repeat":"repeat","background-position":"center center","background-size":"auto","background-attachment":"scroll","background-type":"","background-media":"","overlay-type":"","overlay-color":"","overlay-opacity":"","overlay-gradient":""}},"ast-content-background-meta":{"desktop":{"background-color":"var(--ast-global-color-5)","background-image":"","background-repeat":"repeat","background-position":"center center","background-size":"auto","background-attachment":"scroll","background-type":"","background-media":"","overlay-type":"","overlay-color":"","overlay-opacity":"","overlay-gradient":""},"tablet":{"background-color":"var(--ast-global-color-5)","background-image":"","background-repeat":"repeat","background-position":"center center","background-size":"auto","background-attachment":"scroll","background-type":"","background-media":"","overlay-type":"","overlay-color":"","overlay-opacity":"","overlay-gradient":""},"mobile":{"background-color":"var(--ast-global-color-5)","background-image":"","background-repeat":"repeat","background-position":"center center","background-size":"auto","background-attachment":"scroll","background-type":"","background-media":"","overlay-type":"","overlay-color":"","overlay-opacity":"","overlay-gradient":""}},"footnotes":""},"class_list":["post-2085","page","type-page","status-publish","hentry"],"uagb_featured_image_src":{"full":false,"thumbnail":false,"medium":false,"medium_large":false,"large":false,"1536x1536":false,"2048x2048":false,"trp-custom-language-flag":false,"woocommerce_thumbnail":false,"woocommerce_single":false,"woocommerce_gallery_thumbnail":false},"uagb_author_info":{"display_name":"ringsknife.com","author_link":"https:\/\/www.ringsknife.com\/es\/author\/ringsknife-com\/"},"uagb_comment_info":0,"uagb_excerpt":"Returns Rings Knife offers\u00a0free returns\u00a0on all items within\u00a060 days\u00a0of purchase. Return Process 1. Email us at\u00a0info@ringsknife.com\u00a0with your name, order #, and the reason for your\u00a0return. 2.&nbsp;After we&#8217;ve confirmed acknowledgement of your return, mail your product to the address we have specified in the email. 3. After you&#8217;ve mailed your product back to us within the&hellip;","jetpack_sharing_enabled":true,"_links":{"self":[{"href":"https:\/\/www.ringsknife.com\/es\/wp-json\/wp\/v2\/pages\/2085","targetHints":{"allow":["GET"]}}],"collection":[{"href":"https:\/\/www.ringsknife.com\/es\/wp-json\/wp\/v2\/pages"}],"about":[{"href":"https:\/\/www.ringsknife.com\/es\/wp-json\/wp\/v2\/types\/page"}],"author":[{"embeddable":true,"href":"https:\/\/www.ringsknife.com\/es\/wp-json\/wp\/v2\/users\/1"}],"replies":[{"embeddable":true,"href":"https:\/\/www.ringsknife.com\/es\/wp-json\/wp\/v2\/comments?post=2085"}],"version-history":[{"count":0,"href":"https:\/\/www.ringsknife.com\/es\/wp-json\/wp\/v2\/pages\/2085\/revisions"}],"wp:attachment":[{"href":"https:\/\/www.ringsknife.com\/es\/wp-json\/wp\/v2\/media?parent=2085"}],"curies":[{"name":"wp","href":"https:\/\/api.w.org\/{rel}","templated":true}]}}