
{"id":2083,"date":"2024-04-02T18:00:17","date_gmt":"2024-04-02T10:00:17","guid":{"rendered":"https:\/\/www.ringsknife.com\/?page_id=2083"},"modified":"2024-06-01T19:34:35","modified_gmt":"2024-06-01T11:34:35","slug":"exchanges","status":"publish","type":"page","link":"https:\/\/www.ringsknife.com\/es\/intercambios\/","title":{"rendered":"Intercambios"},"content":{"rendered":"<h3 class=\"wp-block-heading\">Intercambios<\/h3>\n\n\n\n<p>Anillos Cuchillo ofertas&nbsp;<strong>intercambios libres<\/strong>&nbsp;en todos los art\u00edculos de&nbsp;<strong>60 d\u00edas<\/strong>&nbsp;de compra.<\/p>\n\n\n\n<h3 class=\"wp-block-heading\">Proceso de intercambio<\/h3>\n\n\n\n<p>1. Env\u00edenos un correo electr\u00f3nico a\u00a0<a href=\"mailto:\u00a0info@ringsknife.com\" target=\"_blank\" data-type=\"mailto\" data-id=\"mailto:\u00a0info@ringsknife.com\" rel=\"noreferrer noopener\">info@ringsknife.com<\/a>\u00a0para intercambios con su nombre, pedido #, y solicitud de intercambio.<\/p>\n\n\n\n<p>2. Despu\u00e9s de que le hayamos confirmado el acuse de recibo de su cambio, env\u00ede su producto a la direcci\u00f3n que le hemos indicado en el correo electr\u00f3nico.<\/p>\n\n\n\n<p>3. Una vez que nos haya devuelto el producto por correo dentro del plazo de sesenta (60) d\u00edas, env\u00edenos un correo electr\u00f3nico a\u00a0<a href=\"mailto:support@defenderring.com\"><\/a><a href=\"mailto:\u00a0info@ringsknife.com\" target=\"_blank\" data-type=\"mailto\" data-id=\"mailto:\u00a0info@ringsknife.com\" rel=\"noreferrer noopener\">info@ringsknife<\/a>.com con el n\u00famero de seguimiento para que podamos iniciar su cambio lo antes posible.<\/p>\n\n\n\n<h3 class=\"wp-block-heading\">IMPORTANTE:<\/h3>\n\n\n\n<p>Devuelva el art\u00edculo en el mismo estado en que lo recibi\u00f3, sin usar, con las etiquetas y en su embalaje original.<\/p>\n\n\n\n<p>El comprador es responsable de los costes asociados con el env\u00edo del producto(s) de vuelta a nosotros para los intercambios. Ring Knife es responsable de los gastos de env\u00edo del art\u00edculo cambiado al comprador.<\/p>\n\n\n\n<p>Hay un l\u00edmite de tres (3) intercambios totales por pedido.<\/p>\n\n\n\n<h3 class=\"wp-block-heading\">Condiciones<\/h3>\n\n\n\n<p>Para poder optar a un cambio, el art\u00edculo debe estar sin usar y en las mismas condiciones en las que lo recibi\u00f3.<\/p>\n\n\n\n<h3 class=\"wp-block-heading\">Intercambios internacionales<\/h3>\n\n\n\n<p>En los cambios internacionales se aplica una tarifa de $9 por cambio para tener en cuenta los gastos de env\u00edo internacionales adicionales.<\/p>\n\n\n\n<h3 class=\"wp-block-heading\">Garant\u00eda<\/h3>\n\n\n\n<p>Rings Knife garantiza cada producto nuevo contra defectos durante un (1) a\u00f1o a partir de la fecha de compra y se compromete a sustituir cualquier producto defectuoso sin cargo alguno.<\/p>\n\n\n\n<p><strong>IMPORTANTE:<\/strong>&nbsp;Esta garant\u00eda no cubre los da\u00f1os resultantes de accidentes, uso o mal uso, falta de cuidado razonable. &nbsp;<\/p>\n\n\n\n<p>Si necesita sustituir un producto, env\u00edenos un correo electr\u00f3nico a\u00a0<a href=\"mailto:support@defenderring.com\"><\/a><a href=\"mailto:\u00a0info@ringsknife.com\" target=\"_blank\" data-type=\"mailto\" data-id=\"mailto:\u00a0info@ringsknife.com\" rel=\"noreferrer noopener\">info@ringsknife<\/a>.com.<\/p>","protected":false},"excerpt":{"rendered":"<p>Exchanges Rings Knife offers&nbsp;free exchanges&nbsp;on all items within&nbsp;60 days&nbsp;of purchase. Exchange Process 1. Email us at\u00a0info@ringsknife.com\u00a0for exchanges with your name, order #, and exchange request. 2.&nbsp;After we&#8217;ve confirmed acknowledgement of your exchange, mail your product to the address we have specified in the email. 3. After you&#8217;ve mailed your product back to us within the [&hellip;]<\/p>\n","protected":false},"author":1,"featured_media":0,"parent":0,"menu_order":0,"comment_status":"closed","ping_status":"closed","template":"","meta":{"_uag_custom_page_level_css":"","site-sidebar-layout":"default","site-content-layout":"","ast-site-content-layout":"default","site-content-style":"default","site-sidebar-style":"default","ast-global-header-display":"","ast-banner-title-visibility":"","ast-main-header-display":"","ast-hfb-above-header-display":"","ast-hfb-below-header-display":"","ast-hfb-mobile-header-display":"","site-post-title":"disabled","ast-breadcrumbs-content":"","ast-featured-img":"","footer-sml-layout":"","ast-disable-related-posts":"","theme-transparent-header-meta":"","adv-header-id-meta":"","stick-header-meta":"","header-above-stick-meta":"","header-main-stick-meta":"","header-below-stick-meta":"","astra-migrate-meta-layouts":"set","ast-page-background-enabled":"default","ast-page-background-meta":{"desktop":{"background-color":"","background-image":"","background-repeat":"repeat","background-position":"center center","background-size":"auto","background-attachment":"scroll","background-type":"","background-media":"","overlay-type":"","overlay-color":"","overlay-opacity":"","overlay-gradient":""},"tablet":{"background-color":"","background-image":"","background-repeat":"repeat","background-position":"center center","background-size":"auto","background-attachment":"scroll","background-type":"","background-media":"","overlay-type":"","overlay-color":"","overlay-opacity":"","overlay-gradient":""},"mobile":{"background-color":"","background-image":"","background-repeat":"repeat","background-position":"center center","background-size":"auto","background-attachment":"scroll","background-type":"","background-media":"","overlay-type":"","overlay-color":"","overlay-opacity":"","overlay-gradient":""}},"ast-content-background-meta":{"desktop":{"background-color":"var(--ast-global-color-5)","background-image":"","background-repeat":"repeat","background-position":"center center","background-size":"auto","background-attachment":"scroll","background-type":"","background-media":"","overlay-type":"","overlay-color":"","overlay-opacity":"","overlay-gradient":""},"tablet":{"background-color":"var(--ast-global-color-5)","background-image":"","background-repeat":"repeat","background-position":"center center","background-size":"auto","background-attachment":"scroll","background-type":"","background-media":"","overlay-type":"","overlay-color":"","overlay-opacity":"","overlay-gradient":""},"mobile":{"background-color":"var(--ast-global-color-5)","background-image":"","background-repeat":"repeat","background-position":"center center","background-size":"auto","background-attachment":"scroll","background-type":"","background-media":"","overlay-type":"","overlay-color":"","overlay-opacity":"","overlay-gradient":""}},"footnotes":""},"class_list":["post-2083","page","type-page","status-publish","hentry"],"uagb_featured_image_src":{"full":false,"thumbnail":false,"medium":false,"medium_large":false,"large":false,"1536x1536":false,"2048x2048":false,"trp-custom-language-flag":false,"woocommerce_thumbnail":false,"woocommerce_single":false,"woocommerce_gallery_thumbnail":false},"uagb_author_info":{"display_name":"ringsknife.com","author_link":"https:\/\/www.ringsknife.com\/es\/author\/ringsknife-com\/"},"uagb_comment_info":0,"uagb_excerpt":"Exchanges Rings Knife offers&nbsp;free exchanges&nbsp;on all items within&nbsp;60 days&nbsp;of purchase. Exchange Process 1. Email us at\u00a0info@ringsknife.com\u00a0for exchanges with your name, order #, and exchange request. 2.&nbsp;After we&#8217;ve confirmed acknowledgement of your exchange, mail your product to the address we have specified in the email. 3. After you&#8217;ve mailed your product back to us within the&hellip;","jetpack_sharing_enabled":true,"_links":{"self":[{"href":"https:\/\/www.ringsknife.com\/es\/wp-json\/wp\/v2\/pages\/2083","targetHints":{"allow":["GET"]}}],"collection":[{"href":"https:\/\/www.ringsknife.com\/es\/wp-json\/wp\/v2\/pages"}],"about":[{"href":"https:\/\/www.ringsknife.com\/es\/wp-json\/wp\/v2\/types\/page"}],"author":[{"embeddable":true,"href":"https:\/\/www.ringsknife.com\/es\/wp-json\/wp\/v2\/users\/1"}],"replies":[{"embeddable":true,"href":"https:\/\/www.ringsknife.com\/es\/wp-json\/wp\/v2\/comments?post=2083"}],"version-history":[{"count":0,"href":"https:\/\/www.ringsknife.com\/es\/wp-json\/wp\/v2\/pages\/2083\/revisions"}],"wp:attachment":[{"href":"https:\/\/www.ringsknife.com\/es\/wp-json\/wp\/v2\/media?parent=2083"}],"curies":[{"name":"wp","href":"https:\/\/api.w.org\/{rel}","templated":true}]}}