
{"id":2081,"date":"2024-04-02T17:55:45","date_gmt":"2024-04-02T09:55:45","guid":{"rendered":"https:\/\/www.ringsknife.com\/?page_id=2081"},"modified":"2024-06-01T19:35:33","modified_gmt":"2024-06-01T11:35:33","slug":"shipping","status":"publish","type":"page","link":"https:\/\/www.ringsknife.com\/es\/envio\/","title":{"rendered":"Env\u00edo"},"content":{"rendered":"<p>Tenga la seguridad de que cargaremos los n\u00fameros de seguimiento de sus pedidos con prontitud, y de que mostrar\u00e1n informaci\u00f3n precisa sin ning\u00fan retraso. Sin embargo, debido a las limitadas operaciones de transporte a\u00e9reo, puede haber retrasos en la entrega real de los paquetes. Por favor, prevea 1-2 semanas adicionales para que sus art\u00edculos lleguen a sus pa\u00edses de destino, teniendo en cuenta las limitaciones actuales en las rutas a\u00e9reas.<\/p>\n\n\n\n<p>Cuando realice un pedido, \u00e9ste se enviar\u00e1 a la direcci\u00f3n facilitada durante el proceso de pago, y el pa\u00eds de env\u00edo se seleccionar\u00e1 en consecuencia. Los precios, las divisas, el IVA, los plazos de entrega y los gastos se ajustar\u00e1n en funci\u00f3n del pa\u00eds en el que desee recibir los art\u00edculos. Damos prioridad al env\u00edo de los pedidos aprobados en el orden en que se recibieron, esforz\u00e1ndonos por enviarlos lo antes posible. Una vez que su paquete salga del almac\u00e9n, le proporcionaremos un enlace de seguimiento junto con la confirmaci\u00f3n del env\u00edo.<\/p>\n\n\n\n<h3 class=\"wp-block-heading\"><strong>\u00bfREALIZAMOS ENV\u00cdOS A TODO EL MUNDO?<\/strong><\/h3>\n\n\n\n<p>S\u00ed, ofrecemos env\u00edo a los siguientes pa\u00edses:<\/p>\n\n\n\n<h4 class=\"wp-block-heading\"><strong>Estados Unidos (50 de 62 estados):<\/strong><\/h4>\n\n\n\n<p>Alabama, Alaska, Arizona, Arkansas, California, Colorado, Connecticut, Delaware, Florida, Georgia, Idaho, Illinois, Indiana, Iowa, Kansas, Kentucky, Louisiana, Maine, Maryland, Massachusetts, Michigan, Minnesota, Mississippi, Missouri, Montana, Nebraska, Nevada, New Hampshire, New Jersey, New Mexico, New York, North Carolina, North Dakota, Ohio, Oklahoma, Oregon, Pennsylvania, South Carolina, South Dakota, Tennessee, Texas, Utah, Vermont, Virginia, Washington, West Virginia, Wisconsin, Wyoming, Puerto Rico, Washington DC<\/p>\n\n\n\n<h4 class=\"wp-block-heading\"><strong>Pa\u00edses internacionales:<\/strong><\/h4>\n\n\n\n<p>Canad\u00e1, Reino Unido, Australia, Nueva Zelanda, Austria, B\u00e9lgica, Francia, Alemania, Italia, Luxemburgo, Pa\u00edses Bajos, Espa\u00f1a, Noruega, Suecia, Singapur, Malasia, Filipinas, Corea del Sur, Taiw\u00e1n, Tailandia, Bulgaria, Croacia, Georgia, Grecia, Islandia, Irlanda, Lituania, Polonia, Ruman\u00eda, Suiza, Turqu\u00eda, Israel, Brasil, Costa Rica, Dinamarca, Finlandia, Chile, Hungr\u00eda.<\/p>\n\n\n\n<h3 class=\"wp-block-heading\"><strong>\u00bfQU\u00c9 PASA CON LAS ADUANAS?<\/strong><\/h3>\n\n\n\n<p>Tenga en cuenta que no somos responsables de los gastos de aduana que se produzcan despu\u00e9s del env\u00edo de los art\u00edculos. Al comprar nuestros productos, usted acepta que se le env\u00eden uno o varios paquetes que pueden estar sujetos a tasas de aduana al llegar a su pa\u00eds.<\/p>\n\n\n\n<h3 class=\"wp-block-heading\"><strong>ENV\u00cdO Y MANIPULACI\u00d3N<\/strong><\/h3>\n\n\n\n<p>Plazo de entrega = Tiempo de tramitaci\u00f3n + Tiempo de env\u00edo Tramitamos los pedidos en d\u00edas laborables, de lunes a viernes, hora est\u00e1ndar del Este, excepto los d\u00edas festivos observados por Correos: A\u00f1o Nuevo, D\u00eda de los Presidentes, D\u00eda de los Ca\u00eddos, D\u00eda de la Independencia, D\u00eda del Trabajo, Acci\u00f3n de Gracias y Navidad.<\/p>\n\n\n\n<p>Plazo de tramitaci\u00f3n: de 3 a 5 d\u00edas laborables durante las temporadas regulares o m\u00e1s durante las temporadas de vacaciones.<\/p>\n\n\n\n<h3 class=\"wp-block-heading\"><strong>PLAZO DE ENTREGA<\/strong><\/h3>\n\n\n\n<p>El tiempo de env\u00edo var\u00eda dependiendo de la ubicaci\u00f3n. Aqu\u00ed est\u00e1n nuestros tiempos de env\u00edo estimados:<\/p>\n\n\n\n<figure class=\"wp-block-table\"><table><thead><tr><td>UBICACI\u00d3N<\/td><td>*TIEMPO ESTIMADO DE ENV\u00cdO<\/td><\/tr><\/thead><tbody><tr><td>Estados Unidos<\/td><td>2-3 semanas<\/td><\/tr><tr><td>Canad\u00e1, Europa<\/td><td>2-4 semanas<\/td><\/tr><tr><td>Australia, Nueva Zelanda<\/td><td>2-4 semanas<\/td><\/tr><tr><td>M\u00e9xico, Am\u00e9rica Central, Am\u00e9rica del Sur<\/td><td>2-4 semanas<\/td><\/tr><\/tbody><\/table><\/figure>\n\n\n\n<h3 class=\"wp-block-heading\"><strong>\u00bfPROPORCIONAMOS INFORMACI\u00d3N DE SEGUIMIENTO?<\/strong><\/h3>\n\n\n\n<p>Por supuesto. Una vez enviado su pedido, recibir\u00e1 un correo electr\u00f3nico con la informaci\u00f3n de seguimiento. Si no ha recibido la informaci\u00f3n de seguimiento en un plazo de 15 d\u00edas laborables, no dude en ponerse en contacto con nosotros. O tambi\u00e9n puede hacer clic para realizar el seguimiento de su pedido <a href=\"https:\/\/www.ringsknife.com\/es\/seguimiento-de-la-orden\/?wmc-currency=MXN\" data-type=\"link\" data-id=\"https:\/\/www.ringsknife.com\/tracking-order\/\">aqu\u00ed<\/a>.<\/p>\n\n\n\n<h3 class=\"wp-block-heading\"><strong>MI SEGUIMIENTO DICE \"NO HAY INFORMACI\u00d3N DISPONIBLE EN ESTE MOMENTO\".<\/strong><\/h3>\n\n\n\n<p>Algunas empresas de transporte pueden tardar entre 5 y 7 d\u00edas laborables en actualizar la informaci\u00f3n de seguimiento en su sistema. Si han transcurrido m\u00e1s de 10 d\u00edas h\u00e1biles desde que realiz\u00f3 el pedido y todav\u00eda no hay informaci\u00f3n disponible para su n\u00famero de seguimiento, p\u00f3ngase en contacto con nosotros.<\/p>\n\n\n\n<h3 class=\"wp-block-heading\"><strong>\u00bfSE ENVIAR\u00c1N MIS ART\u00cdCULOS EN UN SOLO PAQUETE?<\/strong><\/h3>\n\n\n\n<p>Por razones log\u00edsticas, los art\u00edculos de una misma compra pueden enviarse ocasionalmente en paquetes separados, aunque se haya especificado el env\u00edo combinado.<\/p>\n\n\n\n<h3 class=\"wp-block-heading\"><strong>\u00bfSE ME COBRAR\u00c1N IMPUESTOS DE IVA?<\/strong><\/h3>\n\n\n\n<p>Los art\u00edculos enviados internacionalmente desde EE.UU. se entregan DDU (Delivered Duty Unpaid), y no cobramos el IVA (Impuesto sobre el Valor A\u00f1adido). El destinatario del paquete es responsable de los impuestos, aranceles y tasas de aduana asociados al mismo.<\/p>\n\n\n\n<p>Dependiendo de la normativa de su pa\u00eds, su paquete puede incurrir en gastos de aduanas locales o IVA. Le recomendamos que se ponga en contacto con su oficina de aduanas local para obtener m\u00e1s informaci\u00f3n sobre las pol\u00edticas aduaneras de su pa\u00eds.<\/p>","protected":false},"excerpt":{"rendered":"<p>Rest assured, we will upload tracking numbers to your orders promptly, and they will display accurate information without any delays. However, due to the limited air freight operations, there might be delays in the actual delivery of packages. Please anticipate an additional 1-2 weeks for your items to reach their destination countries, considering the current [&hellip;]<\/p>\n","protected":false},"author":1,"featured_media":0,"parent":0,"menu_order":0,"comment_status":"closed","ping_status":"closed","template":"","meta":{"_uag_custom_page_level_css":"","site-sidebar-layout":"default","site-content-layout":"","ast-site-content-layout":"default","site-content-style":"default","site-sidebar-style":"default","ast-global-header-display":"","ast-banner-title-visibility":"","ast-main-header-display":"","ast-hfb-above-header-display":"","ast-hfb-below-header-display":"","ast-hfb-mobile-header-display":"","site-post-title":"","ast-breadcrumbs-content":"","ast-featured-img":"","footer-sml-layout":"","ast-disable-related-posts":"","theme-transparent-header-meta":"","adv-header-id-meta":"","stick-header-meta":"","header-above-stick-meta":"","header-main-stick-meta":"","header-below-stick-meta":"","astra-migrate-meta-layouts":"set","ast-page-background-enabled":"default","ast-page-background-meta":{"desktop":{"background-color":"","background-image":"","background-repeat":"repeat","background-position":"center center","background-size":"auto","background-attachment":"scroll","background-type":"","background-media":"","overlay-type":"","overlay-color":"","overlay-opacity":"","overlay-gradient":""},"tablet":{"background-color":"","background-image":"","background-repeat":"repeat","background-position":"center center","background-size":"auto","background-attachment":"scroll","background-type":"","background-media":"","overlay-type":"","overlay-color":"","overlay-opacity":"","overlay-gradient":""},"mobile":{"background-color":"","background-image":"","background-repeat":"repeat","background-position":"center center","background-size":"auto","background-attachment":"scroll","background-type":"","background-media":"","overlay-type":"","overlay-color":"","overlay-opacity":"","overlay-gradient":""}},"ast-content-background-meta":{"desktop":{"background-color":"var(--ast-global-color-5)","background-image":"","background-repeat":"repeat","background-position":"center center","background-size":"auto","background-attachment":"scroll","background-type":"","background-media":"","overlay-type":"","overlay-color":"","overlay-opacity":"","overlay-gradient":""},"tablet":{"background-color":"var(--ast-global-color-5)","background-image":"","background-repeat":"repeat","background-position":"center center","background-size":"auto","background-attachment":"scroll","background-type":"","background-media":"","overlay-type":"","overlay-color":"","overlay-opacity":"","overlay-gradient":""},"mobile":{"background-color":"var(--ast-global-color-5)","background-image":"","background-repeat":"repeat","background-position":"center center","background-size":"auto","background-attachment":"scroll","background-type":"","background-media":"","overlay-type":"","overlay-color":"","overlay-opacity":"","overlay-gradient":""}},"footnotes":""},"class_list":["post-2081","page","type-page","status-publish","hentry"],"uagb_featured_image_src":{"full":false,"thumbnail":false,"medium":false,"medium_large":false,"large":false,"1536x1536":false,"2048x2048":false,"trp-custom-language-flag":false,"woocommerce_thumbnail":false,"woocommerce_single":false,"woocommerce_gallery_thumbnail":false},"uagb_author_info":{"display_name":"ringsknife.com","author_link":"https:\/\/www.ringsknife.com\/es\/author\/ringsknife-com\/"},"uagb_comment_info":0,"uagb_excerpt":"Rest assured, we will upload tracking numbers to your orders promptly, and they will display accurate information without any delays. However, due to the limited air freight operations, there might be delays in the actual delivery of packages. Please anticipate an additional 1-2 weeks for your items to reach their destination countries, considering the current&hellip;","jetpack_sharing_enabled":true,"_links":{"self":[{"href":"https:\/\/www.ringsknife.com\/es\/wp-json\/wp\/v2\/pages\/2081","targetHints":{"allow":["GET"]}}],"collection":[{"href":"https:\/\/www.ringsknife.com\/es\/wp-json\/wp\/v2\/pages"}],"about":[{"href":"https:\/\/www.ringsknife.com\/es\/wp-json\/wp\/v2\/types\/page"}],"author":[{"embeddable":true,"href":"https:\/\/www.ringsknife.com\/es\/wp-json\/wp\/v2\/users\/1"}],"replies":[{"embeddable":true,"href":"https:\/\/www.ringsknife.com\/es\/wp-json\/wp\/v2\/comments?post=2081"}],"version-history":[{"count":0,"href":"https:\/\/www.ringsknife.com\/es\/wp-json\/wp\/v2\/pages\/2081\/revisions"}],"wp:attachment":[{"href":"https:\/\/www.ringsknife.com\/es\/wp-json\/wp\/v2\/media?parent=2081"}],"curies":[{"name":"wp","href":"https:\/\/api.w.org\/{rel}","templated":true}]}}