
{"id":2060,"date":"2024-04-02T16:22:28","date_gmt":"2024-04-02T08:22:28","guid":{"rendered":"https:\/\/www.ringsknife.com\/?page_id=2060"},"modified":"2024-06-01T19:34:48","modified_gmt":"2024-06-01T11:34:48","slug":"self-defense-ring-faqs","status":"publish","type":"page","link":"https:\/\/www.ringsknife.com\/es\/preguntas-frecuentes-sobre-el-anillo-de-defensa-personal\/","title":{"rendered":"Preguntas frecuentes"},"content":{"rendered":"<div class=\"wp-block-uagb-container uagb-block-wyxere8t alignfull uagb-is-root-container\"><div class=\"uagb-container-inner-blocks-wrap\">\n<div class=\"wp-block-uagb-info-box uagb-block-1m2tytia uagb-infobox__content-wrap  uagb-infobox-icon-above-title uagb-infobox-image-valign-top\"><div class=\"uagb-ifb-content\"><div class=\"uagb-ifb-title-wrap\"><h2 class=\"uagb-ifb-title\">&nbsp;Preguntas frecuentes<\/h2><\/div><p class=\"uagb-ifb-desc\">Encuentre respuestas a las preguntas m\u00e1s frecuentes sobre nuestros productos y servicios.<\/p><\/div><\/div>\n\n\n<div class=\"wp-block-uagb-faq uagb-faq__outer-wrap uagb-block-gc3gnhzb uagb-faq-icon-row-reverse uagb-faq-layout-accordion uagb-faq-expand-first-true uagb-faq-inactive-other-true uagb-faq__wrap uagb-buttons-layout-wrap uagb-faq-equal-height\" data-faqtoggle=\"true\" role=\"tablist\"><div class=\"wp-block-uagb-faq-child uagb-faq-child__outer-wrap uagb-faq-item uagb-block-desuw0ug\" role=\"tab\" tabindex=\"0\"><div class=\"uagb-faq-questions-button uagb-faq-questions\">\t\t\t<span class=\"uagb-icon uagb-faq-icon-wrap\">\n\t\t\t\t\t\t\t\t<svg xmlns=\"https:\/\/www.w3.org\/2000\/svg\" viewbox= \"0 0 448 512\"><path d=\"M432 256c0 17.69-14.33 32.01-32 32.01H256v144c0 17.69-14.33 31.99-32 31.99s-32-14.3-32-31.99v-144H48c-17.67 0-32-14.32-32-32.01s14.33-31.99 32-31.99H192v-144c0-17.69 14.33-32.01 32-32.01s32 14.32 32 32.01v144h144C417.7 224 432 238.3 432 256z\"><\/path><\/svg>\n\t\t\t\t\t\t\t<\/span>\n\t\t\t\t\t\t<span class=\"uagb-icon-active uagb-faq-icon-wrap\">\n\t\t\t\t\t\t\t\t<svg xmlns=\"https:\/\/www.w3.org\/2000\/svg\" viewbox= \"0 0 448 512\"><path d=\"M400 288h-352c-17.69 0-32-14.32-32-32.01s14.31-31.99 32-31.99h352c17.69 0 32 14.3 32 31.99S417.7 288 400 288z\"><\/path><\/svg>\n\t\t\t\t\t\t\t<\/span>\n\t\t\t<h5 class=\"uagb-question\">\u00bfC\u00f3mo puedo saber mi talla de anillo?<\/h5><\/div><div class=\"uagb-faq-content\"><p>Rings Knife vende sus anillos en tallas estadounidenses. Consulte nuestra\u00a0<a href=\"https:\/\/www.ringsknife.com\/es\/guia-de-tallas-de-anillos\/?wmc-currency=MXN\" data-type=\"link\" data-id=\"https:\/\/www.ringsknife.com\/ring-sizing-guide\/\" target=\"_blank\" rel=\"noreferrer noopener\">Gu\u00eda pr\u00e1ctica de tallas de anillos <\/a><a href=\"https:\/\/www.defenderring.com\/pages\/ring-sizing-guide\" target=\"_blank\" rel=\"noreferrer noopener\">aqu\u00ed<\/a>\u00a0para encontrar su talla<\/p><\/div><\/div><div class=\"wp-block-uagb-faq-child uagb-faq-child__outer-wrap uagb-faq-item uagb-block-0dcca909\" role=\"tab\" tabindex=\"0\"><div class=\"uagb-faq-questions-button uagb-faq-questions\">\t\t\t<span class=\"uagb-icon uagb-faq-icon-wrap\">\n\t\t\t\t\t\t\t\t<svg xmlns=\"https:\/\/www.w3.org\/2000\/svg\" viewbox= \"0 0 448 512\"><path d=\"M432 256c0 17.69-14.33 32.01-32 32.01H256v144c0 17.69-14.33 31.99-32 31.99s-32-14.3-32-31.99v-144H48c-17.67 0-32-14.32-32-32.01s14.33-31.99 32-31.99H192v-144c0-17.69 14.33-32.01 32-32.01s32 14.32 32 32.01v144h144C417.7 224 432 238.3 432 256z\"><\/path><\/svg>\n\t\t\t\t\t\t\t<\/span>\n\t\t\t\t\t\t<span class=\"uagb-icon-active uagb-faq-icon-wrap\">\n\t\t\t\t\t\t\t\t<svg xmlns=\"https:\/\/www.w3.org\/2000\/svg\" viewbox= \"0 0 448 512\"><path d=\"M400 288h-352c-17.69 0-32-14.32-32-32.01s14.31-31.99 32-31.99h352c17.69 0 32 14.3 32 31.99S417.7 288 400 288z\"><\/path><\/svg>\n\t\t\t\t\t\t\t<\/span>\n\t\t\t<h5 class=\"uagb-question\">\u00bfC\u00f3mo de afilada es el arma? \u00bfQu\u00e9 puede cortar?<\/h5><\/div><div class=\"uagb-faq-content\"><p><strong>Anillos ocultos<\/strong>: Nuestras anillas ocultas disponen de hojas de precisi\u00f3n con bordes finamente afilados y puntas puntiagudas. Estas cuchillas son expertas en cortar tela, pl\u00e1stico y metal fino. Adem\u00e1s, pueden rasgar, desgarrar y cortar f\u00e1cilmente la piel humana, proporcionando protecci\u00f3n y tranquilidad.<br><br><strong>Anillos de punto abierto<\/strong>: Para nuestros anillos de punta abierta, hemos dise\u00f1ado puntas afiladas o bordes biselados que sirven como eficaces elementos defensivos. Estos elementos pueden infligir da\u00f1o e incomodidad a un atacante, aumentando tu seguridad en situaciones cr\u00edticas.<\/p><\/div><\/div><div class=\"wp-block-uagb-faq-child uagb-faq-child__outer-wrap uagb-faq-item uagb-block-e31b850d\" role=\"tab\" tabindex=\"0\"><div class=\"uagb-faq-questions-button uagb-faq-questions\">\t\t\t<span class=\"uagb-icon uagb-faq-icon-wrap\">\n\t\t\t\t\t\t\t\t<svg xmlns=\"https:\/\/www.w3.org\/2000\/svg\" viewbox= \"0 0 448 512\"><path d=\"M432 256c0 17.69-14.33 32.01-32 32.01H256v144c0 17.69-14.33 31.99-32 31.99s-32-14.3-32-31.99v-144H48c-17.67 0-32-14.32-32-32.01s14.33-31.99 32-31.99H192v-144c0-17.69 14.33-32.01 32-32.01s32 14.32 32 32.01v144h144C417.7 224 432 238.3 432 256z\"><\/path><\/svg>\n\t\t\t\t\t\t\t<\/span>\n\t\t\t\t\t\t<span class=\"uagb-icon-active uagb-faq-icon-wrap\">\n\t\t\t\t\t\t\t\t<svg xmlns=\"https:\/\/www.w3.org\/2000\/svg\" viewbox= \"0 0 448 512\"><path d=\"M400 288h-352c-17.69 0-32-14.32-32-32.01s14.31-31.99 32-31.99h352c17.69 0 32 14.3 32 31.99S417.7 288 400 288z\"><\/path><\/svg>\n\t\t\t\t\t\t\t<\/span>\n\t\t\t<h5 class=\"uagb-question\">\u00bfHasta qu\u00e9 profundidad puede el arma cortar la piel?<\/h5><\/div><div class=\"uagb-faq-content\"><p>Nuestros anillos ocultos incorporan cuchillas de precisi\u00f3n expertas en cortar vasos sangu\u00edneos y atacar c\u00e9lulas nerviosas. Estas discretas pero eficaces armas aportan un plus de seguridad.<\/p><\/div><\/div><div class=\"wp-block-uagb-faq-child uagb-faq-child__outer-wrap uagb-faq-item uagb-block-c1883ad9\" role=\"tab\" tabindex=\"0\"><div class=\"uagb-faq-questions-button uagb-faq-questions\">\t\t\t<span class=\"uagb-icon uagb-faq-icon-wrap\">\n\t\t\t\t\t\t\t\t<svg xmlns=\"https:\/\/www.w3.org\/2000\/svg\" viewbox= \"0 0 448 512\"><path d=\"M432 256c0 17.69-14.33 32.01-32 32.01H256v144c0 17.69-14.33 31.99-32 31.99s-32-14.3-32-31.99v-144H48c-17.67 0-32-14.32-32-32.01s14.33-31.99 32-31.99H192v-144c0-17.69 14.33-32.01 32-32.01s32 14.32 32 32.01v144h144C417.7 224 432 238.3 432 256z\"><\/path><\/svg>\n\t\t\t\t\t\t\t<\/span>\n\t\t\t\t\t\t<span class=\"uagb-icon-active uagb-faq-icon-wrap\">\n\t\t\t\t\t\t\t\t<svg xmlns=\"https:\/\/www.w3.org\/2000\/svg\" viewbox= \"0 0 448 512\"><path d=\"M400 288h-352c-17.69 0-32-14.32-32-32.01s14.31-31.99 32-31.99h352c17.69 0 32 14.3 32 31.99S417.7 288 400 288z\"><\/path><\/svg>\n\t\t\t\t\t\t\t<\/span>\n\t\t\t<h5 class=\"uagb-question\">\u00bfC\u00f3mo me defiendo con un anillo de defensa personal?<\/h5><\/div><div class=\"uagb-faq-content\"><p><strong>Golpes de precisi\u00f3n<\/strong>: Cuando lleves puesto el anillo de defensa personal, agarra con firmeza y asesta golpes precisos en los ojos, la garganta o la cara del agresor. Estos golpes dirigidos pueden crear heridas punzantes profundas, lo que constituye un eficaz elemento disuasorio.<br><br><strong>Tajos r\u00e1pidos<\/strong>: Con el anillo de defensa personal bien colocado, ejecuta un movimiento de tajo lateral contra los ojos, la garganta o la cara del agresor. Esta t\u00e9cnica puede causar largos tajos y disuadir de nuevas agresiones.<br><br><strong>Maniobras estrat\u00e9gicas<\/strong>: Coloca tu anillo de autodefensa en el interior de la palma de la mano, asegur\u00e1ndote de que la hoja mira hacia dentro. En una situaci\u00f3n defensiva, agarra el brazo del agresor y tira de \u00e9l, utilizando la anilla para hacerle una herida importante.<\/p><\/div><\/div><div class=\"wp-block-uagb-faq-child uagb-faq-child__outer-wrap uagb-faq-item uagb-block-32426f85\" role=\"tab\" tabindex=\"0\"><div class=\"uagb-faq-questions-button uagb-faq-questions\">\t\t\t<span class=\"uagb-icon uagb-faq-icon-wrap\">\n\t\t\t\t\t\t\t\t<svg xmlns=\"https:\/\/www.w3.org\/2000\/svg\" viewbox= \"0 0 448 512\"><path d=\"M432 256c0 17.69-14.33 32.01-32 32.01H256v144c0 17.69-14.33 31.99-32 31.99s-32-14.3-32-31.99v-144H48c-17.67 0-32-14.32-32-32.01s14.33-31.99 32-31.99H192v-144c0-17.69 14.33-32.01 32-32.01s32 14.32 32 32.01v144h144C417.7 224 432 238.3 432 256z\"><\/path><\/svg>\n\t\t\t\t\t\t\t<\/span>\n\t\t\t\t\t\t<span class=\"uagb-icon-active uagb-faq-icon-wrap\">\n\t\t\t\t\t\t\t\t<svg xmlns=\"https:\/\/www.w3.org\/2000\/svg\" viewbox= \"0 0 448 512\"><path d=\"M400 288h-352c-17.69 0-32-14.32-32-32.01s14.31-31.99 32-31.99h352c17.69 0 32 14.3 32 31.99S417.7 288 400 288z\"><\/path><\/svg>\n\t\t\t\t\t\t\t<\/span>\n\t\t\t<h5 class=\"uagb-question\">\u00bfQu\u00e9 puede hacer un anillo de defensa personal para protegerse de un atacante?<\/h5><\/div><div class=\"uagb-faq-content\"><p><strong>Inducir malestar al atacante<\/strong>: Nuestros anillos de autodefensa est\u00e1n equipados con cuchillas de precisi\u00f3n que pueden apuntar a las c\u00e9lulas nerviosas, causando molestias significativas a un agresor.<br><br><strong>Aumente su seguridad<\/strong>: Dise\u00f1ados con cuchillas afiladas, nuestros anillos de defensa personal pueden cortar la piel y los vasos sangu\u00edneos, extrayendo sangre y creando un efecto disuasorio contra posibles amenazas.<br><br><strong>Preservar las pruebas<\/strong>: Adem\u00e1s de sus capacidades defensivas, nuestros anillos de autodefensa permiten recoger el ADN de un atacante a trav\u00e9s de las c\u00e9lulas de la piel o la sangre, lo que ayuda a las fuerzas del orden en las investigaciones.<\/p><\/div><\/div><div class=\"wp-block-uagb-faq-child uagb-faq-child__outer-wrap uagb-faq-item uagb-block-6e37dee3\" role=\"tab\" tabindex=\"0\"><div class=\"uagb-faq-questions-button uagb-faq-questions\">\t\t\t<span class=\"uagb-icon uagb-faq-icon-wrap\">\n\t\t\t\t\t\t\t\t<svg xmlns=\"https:\/\/www.w3.org\/2000\/svg\" viewbox= \"0 0 448 512\"><path d=\"M432 256c0 17.69-14.33 32.01-32 32.01H256v144c0 17.69-14.33 31.99-32 31.99s-32-14.3-32-31.99v-144H48c-17.67 0-32-14.32-32-32.01s14.33-31.99 32-31.99H192v-144c0-17.69 14.33-32.01 32-32.01s32 14.32 32 32.01v144h144C417.7 224 432 238.3 432 256z\"><\/path><\/svg>\n\t\t\t\t\t\t\t<\/span>\n\t\t\t\t\t\t<span class=\"uagb-icon-active uagb-faq-icon-wrap\">\n\t\t\t\t\t\t\t\t<svg xmlns=\"https:\/\/www.w3.org\/2000\/svg\" viewbox= \"0 0 448 512\"><path d=\"M400 288h-352c-17.69 0-32-14.32-32-32.01s14.31-31.99 32-31.99h352c17.69 0 32 14.3 32 31.99S417.7 288 400 288z\"><\/path><\/svg>\n\t\t\t\t\t\t\t<\/span>\n\t\t\t<h5 class=\"uagb-question\">\u00bfCu\u00e1l es la diferencia entre defenderse uno mismo y defenderse llevando los anillos de defensa personal?<\/h5><\/div><div class=\"uagb-faq-content\"><p>Aunque confiar \u00fanicamente en la defensa personal con las manos desnudas puede no dar siempre resultados suficientes en cuanto a incapacitar a un atacante o preservar pruebas, nuestros anillos de defensa personal ofrecen una soluci\u00f3n \u00fanica. Estos anillos mejoran sus instintos defensivos naturales al proporcionar la capacidad de rasgar y desgarrar la piel humana, extraer sangre y recoger ADN, todo ello garantizando su seguridad.<\/p><\/div><\/div><div class=\"wp-block-uagb-faq-child uagb-faq-child__outer-wrap uagb-faq-item uagb-block-340ef215\" role=\"tab\" tabindex=\"0\"><div class=\"uagb-faq-questions-button uagb-faq-questions\">\t\t\t<span class=\"uagb-icon uagb-faq-icon-wrap\">\n\t\t\t\t\t\t\t\t<svg xmlns=\"https:\/\/www.w3.org\/2000\/svg\" viewbox= \"0 0 448 512\"><path d=\"M432 256c0 17.69-14.33 32.01-32 32.01H256v144c0 17.69-14.33 31.99-32 31.99s-32-14.3-32-31.99v-144H48c-17.67 0-32-14.32-32-32.01s14.33-31.99 32-31.99H192v-144c0-17.69 14.33-32.01 32-32.01s32 14.32 32 32.01v144h144C417.7 224 432 238.3 432 256z\"><\/path><\/svg>\n\t\t\t\t\t\t\t<\/span>\n\t\t\t\t\t\t<span class=\"uagb-icon-active uagb-faq-icon-wrap\">\n\t\t\t\t\t\t\t\t<svg xmlns=\"https:\/\/www.w3.org\/2000\/svg\" viewbox= \"0 0 448 512\"><path d=\"M400 288h-352c-17.69 0-32-14.32-32-32.01s14.31-31.99 32-31.99h352c17.69 0 32 14.3 32 31.99S417.7 288 400 288z\"><\/path><\/svg>\n\t\t\t\t\t\t\t<\/span>\n\t\t\t<h5 class=\"uagb-question\">\u00bfDe qu\u00e9 material est\u00e1n hechos sus anillos?<\/h5><\/div><div class=\"uagb-faq-content\"><p><br>Todos los anillos est\u00e1n forjados en distintos materiales, como plata de ley 925, acero inoxidable 316L y acero de titanio.<br><br><br><strong>Plata de ley 925<\/strong>:<br><strong>Composici\u00f3n<\/strong>: Es una aleaci\u00f3n hecha de\u00a0<strong>92.5% plata<\/strong>\u00a0y\u00a0<strong>7,5% otros metales<\/strong>\u00a0(normalmente cobre, zinc o n\u00edquel).<br><strong>Resistencia y durabilidad<\/strong>: La plata de ley es m\u00e1s duradera que la plata pura debido a su contenido de aleaci\u00f3n. Combina belleza y resistencia.<br><strong>Resistencia a la corrosi\u00f3n<\/strong>: Mientras que la plata pura puede deslustrarse, la plata de ley es resistente a la corrosi\u00f3n.<br><strong>Hallmark<\/strong>: Busque el sello \"sterling\" o \"925\" para identificar la aut\u00e9ntica plata de ley.<br><a href=\"https:\/\/www.theworldmaterial.com\/aisi-316l-stainless-steel\/\" target=\"_blank\" rel=\"noreferrer noopener\"><strong>Uso de joyas<\/strong>: Muy utilizado en joyer\u00eda por su atractivo atemporal y su asequibilidad<\/a>.<br><br><strong>Acero inoxidable 316L<\/strong>:<br><strong>Composici\u00f3n<\/strong>: Es un acero inoxidable austen\u00edtico modificado de la serie Cr-Ni-Mo de muy bajo contenido en carbono basado en el AISI 316.<br><strong>Resistencia a la corrosi\u00f3n<\/strong>: Resistente a la corrosi\u00f3n en diversos ambientes, incluidos el \u00e1cido fosf\u00f3rico, el \u00e1cido ac\u00e9tico y las soluciones diluidas de cloruro.<br><strong>Soldabilidad<\/strong>: Puede soldarse sin comprometer la resistencia a la corrosi\u00f3n.<br><strong>Fuerza<\/strong>: Resistencia m\u00ednima a la tracci\u00f3n de\u00a0<strong>70 ksi<\/strong>\u00a0(485 MPa) en estado recocido.<br><a href=\"https:\/\/www.theworldmaterial.com\/aisi-316l-stainless-steel\/\" target=\"_blank\" rel=\"noreferrer noopener\"><strong>Aplicaciones<\/strong>: Se utiliza en piezas que no se pueden recocido despu\u00e9s de la soldadura, como en entornos corrosivos.<\/a>.<br><br><strong>Titanio Acero<\/strong>:<br><strong>Propiedades<\/strong>: Conocido por su ligereza, solidez y alta resistencia a la corrosi\u00f3n.<br><strong>Respetuoso con el medio ambiente<\/strong>: Reservas abundantes y excelente bioamabilidad.<br><strong>Procesabilidad<\/strong>: Puede conformarse con herramientas similares a las de los aceros de bajo contenido en carbono y los aceros inoxidables.<br><strong>Eficiencia econ\u00f3mica<\/strong>: Aunque es m\u00e1s caro por masa, su bajo peso espec\u00edfico reduce la diferencia de coste por volumen.<br><a href=\"https:\/\/www.nipponsteel.com\/en\/product\/titan\/feature\/\" target=\"_blank\" rel=\"noreferrer noopener\"><strong>Aplicaciones<\/strong>: Se utiliza en la industria aeroespacial, las pr\u00f3tesis m\u00e9dicas y los materiales de construcci\u00f3n gracias a sus propiedades \u00fanicas.<\/a>.<\/p><\/div><\/div><div class=\"wp-block-uagb-faq-child uagb-faq-child__outer-wrap uagb-faq-item uagb-block-76f385c6\" role=\"tab\" tabindex=\"0\"><div class=\"uagb-faq-questions-button uagb-faq-questions\">\t\t\t<span class=\"uagb-icon uagb-faq-icon-wrap\">\n\t\t\t\t\t\t\t\t<svg xmlns=\"https:\/\/www.w3.org\/2000\/svg\" viewbox= \"0 0 448 512\"><path d=\"M432 256c0 17.69-14.33 32.01-32 32.01H256v144c0 17.69-14.33 31.99-32 31.99s-32-14.3-32-31.99v-144H48c-17.67 0-32-14.32-32-32.01s14.33-31.99 32-31.99H192v-144c0-17.69 14.33-32.01 32-32.01s32 14.32 32 32.01v144h144C417.7 224 432 238.3 432 256z\"><\/path><\/svg>\n\t\t\t\t\t\t\t<\/span>\n\t\t\t\t\t\t<span class=\"uagb-icon-active uagb-faq-icon-wrap\">\n\t\t\t\t\t\t\t\t<svg xmlns=\"https:\/\/www.w3.org\/2000\/svg\" viewbox= \"0 0 448 512\"><path d=\"M400 288h-352c-17.69 0-32-14.32-32-32.01s14.31-31.99 32-31.99h352c17.69 0 32 14.3 32 31.99S417.7 288 400 288z\"><\/path><\/svg>\n\t\t\t\t\t\t\t<\/span>\n\t\t\t<h5 class=\"uagb-question\">\u00bfNecesitan mantenimiento los anillos?<\/h5><\/div><div class=\"uagb-faq-content\"><p>Como parte del mantenimiento regular, recomendamos limpiar y cuidar peri\u00f3dicamente nuestros anillos para garantizar que conserven su aspecto y funcionalidad. Tanto si los lleva como joyas de uso diario como para defensa personal, un cuidado adecuado garantiza su longevidad.<\/p><\/div><\/div><div class=\"wp-block-uagb-faq-child uagb-faq-child__outer-wrap uagb-faq-item uagb-block-215b0145\" role=\"tab\" tabindex=\"0\"><div class=\"uagb-faq-questions-button uagb-faq-questions\">\t\t\t<span class=\"uagb-icon uagb-faq-icon-wrap\">\n\t\t\t\t\t\t\t\t<svg xmlns=\"https:\/\/www.w3.org\/2000\/svg\" viewbox= \"0 0 448 512\"><path d=\"M432 256c0 17.69-14.33 32.01-32 32.01H256v144c0 17.69-14.33 31.99-32 31.99s-32-14.3-32-31.99v-144H48c-17.67 0-32-14.32-32-32.01s14.33-31.99 32-31.99H192v-144c0-17.69 14.33-32.01 32-32.01s32 14.32 32 32.01v144h144C417.7 224 432 238.3 432 256z\"><\/path><\/svg>\n\t\t\t\t\t\t\t<\/span>\n\t\t\t\t\t\t<span class=\"uagb-icon-active uagb-faq-icon-wrap\">\n\t\t\t\t\t\t\t\t<svg xmlns=\"https:\/\/www.w3.org\/2000\/svg\" viewbox= \"0 0 448 512\"><path d=\"M400 288h-352c-17.69 0-32-14.32-32-32.01s14.31-31.99 32-31.99h352c17.69 0 32 14.3 32 31.99S417.7 288 400 288z\"><\/path><\/svg>\n\t\t\t\t\t\t\t<\/span>\n\t\t\t<h5 class=\"uagb-question\">\u00bfPuedo sumergir los anillos en agua o mojarlos?<\/h5><\/div><div class=\"uagb-faq-content\"><p>Para garantizar la longevidad de sus anillos, le desaconsejamos sumergirlos en agua o mojarlos. Algunos de nuestros anillos incorporan caracter\u00edsticas mec\u00e1nicas que pueden verse afectadas negativamente por la exposici\u00f3n al agua.<\/p><\/div><\/div><\/div><\/div><\/div>","protected":false},"excerpt":{"rendered":"","protected":false},"author":1,"featured_media":0,"parent":0,"menu_order":0,"comment_status":"closed","ping_status":"closed","template":"","meta":{"_uag_custom_page_level_css":"","site-sidebar-layout":"default","site-content-layout":"","ast-site-content-layout":"default","site-content-style":"default","site-sidebar-style":"default","ast-global-header-display":"","ast-banner-title-visibility":"","ast-main-header-display":"","ast-hfb-above-header-display":"","ast-hfb-below-header-display":"","ast-hfb-mobile-header-display":"","site-post-title":"disabled","ast-breadcrumbs-content":"","ast-featured-img":"","footer-sml-layout":"","ast-disable-related-posts":"","theme-transparent-header-meta":"","adv-header-id-meta":"","stick-header-meta":"","header-above-stick-meta":"","header-main-stick-meta":"","header-below-stick-meta":"","astra-migrate-meta-layouts":"set","ast-page-background-enabled":"default","ast-page-background-meta":{"desktop":{"background-color":"","background-image":"","background-repeat":"repeat","background-position":"center center","background-size":"auto","background-attachment":"scroll","background-type":"","background-media":"","overlay-type":"","overlay-color":"","overlay-opacity":"","overlay-gradient":""},"tablet":{"background-color":"","background-image":"","background-repeat":"repeat","background-position":"center center","background-size":"auto","background-attachment":"scroll","background-type":"","background-media":"","overlay-type":"","overlay-color":"","overlay-opacity":"","overlay-gradient":""},"mobile":{"background-color":"","background-image":"","background-repeat":"repeat","background-position":"center center","background-size":"auto","background-attachment":"scroll","background-type":"","background-media":"","overlay-type":"","overlay-color":"","overlay-opacity":"","overlay-gradient":""}},"ast-content-background-meta":{"desktop":{"background-color":"var(--ast-global-color-5)","background-image":"","background-repeat":"repeat","background-position":"center center","background-size":"auto","background-attachment":"scroll","background-type":"","background-media":"","overlay-type":"","overlay-color":"","overlay-opacity":"","overlay-gradient":""},"tablet":{"background-color":"var(--ast-global-color-5)","background-image":"","background-repeat":"repeat","background-position":"center center","background-size":"auto","background-attachment":"scroll","background-type":"","background-media":"","overlay-type":"","overlay-color":"","overlay-opacity":"","overlay-gradient":""},"mobile":{"background-color":"var(--ast-global-color-5)","background-image":"","background-repeat":"repeat","background-position":"center center","background-size":"auto","background-attachment":"scroll","background-type":"","background-media":"","overlay-type":"","overlay-color":"","overlay-opacity":"","overlay-gradient":""}},"footnotes":""},"class_list":["post-2060","page","type-page","status-publish","hentry"],"uagb_featured_image_src":{"full":false,"thumbnail":false,"medium":false,"medium_large":false,"large":false,"1536x1536":false,"2048x2048":false,"trp-custom-language-flag":false,"woocommerce_thumbnail":false,"woocommerce_single":false,"woocommerce_gallery_thumbnail":false},"uagb_author_info":{"display_name":"ringsknife.com","author_link":"https:\/\/www.ringsknife.com\/es\/author\/ringsknife-com\/"},"uagb_comment_info":0,"uagb_excerpt":null,"jetpack_sharing_enabled":true,"_links":{"self":[{"href":"https:\/\/www.ringsknife.com\/es\/wp-json\/wp\/v2\/pages\/2060","targetHints":{"allow":["GET"]}}],"collection":[{"href":"https:\/\/www.ringsknife.com\/es\/wp-json\/wp\/v2\/pages"}],"about":[{"href":"https:\/\/www.ringsknife.com\/es\/wp-json\/wp\/v2\/types\/page"}],"author":[{"embeddable":true,"href":"https:\/\/www.ringsknife.com\/es\/wp-json\/wp\/v2\/users\/1"}],"replies":[{"embeddable":true,"href":"https:\/\/www.ringsknife.com\/es\/wp-json\/wp\/v2\/comments?post=2060"}],"version-history":[{"count":0,"href":"https:\/\/www.ringsknife.com\/es\/wp-json\/wp\/v2\/pages\/2060\/revisions"}],"wp:attachment":[{"href":"https:\/\/www.ringsknife.com\/es\/wp-json\/wp\/v2\/media?parent=2060"}],"curies":[{"name":"wp","href":"https:\/\/api.w.org\/{rel}","templated":true}]}}