
{"id":2050,"date":"2024-04-02T15:33:00","date_gmt":"2024-04-02T07:33:00","guid":{"rendered":"https:\/\/www.ringsknife.com\/?page_id=2050"},"modified":"2024-06-01T19:35:31","modified_gmt":"2024-06-01T11:35:31","slug":"ring-sizing-guide","status":"publish","type":"page","link":"https:\/\/www.ringsknife.com\/es\/guia-de-tallas-de-anillos\/","title":{"rendered":"Gu\u00eda de tallas de anillos"},"content":{"rendered":"<h2 class=\"wp-block-heading\">3 maneras de saber tu talla de anillo<\/h2>\n\n\n\n<h3 class=\"wp-block-heading\">1. Medir un anillo existente<\/h3>\n\n\n\n<p>1. Seleccione un anillo que le quede perfecto.<\/p>\n\n\n\n<p>2. Mida el di\u00e1metro interior del anillo en mm.<\/p>\n\n\n\n<figure class=\"wp-block-image\"><img decoding=\"async\" src=\"https:\/\/cdn.shopify.com\/s\/files\/1\/1560\/3091\/files\/Internal_Diameter_Ring_Sizing_100x100.png?v=1585752071\" alt=\"\" title=\"\"><\/figure>\n\n\n\n<p>3. Utilice la siguiente tabla para determinar su talla de anillo.<\/p>\n\n\n\n<figure class=\"wp-block-table\"><table><tbody><tr><td>Talla de anillo US<\/td><td>Di\u00e1metro interior (Mm)<\/td><\/tr><tr><td>5<\/td><td>15.7<\/td><\/tr><tr><td>5.5<\/td><td>16.1<\/td><\/tr><tr><td>6<\/td><td>16.5<\/td><\/tr><tr><td>6.5<\/td><td>16.9<\/td><\/tr><tr><td>7<\/td><td>17.3<\/td><\/tr><tr><td>7.5<\/td><td>17.75<\/td><\/tr><tr><td>8<\/td><td>18.2<\/td><\/tr><tr><td>8.5<\/td><td>18.5<\/td><\/tr><tr><td>9<\/td><td>18.9<\/td><\/tr><tr><td>9.5<\/td><td>19.4<\/td><\/tr><tr><td>10<\/td><td>19.8<\/td><\/tr><tr><td>10.5<\/td><td>20.2<\/td><\/tr><tr><td>11<\/td><td>20.6<\/td><\/tr><tr><td>11.5<\/td><td>20.9<\/td><\/tr><tr><td>12<\/td><td>21.3<\/td><\/tr><\/tbody><\/table><\/figure>\n\n\n\n<h3 class=\"wp-block-heading\">2. M\u00eddase el dedo<\/h3>\n\n\n\n<p>1. Enrolla un cordel o una tira fina de papel alrededor de la base del dedo.<\/p>\n\n\n\n<p>2. Marca en el cordel o en el papel el punto donde se unen.<\/p>\n\n\n\n<p>3. Mide la longitud de la cuerda o del papel en mm.<\/p>\n\n\n\n<p>4. Utilice la siguiente tabla para determinar su talla de anillo.<\/p>\n\n\n\n<figure class=\"wp-block-table\"><table><tbody><tr><td>Talla de anillo US<\/td><td>Circunferencia (Mm)<\/td><\/tr><tr><td>5<\/td><td>49<\/td><\/tr><tr><td>5.5<\/td><td>51<\/td><\/tr><tr><td>6<\/td><td>52<\/td><\/tr><tr><td>6.5<\/td><td>53<\/td><\/tr><tr><td>7<\/td><td>55<\/td><\/tr><tr><td>7.5<\/td><td>56<\/td><\/tr><tr><td>8<\/td><td>57<\/td><\/tr><tr><td>8.5<\/td><td>58<\/td><\/tr><tr><td>9<\/td><td>59<\/td><\/tr><tr><td>9.5<\/td><td>61<\/td><\/tr><tr><td>10<\/td><td>62<\/td><\/tr><tr><td>10.5<\/td><td>64<\/td><\/tr><tr><td>11<\/td><td>65<\/td><\/tr><tr><td>11.5<\/td><td>66<\/td><\/tr><tr><td>12<\/td><td>67<\/td><\/tr><\/tbody><\/table><\/figure>\n\n\n\n<h3 class=\"wp-block-heading\">3. M\u00eddase el dedo profesionalmente<\/h3>\n\n\n\n<p>Acuda a una joyer\u00eda o joyero local para que le midan el dedo profesionalmente. Medirse el dedo profesionalmente es r\u00e1pido y la mayor\u00eda de joyer\u00edas o joyeros se lo medir\u00e1n gratis.<\/p>\n\n\n\n<p><\/p>\n\n\n\n<h3 class=\"wp-block-heading\">Trucos y consejos<\/h3>\n\n\n\n<p>1. Pide una talla m\u00e1s si est\u00e1s entre dos tallas. Por ejemplo, si est\u00e1s entre una 7 y una 8, pide una 8 de Rings Knife.<\/p>\n\n\n\n<p>2. Los dedos se dilatan con el calor y se encogen con el fr\u00edo. M\u00eddase el dedo al final del d\u00eda en un ambiente c\u00e1lido cuando el dedo est\u00e9 en su mayor tama\u00f1o.<\/p>\n\n\n\n<p>3. El anillo tiene que deslizarse m\u00e1s all\u00e1 del nudillo para llegar a su destino en la base del dedo. Por tanto, aseg\u00farate de que el anillo se ajusta a tu nudillo. Si tu nudillo es m\u00e1s grande que la base del dedo, elige una talla entre las dos medidas.<\/p>\n\n\n\n<p>4. Anillos El cuchillo est\u00e1 pensado para llevarlo en el dedo coraz\u00f3n o \u00edndice.<\/p>","protected":false},"excerpt":{"rendered":"<p>3 Ways To Find Your Ring Size 1. Measure An Existing Ring 1. Select an existing ring that fits you perfectly. 2. Measure the internal diameter of the ring in mm. 3. Use the below chart to determine your ring size. US Ring Size Internal Diameter (Mm) 5 15.7 5.5 16.1 6 16.5 6.5 16.9 [&hellip;]<\/p>\n","protected":false},"author":1,"featured_media":0,"parent":0,"menu_order":0,"comment_status":"closed","ping_status":"closed","template":"","meta":{"_uag_custom_page_level_css":"","site-sidebar-layout":"default","site-content-layout":"","ast-site-content-layout":"default","site-content-style":"default","site-sidebar-style":"default","ast-global-header-display":"","ast-banner-title-visibility":"","ast-main-header-display":"","ast-hfb-above-header-display":"","ast-hfb-below-header-display":"","ast-hfb-mobile-header-display":"","site-post-title":"","ast-breadcrumbs-content":"","ast-featured-img":"","footer-sml-layout":"","ast-disable-related-posts":"","theme-transparent-header-meta":"","adv-header-id-meta":"","stick-header-meta":"","header-above-stick-meta":"","header-main-stick-meta":"","header-below-stick-meta":"","astra-migrate-meta-layouts":"set","ast-page-background-enabled":"default","ast-page-background-meta":{"desktop":{"background-color":"","background-image":"","background-repeat":"repeat","background-position":"center center","background-size":"auto","background-attachment":"scroll","background-type":"","background-media":"","overlay-type":"","overlay-color":"","overlay-opacity":"","overlay-gradient":""},"tablet":{"background-color":"","background-image":"","background-repeat":"repeat","background-position":"center center","background-size":"auto","background-attachment":"scroll","background-type":"","background-media":"","overlay-type":"","overlay-color":"","overlay-opacity":"","overlay-gradient":""},"mobile":{"background-color":"","background-image":"","background-repeat":"repeat","background-position":"center center","background-size":"auto","background-attachment":"scroll","background-type":"","background-media":"","overlay-type":"","overlay-color":"","overlay-opacity":"","overlay-gradient":""}},"ast-content-background-meta":{"desktop":{"background-color":"var(--ast-global-color-5)","background-image":"","background-repeat":"repeat","background-position":"center center","background-size":"auto","background-attachment":"scroll","background-type":"","background-media":"","overlay-type":"","overlay-color":"","overlay-opacity":"","overlay-gradient":""},"tablet":{"background-color":"var(--ast-global-color-5)","background-image":"","background-repeat":"repeat","background-position":"center center","background-size":"auto","background-attachment":"scroll","background-type":"","background-media":"","overlay-type":"","overlay-color":"","overlay-opacity":"","overlay-gradient":""},"mobile":{"background-color":"var(--ast-global-color-5)","background-image":"","background-repeat":"repeat","background-position":"center center","background-size":"auto","background-attachment":"scroll","background-type":"","background-media":"","overlay-type":"","overlay-color":"","overlay-opacity":"","overlay-gradient":""}},"footnotes":""},"class_list":["post-2050","page","type-page","status-publish","hentry"],"uagb_featured_image_src":{"full":false,"thumbnail":false,"medium":false,"medium_large":false,"large":false,"1536x1536":false,"2048x2048":false,"trp-custom-language-flag":false,"woocommerce_thumbnail":false,"woocommerce_single":false,"woocommerce_gallery_thumbnail":false},"uagb_author_info":{"display_name":"ringsknife.com","author_link":"https:\/\/www.ringsknife.com\/es\/author\/ringsknife-com\/"},"uagb_comment_info":0,"uagb_excerpt":"3 Ways To Find Your Ring Size 1. Measure An Existing Ring 1. Select an existing ring that fits you perfectly. 2. Measure the internal diameter of the ring in mm. 3. Use the below chart to determine your ring size. US Ring Size Internal Diameter (Mm) 5 15.7 5.5 16.1 6 16.5 6.5 16.9&hellip;","jetpack_sharing_enabled":true,"_links":{"self":[{"href":"https:\/\/www.ringsknife.com\/es\/wp-json\/wp\/v2\/pages\/2050","targetHints":{"allow":["GET"]}}],"collection":[{"href":"https:\/\/www.ringsknife.com\/es\/wp-json\/wp\/v2\/pages"}],"about":[{"href":"https:\/\/www.ringsknife.com\/es\/wp-json\/wp\/v2\/types\/page"}],"author":[{"embeddable":true,"href":"https:\/\/www.ringsknife.com\/es\/wp-json\/wp\/v2\/users\/1"}],"replies":[{"embeddable":true,"href":"https:\/\/www.ringsknife.com\/es\/wp-json\/wp\/v2\/comments?post=2050"}],"version-history":[{"count":0,"href":"https:\/\/www.ringsknife.com\/es\/wp-json\/wp\/v2\/pages\/2050\/revisions"}],"wp:attachment":[{"href":"https:\/\/www.ringsknife.com\/es\/wp-json\/wp\/v2\/media?parent=2050"}],"curies":[{"name":"wp","href":"https:\/\/api.w.org\/{rel}","templated":true}]}}