
{"id":6372,"date":"2025-05-08T16:58:55","date_gmt":"2025-05-08T08:58:55","guid":{"rendered":"https:\/\/www.ringsknife.com\/?post_type=product&#038;p=6372"},"modified":"2025-05-08T17:03:56","modified_gmt":"2025-05-08T09:03:56","slug":"car-window-breaking-tool","status":"publish","type":"product","link":"https:\/\/www.ringsknife.com\/de\/produkt\/car-window-breaking-tool\/","title":{"rendered":"Pop Up Broken Window Armband Auto Fenster Breaking Tool"},"content":{"rendered":"<div class=\"paragraph\">Sind Sie auf der Suche nach einem zuverl\u00e4ssigen und stilvollen Weg, um Ihre Sicherheit in Notsituationen zu gew\u00e4hrleisten? Dann ist unser Pop Up Broken Window Bracelet genau das Richtige f\u00fcr Sie! Dieses innovative Werkzeug zum Zertr\u00fcmmern von Autoscheiben wurde entwickelt, um Ihnen einen schnellen und effektiven Fluchtweg zu bieten, wenn Sie ihn am meisten brauchen.<\/div>\n<div class=\"paragraph\"><strong class=\"\">Wesentliche Merkmale:<\/strong><\/div>\n<ul>\n<li>\n<div class=\"paragraph\"><strong class=\"\">Hochwertiges Material:<\/strong> Das aus hochwertigem Wolfram gefertigte Armband hat einen H\u00e4rtegrad von 65, was es unglaublich haltbar und verschlei\u00dffest macht. Die Wolframspitze ist stark genug, um Autoscheiben in nur einer Sekunde zu zertr\u00fcmmern und eine schnelle und effiziente Flucht zu gew\u00e4hrleisten.<\/div>\n<\/li>\n<li>\n<div class=\"paragraph\"><strong>Bequem und stilvoll:<\/strong> Das Armband besteht aus einem Stretch-Latex-Seil, das f\u00fcr einen bequemen und sicheren Sitz am Handgelenk sorgt. Es ist nicht nur funktional, sondern auch modisch, was es zu einem vielseitigen Accessoire macht, das Sie jeden Tag tragen k\u00f6nnen.<\/div>\n<\/li>\n<li>\n<div class=\"paragraph\"><strong class=\"\">Wiederverwendbares Design:<\/strong> Im Gegensatz zu Einwegwerkzeugen zum Einschlagen von Fenstern ist unser Armband wiederverwendbar. Nach Gebrauch wird es einfach wieder angebracht und ist f\u00fcr den n\u00e4chsten Notfall bereit.<\/div>\n<\/li>\n<li>\n<div class=\"paragraph\"><strong class=\"\">Schnelles Entkommen:<\/strong> In einem Notfall z\u00e4hlt jede Sekunde. Mit diesem Armband k\u00f6nnen Sie das Fenster in nur einer Sekunde einschlagen und sich so einen schnellen und einfachen Fluchtweg verschaffen.<\/div>\n<\/li>\n<\/ul>\n<div class=\"paragraph\"><strong class=\"\">Spezifikationen:<\/strong><\/div>\n<ul>\n<li>\n<div class=\"paragraph\">Material: Wolfram (Spitze) und Stretch-Latex-Seil (Armband)<\/div>\n<\/li>\n<li>\n<div class=\"paragraph\">H\u00e4rte: 65<\/div>\n<\/li>\n<li>\n<div class=\"paragraph\">Gr\u00f6\u00dfe: Einstellbar f\u00fcr die meisten Handgelenksgr\u00f6\u00dfen<\/div>\n<\/li>\n<li>\n<div class=\"paragraph\">Farbe: Erh\u00e4ltlich in mehreren stilvollen Optionen, die zu Ihrem pers\u00f6nlichen Stil passen<\/div>\n<\/li>\n<\/ul>\n<div class=\"paragraph\"><strong class=\"\">Verwendung:<\/strong><\/div>\n<ol start=\"1\">\n<li>\n<div class=\"paragraph\">In einem Notfall, in dem Sie Ihr Fahrzeug schnell verlassen m\u00fcssen, nehmen Sie das Armband einfach vom Handgelenk.<\/div>\n<\/li>\n<li>\n<div class=\"paragraph\">Richten Sie die Wolframspitze auf die leicht zerbrechliche Stelle der Autoscheibe.<\/div>\n<\/li>\n<li>\n<div class=\"paragraph\">Lass das Stretch-Latexseil aufspringen, um das Glas in einer Sekunde zu zerschlagen.<\/div>\n<\/li>\n<li>\n<div class=\"paragraph\">Bringen Sie das Armband wieder an und bewahren Sie es sicher f\u00fcr die sp\u00e4tere Verwendung auf.<\/div>\n<\/li>\n<\/ol>\n<div class=\"paragraph\"><strong class=\"\">Erst die Sicherheit, dann der Stil:<\/strong><\/div>\n<div class=\"paragraph\">Unser Pop Up Broken Window Bracelet ist die perfekte Kombination aus Sicherheit und Stil. Egal, ob du lange Strecken f\u00e4hrst oder nur Besorgungen in der Stadt machst, dieses Armband sorgt daf\u00fcr, dass du immer auf jeden Notfall vorbereitet bist. Bestellen Sie jetzt und bleiben Sie sicher auf der Stra\u00dfe!<\/div>","protected":false},"excerpt":{"rendered":"<ol start=\"1\">\n<li>\n<div class=\"paragraph\"><strong>Wolfram-H\u00e4rte (65)<\/strong>: Zerschmettert Autoscheiben in 1 Sekunde und erm\u00f6glicht so eine sofortige Flucht.<\/div>\n<\/li>\n<li>\n<div class=\"paragraph\"><strong class=\"\">Stretch-Latex-Seil<\/strong>: Bequeme, verstellbare Passform f\u00fcr alle Handgelenksgr\u00f6\u00dfen.<\/div>\n<\/li>\n<li>\n<div class=\"paragraph\"><strong>Langlebig &amp; wiederverwendbar<\/strong>: Langlebiges Design, bereit f\u00fcr mehrfachen Gebrauch.<\/div>\n<\/li>\n<li>\n<div class=\"paragraph\"><strong class=\"\">Schnelle Fluchtl\u00f6sung<\/strong>: Einfach zu bedienendes Werkzeug f\u00fcr Notf\u00e4lle.<\/div>\n<\/li>\n<li>\n<div class=\"paragraph\"><strong class=\"\">Stilvoll und diskret<\/strong>: Ein tragbares Armband, das Sicherheit und Mode miteinander verbindet.<\/div>\n<\/li>\n<\/ol>","protected":false},"featured_media":6373,"comment_status":"open","ping_status":"closed","template":"","meta":{"_uag_custom_page_level_css":"","site-sidebar-layout":"default","site-content-layout":"","ast-site-content-layout":"default","site-content-style":"default","site-sidebar-style":"default","ast-global-header-display":"","ast-banner-title-visibility":"","ast-main-header-display":"","ast-hfb-above-header-display":"","ast-hfb-below-header-display":"","ast-hfb-mobile-header-display":"","site-post-title":"","ast-breadcrumbs-content":"","ast-featured-img":"","footer-sml-layout":"","ast-disable-related-posts":"","theme-transparent-header-meta":"default","adv-header-id-meta":"","stick-header-meta":"default","header-above-stick-meta":"","header-main-stick-meta":"","header-below-stick-meta":"","astra-migrate-meta-layouts":"set","ast-page-background-enabled":"default","ast-page-background-meta":{"desktop":{"background-color":"","background-image":"","background-repeat":"repeat","background-position":"center center","background-size":"auto","background-attachment":"scroll","background-type":"","background-media":"","overlay-type":"","overlay-color":"","overlay-opacity":"","overlay-gradient":""},"tablet":{"background-color":"","background-image":"","background-repeat":"repeat","background-position":"center center","background-size":"auto","background-attachment":"scroll","background-type":"","background-media":"","overlay-type":"","overlay-color":"","overlay-opacity":"","overlay-gradient":""},"mobile":{"background-color":"","background-image":"","background-repeat":"repeat","background-position":"center center","background-size":"auto","background-attachment":"scroll","background-type":"","background-media":"","overlay-type":"","overlay-color":"","overlay-opacity":"","overlay-gradient":""}},"ast-content-background-meta":{"desktop":{"background-color":"var(--ast-global-color-5)","background-image":"","background-repeat":"repeat","background-position":"center center","background-size":"auto","background-attachment":"scroll","background-type":"","background-media":"","overlay-type":"","overlay-color":"","overlay-opacity":"","overlay-gradient":""},"tablet":{"background-color":"var(--ast-global-color-5)","background-image":"","background-repeat":"repeat","background-position":"center center","background-size":"auto","background-attachment":"scroll","background-type":"","background-media":"","overlay-type":"","overlay-color":"","overlay-opacity":"","overlay-gradient":""},"mobile":{"background-color":"var(--ast-global-color-5)","background-image":"","background-repeat":"repeat","background-position":"center center","background-size":"auto","background-attachment":"scroll","background-type":"","background-media":"","overlay-type":"","overlay-color":"","overlay-opacity":"","overlay-gradient":""}}},"product_brand":[],"product_cat":[15],"product_tag":[],"class_list":{"0":"post-6372","1":"product","2":"type-product","3":"status-publish","4":"has-post-thumbnail","6":"product_cat-uncategorized","7":"desktop-align-left","8":"tablet-align-left","9":"mobile-align-left","10":"ast-product-gallery-layout-first-image-large","11":"ast-magnify-disabled","12":"ast-product-single-variable","13":"ast-product-tabs-layout-distributed","15":"first","16":"instock","17":"sale","18":"shipping-taxable","19":"purchasable","20":"product-type-variable","21":"has-default-attributes"},"uagb_featured_image_src":{"full":["https:\/\/www.ringsknife.com\/wp-content\/uploads\/2025\/05\/Women-bracelet-Car-Window-Breaking-Tool-1.jpg",1200,1200,false],"thumbnail":["https:\/\/www.ringsknife.com\/wp-content\/uploads\/2025\/05\/Women-bracelet-Car-Window-Breaking-Tool-1-150x150.jpg",150,150,true],"medium":["https:\/\/www.ringsknife.com\/wp-content\/uploads\/2025\/05\/Women-bracelet-Car-Window-Breaking-Tool-1-300x300.jpg",300,300,true],"medium_large":["https:\/\/www.ringsknife.com\/wp-content\/uploads\/2025\/05\/Women-bracelet-Car-Window-Breaking-Tool-1-768x768.jpg",768,768,true],"large":["https:\/\/www.ringsknife.com\/wp-content\/uploads\/2025\/05\/Women-bracelet-Car-Window-Breaking-Tool-1-1024x1024.jpg",1024,1024,true],"1536x1536":["https:\/\/www.ringsknife.com\/wp-content\/uploads\/2025\/05\/Women-bracelet-Car-Window-Breaking-Tool-1.jpg",1200,1200,false],"2048x2048":["https:\/\/www.ringsknife.com\/wp-content\/uploads\/2025\/05\/Women-bracelet-Car-Window-Breaking-Tool-1.jpg",1200,1200,false],"trp-custom-language-flag":["https:\/\/www.ringsknife.com\/wp-content\/uploads\/2025\/05\/Women-bracelet-Car-Window-Breaking-Tool-1-12x12.jpg",12,12,true],"woocommerce_thumbnail":["https:\/\/www.ringsknife.com\/wp-content\/uploads\/2025\/05\/Women-bracelet-Car-Window-Breaking-Tool-1-800x800.jpg",800,800,true],"woocommerce_single":["https:\/\/www.ringsknife.com\/wp-content\/uploads\/2025\/05\/Women-bracelet-Car-Window-Breaking-Tool-1-800x800.jpg",800,800,true],"woocommerce_gallery_thumbnail":["https:\/\/www.ringsknife.com\/wp-content\/uploads\/2025\/05\/Women-bracelet-Car-Window-Breaking-Tool-1-100x100.jpg",100,100,true]},"uagb_author_info":{"display_name":"ringsknife.com","author_link":"https:\/\/www.ringsknife.com\/de\/author\/"},"uagb_comment_info":1,"uagb_excerpt":"Tungsten Hardness (65): Shatters car windows in 1 second for instant escape. Stretch Latex Rope: Comfortable, adjustable fit for all wrist sizes. Durable &amp; Reusable: Long-lasting design, ready for multiple uses. Quick Escape Solution: Easy-to-use tool for emergencies. Stylish &amp; Discreet: Wearable bracelet that blends safety with fashion.","jetpack_sharing_enabled":true,"_links":{"self":[{"href":"https:\/\/www.ringsknife.com\/de\/wp-json\/wp\/v2\/product\/6372","targetHints":{"allow":["GET"]}}],"collection":[{"href":"https:\/\/www.ringsknife.com\/de\/wp-json\/wp\/v2\/product"}],"about":[{"href":"https:\/\/www.ringsknife.com\/de\/wp-json\/wp\/v2\/types\/product"}],"replies":[{"embeddable":true,"href":"https:\/\/www.ringsknife.com\/de\/wp-json\/wp\/v2\/comments?post=6372"}],"version-history":[{"count":3,"href":"https:\/\/www.ringsknife.com\/de\/wp-json\/wp\/v2\/product\/6372\/revisions"}],"predecessor-version":[{"id":94158,"href":"https:\/\/www.ringsknife.com\/de\/wp-json\/wp\/v2\/product\/6372\/revisions\/94158"}],"wp:featuredmedia":[{"embeddable":true,"href":"https:\/\/www.ringsknife.com\/de\/wp-json\/wp\/v2\/media\/6373"}],"wp:attachment":[{"href":"https:\/\/www.ringsknife.com\/de\/wp-json\/wp\/v2\/media?parent=6372"}],"wp:term":[{"taxonomy":"product_brand","embeddable":true,"href":"https:\/\/www.ringsknife.com\/de\/wp-json\/wp\/v2\/product_brand?post=6372"},{"taxonomy":"product_cat","embeddable":true,"href":"https:\/\/www.ringsknife.com\/de\/wp-json\/wp\/v2\/product_cat?post=6372"},{"taxonomy":"product_tag","embeddable":true,"href":"https:\/\/www.ringsknife.com\/de\/wp-json\/wp\/v2\/product_tag?post=6372"}],"curies":[{"name":"wp","href":"https:\/\/api.w.org\/{rel}","templated":true}]}}