
{"id":6097,"date":"2025-03-27T18:54:35","date_gmt":"2025-03-27T10:54:35","guid":{"rendered":"https:\/\/www.ringsknife.com\/?post_type=product&#038;p=6097"},"modified":"2025-06-03T14:20:48","modified_gmt":"2025-06-03T06:20:48","slug":"kubaton-stick","status":"publish","type":"product","link":"https:\/\/www.ringsknife.com\/de\/produkt\/kubaton-stab\/","title":{"rendered":"Glitzernder Strass Kubaton Stick zur Selbstverteidigung"},"content":{"rendered":"<h2 data-start=\"0\" data-end=\"80\"><strong data-start=\"0\" data-end=\"80\">Produkt-Einf\u00fchrung f\u00fcr Sparkling Rhinestone Kubaton Stick f\u00fcr Selbstverteidigung<\/strong><\/h2>\n<p class=\"\" data-start=\"82\" data-end=\"532\">Der Sparkling Rhinestone Kubaton Stick zur Selbstverteidigung verbindet Eleganz mit Sicherheit und ist ein stilvolles und effektives Werkzeug zum pers\u00f6nlichen Schutz. Dieser aus robustem Stahl gefertigte Kubaton ist so konzipiert, dass Sie sich sicher f\u00fchlen und gleichzeitig einen Hauch von Glitzer in Ihren Alltag bringen. Mit seinen neun leuchtenden Regenbogenfarben und funkelnden Strasssteinen ist dieser Selbstverteidigungsstab nicht nur ein Sicherheitsger\u00e4t, sondern auch ein Statement, das Sie \u00fcberallhin mitnehmen k\u00f6nnen.<\/p>\n<h3 data-start=\"534\" data-end=\"548\"><strong data-start=\"534\" data-end=\"546\">Eigenschaften<\/strong><\/h3>\n<ul data-start=\"549\" data-end=\"1087\">\n<li class=\"\" data-start=\"549\" data-end=\"639\">\n<p class=\"\" data-start=\"551\" data-end=\"639\"><strong data-start=\"551\" data-end=\"571\">Langlebiges Material<\/strong>: Hergestellt aus robustem Stahlmetall f\u00fcr zuverl\u00e4ssige, dauerhafte Stabilit\u00e4t.<\/p>\n<\/li>\n<li class=\"\" data-start=\"640\" data-end=\"741\">\n<p class=\"\" data-start=\"642\" data-end=\"741\"><strong data-start=\"642\" data-end=\"660\">Kompakte Bauweise<\/strong>: Mit 16 cm (6,3 Zoll) hat es die perfekte Gr\u00f6\u00dfe f\u00fcr Tragbarkeit und Benutzerfreundlichkeit.<\/p>\n<\/li>\n<li class=\"\" data-start=\"742\" data-end=\"864\">\n<p class=\"\" data-start=\"744\" data-end=\"864\"><strong data-start=\"744\" data-end=\"775\">Funkelndes Strass-Detail<\/strong>: Neun leuchtende Regenbogenfarben mit Strassstein-Akzenten, die Sch\u00f6nheit und Funktion verbinden.<\/p>\n<\/li>\n<li class=\"\" data-start=\"865\" data-end=\"963\">\n<p class=\"\" data-start=\"867\" data-end=\"963\"><strong data-start=\"867\" data-end=\"888\">Werkzeug zur Selbstverteidigung<\/strong>: Mit seinem spitzen Ende k\u00f6nnen Sie sich in jeder Situation selbstbewusst verteidigen.<\/p>\n<\/li>\n<li class=\"\" data-start=\"964\" data-end=\"1087\">\n<p class=\"\" data-start=\"966\" data-end=\"1087\"><strong data-start=\"966\" data-end=\"987\">Perfekt f\u00fcr Frauen<\/strong>: Ideal f\u00fcr Alleinreisende, Jogger und alle, die einen stilvollen, leicht zug\u00e4nglichen Schutz suchen.<\/p>\n<\/li>\n<\/ul>\n<h3 data-start=\"1089\" data-end=\"1105\"><strong data-start=\"1089\" data-end=\"1103\">Abmessungen<\/strong><\/h3>\n<ul data-start=\"1106\" data-end=\"1204\">\n<li class=\"\" data-start=\"1106\" data-end=\"1140\">\n<p class=\"\" data-start=\"1108\" data-end=\"1140\"><strong data-start=\"1108\" data-end=\"1118\">L\u00e4nge<\/strong>: 6,3 Zoll (16 cm)<\/p>\n<\/li>\n<li class=\"\" data-start=\"1141\" data-end=\"1204\">\n<p class=\"\" data-start=\"1143\" data-end=\"1204\"><strong data-start=\"1143\" data-end=\"1153\">Gewicht<\/strong>: Leichtes Gewicht f\u00fcr einfaches Tragen ohne zus\u00e4tzliches Gewicht.<\/p>\n<\/li>\n<\/ul>\n<h3 data-start=\"1206\" data-end=\"1220\"><strong data-start=\"1206\" data-end=\"1220\">Wie zu verwenden<\/strong><\/h3>\n<p class=\"\" data-start=\"1222\" data-end=\"1541\">Um den Sparkling Rhinestone Kubaton Stick zu benutzen, halten Sie ihn fest in der Hand, wobei das spitze Ende zwischen Ihren Fingern herausragt. Im Falle einer Gefahr schlagen Sie den Angreifer mit dem spitzen Ende an den verletzlichen Stellen, um maximale Wirkung zu erzielen. Bewahre ihn leicht zug\u00e4nglich an deinem Schl\u00fcsselbund auf, damit er bei Bedarf schnell einsatzbereit ist.<\/p>","protected":false},"excerpt":{"rendered":"<ul>\n<li class=\"\" data-start=\"92\" data-end=\"226\">\n<p class=\"\" data-start=\"95\" data-end=\"226\"><strong data-start=\"95\" data-end=\"116\">Langlebig und widerstandsf\u00e4hig<\/strong>: Hergestellt aus hochwertigem Stahl, der eine lange Lebensdauer und zuverl\u00e4ssigen Schutz in jeder Situation gew\u00e4hrleistet.<\/p>\n<\/li>\n<li class=\"\" data-start=\"231\" data-end=\"390\">\n<p class=\"\" data-start=\"234\" data-end=\"390\"><strong data-start=\"234\" data-end=\"262\">Elegantes funkelndes Design<\/strong>: Neun leuchtende Regenbogenfarben mit funkelnden Strasssteinen machen ihn zu einem modischen Accessoire und gleichzeitig zu einem Selbstverteidigungswerkzeug.<\/p>\n<\/li>\n<li class=\"\" data-start=\"392\" data-end=\"529\">\n<p class=\"\" data-start=\"395\" data-end=\"529\"><strong data-start=\"395\" data-end=\"419\">Kompakt und tragbar<\/strong>: Mit einer L\u00e4nge von 6,3 Zoll ist er leicht und l\u00e4sst sich einfach an Ihrem Schl\u00fcsselbund tragen, damit Sie schnell und bequem darauf zugreifen k\u00f6nnen.<\/p>\n<\/li>\n<li class=\"\" data-start=\"531\" data-end=\"664\">\n<p class=\"\" data-start=\"534\" data-end=\"664\"><strong data-start=\"534\" data-end=\"560\">Effektive Selbstverteidigung<\/strong>: Das spitze Design erm\u00f6glicht schnelle und kraftvolle Schl\u00e4ge, mit denen Sie sich in Notf\u00e4llen sch\u00fctzen k\u00f6nnen.<\/p>\n<\/li>\n<li class=\"\" data-start=\"666\" data-end=\"819\">\n<p class=\"\" data-start=\"669\" data-end=\"819\"><strong data-start=\"669\" data-end=\"709\">Ideal f\u00fcr Alleinreisende und Jogger<\/strong>: Perfekt f\u00fcr Frauen, die viel unterwegs sind, denn es bietet eine tragbare und diskrete M\u00f6glichkeit, sich zu sch\u00fctzen und gleichzeitig Ruhe zu genie\u00dfen.<\/p>\n<\/li>\n<\/ul>","protected":false},"featured_media":6120,"comment_status":"open","ping_status":"closed","template":"","meta":{"_uag_custom_page_level_css":"","site-sidebar-layout":"default","site-content-layout":"","ast-site-content-layout":"default","site-content-style":"default","site-sidebar-style":"default","ast-global-header-display":"","ast-banner-title-visibility":"","ast-main-header-display":"","ast-hfb-above-header-display":"","ast-hfb-below-header-display":"","ast-hfb-mobile-header-display":"","site-post-title":"","ast-breadcrumbs-content":"","ast-featured-img":"","footer-sml-layout":"","ast-disable-related-posts":"","theme-transparent-header-meta":"default","adv-header-id-meta":"","stick-header-meta":"default","header-above-stick-meta":"","header-main-stick-meta":"","header-below-stick-meta":"","astra-migrate-meta-layouts":"set","ast-page-background-enabled":"default","ast-page-background-meta":{"desktop":{"background-color":"","background-image":"","background-repeat":"repeat","background-position":"center center","background-size":"auto","background-attachment":"scroll","background-type":"","background-media":"","overlay-type":"","overlay-color":"","overlay-opacity":"","overlay-gradient":""},"tablet":{"background-color":"","background-image":"","background-repeat":"repeat","background-position":"center center","background-size":"auto","background-attachment":"scroll","background-type":"","background-media":"","overlay-type":"","overlay-color":"","overlay-opacity":"","overlay-gradient":""},"mobile":{"background-color":"","background-image":"","background-repeat":"repeat","background-position":"center center","background-size":"auto","background-attachment":"scroll","background-type":"","background-media":"","overlay-type":"","overlay-color":"","overlay-opacity":"","overlay-gradient":""}},"ast-content-background-meta":{"desktop":{"background-color":"var(--ast-global-color-5)","background-image":"","background-repeat":"repeat","background-position":"center center","background-size":"auto","background-attachment":"scroll","background-type":"","background-media":"","overlay-type":"","overlay-color":"","overlay-opacity":"","overlay-gradient":""},"tablet":{"background-color":"var(--ast-global-color-5)","background-image":"","background-repeat":"repeat","background-position":"center center","background-size":"auto","background-attachment":"scroll","background-type":"","background-media":"","overlay-type":"","overlay-color":"","overlay-opacity":"","overlay-gradient":""},"mobile":{"background-color":"var(--ast-global-color-5)","background-image":"","background-repeat":"repeat","background-position":"center center","background-size":"auto","background-attachment":"scroll","background-type":"","background-media":"","overlay-type":"","overlay-color":"","overlay-opacity":"","overlay-gradient":""}}},"product_brand":[],"product_cat":[168],"product_tag":[],"class_list":{"0":"post-6097","1":"product","2":"type-product","3":"status-publish","4":"has-post-thumbnail","6":"product_cat-kubaton-kubotan-self-defense-keychains","7":"desktop-align-left","8":"tablet-align-left","9":"mobile-align-left","10":"ast-product-gallery-layout-first-image-large","11":"ast-magnify-disabled","12":"ast-product-single-variable","13":"ast-product-tabs-layout-distributed","15":"first","16":"instock","17":"sale","18":"featured","19":"shipping-taxable","20":"purchasable","21":"product-type-variable","22":"has-default-attributes"},"uagb_featured_image_src":{"full":["https:\/\/www.ringsknife.com\/wp-content\/uploads\/2025\/03\/Sparkling-Rhinestone-Kubaton-Stick-for-Self-defense-.jpg",1200,1200,false],"thumbnail":["https:\/\/www.ringsknife.com\/wp-content\/uploads\/2025\/03\/Sparkling-Rhinestone-Kubaton-Stick-for-Self-defense--150x150.jpg",150,150,true],"medium":["https:\/\/www.ringsknife.com\/wp-content\/uploads\/2025\/03\/Sparkling-Rhinestone-Kubaton-Stick-for-Self-defense--300x300.jpg",300,300,true],"medium_large":["https:\/\/www.ringsknife.com\/wp-content\/uploads\/2025\/03\/Sparkling-Rhinestone-Kubaton-Stick-for-Self-defense--768x768.jpg",768,768,true],"large":["https:\/\/www.ringsknife.com\/wp-content\/uploads\/2025\/03\/Sparkling-Rhinestone-Kubaton-Stick-for-Self-defense--1024x1024.jpg",1024,1024,true],"1536x1536":["https:\/\/www.ringsknife.com\/wp-content\/uploads\/2025\/03\/Sparkling-Rhinestone-Kubaton-Stick-for-Self-defense-.jpg",1200,1200,false],"2048x2048":["https:\/\/www.ringsknife.com\/wp-content\/uploads\/2025\/03\/Sparkling-Rhinestone-Kubaton-Stick-for-Self-defense-.jpg",1200,1200,false],"trp-custom-language-flag":["https:\/\/www.ringsknife.com\/wp-content\/uploads\/2025\/03\/Sparkling-Rhinestone-Kubaton-Stick-for-Self-defense-.jpg",12,12,false],"woocommerce_thumbnail":["https:\/\/www.ringsknife.com\/wp-content\/uploads\/2025\/03\/Sparkling-Rhinestone-Kubaton-Stick-for-Self-defense--800x800.jpg",800,800,true],"woocommerce_single":["https:\/\/www.ringsknife.com\/wp-content\/uploads\/2025\/03\/Sparkling-Rhinestone-Kubaton-Stick-for-Self-defense--800x800.jpg",800,800,true],"woocommerce_gallery_thumbnail":["https:\/\/www.ringsknife.com\/wp-content\/uploads\/2025\/03\/Sparkling-Rhinestone-Kubaton-Stick-for-Self-defense--100x100.jpg",100,100,true]},"uagb_author_info":{"display_name":"ringsknife.com","author_link":"https:\/\/www.ringsknife.com\/de\/author\/"},"uagb_comment_info":1,"uagb_excerpt":"Durable and Tough: Made from high-quality steel metal, ensuring long-lasting strength for reliable protection in any situation. Elegant Sparkling Design: Features nine vibrant rainbow colors with sparkling rhinestones, making it a stylish accessory as well as a self-defense tool. Compact and Portable: With a 6.3-inch length, it's lightweight and easy to carry on your keychain&hellip;","jetpack_sharing_enabled":true,"_links":{"self":[{"href":"https:\/\/www.ringsknife.com\/de\/wp-json\/wp\/v2\/product\/6097","targetHints":{"allow":["GET"]}}],"collection":[{"href":"https:\/\/www.ringsknife.com\/de\/wp-json\/wp\/v2\/product"}],"about":[{"href":"https:\/\/www.ringsknife.com\/de\/wp-json\/wp\/v2\/types\/product"}],"replies":[{"embeddable":true,"href":"https:\/\/www.ringsknife.com\/de\/wp-json\/wp\/v2\/comments?post=6097"}],"version-history":[{"count":0,"href":"https:\/\/www.ringsknife.com\/de\/wp-json\/wp\/v2\/product\/6097\/revisions"}],"wp:featuredmedia":[{"embeddable":true,"href":"https:\/\/www.ringsknife.com\/de\/wp-json\/wp\/v2\/media\/6120"}],"wp:attachment":[{"href":"https:\/\/www.ringsknife.com\/de\/wp-json\/wp\/v2\/media?parent=6097"}],"wp:term":[{"taxonomy":"product_brand","embeddable":true,"href":"https:\/\/www.ringsknife.com\/de\/wp-json\/wp\/v2\/product_brand?post=6097"},{"taxonomy":"product_cat","embeddable":true,"href":"https:\/\/www.ringsknife.com\/de\/wp-json\/wp\/v2\/product_cat?post=6097"},{"taxonomy":"product_tag","embeddable":true,"href":"https:\/\/www.ringsknife.com\/de\/wp-json\/wp\/v2\/product_tag?post=6097"}],"curies":[{"name":"wp","href":"https:\/\/api.w.org\/{rel}","templated":true}]}}