
{"id":6083,"date":"2025-03-27T18:15:20","date_gmt":"2025-03-27T10:15:20","guid":{"rendered":"https:\/\/www.ringsknife.com\/?post_type=product&#038;p=6083"},"modified":"2025-05-31T21:35:05","modified_gmt":"2025-05-31T13:35:05","slug":"safety-whistle-keychain","status":"publish","type":"product","link":"https:\/\/www.ringsknife.com\/de\/produkt\/schlusselanhanger-mit-sicherheitspfeife\/","title":{"rendered":"Stilvolle Frauen Sicherheitspfeife Schl\u00fcsselanh\u00e4nger"},"content":{"rendered":"<h2 data-start=\"103\" data-end=\"194\"><strong data-start=\"103\" data-end=\"194\">Stilvolle Frauen Sicherheitspfeife Schl\u00fcsselanh\u00e4nger - Modische &amp; funktionelle Selbstverteidigung Accessoire<\/strong><\/h2>\n<p class=\"\" data-start=\"196\" data-end=\"513\">Bleiben Sie sicher und stilvoll mit dem Stylish Women Safety Whistle Keychain. Der aus einer hochwertigen Aluminiumlegierung gefertigte, langlebige und dennoch leichte Schl\u00fcsselanh\u00e4nger ist f\u00fcr den t\u00e4glichen Gebrauch geeignet und verleiht Ihren Accessoires einen Hauch von Bling. Mit 6 leuchtenden Regenbogenfarben zur Auswahl ist er die perfekte Erg\u00e4nzung f\u00fcr jeden pers\u00f6nlichen Stil.<\/p>\n<p class=\"\" data-start=\"515\" data-end=\"901\">Der Schl\u00fcsselanh\u00e4nger hat ein mit Strasssteinen besetztes Design, das Mode und Funktion vereint und daf\u00fcr sorgt, dass Sie auffallen und gleichzeitig gesch\u00fctzt sind. Dank seiner kompakten Gr\u00f6\u00dfe l\u00e4sst er sich leicht an Ihrer Tasche, Ihrem Schl\u00fcssel oder Ihrer Handtasche tragen, sodass Sie ihn immer in Reichweite haben. Bei Gefahr erregt der laute Pfeifenalarm Aufmerksamkeit und hilft, andere auf Ihre Notlage aufmerksam zu machen, so dass Sie immer beruhigt sein k\u00f6nnen, wohin Sie auch gehen.<\/p>\n<h3 data-start=\"903\" data-end=\"920\"><strong data-start=\"903\" data-end=\"920\">Wesentliche Merkmale:<\/strong><\/h3>\n<ul data-start=\"921\" data-end=\"1191\">\n<li class=\"\" data-start=\"921\" data-end=\"981\">\n<p class=\"\" data-start=\"923\" data-end=\"981\">Hochwertige Aluminiumlegierung f\u00fcr dauerhafte Haltbarkeit<\/p>\n<\/li>\n<li class=\"\" data-start=\"982\" data-end=\"1029\">\n<p class=\"\" data-start=\"984\" data-end=\"1029\">6 farbenfrohe Optionen, die zu Ihrem einzigartigen Stil passen<\/p>\n<\/li>\n<li class=\"\" data-start=\"1030\" data-end=\"1083\">\n<p class=\"\" data-start=\"1032\" data-end=\"1083\">Funkelnde Strasssteine sorgen f\u00fcr einen modischen Touch<\/p>\n<\/li>\n<li class=\"\" data-start=\"1084\" data-end=\"1145\">\n<p class=\"\" data-start=\"1086\" data-end=\"1145\">Kompakte Gr\u00f6\u00dfe f\u00fcr einfachen Transport und bequemen Einsatz unterwegs<\/p>\n<\/li>\n<li class=\"\" data-start=\"1146\" data-end=\"1191\">\n<p class=\"\" data-start=\"1148\" data-end=\"1191\">Lauter Pfeifenalarm f\u00fcr Notsituationen<\/p>\n<\/li>\n<\/ul>\n<p class=\"\" data-start=\"1193\" data-end=\"1240\">Tragen Sie Sicherheit und Stil jeden Tag bei sich!<\/p>\n<h3><strong>Wie zu verwenden:<\/strong><\/h3>\n<p>Befestigen Sie den Glitter Self Defense Whistle Alarm Keychain einfach an Ihrem Schl\u00fcssel oder Ihrer Tasche. Im Notfall blasen Sie in die Pfeife, um einen lauten Alarmton zu erzeugen, der andere auf Ihre Situation aufmerksam macht. Dank seiner kompakten Gr\u00f6\u00dfe und seines geringen Gewichts k\u00f6nnen Sie ihn immer bei sich tragen und so f\u00fcr Ihre Sicherheit und Ihren Seelenfrieden sorgen.<\/p>","protected":false},"excerpt":{"rendered":"<ul>\n<li class=\"\" data-start=\"75\" data-end=\"190\">\n<p class=\"\" data-start=\"78\" data-end=\"190\"><strong data-start=\"78\" data-end=\"103\">Langlebig und leicht<\/strong>: Hergestellt aus einer hochwertigen Aluminiumlegierung, die eine lange Nutzungsdauer ohne zus\u00e4tzliches Gewicht gew\u00e4hrleistet.<\/p>\n<\/li>\n<li class=\"\" data-start=\"194\" data-end=\"316\">\n<p class=\"\" data-start=\"197\" data-end=\"316\"><strong data-start=\"197\" data-end=\"231\">Modisches &amp; funkelndes Design<\/strong>: Mit Strasssteinen besetzt, kombiniert er Sicherheit mit einem modischen, auff\u00e4lligen Accessoire.<\/p>\n<\/li>\n<li class=\"\" data-start=\"318\" data-end=\"423\">\n<p class=\"\" data-start=\"321\" data-end=\"423\"><strong data-start=\"321\" data-end=\"347\">Mehrere Farboptionen<\/strong>: W\u00e4hlen Sie aus 6 leuchtenden Regenbogenfarben, die zu Ihrem pers\u00f6nlichen Stil oder Ihrer Stimmung passen.<\/p>\n<\/li>\n<li class=\"\" data-start=\"425\" data-end=\"559\">\n<p class=\"\" data-start=\"428\" data-end=\"559\"><strong data-start=\"428\" data-end=\"450\">Kompakt und tragbar<\/strong>: Er ist klein und leicht und passt problemlos in Ihre Handtasche, an Ihren Schl\u00fcssel oder an Ihre Tasche, damit Sie leicht darauf zugreifen k\u00f6nnen.<\/p>\n<\/li>\n<li class=\"\" data-start=\"561\" data-end=\"694\">\n<p class=\"\" data-start=\"564\" data-end=\"694\"><strong data-start=\"564\" data-end=\"590\">Lauter und effektiver Alarm<\/strong>: Gibt einen durchdringenden Pfiff ab, um im Notfall schnell andere zu alarmieren und die pers\u00f6nliche Sicherheit zu erh\u00f6hen.<\/p>\n<\/li>\n<\/ul>","protected":false},"featured_media":6094,"comment_status":"open","ping_status":"closed","template":"","meta":{"_uag_custom_page_level_css":"","site-sidebar-layout":"default","site-content-layout":"","ast-site-content-layout":"default","site-content-style":"default","site-sidebar-style":"default","ast-global-header-display":"","ast-banner-title-visibility":"","ast-main-header-display":"","ast-hfb-above-header-display":"","ast-hfb-below-header-display":"","ast-hfb-mobile-header-display":"","site-post-title":"","ast-breadcrumbs-content":"","ast-featured-img":"","footer-sml-layout":"","ast-disable-related-posts":"","theme-transparent-header-meta":"default","adv-header-id-meta":"","stick-header-meta":"default","header-above-stick-meta":"","header-main-stick-meta":"","header-below-stick-meta":"","astra-migrate-meta-layouts":"set","ast-page-background-enabled":"default","ast-page-background-meta":{"desktop":{"background-color":"","background-image":"","background-repeat":"repeat","background-position":"center center","background-size":"auto","background-attachment":"scroll","background-type":"","background-media":"","overlay-type":"","overlay-color":"","overlay-opacity":"","overlay-gradient":""},"tablet":{"background-color":"","background-image":"","background-repeat":"repeat","background-position":"center center","background-size":"auto","background-attachment":"scroll","background-type":"","background-media":"","overlay-type":"","overlay-color":"","overlay-opacity":"","overlay-gradient":""},"mobile":{"background-color":"","background-image":"","background-repeat":"repeat","background-position":"center center","background-size":"auto","background-attachment":"scroll","background-type":"","background-media":"","overlay-type":"","overlay-color":"","overlay-opacity":"","overlay-gradient":""}},"ast-content-background-meta":{"desktop":{"background-color":"var(--ast-global-color-5)","background-image":"","background-repeat":"repeat","background-position":"center center","background-size":"auto","background-attachment":"scroll","background-type":"","background-media":"","overlay-type":"","overlay-color":"","overlay-opacity":"","overlay-gradient":""},"tablet":{"background-color":"var(--ast-global-color-5)","background-image":"","background-repeat":"repeat","background-position":"center center","background-size":"auto","background-attachment":"scroll","background-type":"","background-media":"","overlay-type":"","overlay-color":"","overlay-opacity":"","overlay-gradient":""},"mobile":{"background-color":"var(--ast-global-color-5)","background-image":"","background-repeat":"repeat","background-position":"center center","background-size":"auto","background-attachment":"scroll","background-type":"","background-media":"","overlay-type":"","overlay-color":"","overlay-opacity":"","overlay-gradient":""}}},"product_brand":[],"product_cat":[164],"product_tag":[],"class_list":{"0":"post-6083","1":"product","2":"type-product","3":"status-publish","4":"has-post-thumbnail","6":"product_cat-self-defense-keychain-accessories","7":"desktop-align-left","8":"tablet-align-left","9":"mobile-align-left","10":"ast-product-gallery-layout-first-image-large","11":"ast-product-gallery-with-no-image","12":"ast-magnify-disabled","13":"ast-product-single-variable","14":"ast-product-tabs-layout-distributed","16":"first","17":"instock","18":"sale","19":"featured","20":"shipping-taxable","21":"purchasable","22":"product-type-variable","23":"has-default-attributes"},"uagb_featured_image_src":{"full":["https:\/\/www.ringsknife.com\/wp-content\/uploads\/2025\/03\/Stylish-Women-Safety-Whistle-Keychain.jpg",1200,1200,false],"thumbnail":["https:\/\/www.ringsknife.com\/wp-content\/uploads\/2025\/03\/Stylish-Women-Safety-Whistle-Keychain-150x150.jpg",150,150,true],"medium":["https:\/\/www.ringsknife.com\/wp-content\/uploads\/2025\/03\/Stylish-Women-Safety-Whistle-Keychain-300x300.jpg",300,300,true],"medium_large":["https:\/\/www.ringsknife.com\/wp-content\/uploads\/2025\/03\/Stylish-Women-Safety-Whistle-Keychain-768x768.jpg",768,768,true],"large":["https:\/\/www.ringsknife.com\/wp-content\/uploads\/2025\/03\/Stylish-Women-Safety-Whistle-Keychain-1024x1024.jpg",1024,1024,true],"1536x1536":["https:\/\/www.ringsknife.com\/wp-content\/uploads\/2025\/03\/Stylish-Women-Safety-Whistle-Keychain.jpg",1200,1200,false],"2048x2048":["https:\/\/www.ringsknife.com\/wp-content\/uploads\/2025\/03\/Stylish-Women-Safety-Whistle-Keychain.jpg",1200,1200,false],"trp-custom-language-flag":["https:\/\/www.ringsknife.com\/wp-content\/uploads\/2025\/03\/Stylish-Women-Safety-Whistle-Keychain.jpg",12,12,false],"woocommerce_thumbnail":["https:\/\/www.ringsknife.com\/wp-content\/uploads\/2025\/03\/Stylish-Women-Safety-Whistle-Keychain-800x800.jpg",800,800,true],"woocommerce_single":["https:\/\/www.ringsknife.com\/wp-content\/uploads\/2025\/03\/Stylish-Women-Safety-Whistle-Keychain-800x800.jpg",800,800,true],"woocommerce_gallery_thumbnail":["https:\/\/www.ringsknife.com\/wp-content\/uploads\/2025\/03\/Stylish-Women-Safety-Whistle-Keychain-100x100.jpg",100,100,true]},"uagb_author_info":{"display_name":"ringsknife.com","author_link":"https:\/\/www.ringsknife.com\/de\/author\/"},"uagb_comment_info":2,"uagb_excerpt":"Durable &amp; Lightweight: Made from premium aluminum alloy, ensuring long-lasting use without the added weight. Fashionable &amp; Sparkling Design: Features rhinestone bling, combining safety with a stylish, eye-catching accessory. Multiple Color Options: Choose from 6 vibrant rainbow colors to match your personal style or mood. Compact &amp; Portable: Small and lightweight, it easily fits in&hellip;","jetpack_sharing_enabled":true,"_links":{"self":[{"href":"https:\/\/www.ringsknife.com\/de\/wp-json\/wp\/v2\/product\/6083","targetHints":{"allow":["GET"]}}],"collection":[{"href":"https:\/\/www.ringsknife.com\/de\/wp-json\/wp\/v2\/product"}],"about":[{"href":"https:\/\/www.ringsknife.com\/de\/wp-json\/wp\/v2\/types\/product"}],"replies":[{"embeddable":true,"href":"https:\/\/www.ringsknife.com\/de\/wp-json\/wp\/v2\/comments?post=6083"}],"version-history":[{"count":0,"href":"https:\/\/www.ringsknife.com\/de\/wp-json\/wp\/v2\/product\/6083\/revisions"}],"wp:featuredmedia":[{"embeddable":true,"href":"https:\/\/www.ringsknife.com\/de\/wp-json\/wp\/v2\/media\/6094"}],"wp:attachment":[{"href":"https:\/\/www.ringsknife.com\/de\/wp-json\/wp\/v2\/media?parent=6083"}],"wp:term":[{"taxonomy":"product_brand","embeddable":true,"href":"https:\/\/www.ringsknife.com\/de\/wp-json\/wp\/v2\/product_brand?post=6083"},{"taxonomy":"product_cat","embeddable":true,"href":"https:\/\/www.ringsknife.com\/de\/wp-json\/wp\/v2\/product_cat?post=6083"},{"taxonomy":"product_tag","embeddable":true,"href":"https:\/\/www.ringsknife.com\/de\/wp-json\/wp\/v2\/product_tag?post=6083"}],"curies":[{"name":"wp","href":"https:\/\/api.w.org\/{rel}","templated":true}]}}