
{"id":6065,"date":"2025-03-27T11:22:40","date_gmt":"2025-03-27T03:22:40","guid":{"rendered":"https:\/\/www.ringsknife.com\/?post_type=product&#038;p=6065"},"modified":"2025-06-07T22:45:09","modified_gmt":"2025-06-07T14:45:09","slug":"self-defense-kits-for-women","status":"publish","type":"product","link":"https:\/\/www.ringsknife.com\/de\/produkt\/selbstverteidigungskits-fur-frauen\/","title":{"rendered":"7-teilige Regenbogen Herz Schl\u00fcsselanh\u00e4nger Selbstverteidigung Kits f\u00fcr Frauen"},"content":{"rendered":"<h3 data-start=\"94\" data-end=\"183\"><strong data-start=\"94\" data-end=\"183\">Bleiben Sie stilvoll sicher mit dem 7-teiligen Regenbogenherz-Schl\u00fcsselanh\u00e4nger-Selbstverteidigungs-Kit f\u00fcr Frauen<\/strong><\/h3>\n<p class=\"\" data-start=\"185\" data-end=\"615\">Mit dem 7-teiligen Rainbow Heart Keychain Self Defense Kit bringst du Farbe und Selbstvertrauen in deinen Alltag. Dieses farbenfrohe Set wurde f\u00fcr Frauen entwickelt, die sowohl Wert auf Sicherheit als auch auf Stil legen. Es enth\u00e4lt eine Mischung aus funktionalen Selbstverteidigungswerkzeugen, die alle in einem bunten und modischen Regenbogenherz-Design verpackt sind. Jedes einzelne Teil ist aus haltbarem Stahl, Aluminium und Hartplastik gefertigt und hilft dir, f\u00fcr jede Situation gewappnet zu sein.<\/p>\n<h3 data-start=\"617\" data-end=\"634\"><strong data-start=\"617\" data-end=\"634\">Der Bausatz enth\u00e4lt:<\/strong><\/h3>\n<ul data-start=\"636\" data-end=\"1343\">\n<li class=\"\" data-start=\"636\" data-end=\"727\">\n<p class=\"\" data-start=\"638\" data-end=\"727\"><strong data-start=\"638\" data-end=\"650\">Kubaton:<\/strong> Ein schlankes und robustes Selbstverteidigungswerkzeug mit einem farbenfrohen Design f\u00fcr zus\u00e4tzliches Flair.<\/p>\n<\/li>\n<li class=\"\" data-start=\"728\" data-end=\"821\">\n<p class=\"\" data-start=\"730\" data-end=\"821\"><strong data-start=\"730\" data-end=\"756\">Ber\u00fchrungsloser T\u00fcr\u00f6ffner:<\/strong> Bleiben Sie hygienisch und sicher mit diesem auff\u00e4lligen, leicht zu bedienenden Ger\u00e4t.<\/p>\n<\/li>\n<li class=\"\" data-start=\"822\" data-end=\"926\">\n<p class=\"\" data-start=\"824\" data-end=\"926\"><strong data-start=\"824\" data-end=\"859\">Fensterbrecher\/Sicherheitsgurtschneider:<\/strong> Mit diesem multifunktionalen Werkzeug sind Sie f\u00fcr Notf\u00e4lle bestens ger\u00fcstet.<\/p>\n<\/li>\n<li class=\"\" data-start=\"927\" data-end=\"1014\">\n<p class=\"\" data-start=\"929\" data-end=\"1014\"><strong data-start=\"929\" data-end=\"941\">Pfeifen:<\/strong> Eine laute, aufmerksamkeitsstarke Trillerpfeife, die so hell und mutig ist wie Sie selbst.<\/p>\n<\/li>\n<li class=\"\" data-start=\"1015\" data-end=\"1113\">\n<p class=\"\" data-start=\"1017\" data-end=\"1113\"><strong data-start=\"1017\" data-end=\"1036\">Handgelenkriemen:<\/strong> Halten Sie Ihren Schl\u00fcsselbund sicher, zug\u00e4nglich und modisch mit diesem schicken Band.<\/p>\n<\/li>\n<li class=\"\" data-start=\"1114\" data-end=\"1201\">\n<p class=\"\" data-start=\"1116\" data-end=\"1201\"><strong data-start=\"1116\" data-end=\"1133\">Herz Pompon:<\/strong> Verleihen Sie Ihrem Schl\u00fcsselbund einen lustigen, farbenfrohen Touch und bleiben Sie gleichzeitig gesch\u00fctzt.<\/p>\n<\/li>\n<li class=\"\" data-start=\"1202\" data-end=\"1343\">\n<p class=\"\" data-start=\"1204\" data-end=\"1343\"><strong data-start=\"1204\" data-end=\"1223\">Ablagekorb:<\/strong> Ein praktischer, stilvoller Eimer zur Organisation Ihrer Selbstverteidigungsutensilien, so dass Sie alles an einem Ort aufbewahren k\u00f6nnen.<\/p>\n<\/li>\n<\/ul>\n<p class=\"\" data-start=\"1345\" data-end=\"1698\">Mit seiner Regenbogen-Farbpalette und dem stilvollen herzf\u00f6rmigen Design geht es bei diesem Selbstverteidigungsset nicht nur um Schutz, sondern auch darum, sich selbstbewusst und modisch zu f\u00fchlen, wo immer du hingehst. Dieses Set ist das perfekte Geschenk f\u00fcr Feiertage, Geburtstage oder andere Anl\u00e4sse. Es ist eine aufmerksame und lustige Art und Weise, jemandem zu zeigen, dass dir seine Sicherheit am Herzen liegt, und das auf die stilvollste Art und Weise.<\/p>","protected":false},"excerpt":{"rendered":"<ul>\n<li class=\"\" data-start=\"109\" data-end=\"289\">\n<p class=\"\" data-start=\"112\" data-end=\"289\"><strong data-start=\"112\" data-end=\"146\">Buntes und modisches Design:<\/strong> Der leuchtende Regenbogenherz-Schl\u00fcsselanh\u00e4nger ist nicht nur ein Sicherheitswerkzeug, sondern auch ein witziges und stilvolles Accessoire, das Ihrem Alltag einen Hauch von Farbe verleiht.<\/p>\n<\/li>\n<li class=\"\" data-start=\"291\" data-end=\"487\">\n<p class=\"\" data-start=\"294\" data-end=\"487\"><strong data-start=\"294\" data-end=\"329\">Vollst\u00e4ndige L\u00f6sung f\u00fcr die Selbstverteidigung:<\/strong> Mit wichtigen Werkzeugen wie einem Kubaton, einem Fensterbrecher, einem Gurtschneider, einer Trillerpfeife und vielem mehr ist man mit diesem Kit f\u00fcr jede Notsituation ger\u00fcstet.<\/p>\n<\/li>\n<li class=\"\" data-start=\"489\" data-end=\"659\">\n<p class=\"\" data-start=\"492\" data-end=\"659\"><strong data-start=\"492\" data-end=\"517\">Kompakt und praktisch:<\/strong> Mit einer Handschlaufe und einem Aufbewahrungseimer ist dieses leichte Set einfach zu tragen und h\u00e4lt alle Ihre Selbstverteidigungswerkzeuge an einem Ort organisiert.<\/p>\n<\/li>\n<li class=\"\" data-start=\"661\" data-end=\"826\">\n<p class=\"\" data-start=\"664\" data-end=\"826\"><strong data-start=\"664\" data-end=\"686\">Langlebige Materialien:<\/strong> Aus hochwertigem Stahl, Aluminium und Hartplastik gefertigt, ist jedes Werkzeug des Kits f\u00fcr eine lange Lebensdauer und zuverl\u00e4ssige Leistung ausgelegt, wenn Sie es am meisten brauchen.<\/p>\n<\/li>\n<li class=\"\" data-start=\"828\" data-end=\"1040\">\n<p class=\"\" data-start=\"831\" data-end=\"1040\"><strong data-start=\"831\" data-end=\"867\">Perfektes Geschenk f\u00fcr Sicherheit und Stil:<\/strong> Dieses Selbstverteidigungsset ist ideal f\u00fcr Feiertage, Geburtstage oder als aufmerksames Geschenk f\u00fcr geliebte Menschen. Es verbindet Funktionalit\u00e4t mit Mode und zeigt, dass Ihnen das Wohlergehen einer Person am Herzen liegt.<\/p>\n<\/li>\n<\/ul>","protected":false},"featured_media":6077,"comment_status":"open","ping_status":"closed","template":"","meta":{"_uag_custom_page_level_css":"","site-sidebar-layout":"default","site-content-layout":"","ast-site-content-layout":"default","site-content-style":"default","site-sidebar-style":"default","ast-global-header-display":"","ast-banner-title-visibility":"","ast-main-header-display":"","ast-hfb-above-header-display":"","ast-hfb-below-header-display":"","ast-hfb-mobile-header-display":"","site-post-title":"","ast-breadcrumbs-content":"","ast-featured-img":"","footer-sml-layout":"","ast-disable-related-posts":"","theme-transparent-header-meta":"default","adv-header-id-meta":"","stick-header-meta":"default","header-above-stick-meta":"","header-main-stick-meta":"","header-below-stick-meta":"","astra-migrate-meta-layouts":"set","ast-page-background-enabled":"default","ast-page-background-meta":{"desktop":{"background-color":"","background-image":"","background-repeat":"repeat","background-position":"center center","background-size":"auto","background-attachment":"scroll","background-type":"","background-media":"","overlay-type":"","overlay-color":"","overlay-opacity":"","overlay-gradient":""},"tablet":{"background-color":"","background-image":"","background-repeat":"repeat","background-position":"center center","background-size":"auto","background-attachment":"scroll","background-type":"","background-media":"","overlay-type":"","overlay-color":"","overlay-opacity":"","overlay-gradient":""},"mobile":{"background-color":"","background-image":"","background-repeat":"repeat","background-position":"center center","background-size":"auto","background-attachment":"scroll","background-type":"","background-media":"","overlay-type":"","overlay-color":"","overlay-opacity":"","overlay-gradient":""}},"ast-content-background-meta":{"desktop":{"background-color":"var(--ast-global-color-5)","background-image":"","background-repeat":"repeat","background-position":"center center","background-size":"auto","background-attachment":"scroll","background-type":"","background-media":"","overlay-type":"","overlay-color":"","overlay-opacity":"","overlay-gradient":""},"tablet":{"background-color":"var(--ast-global-color-5)","background-image":"","background-repeat":"repeat","background-position":"center center","background-size":"auto","background-attachment":"scroll","background-type":"","background-media":"","overlay-type":"","overlay-color":"","overlay-opacity":"","overlay-gradient":""},"mobile":{"background-color":"var(--ast-global-color-5)","background-image":"","background-repeat":"repeat","background-position":"center center","background-size":"auto","background-attachment":"scroll","background-type":"","background-media":"","overlay-type":"","overlay-color":"","overlay-opacity":"","overlay-gradient":""}}},"product_brand":[],"product_cat":[169,50],"product_tag":[167,166],"class_list":{"0":"post-6065","1":"product","2":"type-product","3":"status-publish","4":"has-post-thumbnail","6":"product_cat-self-defense-keychain-sets","7":"product_cat-self-defense-keychains","8":"product_tag-self-defense-keychain","9":"product_tag-self-defense-keychain-sets","10":"desktop-align-left","11":"tablet-align-left","12":"mobile-align-left","13":"ast-product-gallery-layout-first-image-large","14":"ast-magnify-disabled","15":"ast-product-single-variable","16":"ast-product-tabs-layout-distributed","18":"first","19":"instock","20":"sale","21":"featured","22":"shipping-taxable","23":"purchasable","24":"product-type-variable","25":"has-default-attributes"},"uagb_featured_image_src":{"full":["https:\/\/www.ringsknife.com\/wp-content\/uploads\/2025\/03\/7-piece-Rainbow-Heart-Keychain-Self-Defense-Kits-for-Women-3.jpg",1200,1200,false],"thumbnail":["https:\/\/www.ringsknife.com\/wp-content\/uploads\/2025\/03\/7-piece-Rainbow-Heart-Keychain-Self-Defense-Kits-for-Women-3-150x150.jpg",150,150,true],"medium":["https:\/\/www.ringsknife.com\/wp-content\/uploads\/2025\/03\/7-piece-Rainbow-Heart-Keychain-Self-Defense-Kits-for-Women-3-300x300.jpg",300,300,true],"medium_large":["https:\/\/www.ringsknife.com\/wp-content\/uploads\/2025\/03\/7-piece-Rainbow-Heart-Keychain-Self-Defense-Kits-for-Women-3-768x768.jpg",768,768,true],"large":["https:\/\/www.ringsknife.com\/wp-content\/uploads\/2025\/03\/7-piece-Rainbow-Heart-Keychain-Self-Defense-Kits-for-Women-3-1024x1024.jpg",1024,1024,true],"1536x1536":["https:\/\/www.ringsknife.com\/wp-content\/uploads\/2025\/03\/7-piece-Rainbow-Heart-Keychain-Self-Defense-Kits-for-Women-3.jpg",1200,1200,false],"2048x2048":["https:\/\/www.ringsknife.com\/wp-content\/uploads\/2025\/03\/7-piece-Rainbow-Heart-Keychain-Self-Defense-Kits-for-Women-3.jpg",1200,1200,false],"trp-custom-language-flag":["https:\/\/www.ringsknife.com\/wp-content\/uploads\/2025\/03\/7-piece-Rainbow-Heart-Keychain-Self-Defense-Kits-for-Women-3.jpg",12,12,false],"woocommerce_thumbnail":["https:\/\/www.ringsknife.com\/wp-content\/uploads\/2025\/03\/7-piece-Rainbow-Heart-Keychain-Self-Defense-Kits-for-Women-3-800x800.jpg",800,800,true],"woocommerce_single":["https:\/\/www.ringsknife.com\/wp-content\/uploads\/2025\/03\/7-piece-Rainbow-Heart-Keychain-Self-Defense-Kits-for-Women-3-800x800.jpg",800,800,true],"woocommerce_gallery_thumbnail":["https:\/\/www.ringsknife.com\/wp-content\/uploads\/2025\/03\/7-piece-Rainbow-Heart-Keychain-Self-Defense-Kits-for-Women-3-100x100.jpg",100,100,true]},"uagb_author_info":{"display_name":"ringsknife.com","author_link":"https:\/\/www.ringsknife.com\/de\/author\/"},"uagb_comment_info":3,"uagb_excerpt":"Colorful &amp; Fashionable Design: The vibrant rainbow heart keychain is not just a safety tool\u2014it's a fun and stylish accessory that adds a pop of color to your everyday carry. Complete Self-Defense Solution: Packed with essential tools like a Kubaton, window breaker, seatbelt cutter, whistle, and more, this kit ensures you're prepared for any emergency&hellip;","jetpack_sharing_enabled":true,"_links":{"self":[{"href":"https:\/\/www.ringsknife.com\/de\/wp-json\/wp\/v2\/product\/6065","targetHints":{"allow":["GET"]}}],"collection":[{"href":"https:\/\/www.ringsknife.com\/de\/wp-json\/wp\/v2\/product"}],"about":[{"href":"https:\/\/www.ringsknife.com\/de\/wp-json\/wp\/v2\/types\/product"}],"replies":[{"embeddable":true,"href":"https:\/\/www.ringsknife.com\/de\/wp-json\/wp\/v2\/comments?post=6065"}],"version-history":[{"count":0,"href":"https:\/\/www.ringsknife.com\/de\/wp-json\/wp\/v2\/product\/6065\/revisions"}],"wp:featuredmedia":[{"embeddable":true,"href":"https:\/\/www.ringsknife.com\/de\/wp-json\/wp\/v2\/media\/6077"}],"wp:attachment":[{"href":"https:\/\/www.ringsknife.com\/de\/wp-json\/wp\/v2\/media?parent=6065"}],"wp:term":[{"taxonomy":"product_brand","embeddable":true,"href":"https:\/\/www.ringsknife.com\/de\/wp-json\/wp\/v2\/product_brand?post=6065"},{"taxonomy":"product_cat","embeddable":true,"href":"https:\/\/www.ringsknife.com\/de\/wp-json\/wp\/v2\/product_cat?post=6065"},{"taxonomy":"product_tag","embeddable":true,"href":"https:\/\/www.ringsknife.com\/de\/wp-json\/wp\/v2\/product_tag?post=6065"}],"curies":[{"name":"wp","href":"https:\/\/api.w.org\/{rel}","templated":true}]}}