
{"id":5833,"date":"2025-03-12T11:37:04","date_gmt":"2025-03-12T03:37:04","guid":{"rendered":"https:\/\/www.ringsknife.com\/?post_type=product&#038;p=5833"},"modified":"2025-03-12T12:25:46","modified_gmt":"2025-03-12T04:25:46","slug":"keychain-flashlight","status":"publish","type":"product","link":"https:\/\/www.ringsknife.com\/de\/produkt\/schlusselanhanger-taschenlampe\/","title":{"rendered":"Bling Small Led Schl\u00fcsselbund Taschenlampe"},"content":{"rendered":"<h2 class=\"paragraph\"><strong class=\"\">Bling Kleine LED-Schl\u00fcsselanh\u00e4nger-Taschenlampe: Ihr Sicherheitsbegleiter im Taschenformat<\/strong><\/h2>\n<div class=\"paragraph\">Bleiben Sie sicher und gut vorbereitet mit der Bling Small LED Keychain Flashlight - ein kompaktes, vielseitiges und leistungsstarkes Werkzeug, das Ihre Sicherheit und Ihren Komfort in jeder Situation erh\u00f6ht. Egal, ob Sie sich auf schwach beleuchteten Parkpl\u00e4tzen zurechtfinden, Abenteuer im Freien erleben oder in Notf\u00e4llen schnelles Licht ben\u00f6tigen, diese Mini-Taschenlampe ist Ihr zuverl\u00e4ssiger Verb\u00fcndeter.<\/div>\n<h3 class=\"paragraph\"><strong class=\"\">Wesentliche Merkmale:<\/strong><\/h3>\n<ul>\n<li>\n<div class=\"paragraph\"><strong class=\"\">Langlebige Konstruktion:<\/strong> Diese langlebige Taschenlampe ist aus stabilem Aluminiummetall gefertigt und h\u00e4lt somit den t\u00e4glichen Belastungen und den Elementen im Freien stand.<\/div>\n<\/li>\n<li>\n<div class=\"paragraph\"><strong class=\"\">Helle Beleuchtung:<\/strong> Lassen Sie sich nicht von der Gr\u00f6\u00dfe t\u00e4uschen. Diese Taschenlampe hat mit 160 Lumen LED-Helligkeit eine starke Leistung und sorgt f\u00fcr klare Sicht in der gr\u00f6\u00dften Dunkelheit.<\/div>\n<\/li>\n<li>\n<div class=\"paragraph\"><strong class=\"\">Zwei Modi:<\/strong> Einfaches Umschalten zwischen einem gleichm\u00e4\u00dfigen, hellen Taschenlampenmodus f\u00fcr den t\u00e4glichen Gebrauch und einem Stroboskop-Notlicht, um Hilfe zu signalisieren oder einen Angreifer vor\u00fcbergehend zu blenden.<\/div>\n<\/li>\n<li>\n<div class=\"paragraph\"><strong class=\"\">Langanhaltende Leistung:<\/strong> Genie\u00dfen Sie bis zu 3+ Stunden Dauerlicht mit nur einem Satz Batterien. Wenn der Strom zur Neige geht, tauschen Sie einfach die Batterien aus, um sie m\u00fchelos wieder aufzuladen.<\/div>\n<\/li>\n<li>\n<div class=\"paragraph\"><strong class=\"\">Tragbares Design:<\/strong> Mit einem Gewicht von weniger als einer D-Batterie und einer L\u00e4nge von nur wenigen Zentimetern ist diese Taschenlampe leicht und kompakt. Befestigen Sie sie an Ihrem Schl\u00fcsselbund oder an der Schlaufe Ihrer Tasche und vergessen Sie, dass sie da ist - bis Sie sie am meisten brauchen.<\/div>\n<\/li>\n<\/ul>\n<h3 class=\"paragraph\"><strong class=\"\">Wie zu verwenden:<\/strong><\/h3>\n<div class=\"paragraph\">Diese Mini-Notfalltaschenlampe ist f\u00fcr eine einfache Handhabung konzipiert. <span style=\"font-size: 16px;\">Drehen Sie den Kopf der Taschenlampe, bis das Licht leuchtet. <\/span><span style=\"font-size: 16px;\">Zum Ausschalten gen\u00fcgt es, den Kopf leicht zu l\u00f6sen.<\/span><\/div>\n<div><\/div>\n<h3 class=\"paragraph\"><strong class=\"\">Bleiben Sie sicher, bleiben Sie vorbereitet:<\/strong><\/h3>\n<div class=\"paragraph\">Die Bling Small LED Keychain Flashlight ist mehr als nur eine Taschenlampe - sie ist Ihr tragbarer Besch\u00fctzer. Sie ist kompakt, langlebig und leistungsstark und f\u00fcgt sich nahtlos in Ihren Alltag ein, damit Sie sich in jeder Situation sicher f\u00fchlen k\u00f6nnen.<\/div>","protected":false},"excerpt":{"rendered":"<ul>\n<li>\n<div class=\"paragraph\"><strong class=\"\">Langlebige Konstruktion:<\/strong> Diese langlebige Taschenlampe ist aus stabilem Aluminiummetall gefertigt und h\u00e4lt somit den t\u00e4glichen Belastungen und den Elementen im Freien stand.<\/div>\n<\/li>\n<li>\n<div class=\"paragraph\"><strong class=\"\">Helle Beleuchtung:<\/strong> Lassen Sie sich nicht von der Gr\u00f6\u00dfe t\u00e4uschen. Diese Taschenlampe hat mit 160 Lumen LED-Helligkeit eine starke Leistung und sorgt f\u00fcr klare Sicht in der gr\u00f6\u00dften Dunkelheit.<\/div>\n<\/li>\n<li>\n<div class=\"paragraph\"><strong class=\"\">Zwei Modi:<\/strong> Einfaches Umschalten zwischen einem gleichm\u00e4\u00dfigen, hellen Taschenlampenmodus f\u00fcr den t\u00e4glichen Gebrauch und einem Stroboskop-Notlicht, um Hilfe zu signalisieren oder einen Angreifer vor\u00fcbergehend zu blenden.<\/div>\n<\/li>\n<li>\n<div class=\"paragraph\"><strong class=\"\">Langanhaltende Leistung:<\/strong> Genie\u00dfen Sie bis zu 3+ Stunden Dauerlicht mit nur einem Satz Batterien. Wenn der Strom zur Neige geht, tauschen Sie einfach die Batterien aus, um sie m\u00fchelos wieder aufzuladen.<\/div>\n<\/li>\n<li>\n<div class=\"paragraph\"><strong class=\"\">Tragbares Design:<\/strong> Mit einem Gewicht von weniger als einer D-Batterie und einer L\u00e4nge von nur wenigen Zentimetern ist diese Taschenlampe leicht und kompakt. Befestigen Sie sie an Ihrem Schl\u00fcsselbund oder an der Schlaufe Ihrer Tasche und vergessen Sie, dass sie da ist - bis Sie sie am meisten brauchen.<\/div>\n<\/li>\n<\/ul>","protected":false},"featured_media":5840,"comment_status":"open","ping_status":"closed","template":"","meta":{"_uag_custom_page_level_css":"","site-sidebar-layout":"default","site-content-layout":"","ast-site-content-layout":"default","site-content-style":"default","site-sidebar-style":"default","ast-global-header-display":"","ast-banner-title-visibility":"","ast-main-header-display":"","ast-hfb-above-header-display":"","ast-hfb-below-header-display":"","ast-hfb-mobile-header-display":"","site-post-title":"","ast-breadcrumbs-content":"","ast-featured-img":"","footer-sml-layout":"","ast-disable-related-posts":"","theme-transparent-header-meta":"default","adv-header-id-meta":"","stick-header-meta":"default","header-above-stick-meta":"","header-main-stick-meta":"","header-below-stick-meta":"","astra-migrate-meta-layouts":"set","ast-page-background-enabled":"default","ast-page-background-meta":{"desktop":{"background-color":"","background-image":"","background-repeat":"repeat","background-position":"center center","background-size":"auto","background-attachment":"scroll","background-type":"","background-media":"","overlay-type":"","overlay-color":"","overlay-opacity":"","overlay-gradient":""},"tablet":{"background-color":"","background-image":"","background-repeat":"repeat","background-position":"center center","background-size":"auto","background-attachment":"scroll","background-type":"","background-media":"","overlay-type":"","overlay-color":"","overlay-opacity":"","overlay-gradient":""},"mobile":{"background-color":"","background-image":"","background-repeat":"repeat","background-position":"center center","background-size":"auto","background-attachment":"scroll","background-type":"","background-media":"","overlay-type":"","overlay-color":"","overlay-opacity":"","overlay-gradient":""}},"ast-content-background-meta":{"desktop":{"background-color":"var(--ast-global-color-5)","background-image":"","background-repeat":"repeat","background-position":"center center","background-size":"auto","background-attachment":"scroll","background-type":"","background-media":"","overlay-type":"","overlay-color":"","overlay-opacity":"","overlay-gradient":""},"tablet":{"background-color":"var(--ast-global-color-5)","background-image":"","background-repeat":"repeat","background-position":"center center","background-size":"auto","background-attachment":"scroll","background-type":"","background-media":"","overlay-type":"","overlay-color":"","overlay-opacity":"","overlay-gradient":""},"mobile":{"background-color":"var(--ast-global-color-5)","background-image":"","background-repeat":"repeat","background-position":"center center","background-size":"auto","background-attachment":"scroll","background-type":"","background-media":"","overlay-type":"","overlay-color":"","overlay-opacity":"","overlay-gradient":""}}},"product_brand":[],"product_cat":[186],"product_tag":[187],"class_list":{"0":"post-5833","1":"product","2":"type-product","3":"status-publish","4":"has-post-thumbnail","6":"product_cat-self-defense-flashlight","7":"product_tag-flashlight","8":"desktop-align-left","9":"tablet-align-left","10":"mobile-align-left","11":"ast-product-gallery-layout-first-image-large","12":"ast-magnify-disabled","13":"ast-product-single-variable","14":"ast-product-tabs-layout-distributed","16":"first","17":"instock","18":"sale","19":"featured","20":"shipping-taxable","21":"purchasable","22":"product-type-variable","23":"has-default-attributes"},"uagb_featured_image_src":{"full":["https:\/\/www.ringsknife.com\/wp-content\/uploads\/2025\/03\/Bling-Small-Led-keychain-flashlight-14.jpg",1200,1200,false],"thumbnail":["https:\/\/www.ringsknife.com\/wp-content\/uploads\/2025\/03\/Bling-Small-Led-keychain-flashlight-14-150x150.jpg",150,150,true],"medium":["https:\/\/www.ringsknife.com\/wp-content\/uploads\/2025\/03\/Bling-Small-Led-keychain-flashlight-14-300x300.jpg",300,300,true],"medium_large":["https:\/\/www.ringsknife.com\/wp-content\/uploads\/2025\/03\/Bling-Small-Led-keychain-flashlight-14-768x768.jpg",768,768,true],"large":["https:\/\/www.ringsknife.com\/wp-content\/uploads\/2025\/03\/Bling-Small-Led-keychain-flashlight-14-1024x1024.jpg",1024,1024,true],"1536x1536":["https:\/\/www.ringsknife.com\/wp-content\/uploads\/2025\/03\/Bling-Small-Led-keychain-flashlight-14.jpg",1200,1200,false],"2048x2048":["https:\/\/www.ringsknife.com\/wp-content\/uploads\/2025\/03\/Bling-Small-Led-keychain-flashlight-14.jpg",1200,1200,false],"trp-custom-language-flag":["https:\/\/www.ringsknife.com\/wp-content\/uploads\/2025\/03\/Bling-Small-Led-keychain-flashlight-14.jpg",12,12,false],"woocommerce_thumbnail":["https:\/\/www.ringsknife.com\/wp-content\/uploads\/2025\/03\/Bling-Small-Led-keychain-flashlight-14-800x800.jpg",800,800,true],"woocommerce_single":["https:\/\/www.ringsknife.com\/wp-content\/uploads\/2025\/03\/Bling-Small-Led-keychain-flashlight-14-800x800.jpg",800,800,true],"woocommerce_gallery_thumbnail":["https:\/\/www.ringsknife.com\/wp-content\/uploads\/2025\/03\/Bling-Small-Led-keychain-flashlight-14-100x100.jpg",100,100,true]},"uagb_author_info":{"display_name":"ringsknife.com","author_link":"https:\/\/www.ringsknife.com\/de\/author\/"},"uagb_comment_info":3,"uagb_excerpt":"Durable Construction: Built to last, this flashlight is crafted from strong aluminum metal, ensuring it can withstand the rigors of daily use and outdoor elements. Bright Illumination: Don't let its size fool you. This flashlight packs a powerful punch with 160 lumens of LED brightness, providing clear visibility in the darkest of conditions. Dual Modes:&hellip;","jetpack_sharing_enabled":true,"_links":{"self":[{"href":"https:\/\/www.ringsknife.com\/de\/wp-json\/wp\/v2\/product\/5833","targetHints":{"allow":["GET"]}}],"collection":[{"href":"https:\/\/www.ringsknife.com\/de\/wp-json\/wp\/v2\/product"}],"about":[{"href":"https:\/\/www.ringsknife.com\/de\/wp-json\/wp\/v2\/types\/product"}],"replies":[{"embeddable":true,"href":"https:\/\/www.ringsknife.com\/de\/wp-json\/wp\/v2\/comments?post=5833"}],"version-history":[{"count":0,"href":"https:\/\/www.ringsknife.com\/de\/wp-json\/wp\/v2\/product\/5833\/revisions"}],"wp:featuredmedia":[{"embeddable":true,"href":"https:\/\/www.ringsknife.com\/de\/wp-json\/wp\/v2\/media\/5840"}],"wp:attachment":[{"href":"https:\/\/www.ringsknife.com\/de\/wp-json\/wp\/v2\/media?parent=5833"}],"wp:term":[{"taxonomy":"product_brand","embeddable":true,"href":"https:\/\/www.ringsknife.com\/de\/wp-json\/wp\/v2\/product_brand?post=5833"},{"taxonomy":"product_cat","embeddable":true,"href":"https:\/\/www.ringsknife.com\/de\/wp-json\/wp\/v2\/product_cat?post=5833"},{"taxonomy":"product_tag","embeddable":true,"href":"https:\/\/www.ringsknife.com\/de\/wp-json\/wp\/v2\/product_tag?post=5833"}],"curies":[{"name":"wp","href":"https:\/\/api.w.org\/{rel}","templated":true}]}}