
{"id":5631,"date":"2025-01-11T17:09:53","date_gmt":"2025-01-11T09:09:53","guid":{"rendered":"https:\/\/www.ringsknife.com\/?post_type=product&#038;p=5631"},"modified":"2025-09-04T11:41:29","modified_gmt":"2025-09-04T03:41:29","slug":"window-breaker-keychain","status":"publish","type":"product","link":"https:\/\/www.ringsknife.com\/de\/produkt\/schlusselanhanger-fur-fensterheber\/","title":{"rendered":"Luxuri\u00f6ser strassbesetzter Fensterbrecher Schl\u00fcsselanh\u00e4nger"},"content":{"rendered":"<h2>Luxuri\u00f6ser strassbesetzter Fensterbrecher Schl\u00fcsselanh\u00e4nger - Sicherheit &amp; Stil<\/h2>\n<p>Wir pr\u00e4sentieren den luxuri\u00f6sen Strass-Schl\u00fcsselanh\u00e4nger Window Breaker - eine perfekte Mischung aus Sicherheit und Stil. Dieser Schl\u00fcsselanh\u00e4nger ist Ihr zuverl\u00e4ssiger Begleiter in Notf\u00e4llen und erm\u00f6glicht es Ihnen, Fenster mit Leichtigkeit einzuschlagen. Sein elegantes Strassdesign verleiht ihm einen Hauch von Luxus und macht ihn zu einem unverzichtbaren Accessoire. Erh\u00e4ltlich in 8 leuchtenden Farben, ist er nicht nur ein Sicherheitswerkzeug, sondern auch ein modisches Statement.<\/p>\n<h3><strong>Eigenschaften<\/strong><\/h3>\n<ul>\n<li><strong>Sicherheit geht vor:<\/strong>\u00a0Der Schl\u00fcsselanh\u00e4nger ist aus einem robusten und langlebigen Material gefertigt, so dass er in Notf\u00e4llen effektiv Fenster einschlagen kann.<\/li>\n<li><strong>Stilvolles Design:<\/strong>\u00a0Das glitzernde Strassdesign verleiht ihr einen Hauch von Eleganz und macht sie sowohl f\u00fcr legere als auch f\u00fcr formelle Anl\u00e4sse geeignet.<\/li>\n<li><strong>Mehrere Farben:<\/strong>\u00a0W\u00e4hlen Sie aus 8 leuchtenden Farben, die zu Ihrem Stil und Ihrer Pers\u00f6nlichkeit passen.<\/li>\n<li><strong>Kompakte Gr\u00f6\u00dfe:<\/strong>\u00a0Dank seiner kompakten Gr\u00f6\u00dfe l\u00e4sst er sich leicht mitnehmen und an Schl\u00fcssel oder Tasche befestigen.<\/li>\n<\/ul>\n<h3><strong>Wie zu verwenden<\/strong><\/h3>\n<p>Die Verwendung des luxuri\u00f6sen Strassstein-Fensterbrecher-Schl\u00fcsselanh\u00e4ngers ist einfach. Im Notfall, wenn Sie ein Fenster einschlagen m\u00fcssen, halten Sie den Schl\u00fcsselanh\u00e4nger fest und schlagen Sie in einem 45-Grad-Winkel gegen das Fenster. Die starke Spitze wird das Glas zerspringen lassen, sodass Sie sicher entkommen k\u00f6nnen.<\/p>","protected":false},"excerpt":{"rendered":"<ul>\n<li>Ein lebensrettendes Werkzeug, das keine Kompromisse beim Stil eingeht.<\/li>\n<li>8 leuchtende Farben, die zu jedem Outfit und jeder Vorliebe passen.<\/li>\n<li>Das glitzernde Strassdesign verleiht einen Hauch von Luxus.<\/li>\n<li>Kompakt und leicht zu tragen, immer an Ihrer Seite.<\/li>\n<li class=\"last-node\">Wirksam beim Einschlagen von Fenstern in Notf\u00e4llen.<\/li>\n<\/ul>","protected":false},"featured_media":5650,"comment_status":"open","ping_status":"closed","template":"","meta":{"_uag_custom_page_level_css":"","site-sidebar-layout":"default","site-content-layout":"","ast-site-content-layout":"default","site-content-style":"default","site-sidebar-style":"default","ast-global-header-display":"","ast-banner-title-visibility":"","ast-main-header-display":"","ast-hfb-above-header-display":"","ast-hfb-below-header-display":"","ast-hfb-mobile-header-display":"","site-post-title":"","ast-breadcrumbs-content":"","ast-featured-img":"","footer-sml-layout":"","ast-disable-related-posts":"","theme-transparent-header-meta":"default","adv-header-id-meta":"","stick-header-meta":"default","header-above-stick-meta":"","header-main-stick-meta":"","header-below-stick-meta":"","astra-migrate-meta-layouts":"set","ast-page-background-enabled":"default","ast-page-background-meta":{"desktop":{"background-color":"","background-image":"","background-repeat":"repeat","background-position":"center center","background-size":"auto","background-attachment":"scroll","background-type":"","background-media":"","overlay-type":"","overlay-color":"","overlay-opacity":"","overlay-gradient":""},"tablet":{"background-color":"","background-image":"","background-repeat":"repeat","background-position":"center center","background-size":"auto","background-attachment":"scroll","background-type":"","background-media":"","overlay-type":"","overlay-color":"","overlay-opacity":"","overlay-gradient":""},"mobile":{"background-color":"","background-image":"","background-repeat":"repeat","background-position":"center center","background-size":"auto","background-attachment":"scroll","background-type":"","background-media":"","overlay-type":"","overlay-color":"","overlay-opacity":"","overlay-gradient":""}},"ast-content-background-meta":{"desktop":{"background-color":"var(--ast-global-color-5)","background-image":"","background-repeat":"repeat","background-position":"center center","background-size":"auto","background-attachment":"scroll","background-type":"","background-media":"","overlay-type":"","overlay-color":"","overlay-opacity":"","overlay-gradient":""},"tablet":{"background-color":"var(--ast-global-color-5)","background-image":"","background-repeat":"repeat","background-position":"center center","background-size":"auto","background-attachment":"scroll","background-type":"","background-media":"","overlay-type":"","overlay-color":"","overlay-opacity":"","overlay-gradient":""},"mobile":{"background-color":"var(--ast-global-color-5)","background-image":"","background-repeat":"repeat","background-position":"center center","background-size":"auto","background-attachment":"scroll","background-type":"","background-media":"","overlay-type":"","overlay-color":"","overlay-opacity":"","overlay-gradient":""}}},"product_brand":[],"product_cat":[164],"product_tag":[],"class_list":{"0":"post-5631","1":"product","2":"type-product","3":"status-publish","4":"has-post-thumbnail","6":"product_cat-self-defense-keychain-accessories","7":"desktop-align-left","8":"tablet-align-left","9":"mobile-align-left","10":"ast-product-gallery-layout-first-image-large","11":"ast-magnify-disabled","12":"ast-product-single-variable","13":"ast-product-tabs-layout-distributed","15":"first","16":"instock","17":"sale","18":"featured","19":"shipping-taxable","20":"purchasable","21":"product-type-variable","22":"has-default-attributes"},"uagb_featured_image_src":{"full":["https:\/\/www.ringsknife.com\/wp-content\/uploads\/2025\/01\/Luxurious-Rhinestone-Window-Breaker-Keychain-9.jpg",1000,1000,false],"thumbnail":["https:\/\/www.ringsknife.com\/wp-content\/uploads\/2025\/01\/Luxurious-Rhinestone-Window-Breaker-Keychain-9-150x150.jpg",150,150,true],"medium":["https:\/\/www.ringsknife.com\/wp-content\/uploads\/2025\/01\/Luxurious-Rhinestone-Window-Breaker-Keychain-9-300x300.jpg",300,300,true],"medium_large":["https:\/\/www.ringsknife.com\/wp-content\/uploads\/2025\/01\/Luxurious-Rhinestone-Window-Breaker-Keychain-9-768x768.jpg",768,768,true],"large":["https:\/\/www.ringsknife.com\/wp-content\/uploads\/2025\/01\/Luxurious-Rhinestone-Window-Breaker-Keychain-9.jpg",1000,1000,false],"1536x1536":["https:\/\/www.ringsknife.com\/wp-content\/uploads\/2025\/01\/Luxurious-Rhinestone-Window-Breaker-Keychain-9.jpg",1000,1000,false],"2048x2048":["https:\/\/www.ringsknife.com\/wp-content\/uploads\/2025\/01\/Luxurious-Rhinestone-Window-Breaker-Keychain-9.jpg",1000,1000,false],"trp-custom-language-flag":["https:\/\/www.ringsknife.com\/wp-content\/uploads\/2025\/01\/Luxurious-Rhinestone-Window-Breaker-Keychain-9.jpg",12,12,false],"woocommerce_thumbnail":["https:\/\/www.ringsknife.com\/wp-content\/uploads\/2025\/01\/Luxurious-Rhinestone-Window-Breaker-Keychain-9-800x800.jpg",800,800,true],"woocommerce_single":["https:\/\/www.ringsknife.com\/wp-content\/uploads\/2025\/01\/Luxurious-Rhinestone-Window-Breaker-Keychain-9-800x800.jpg",800,800,true],"woocommerce_gallery_thumbnail":["https:\/\/www.ringsknife.com\/wp-content\/uploads\/2025\/01\/Luxurious-Rhinestone-Window-Breaker-Keychain-9-100x100.jpg",100,100,true]},"uagb_author_info":{"display_name":"ringsknife.com","author_link":"https:\/\/www.ringsknife.com\/de\/author\/"},"uagb_comment_info":4,"uagb_excerpt":"A life-saving tool that doesn't compromise on style. 8 vibrant colors to suit any outfit or preference. Bling rhinestone design adds a touch of luxury. Compact and easy to carry, always by your side. Effective in breaking windows during emergencies.","jetpack_sharing_enabled":true,"_links":{"self":[{"href":"https:\/\/www.ringsknife.com\/de\/wp-json\/wp\/v2\/product\/5631","targetHints":{"allow":["GET"]}}],"collection":[{"href":"https:\/\/www.ringsknife.com\/de\/wp-json\/wp\/v2\/product"}],"about":[{"href":"https:\/\/www.ringsknife.com\/de\/wp-json\/wp\/v2\/types\/product"}],"replies":[{"embeddable":true,"href":"https:\/\/www.ringsknife.com\/de\/wp-json\/wp\/v2\/comments?post=5631"}],"version-history":[{"count":0,"href":"https:\/\/www.ringsknife.com\/de\/wp-json\/wp\/v2\/product\/5631\/revisions"}],"wp:featuredmedia":[{"embeddable":true,"href":"https:\/\/www.ringsknife.com\/de\/wp-json\/wp\/v2\/media\/5650"}],"wp:attachment":[{"href":"https:\/\/www.ringsknife.com\/de\/wp-json\/wp\/v2\/media?parent=5631"}],"wp:term":[{"taxonomy":"product_brand","embeddable":true,"href":"https:\/\/www.ringsknife.com\/de\/wp-json\/wp\/v2\/product_brand?post=5631"},{"taxonomy":"product_cat","embeddable":true,"href":"https:\/\/www.ringsknife.com\/de\/wp-json\/wp\/v2\/product_cat?post=5631"},{"taxonomy":"product_tag","embeddable":true,"href":"https:\/\/www.ringsknife.com\/de\/wp-json\/wp\/v2\/product_tag?post=5631"}],"curies":[{"name":"wp","href":"https:\/\/api.w.org\/{rel}","templated":true}]}}