
{"id":5586,"date":"2025-01-10T18:00:06","date_gmt":"2025-01-10T10:00:06","guid":{"rendered":"https:\/\/www.ringsknife.com\/?post_type=product&#038;p=5586"},"modified":"2025-09-07T15:55:12","modified_gmt":"2025-09-07T07:55:12","slug":"lady-pepper-spray","status":"publish","type":"product","link":"https:\/\/www.ringsknife.com\/de\/produkt\/pfefferspray-fur-frauen\/","title":{"rendered":"Lady Pfefferspray Pers\u00f6nliche Verteidigungswaffe"},"content":{"rendered":"<h2><strong>Pfefferspray f\u00fcr Frauen - Ihre ultimative pers\u00f6nliche Verteidigungswaffe<\/strong><\/h2>\n<h3><strong>Beschreibung des Produkts:<\/strong><\/h3>\n<p>Das Lady-Pfefferspray ist eine unverzichtbare pers\u00f6nliche Verteidigungswaffe f\u00fcr Frauen. Es ist aus haltbarem ABS-Kunststoff gefertigt, leicht und einfach zu tragen. Mit 16 leuchtenden Farben zur Auswahl k\u00f6nnen Sie es an Ihr Outfit oder Ihren pers\u00f6nlichen Stil anpassen. Dieses Pfefferspray ist ein zuverl\u00e4ssiges und effektives Mittel, um sich in jeder Situation zu sch\u00fctzen.<\/p>\n<h3><strong>Merkmale:<\/strong><\/h3>\n<ul>\n<li>Hergestellt aus hochwertigem ABS-Kunststoff, der Langlebigkeit und Zuverl\u00e4ssigkeit gew\u00e4hrleistet<\/li>\n<li>Erh\u00e4ltlich in 16 leuchtenden Farben, die eine individuelle Gestaltung erm\u00f6glichen<\/li>\n<li>Einfach zu benutzen und zu tragen, f\u00fcr schnellen Zugriff bei Bedarf<\/li>\n<li>Wirksamer Schutzmechanismus f\u00fcr Ihre Sicherheit<\/li>\n<\/ul>\n<h3><strong>Wie zu verwenden:<\/strong><\/h3>\n<ol>\n<li>Halten Sie das Pfefferspray Lady fest in der Hand.<\/li>\n<li>Zielen Sie auf das Gesicht des Angreifers und halten Sie einen Sicherheitsabstand ein.<\/li>\n<li>Dr\u00fccken Sie den Abzug, um das Pfefferspray freizusetzen.<\/li>\n<li>Nutzen Sie die Gelegenheit zur Flucht und rufen Sie Hilfe.<\/li>\n<\/ol>","protected":false},"excerpt":{"rendered":"<ul>\n<li><strong>Sicherheit geht vor:<\/strong>\u00a0Das Lady Pepper Spray ist Ihre erste Verteidigungslinie gegen potenzielle Bedrohungen. Es gibt Ihnen das Selbstvertrauen, Ihren Tag in dem Wissen zu verbringen, dass Sie ein zuverl\u00e4ssiges Schutzinstrument haben.<\/li>\n<li><strong>Bequem zu tragen:<\/strong>\u00a0Durch sein geringes Gewicht und seine kompakte Gr\u00f6\u00dfe l\u00e4sst er sich leicht in Ihrer Handtasche oder Ihrem Rucksack transportieren. Sie k\u00f6nnen ihn immer bei sich haben und Ihre Sicherheit gew\u00e4hrleisten, wo immer Sie auch hingehen.<\/li>\n<li><strong>Stilvoller Schutz:<\/strong>\u00a0Mit 16 leuchtenden Farben sorgt das Lady Pepper Spray nicht nur f\u00fcr Ihre Sicherheit, sondern verleiht Ihren Sachen auch einen Hauch von Stil. W\u00e4hlen Sie eine Farbe, die zu Ihrer Pers\u00f6nlichkeit passt, und setzen Sie ein Zeichen, w\u00e4hrend Sie gesch\u00fctzt sind.<\/li>\n<li><strong>Schnelle Antwort:<\/strong>\u00a0In einer gef\u00e4hrlichen Situation z\u00e4hlt jede Sekunde. Der einfach zu bedienende Mechanismus des Lady-Pfeffersprays erm\u00f6glicht es Ihnen, schnell und effektiv zu reagieren, so dass Sie die Oberhand behalten und eine Chance zur Flucht haben.<\/li>\n<li class=\"last-node\"><strong>Seelenfrieden:<\/strong>\u00a0Mit dem Lady Pepper Spray an Ihrer Seite k\u00f6nnen Sie beruhigt sein. Sie k\u00f6nnen sich auf Ihre t\u00e4glichen Aktivit\u00e4ten konzentrieren, ohne sich st\u00e4ndig Sorgen um Ihre Sicherheit machen zu m\u00fcssen. Es ist eine kleine Investition f\u00fcr ein Leben in Sicherheit.<\/li>\n<\/ul>","protected":false},"featured_media":5595,"comment_status":"open","ping_status":"closed","template":"","meta":{"_uag_custom_page_level_css":"","site-sidebar-layout":"default","site-content-layout":"","ast-site-content-layout":"default","site-content-style":"default","site-sidebar-style":"default","ast-global-header-display":"","ast-banner-title-visibility":"","ast-main-header-display":"","ast-hfb-above-header-display":"","ast-hfb-below-header-display":"","ast-hfb-mobile-header-display":"","site-post-title":"","ast-breadcrumbs-content":"","ast-featured-img":"","footer-sml-layout":"","ast-disable-related-posts":"","theme-transparent-header-meta":"default","adv-header-id-meta":"","stick-header-meta":"default","header-above-stick-meta":"","header-main-stick-meta":"","header-below-stick-meta":"","astra-migrate-meta-layouts":"set","ast-page-background-enabled":"default","ast-page-background-meta":{"desktop":{"background-color":"","background-image":"","background-repeat":"repeat","background-position":"center center","background-size":"auto","background-attachment":"scroll","background-type":"","background-media":"","overlay-type":"","overlay-color":"","overlay-opacity":"","overlay-gradient":""},"tablet":{"background-color":"","background-image":"","background-repeat":"repeat","background-position":"center center","background-size":"auto","background-attachment":"scroll","background-type":"","background-media":"","overlay-type":"","overlay-color":"","overlay-opacity":"","overlay-gradient":""},"mobile":{"background-color":"","background-image":"","background-repeat":"repeat","background-position":"center center","background-size":"auto","background-attachment":"scroll","background-type":"","background-media":"","overlay-type":"","overlay-color":"","overlay-opacity":"","overlay-gradient":""}},"ast-content-background-meta":{"desktop":{"background-color":"var(--ast-global-color-5)","background-image":"","background-repeat":"repeat","background-position":"center center","background-size":"auto","background-attachment":"scroll","background-type":"","background-media":"","overlay-type":"","overlay-color":"","overlay-opacity":"","overlay-gradient":""},"tablet":{"background-color":"var(--ast-global-color-5)","background-image":"","background-repeat":"repeat","background-position":"center center","background-size":"auto","background-attachment":"scroll","background-type":"","background-media":"","overlay-type":"","overlay-color":"","overlay-opacity":"","overlay-gradient":""},"mobile":{"background-color":"var(--ast-global-color-5)","background-image":"","background-repeat":"repeat","background-position":"center center","background-size":"auto","background-attachment":"scroll","background-type":"","background-media":"","overlay-type":"","overlay-color":"","overlay-opacity":"","overlay-gradient":""}}},"product_brand":[],"product_cat":[180],"product_tag":[],"class_list":{"0":"post-5586","1":"product","2":"type-product","3":"status-publish","4":"has-post-thumbnail","6":"product_cat-pepper-spray-self-defense-keychains","7":"desktop-align-left","8":"tablet-align-left","9":"mobile-align-left","10":"ast-product-gallery-layout-first-image-large","11":"ast-product-gallery-with-no-image","12":"ast-magnify-disabled","13":"ast-product-single-variable","14":"ast-product-tabs-layout-distributed","16":"first","17":"instock","18":"sale","19":"featured","20":"shipping-taxable","21":"purchasable","22":"product-type-variable","23":"has-default-attributes"},"uagb_featured_image_src":{"full":["https:\/\/www.ringsknife.com\/wp-content\/uploads\/2025\/01\/Lady-Pepper-Spray-Personal-Defense-Weapon.jpg",1920,1920,false],"thumbnail":["https:\/\/www.ringsknife.com\/wp-content\/uploads\/2025\/01\/Lady-Pepper-Spray-Personal-Defense-Weapon-150x150.jpg",150,150,true],"medium":["https:\/\/www.ringsknife.com\/wp-content\/uploads\/2025\/01\/Lady-Pepper-Spray-Personal-Defense-Weapon-300x300.jpg",300,300,true],"medium_large":["https:\/\/www.ringsknife.com\/wp-content\/uploads\/2025\/01\/Lady-Pepper-Spray-Personal-Defense-Weapon-768x768.jpg",768,768,true],"large":["https:\/\/www.ringsknife.com\/wp-content\/uploads\/2025\/01\/Lady-Pepper-Spray-Personal-Defense-Weapon-1024x1024.jpg",1024,1024,true],"1536x1536":["https:\/\/www.ringsknife.com\/wp-content\/uploads\/2025\/01\/Lady-Pepper-Spray-Personal-Defense-Weapon-1536x1536.jpg",1536,1536,true],"2048x2048":["https:\/\/www.ringsknife.com\/wp-content\/uploads\/2025\/01\/Lady-Pepper-Spray-Personal-Defense-Weapon.jpg",1920,1920,false],"trp-custom-language-flag":["https:\/\/www.ringsknife.com\/wp-content\/uploads\/2025\/01\/Lady-Pepper-Spray-Personal-Defense-Weapon.jpg",12,12,false],"woocommerce_thumbnail":["https:\/\/www.ringsknife.com\/wp-content\/uploads\/2025\/01\/Lady-Pepper-Spray-Personal-Defense-Weapon-800x800.jpg",800,800,true],"woocommerce_single":["https:\/\/www.ringsknife.com\/wp-content\/uploads\/2025\/01\/Lady-Pepper-Spray-Personal-Defense-Weapon-800x800.jpg",800,800,true],"woocommerce_gallery_thumbnail":["https:\/\/www.ringsknife.com\/wp-content\/uploads\/2025\/01\/Lady-Pepper-Spray-Personal-Defense-Weapon-100x100.jpg",100,100,true]},"uagb_author_info":{"display_name":"ringsknife.com","author_link":"https:\/\/www.ringsknife.com\/de\/author\/"},"uagb_comment_info":2,"uagb_excerpt":"Safety First:\u00a0The Lady Pepper Spray is your first line of defense against potential threats. It gives you the confidence to go about your day knowing you have a reliable protection tool. Convenient Carry:\u00a0Its lightweight design and compact size make it easy to carry in your purse, pocket, or bag. You can have it with you&hellip;","jetpack_sharing_enabled":true,"_links":{"self":[{"href":"https:\/\/www.ringsknife.com\/de\/wp-json\/wp\/v2\/product\/5586","targetHints":{"allow":["GET"]}}],"collection":[{"href":"https:\/\/www.ringsknife.com\/de\/wp-json\/wp\/v2\/product"}],"about":[{"href":"https:\/\/www.ringsknife.com\/de\/wp-json\/wp\/v2\/types\/product"}],"replies":[{"embeddable":true,"href":"https:\/\/www.ringsknife.com\/de\/wp-json\/wp\/v2\/comments?post=5586"}],"version-history":[{"count":1,"href":"https:\/\/www.ringsknife.com\/de\/wp-json\/wp\/v2\/product\/5586\/revisions"}],"predecessor-version":[{"id":6739,"href":"https:\/\/www.ringsknife.com\/de\/wp-json\/wp\/v2\/product\/5586\/revisions\/6739"}],"wp:featuredmedia":[{"embeddable":true,"href":"https:\/\/www.ringsknife.com\/de\/wp-json\/wp\/v2\/media\/5595"}],"wp:attachment":[{"href":"https:\/\/www.ringsknife.com\/de\/wp-json\/wp\/v2\/media?parent=5586"}],"wp:term":[{"taxonomy":"product_brand","embeddable":true,"href":"https:\/\/www.ringsknife.com\/de\/wp-json\/wp\/v2\/product_brand?post=5586"},{"taxonomy":"product_cat","embeddable":true,"href":"https:\/\/www.ringsknife.com\/de\/wp-json\/wp\/v2\/product_cat?post=5586"},{"taxonomy":"product_tag","embeddable":true,"href":"https:\/\/www.ringsknife.com\/de\/wp-json\/wp\/v2\/product_tag?post=5586"}],"curies":[{"name":"wp","href":"https:\/\/api.w.org\/{rel}","templated":true}]}}